{"id":5486,"date":"2022-06-27T12:02:53","date_gmt":"2022-06-27T12:02:53","guid":{"rendered":"https:\/\/www.cinemasoul.es\/?post_type=product&#038;p=5486"},"modified":"2022-06-27T12:02:53","modified_gmt":"2022-06-27T12:02:53","slug":"concierto-macabro-dvd","status":"publish","type":"product","link":"https:\/\/cinemasoul.es\/?product=concierto-macabro-dvd","title":{"rendered":"Concierto Macabro [DVD]"},"content":{"rendered":"","protected":false},"excerpt":{"rendered":"<p><strong>T\u00edtulo original<\/strong> Hangover Square <strong>A\u00f1o<\/strong> 1945 <strong>Duraci\u00f3n<\/strong> 77 min.<strong>Pa\u00eds<\/strong> Estados Unidos <strong>Direcci\u00f3n<\/strong> John Brahm <strong>Guion<\/strong> Barr\u00e9 Lyndon. Novela: Patrick Hamilton. <strong>Di\u00e1logos<\/strong>: Marian Spitzer <strong>M\u00fasica<\/strong> Bernard Herrmann <strong>Fotograf\u00eda<\/strong> Joseph LaShelle (B&amp;W) <strong>Reparto<\/strong> Laird Cregar, Linda Darnell, George Sanders, Glenn Langan, Faye Marlowe, Alan\u00a0 Napier <strong>Productora<\/strong> 20th Century Fox <strong>G\u00e9nero<\/strong> Cine negro. Thriller. Terror. Drama | Crimen. M\u00fasica <strong>Grupos<\/strong> Adaptaciones de Patrick Hamilton<\/p>\n<p><strong>Sinopsis<\/strong> Hangover Square cuenta la historia de un talentoso compositor y pianista que, en estado de m\u00e1xima tensi\u00f3n o concentraci\u00f3n, sufre ciertos lapsos temporales. Durante a\u00f1os estos no han tenido gran importancia; pero cuando en la vida del hombre se juntan su obsesi\u00f3n por Netta, una cantante de Cabaret para la que escribe algunas canciones, y el deseo de terminar la composici\u00f3n de un Concerto que podr\u00eda ser su obra definitiva, los lapsos pasar\u00e1n a ser peligrosos, muy peligrosos.<\/p>\n","protected":false},"featured_media":5487,"comment_status":"open","ping_status":"closed","template":"","meta":{"site-sidebar-layout":"default","site-content-layout":"default","ast-site-content-layout":"default","site-content-style":"default","site-sidebar-style":"default","ast-global-header-display":"","ast-banner-title-visibility":"","ast-main-header-display":"","ast-hfb-above-header-display":"","ast-hfb-below-header-display":"","ast-hfb-mobile-header-display":"","site-post-title":"","ast-breadcrumbs-content":"","ast-featured-img":"","footer-sml-layout":"","ast-disable-related-posts":"","theme-transparent-header-meta":"","adv-header-id-meta":"","stick-header-meta":"","header-above-stick-meta":"","header-main-stick-meta":"","header-below-stick-meta":"","astra-migrate-meta-layouts":"default","ast-page-background-enabled":"default","ast-page-background-meta":{"desktop":{"background-color":"","background-image":"","background-repeat":"repeat","background-position":"center center","background-size":"auto","background-attachment":"scroll","background-type":"","background-media":"","overlay-type":"","overlay-color":"","overlay-opacity":"","overlay-gradient":""},"tablet":{"background-color":"","background-image":"","background-repeat":"repeat","background-position":"center center","background-size":"auto","background-attachment":"scroll","background-type":"","background-media":"","overlay-type":"","overlay-color":"","overlay-opacity":"","overlay-gradient":""},"mobile":{"background-color":"","background-image":"","background-repeat":"repeat","background-position":"center center","background-size":"auto","background-attachment":"scroll","background-type":"","background-media":"","overlay-type":"","overlay-color":"","overlay-opacity":"","overlay-gradient":""}},"ast-content-background-meta":{"desktop":{"background-color":"var(--ast-global-color-5)","background-image":"","background-repeat":"repeat","background-position":"center center","background-size":"auto","background-attachment":"scroll","background-type":"","background-media":"","overlay-type":"","overlay-color":"","overlay-opacity":"","overlay-gradient":""},"tablet":{"background-color":"var(--ast-global-color-5)","background-image":"","background-repeat":"repeat","background-position":"center center","background-size":"auto","background-attachment":"scroll","background-type":"","background-media":"","overlay-type":"","overlay-color":"","overlay-opacity":"","overlay-gradient":""},"mobile":{"background-color":"var(--ast-global-color-5)","background-image":"","background-repeat":"repeat","background-position":"center center","background-size":"auto","background-attachment":"scroll","background-type":"","background-media":"","overlay-type":"","overlay-color":"","overlay-opacity":"","overlay-gradient":""}},"_joinchat":[]},"product_brand":[],"product_cat":[42],"product_tag":[],"class_list":{"0":"post-5486","1":"product","2":"type-product","3":"status-publish","4":"has-post-thumbnail","6":"product_cat-dvd","7":"desktop-align-left","8":"tablet-align-left","9":"mobile-align-left","11":"first","12":"instock","13":"shipping-taxable","14":"purchasable","15":"product-type-simple"},"_links":{"self":[{"href":"https:\/\/cinemasoul.es\/index.php?rest_route=\/wp\/v2\/product\/5486","targetHints":{"allow":["GET"]}}],"collection":[{"href":"https:\/\/cinemasoul.es\/index.php?rest_route=\/wp\/v2\/product"}],"about":[{"href":"https:\/\/cinemasoul.es\/index.php?rest_route=\/wp\/v2\/types\/product"}],"replies":[{"embeddable":true,"href":"https:\/\/cinemasoul.es\/index.php?rest_route=%2Fwp%2Fv2%2Fcomments&post=5486"}],"version-history":[{"count":1,"href":"https:\/\/cinemasoul.es\/index.php?rest_route=\/wp\/v2\/product\/5486\/revisions"}],"predecessor-version":[{"id":5489,"href":"https:\/\/cinemasoul.es\/index.php?rest_route=\/wp\/v2\/product\/5486\/revisions\/5489"}],"wp:featuredmedia":[{"embeddable":true,"href":"https:\/\/cinemasoul.es\/index.php?rest_route=\/wp\/v2\/media\/5487"}],"wp:attachment":[{"href":"https:\/\/cinemasoul.es\/index.php?rest_route=%2Fwp%2Fv2%2Fmedia&parent=5486"}],"wp:term":[{"taxonomy":"product_brand","embeddable":true,"href":"https:\/\/cinemasoul.es\/index.php?rest_route=%2Fwp%2Fv2%2Fproduct_brand&post=5486"},{"taxonomy":"product_cat","embeddable":true,"href":"https:\/\/cinemasoul.es\/index.php?rest_route=%2Fwp%2Fv2%2Fproduct_cat&post=5486"},{"taxonomy":"product_tag","embeddable":true,"href":"https:\/\/cinemasoul.es\/index.php?rest_route=%2Fwp%2Fv2%2Fproduct_tag&post=5486"}],"curies":[{"name":"wp","href":"https:\/\/api.w.org\/{rel}","templated":true}]}}