{"id":5482,"date":"2022-06-27T11:53:46","date_gmt":"2022-06-27T11:53:46","guid":{"rendered":"https:\/\/www.cinemasoul.es\/?post_type=product&#038;p=5482"},"modified":"2022-06-27T11:53:46","modified_gmt":"2022-06-27T11:53:46","slug":"el-baron-mr-sardonicus-dvd","status":"publish","type":"product","link":"https:\/\/cinemasoul.es\/?product=el-baron-mr-sardonicus-dvd","title":{"rendered":"El Bar\u00f3n Mr. Sardonicus [DVD]"},"content":{"rendered":"","protected":false},"excerpt":{"rendered":"<div id=\"tab-description\" class=\"tab-content\">\n<p>\u201cEL BAR\u00d3N SARD\u00d3NICO\u201d (<em>MR. SARDONICUS<\/em>) <strong>PROTAGONIZADA<\/strong> POR OSCAR HOMOLKA, RONALD LEWIS, AUDREY DALTON Y GUY ROLFE COMO SARDONICUS <strong>ESCRITA<\/strong> POR RAY RUSSELL <strong>PRODUCIDA<\/strong> Y <strong>DIRIGIDA<\/strong> POR WILLIAM CASTLE<\/p>\n<p><strong>A\u00d1O<\/strong>: 1961\u00a0<strong>NACIONALIDAD<\/strong>:<strong>\u00a0<\/strong>ESTADOS UNIDOS\u00a0<strong>GENERO<\/strong>: DRAMA &#8211; TERROR <strong>COLOR<\/strong>: BLANCO Y NEGRO<strong>\u00a0<\/strong><strong>IDIOMAS<\/strong>: CASTELLANO E INGL\u00c9S CON SUBT\u00cdTULOS EN CASTELLANO\u00a0<strong>N\u00ba DE EXPEDIENTE<\/strong>: 128.992\u00a0<strong>CLASIFICACI\u00d3N<\/strong>: NO RECOMENDADA PARA MENORES DE 12 A\u00d1OS\u00a0<strong>DURACI\u00d3N<\/strong>: 90 MINUTOS.\u00a0<strong>FORMATO<\/strong>: 1080 24p 16:9 1.78:1<\/p>\n<p>Sir Robert Cargrave (Ronald Lewis) es un famoso cirujano ingl\u00e9s que es invitado a casa del bar\u00f3n Sardonicus (Guy Rolfe), casado con la antigua novia de Cargrave (Audrey Dalton). El m\u00e9dico, intrigado por el motivo de la invitaci\u00f3n y deseando volver a ver a su antigua novia, acepta acudir al castillo del Bar\u00f3n Sardonicus donde descubrir\u00e1 que su rostro est\u00e1 horriblemente deformado y que el objeto de todo es que Sir Robert le opere. Pero tambi\u00e9n descubrir\u00e1 el terrible pasado de Sardonicus que profan\u00f3 la tumba de su padre para recuperar un billete de loter\u00eda premiado.<\/p>\n<\/div>\n","protected":false},"featured_media":5483,"comment_status":"open","ping_status":"closed","template":"","meta":{"site-sidebar-layout":"default","site-content-layout":"default","ast-site-content-layout":"default","site-content-style":"default","site-sidebar-style":"default","ast-global-header-display":"","ast-banner-title-visibility":"","ast-main-header-display":"","ast-hfb-above-header-display":"","ast-hfb-below-header-display":"","ast-hfb-mobile-header-display":"","site-post-title":"","ast-breadcrumbs-content":"","ast-featured-img":"","footer-sml-layout":"","ast-disable-related-posts":"","theme-transparent-header-meta":"","adv-header-id-meta":"","stick-header-meta":"","header-above-stick-meta":"","header-main-stick-meta":"","header-below-stick-meta":"","astra-migrate-meta-layouts":"default","ast-page-background-enabled":"default","ast-page-background-meta":{"desktop":{"background-color":"","background-image":"","background-repeat":"repeat","background-position":"center center","background-size":"auto","background-attachment":"scroll","background-type":"","background-media":"","overlay-type":"","overlay-color":"","overlay-opacity":"","overlay-gradient":""},"tablet":{"background-color":"","background-image":"","background-repeat":"repeat","background-position":"center center","background-size":"auto","background-attachment":"scroll","background-type":"","background-media":"","overlay-type":"","overlay-color":"","overlay-opacity":"","overlay-gradient":""},"mobile":{"background-color":"","background-image":"","background-repeat":"repeat","background-position":"center center","background-size":"auto","background-attachment":"scroll","background-type":"","background-media":"","overlay-type":"","overlay-color":"","overlay-opacity":"","overlay-gradient":""}},"ast-content-background-meta":{"desktop":{"background-color":"var(--ast-global-color-5)","background-image":"","background-repeat":"repeat","background-position":"center center","background-size":"auto","background-attachment":"scroll","background-type":"","background-media":"","overlay-type":"","overlay-color":"","overlay-opacity":"","overlay-gradient":""},"tablet":{"background-color":"var(--ast-global-color-5)","background-image":"","background-repeat":"repeat","background-position":"center center","background-size":"auto","background-attachment":"scroll","background-type":"","background-media":"","overlay-type":"","overlay-color":"","overlay-opacity":"","overlay-gradient":""},"mobile":{"background-color":"var(--ast-global-color-5)","background-image":"","background-repeat":"repeat","background-position":"center center","background-size":"auto","background-attachment":"scroll","background-type":"","background-media":"","overlay-type":"","overlay-color":"","overlay-opacity":"","overlay-gradient":""}},"_joinchat":[]},"product_brand":[],"product_cat":[42],"product_tag":[],"class_list":{"0":"post-5482","1":"product","2":"type-product","3":"status-publish","4":"has-post-thumbnail","6":"product_cat-dvd","7":"desktop-align-left","8":"tablet-align-left","9":"mobile-align-left","11":"first","12":"instock","13":"sale","14":"shipping-taxable","15":"purchasable","16":"product-type-simple"},"_links":{"self":[{"href":"https:\/\/cinemasoul.es\/index.php?rest_route=\/wp\/v2\/product\/5482","targetHints":{"allow":["GET"]}}],"collection":[{"href":"https:\/\/cinemasoul.es\/index.php?rest_route=\/wp\/v2\/product"}],"about":[{"href":"https:\/\/cinemasoul.es\/index.php?rest_route=\/wp\/v2\/types\/product"}],"replies":[{"embeddable":true,"href":"https:\/\/cinemasoul.es\/index.php?rest_route=%2Fwp%2Fv2%2Fcomments&post=5482"}],"version-history":[{"count":1,"href":"https:\/\/cinemasoul.es\/index.php?rest_route=\/wp\/v2\/product\/5482\/revisions"}],"predecessor-version":[{"id":5485,"href":"https:\/\/cinemasoul.es\/index.php?rest_route=\/wp\/v2\/product\/5482\/revisions\/5485"}],"wp:featuredmedia":[{"embeddable":true,"href":"https:\/\/cinemasoul.es\/index.php?rest_route=\/wp\/v2\/media\/5483"}],"wp:attachment":[{"href":"https:\/\/cinemasoul.es\/index.php?rest_route=%2Fwp%2Fv2%2Fmedia&parent=5482"}],"wp:term":[{"taxonomy":"product_brand","embeddable":true,"href":"https:\/\/cinemasoul.es\/index.php?rest_route=%2Fwp%2Fv2%2Fproduct_brand&post=5482"},{"taxonomy":"product_cat","embeddable":true,"href":"https:\/\/cinemasoul.es\/index.php?rest_route=%2Fwp%2Fv2%2Fproduct_cat&post=5482"},{"taxonomy":"product_tag","embeddable":true,"href":"https:\/\/cinemasoul.es\/index.php?rest_route=%2Fwp%2Fv2%2Fproduct_tag&post=5482"}],"curies":[{"name":"wp","href":"https:\/\/api.w.org\/{rel}","templated":true}]}}