{"id":5474,"date":"2022-06-27T11:00:12","date_gmt":"2022-06-27T11:00:12","guid":{"rendered":"https:\/\/www.cinemasoul.es\/?post_type=product&#038;p=5474"},"modified":"2022-06-27T11:00:12","modified_gmt":"2022-06-27T11:00:12","slug":"amantes-de-ultratumba-dvd","status":"publish","type":"product","link":"https:\/\/cinemasoul.es\/?product=amantes-de-ultratumba-dvd","title":{"rendered":"Amantes de Ultratumba [DVD]"},"content":{"rendered":"","protected":false},"excerpt":{"rendered":"<div id=\"tab-description\" class=\"tab-content\">\n<p><strong>T\u00cdTULO ORIGINAL<\/strong>:\u00a0<em>NIGHTMARE CASTLE<\/em>\u00a0\u00a0<strong>DIRIGIDA<\/strong> Y <strong>PRODUCIDA<\/strong> POR\u00a0MARIO CAIANO\u00a0<strong>GUI\u00d3N<\/strong> DE\u00a0MARIO CAIANO y FABIO DE AGOSTINI\u00a0<strong>M\u00daSICA<\/strong> DE\u00a0ENNIO MORRICONE\u00a0<strong>FOTOGRAFIA<\/strong> DE\u00a0ENZO BARBONI\u00a0\u00a0<strong>REPARTO<\/strong>: BARBARA STEELE, PAUL MULLER, HELGA LIN\u00c9, LAWRENCE CLIFT, GIUSEPPE ADDOBBATI, RIK BATTAGLIA<\/p>\n<p><strong>NACIONALIDAD<\/strong>: ITALIA\u00a0<strong>A\u00d1O<\/strong>: 1965\u00a0<strong>G\u00c9NERO<\/strong>: TERROR\u00a0<strong>DURACI\u00d3N<\/strong>: 104 MIN. APROX.\u00a0<strong>FORMATO<\/strong>: 1.66:1\u00a0<strong>COLOR<\/strong>: BLANCO Y NEGRO\u00a0<strong>IDIOMAS<\/strong>: ESPA\u00d1OL, INGL\u00c9S\u00a0<strong>ICCA<\/strong>\u00a0N\u00ba\u00a0 136.055\u00a0<strong>CLASIFICACI\u00d3N<\/strong>: NO RECOMENDADA PARA MENORES DE 12 A\u00d1OS<\/p>\n<p>Una mujer y su amante, el jardinero de la casa, son encadenados, torturados y asesinados por el s\u00e1dico marido de ella. La hermana de la difunta, Jenny, llega para tomar posesi\u00f3n de la propiedad, pero el cient\u00edfico tiene otros planes, conducir a Jenny (que de por si es un poco inestable) a la locura e internarla en un asilo, para as\u00ed poder quedarse con la propiedad. Un m\u00e9dico, el Dr. Joyce, llega para observar el estado de salud de Jenny. Poco despu\u00e9s hacen su aparici\u00f3n en la escena los esp\u00edritus de los amantes asesinados, en busca de venganza.<\/p>\n<\/div>\n","protected":false},"featured_media":5475,"comment_status":"open","ping_status":"closed","template":"","meta":{"site-sidebar-layout":"default","site-content-layout":"default","ast-site-content-layout":"default","site-content-style":"default","site-sidebar-style":"default","ast-global-header-display":"","ast-banner-title-visibility":"","ast-main-header-display":"","ast-hfb-above-header-display":"","ast-hfb-below-header-display":"","ast-hfb-mobile-header-display":"","site-post-title":"","ast-breadcrumbs-content":"","ast-featured-img":"","footer-sml-layout":"","ast-disable-related-posts":"","theme-transparent-header-meta":"","adv-header-id-meta":"","stick-header-meta":"","header-above-stick-meta":"","header-main-stick-meta":"","header-below-stick-meta":"","astra-migrate-meta-layouts":"default","ast-page-background-enabled":"default","ast-page-background-meta":{"desktop":{"background-color":"","background-image":"","background-repeat":"repeat","background-position":"center center","background-size":"auto","background-attachment":"scroll","background-type":"","background-media":"","overlay-type":"","overlay-color":"","overlay-opacity":"","overlay-gradient":""},"tablet":{"background-color":"","background-image":"","background-repeat":"repeat","background-position":"center center","background-size":"auto","background-attachment":"scroll","background-type":"","background-media":"","overlay-type":"","overlay-color":"","overlay-opacity":"","overlay-gradient":""},"mobile":{"background-color":"","background-image":"","background-repeat":"repeat","background-position":"center center","background-size":"auto","background-attachment":"scroll","background-type":"","background-media":"","overlay-type":"","overlay-color":"","overlay-opacity":"","overlay-gradient":""}},"ast-content-background-meta":{"desktop":{"background-color":"var(--ast-global-color-5)","background-image":"","background-repeat":"repeat","background-position":"center center","background-size":"auto","background-attachment":"scroll","background-type":"","background-media":"","overlay-type":"","overlay-color":"","overlay-opacity":"","overlay-gradient":""},"tablet":{"background-color":"var(--ast-global-color-5)","background-image":"","background-repeat":"repeat","background-position":"center center","background-size":"auto","background-attachment":"scroll","background-type":"","background-media":"","overlay-type":"","overlay-color":"","overlay-opacity":"","overlay-gradient":""},"mobile":{"background-color":"var(--ast-global-color-5)","background-image":"","background-repeat":"repeat","background-position":"center center","background-size":"auto","background-attachment":"scroll","background-type":"","background-media":"","overlay-type":"","overlay-color":"","overlay-opacity":"","overlay-gradient":""}},"_joinchat":[]},"product_brand":[],"product_cat":[42],"product_tag":[],"class_list":{"0":"post-5474","1":"product","2":"type-product","3":"status-publish","4":"has-post-thumbnail","6":"product_cat-dvd","7":"desktop-align-left","8":"tablet-align-left","9":"mobile-align-left","11":"first","12":"instock","13":"sale","14":"shipping-taxable","15":"purchasable","16":"product-type-simple"},"_links":{"self":[{"href":"https:\/\/cinemasoul.es\/index.php?rest_route=\/wp\/v2\/product\/5474","targetHints":{"allow":["GET"]}}],"collection":[{"href":"https:\/\/cinemasoul.es\/index.php?rest_route=\/wp\/v2\/product"}],"about":[{"href":"https:\/\/cinemasoul.es\/index.php?rest_route=\/wp\/v2\/types\/product"}],"replies":[{"embeddable":true,"href":"https:\/\/cinemasoul.es\/index.php?rest_route=%2Fwp%2Fv2%2Fcomments&post=5474"}],"version-history":[{"count":1,"href":"https:\/\/cinemasoul.es\/index.php?rest_route=\/wp\/v2\/product\/5474\/revisions"}],"predecessor-version":[{"id":5477,"href":"https:\/\/cinemasoul.es\/index.php?rest_route=\/wp\/v2\/product\/5474\/revisions\/5477"}],"wp:featuredmedia":[{"embeddable":true,"href":"https:\/\/cinemasoul.es\/index.php?rest_route=\/wp\/v2\/media\/5475"}],"wp:attachment":[{"href":"https:\/\/cinemasoul.es\/index.php?rest_route=%2Fwp%2Fv2%2Fmedia&parent=5474"}],"wp:term":[{"taxonomy":"product_brand","embeddable":true,"href":"https:\/\/cinemasoul.es\/index.php?rest_route=%2Fwp%2Fv2%2Fproduct_brand&post=5474"},{"taxonomy":"product_cat","embeddable":true,"href":"https:\/\/cinemasoul.es\/index.php?rest_route=%2Fwp%2Fv2%2Fproduct_cat&post=5474"},{"taxonomy":"product_tag","embeddable":true,"href":"https:\/\/cinemasoul.es\/index.php?rest_route=%2Fwp%2Fv2%2Fproduct_tag&post=5474"}],"curies":[{"name":"wp","href":"https:\/\/api.w.org\/{rel}","templated":true}]}}