{"id":5470,"date":"2022-06-25T12:58:55","date_gmt":"2022-06-25T12:58:55","guid":{"rendered":"https:\/\/www.cinemasoul.es\/?post_type=product&#038;p=5470"},"modified":"2022-06-25T12:58:55","modified_gmt":"2022-06-25T12:58:55","slug":"los-ultimos-dias-de-pompeya-dvd","status":"publish","type":"product","link":"https:\/\/cinemasoul.es\/?product=los-ultimos-dias-de-pompeya-dvd","title":{"rendered":"Los \u00faltimos d\u00edas de Pompeya [DVD]"},"content":{"rendered":"","protected":false},"excerpt":{"rendered":"<p>UNA PRODUCCI\u00d3N DE MERIAN C. COOPER \u201cLOS \u00daLTIMOS D\u00cdAS DE POMPEYA\u201d\u00a0CON PRESTON FOSTER, ALAN HALE, BASIL RATHBONE, JOHN WOOD, LOUIS CALHERN, DAVID HOLT, DOROTHY WILSON, WYRLEY BIRCH CON LA COLABORACI\u00d3N DE BORIS INGSTER <strong>HISTORIA ORIGINAL<\/strong> DE JAMES ASHMORE Y MELVILLE BAKER.\u00a0<strong>M\u00daSICA<\/strong> DE\u00a0ROY WEBB <strong>FOTOGRAF\u00cdA<\/strong> DE\u00a0J. Roy Hunt.\u00a0<strong>GUI\u00d3N<\/strong> DE RUTH ROSE <strong>DIRIGIDA<\/strong> POR\u00a0ERNEST B. SHOEDSACK<\/p>\n<p><strong>A\u00d1O<\/strong>: 1935 <strong>PA\u00cdS<\/strong>: ESTADOS UNIDOS <strong>DURACI\u00d3N<\/strong>: 96 MINUTOS <strong>G\u00c9NERO<\/strong>: AVENTURAS <strong>COLOR<\/strong>: BLANCO Y NEGRO <strong>IDIOMAS<\/strong>: CASTELLANO, INGL\u00c9S CON SUBT\u00cdTULOS EN CASTELLANO, FRANC\u00c9S E INGL\u00c9S <strong>FORMATO DE PANTALLA<\/strong>: 4X3<\/p>\n<p>CERTIFICADO DE CLASIFICACI\u00d3N <strong>ICAA<\/strong> N\u00ba:122.877.\u00a0<strong>CLASIFICACI\u00d3N<\/strong>: NO RECOMENDADA PARA MENORES DE 7 A\u00d1OS.\u00a0<strong>DEP\u00d3SITO LEGAL<\/strong>: M-42.427-2011.<\/p>\n<p><em>\u00abSATISFACTORIAMENTE ESPECTACULAR\u00bb<\/em> &#8211; Baird Searles. <em>\u00abHISTORIAS \u00c9PICAS EN LA GRAN PANTALLA\u00bb<\/em>.<em>\u00a0<\/em><\/p>\n<p>Un cielo ardiente y lleno de cenizas. Edificios convertidos en ruinas. Flujos de lava ardiente. El equipo de directores y de efectos especiales que dieron vida a <em>King Kong<\/em> recrean uno de los m\u00e1s dram\u00e1ticos momentos de la historia de la humanidad: la erupci\u00f3n volc\u00e1nica que enterr\u00f3 viva a una ciudad en la \u00e9poca de la Roma Imperial.\u00a0La grandeza de una \u00e9poca y el terror de la naturaleza en su m\u00e1s mortal expresi\u00f3n llegan a la pantalla en este espect\u00e1culo cl\u00e1sico protagonizado por Preston Foster, Basil Rathbone, Alan Hale y Louis Calhern. Foster es un humilde herrero que logra gloria y fortuna al cruzarse en la vida de Jes\u00fas y Poncio Pilatos. Pero su riqueza no significa nada cuando el Vesubio muestra su furia. La historia nos cuenta lo que ocurri\u00f3. <em>Los \u00faltimos d\u00edas de Pompeya<\/em> nos lo ense\u00f1a.<\/p>\n","protected":false},"featured_media":5471,"comment_status":"open","ping_status":"closed","template":"","meta":{"site-sidebar-layout":"default","site-content-layout":"default","ast-site-content-layout":"default","site-content-style":"default","site-sidebar-style":"default","ast-global-header-display":"","ast-banner-title-visibility":"","ast-main-header-display":"","ast-hfb-above-header-display":"","ast-hfb-below-header-display":"","ast-hfb-mobile-header-display":"","site-post-title":"","ast-breadcrumbs-content":"","ast-featured-img":"","footer-sml-layout":"","ast-disable-related-posts":"","theme-transparent-header-meta":"","adv-header-id-meta":"","stick-header-meta":"","header-above-stick-meta":"","header-main-stick-meta":"","header-below-stick-meta":"","astra-migrate-meta-layouts":"default","ast-page-background-enabled":"default","ast-page-background-meta":{"desktop":{"background-color":"","background-image":"","background-repeat":"repeat","background-position":"center center","background-size":"auto","background-attachment":"scroll","background-type":"","background-media":"","overlay-type":"","overlay-color":"","overlay-opacity":"","overlay-gradient":""},"tablet":{"background-color":"","background-image":"","background-repeat":"repeat","background-position":"center center","background-size":"auto","background-attachment":"scroll","background-type":"","background-media":"","overlay-type":"","overlay-color":"","overlay-opacity":"","overlay-gradient":""},"mobile":{"background-color":"","background-image":"","background-repeat":"repeat","background-position":"center center","background-size":"auto","background-attachment":"scroll","background-type":"","background-media":"","overlay-type":"","overlay-color":"","overlay-opacity":"","overlay-gradient":""}},"ast-content-background-meta":{"desktop":{"background-color":"var(--ast-global-color-5)","background-image":"","background-repeat":"repeat","background-position":"center center","background-size":"auto","background-attachment":"scroll","background-type":"","background-media":"","overlay-type":"","overlay-color":"","overlay-opacity":"","overlay-gradient":""},"tablet":{"background-color":"var(--ast-global-color-5)","background-image":"","background-repeat":"repeat","background-position":"center center","background-size":"auto","background-attachment":"scroll","background-type":"","background-media":"","overlay-type":"","overlay-color":"","overlay-opacity":"","overlay-gradient":""},"mobile":{"background-color":"var(--ast-global-color-5)","background-image":"","background-repeat":"repeat","background-position":"center center","background-size":"auto","background-attachment":"scroll","background-type":"","background-media":"","overlay-type":"","overlay-color":"","overlay-opacity":"","overlay-gradient":""}},"_joinchat":[]},"product_brand":[],"product_cat":[42],"product_tag":[],"class_list":{"0":"post-5470","1":"product","2":"type-product","3":"status-publish","4":"has-post-thumbnail","6":"product_cat-dvd","7":"desktop-align-left","8":"tablet-align-left","9":"mobile-align-left","11":"first","12":"instock","13":"sale","14":"shipping-taxable","15":"purchasable","16":"product-type-simple"},"_links":{"self":[{"href":"https:\/\/cinemasoul.es\/index.php?rest_route=\/wp\/v2\/product\/5470","targetHints":{"allow":["GET"]}}],"collection":[{"href":"https:\/\/cinemasoul.es\/index.php?rest_route=\/wp\/v2\/product"}],"about":[{"href":"https:\/\/cinemasoul.es\/index.php?rest_route=\/wp\/v2\/types\/product"}],"replies":[{"embeddable":true,"href":"https:\/\/cinemasoul.es\/index.php?rest_route=%2Fwp%2Fv2%2Fcomments&post=5470"}],"version-history":[{"count":1,"href":"https:\/\/cinemasoul.es\/index.php?rest_route=\/wp\/v2\/product\/5470\/revisions"}],"predecessor-version":[{"id":5473,"href":"https:\/\/cinemasoul.es\/index.php?rest_route=\/wp\/v2\/product\/5470\/revisions\/5473"}],"wp:featuredmedia":[{"embeddable":true,"href":"https:\/\/cinemasoul.es\/index.php?rest_route=\/wp\/v2\/media\/5471"}],"wp:attachment":[{"href":"https:\/\/cinemasoul.es\/index.php?rest_route=%2Fwp%2Fv2%2Fmedia&parent=5470"}],"wp:term":[{"taxonomy":"product_brand","embeddable":true,"href":"https:\/\/cinemasoul.es\/index.php?rest_route=%2Fwp%2Fv2%2Fproduct_brand&post=5470"},{"taxonomy":"product_cat","embeddable":true,"href":"https:\/\/cinemasoul.es\/index.php?rest_route=%2Fwp%2Fv2%2Fproduct_cat&post=5470"},{"taxonomy":"product_tag","embeddable":true,"href":"https:\/\/cinemasoul.es\/index.php?rest_route=%2Fwp%2Fv2%2Fproduct_tag&post=5470"}],"curies":[{"name":"wp","href":"https:\/\/api.w.org\/{rel}","templated":true}]}}