{"id":5467,"date":"2022-06-24T18:15:56","date_gmt":"2022-06-24T18:15:56","guid":{"rendered":"https:\/\/www.cinemasoul.es\/?post_type=product&#038;p=5467"},"modified":"2022-06-24T18:15:56","modified_gmt":"2022-06-24T18:15:56","slug":"los-tres-mosqueteros-dvd","status":"publish","type":"product","link":"https:\/\/cinemasoul.es\/?product=los-tres-mosqueteros-dvd","title":{"rendered":"Los tres mosqueteros [DVD]"},"content":{"rendered":"","protected":false},"excerpt":{"rendered":"<p><em>M-G-M\u00a0<\/em>PRESENTA\u00a0\u201cLOS TRES MOSQUETEROS\u201d\u00a0<strong>DE<\/strong>\u00a0ALEXANDRE DUMAS\u00a0<strong>PROTAGONISTAS<\/strong>\u00a0LANA TURNER, GENE KELLY, JUNE ALLYSON, VAN HEFLIN, ANGELA LANSBURY, FRANK MORGAN, VINCENT PRICE, KEENAN WYNN, JOHN SUTTON, GIG YOUNG.\u00a0<strong>COLOR<\/strong>\u00a0POR TECHNICOLOR\u00ae.\u00a0<strong>GUI\u00d3N DE<\/strong>\u00a0ROBERT ARDREY.\u00a0<strong>DIRIGIDA POR<\/strong>\u00a0GEORGE SIDNEY.\u00a0<strong>PRODUCIDA POR<\/strong>\u00a0PANDRO S. BERMAN.\u00a0<strong>UNA PEL\u00cdCULA DE<\/strong><em>\u00a0METRO- GOLDWYN-MAYER.<\/em> <strong>A\u00d1O<\/strong>:\u00a01948\u00a0<strong>RESTAURADA<\/strong>:\u00a01987\u00a0<strong>NACIONALIDAD<\/strong>:\u00a0ESTADOS UNIDOS\u00a0<strong>COLOR<\/strong>.<strong>\u00a0<\/strong><strong>G\u00c9NERO<\/strong>:\u00a0CAPA Y ESPADA\u00a0<strong>DURACI\u00d3N<\/strong>:\u00a0120\u2019 <strong>FORMATO<\/strong>:\u00a04X3 1:33\u00a0<strong>IDIOMAS<\/strong>:\u00a0CASTELLANO E INGL\u00c9S CON SUBT\u00cdTULOS EN CASTELLANO\u00a0<strong>CLASIFICACION<\/strong>: NO RECOMENDADA\u00a0 A MENORES DE 13 A\u00d1OS.<\/p>\n<p><em>\u201cArrolladora. Su vigor e ingenio es un disfrute para la vista.\u201d\u00a0-HALLIWELL\u2019S FILM GUIDE.<\/em><strong><em>\u00a0<\/em><\/strong>Al grito de \u201cuno para todos y todos para uno\u201d llega a la pantalla una versi\u00f3n del cl\u00e1sico de Dumas que agradar\u00e1 a todos los p\u00fablicos: una estimulante adaptaci\u00f3n de la novela y, para Gene Kelly, la preferida entre sus pel\u00edculas no musicales.\u00a0Kelly interpreta al joven D\u2019Artagnan, que se presenta en Par\u00eds lleno de ambiciones y, de duelo en duelo, acaba ingresando en las filas de los mosqueteros del rey Luis XIII. En su papel de espadach\u00edn, aporta a las escenas de acci\u00f3n la atl\u00e9tica virilidad que le vali\u00f3 un lugar de honor entre los bailarines del g\u00e9nero musical. Un reparto estelar \u2013Vincent Price en el papel del sibilino cardenal Richelieu; Lana Turner dando vida a la malvada Lady de Winter y June Allyson a Constance; Van Heflin, Gig Young y Robert Coote encarnando, respectivamente, a Athos, Porthos y Aramis; y Frank Morgan y Angela Lansbury interpretando al rey Luis y la reina Ana\u2013 se suma a Kelly en este relato de acci\u00f3n desbordante.<\/p>\n","protected":false},"featured_media":5468,"comment_status":"open","ping_status":"closed","template":"","meta":{"site-sidebar-layout":"default","site-content-layout":"default","ast-site-content-layout":"default","site-content-style":"default","site-sidebar-style":"default","ast-global-header-display":"","ast-banner-title-visibility":"","ast-main-header-display":"","ast-hfb-above-header-display":"","ast-hfb-below-header-display":"","ast-hfb-mobile-header-display":"","site-post-title":"","ast-breadcrumbs-content":"","ast-featured-img":"","footer-sml-layout":"","ast-disable-related-posts":"","theme-transparent-header-meta":"","adv-header-id-meta":"","stick-header-meta":"","header-above-stick-meta":"","header-main-stick-meta":"","header-below-stick-meta":"","astra-migrate-meta-layouts":"default","ast-page-background-enabled":"default","ast-page-background-meta":{"desktop":{"background-color":"","background-image":"","background-repeat":"repeat","background-position":"center center","background-size":"auto","background-attachment":"scroll","background-type":"","background-media":"","overlay-type":"","overlay-color":"","overlay-opacity":"","overlay-gradient":""},"tablet":{"background-color":"","background-image":"","background-repeat":"repeat","background-position":"center center","background-size":"auto","background-attachment":"scroll","background-type":"","background-media":"","overlay-type":"","overlay-color":"","overlay-opacity":"","overlay-gradient":""},"mobile":{"background-color":"","background-image":"","background-repeat":"repeat","background-position":"center center","background-size":"auto","background-attachment":"scroll","background-type":"","background-media":"","overlay-type":"","overlay-color":"","overlay-opacity":"","overlay-gradient":""}},"ast-content-background-meta":{"desktop":{"background-color":"var(--ast-global-color-5)","background-image":"","background-repeat":"repeat","background-position":"center center","background-size":"auto","background-attachment":"scroll","background-type":"","background-media":"","overlay-type":"","overlay-color":"","overlay-opacity":"","overlay-gradient":""},"tablet":{"background-color":"var(--ast-global-color-5)","background-image":"","background-repeat":"repeat","background-position":"center center","background-size":"auto","background-attachment":"scroll","background-type":"","background-media":"","overlay-type":"","overlay-color":"","overlay-opacity":"","overlay-gradient":""},"mobile":{"background-color":"var(--ast-global-color-5)","background-image":"","background-repeat":"repeat","background-position":"center center","background-size":"auto","background-attachment":"scroll","background-type":"","background-media":"","overlay-type":"","overlay-color":"","overlay-opacity":"","overlay-gradient":""}},"_joinchat":[]},"product_brand":[],"product_cat":[42],"product_tag":[],"class_list":{"0":"post-5467","1":"product","2":"type-product","3":"status-publish","4":"has-post-thumbnail","6":"product_cat-dvd","7":"desktop-align-left","8":"tablet-align-left","9":"mobile-align-left","11":"first","12":"instock","13":"sale","14":"shipping-taxable","15":"purchasable","16":"product-type-simple"},"_links":{"self":[{"href":"https:\/\/cinemasoul.es\/index.php?rest_route=\/wp\/v2\/product\/5467","targetHints":{"allow":["GET"]}}],"collection":[{"href":"https:\/\/cinemasoul.es\/index.php?rest_route=\/wp\/v2\/product"}],"about":[{"href":"https:\/\/cinemasoul.es\/index.php?rest_route=\/wp\/v2\/types\/product"}],"replies":[{"embeddable":true,"href":"https:\/\/cinemasoul.es\/index.php?rest_route=%2Fwp%2Fv2%2Fcomments&post=5467"}],"version-history":[{"count":1,"href":"https:\/\/cinemasoul.es\/index.php?rest_route=\/wp\/v2\/product\/5467\/revisions"}],"predecessor-version":[{"id":5469,"href":"https:\/\/cinemasoul.es\/index.php?rest_route=\/wp\/v2\/product\/5467\/revisions\/5469"}],"wp:featuredmedia":[{"embeddable":true,"href":"https:\/\/cinemasoul.es\/index.php?rest_route=\/wp\/v2\/media\/5468"}],"wp:attachment":[{"href":"https:\/\/cinemasoul.es\/index.php?rest_route=%2Fwp%2Fv2%2Fmedia&parent=5467"}],"wp:term":[{"taxonomy":"product_brand","embeddable":true,"href":"https:\/\/cinemasoul.es\/index.php?rest_route=%2Fwp%2Fv2%2Fproduct_brand&post=5467"},{"taxonomy":"product_cat","embeddable":true,"href":"https:\/\/cinemasoul.es\/index.php?rest_route=%2Fwp%2Fv2%2Fproduct_cat&post=5467"},{"taxonomy":"product_tag","embeddable":true,"href":"https:\/\/cinemasoul.es\/index.php?rest_route=%2Fwp%2Fv2%2Fproduct_tag&post=5467"}],"curies":[{"name":"wp","href":"https:\/\/api.w.org\/{rel}","templated":true}]}}