{"id":5460,"date":"2022-06-24T18:03:12","date_gmt":"2022-06-24T18:03:12","guid":{"rendered":"https:\/\/www.cinemasoul.es\/?post_type=product&#038;p=5460"},"modified":"2022-06-24T18:03:12","modified_gmt":"2022-06-24T18:03:12","slug":"los-inconquistables-dvd","status":"publish","type":"product","link":"https:\/\/cinemasoul.es\/?product=los-inconquistables-dvd","title":{"rendered":"Los inconquistables [DVD]"},"content":{"rendered":"","protected":false},"excerpt":{"rendered":"<p>GARY COOPER, PAULETTE GODDARD <strong>en <\/strong>\u201cLos Inconquistables\u201d \u201cUNCONQUERED\u201d <strong>de<\/strong> CECIL B. DEMILLE <strong>Con<\/strong> HOWARD DA SILVA, BORIS KARLOFF <strong>Gui\u00f3n de<\/strong> CHARLES BENNET, FREDIC M. FRANK <strong>y<\/strong> JESSY LASKY JR. <strong>Basada en la novela de<\/strong> NEIL H. SWANSON <strong>Producida y Dirigida por<\/strong> CECIL B. DEMILLE. Film 1948 Universal Studios. <strong>Renovada en<\/strong> 1974 <strong>por<\/strong> Universal Studios. Todos los derechos reservados<\/p>\n<p><strong>BANDAS PARA SUBTITULOS<\/strong>: Castellano* <strong>CONTENIDO SONORO<\/strong>: Castellano 2.0 Mono. Ingl\u00e9s 2.0 Mono<strong> Formato de pantalla<\/strong>: 4:3 (1.33:1) <strong>Duraci\u00f3n<\/strong>: 146 minutos aprox. Color. <strong>Deposito legal<\/strong>: TF: 2310\/2009 Apta para todos los p\u00fablicos.<\/p>\n<p>Dirigido por Celi B. DeMille y protagonizado por Gary Cooper y Paulette Godard este filme, que mezcla con maestr\u00eda lo mejor del western y del cine de aventuras, narra la historia, ambientada en 1763, de una joven inglesa (Goddard) que es convertida en esclava en las colinas americanas, pero salvada por el capit\u00e1n Holden (Cooper). Cuando \u00e9ste se ausenta, un pol\u00edtico llamado Garth (Howard da Silva), la esclaviza de nuevo. Cecil B. DeMille, el director m\u00e1s popular y rentable de los a\u00f1os 30 y 40, dirige esta espectacular pel\u00edcula de aventuras, que obtuvo una nominac\u00f3n a los Academy Award\u00ae a los Mejores Efectos Especiales.<\/p>\n","protected":false},"featured_media":5461,"comment_status":"open","ping_status":"closed","template":"","meta":{"site-sidebar-layout":"default","site-content-layout":"default","ast-site-content-layout":"default","site-content-style":"default","site-sidebar-style":"default","ast-global-header-display":"","ast-banner-title-visibility":"","ast-main-header-display":"","ast-hfb-above-header-display":"","ast-hfb-below-header-display":"","ast-hfb-mobile-header-display":"","site-post-title":"","ast-breadcrumbs-content":"","ast-featured-img":"","footer-sml-layout":"","ast-disable-related-posts":"","theme-transparent-header-meta":"","adv-header-id-meta":"","stick-header-meta":"","header-above-stick-meta":"","header-main-stick-meta":"","header-below-stick-meta":"","astra-migrate-meta-layouts":"default","ast-page-background-enabled":"default","ast-page-background-meta":{"desktop":{"background-color":"","background-image":"","background-repeat":"repeat","background-position":"center center","background-size":"auto","background-attachment":"scroll","background-type":"","background-media":"","overlay-type":"","overlay-color":"","overlay-opacity":"","overlay-gradient":""},"tablet":{"background-color":"","background-image":"","background-repeat":"repeat","background-position":"center center","background-size":"auto","background-attachment":"scroll","background-type":"","background-media":"","overlay-type":"","overlay-color":"","overlay-opacity":"","overlay-gradient":""},"mobile":{"background-color":"","background-image":"","background-repeat":"repeat","background-position":"center center","background-size":"auto","background-attachment":"scroll","background-type":"","background-media":"","overlay-type":"","overlay-color":"","overlay-opacity":"","overlay-gradient":""}},"ast-content-background-meta":{"desktop":{"background-color":"var(--ast-global-color-5)","background-image":"","background-repeat":"repeat","background-position":"center center","background-size":"auto","background-attachment":"scroll","background-type":"","background-media":"","overlay-type":"","overlay-color":"","overlay-opacity":"","overlay-gradient":""},"tablet":{"background-color":"var(--ast-global-color-5)","background-image":"","background-repeat":"repeat","background-position":"center center","background-size":"auto","background-attachment":"scroll","background-type":"","background-media":"","overlay-type":"","overlay-color":"","overlay-opacity":"","overlay-gradient":""},"mobile":{"background-color":"var(--ast-global-color-5)","background-image":"","background-repeat":"repeat","background-position":"center center","background-size":"auto","background-attachment":"scroll","background-type":"","background-media":"","overlay-type":"","overlay-color":"","overlay-opacity":"","overlay-gradient":""}},"_joinchat":[]},"product_brand":[],"product_cat":[42],"product_tag":[],"class_list":{"0":"post-5460","1":"product","2":"type-product","3":"status-publish","4":"has-post-thumbnail","6":"product_cat-dvd","7":"desktop-align-left","8":"tablet-align-left","9":"mobile-align-left","11":"first","12":"instock","13":"shipping-taxable","14":"purchasable","15":"product-type-simple"},"_links":{"self":[{"href":"https:\/\/cinemasoul.es\/index.php?rest_route=\/wp\/v2\/product\/5460","targetHints":{"allow":["GET"]}}],"collection":[{"href":"https:\/\/cinemasoul.es\/index.php?rest_route=\/wp\/v2\/product"}],"about":[{"href":"https:\/\/cinemasoul.es\/index.php?rest_route=\/wp\/v2\/types\/product"}],"replies":[{"embeddable":true,"href":"https:\/\/cinemasoul.es\/index.php?rest_route=%2Fwp%2Fv2%2Fcomments&post=5460"}],"version-history":[{"count":1,"href":"https:\/\/cinemasoul.es\/index.php?rest_route=\/wp\/v2\/product\/5460\/revisions"}],"predecessor-version":[{"id":5463,"href":"https:\/\/cinemasoul.es\/index.php?rest_route=\/wp\/v2\/product\/5460\/revisions\/5463"}],"wp:featuredmedia":[{"embeddable":true,"href":"https:\/\/cinemasoul.es\/index.php?rest_route=\/wp\/v2\/media\/5461"}],"wp:attachment":[{"href":"https:\/\/cinemasoul.es\/index.php?rest_route=%2Fwp%2Fv2%2Fmedia&parent=5460"}],"wp:term":[{"taxonomy":"product_brand","embeddable":true,"href":"https:\/\/cinemasoul.es\/index.php?rest_route=%2Fwp%2Fv2%2Fproduct_brand&post=5460"},{"taxonomy":"product_cat","embeddable":true,"href":"https:\/\/cinemasoul.es\/index.php?rest_route=%2Fwp%2Fv2%2Fproduct_cat&post=5460"},{"taxonomy":"product_tag","embeddable":true,"href":"https:\/\/cinemasoul.es\/index.php?rest_route=%2Fwp%2Fv2%2Fproduct_tag&post=5460"}],"curies":[{"name":"wp","href":"https:\/\/api.w.org\/{rel}","templated":true}]}}