{"id":5456,"date":"2022-06-24T17:57:11","date_gmt":"2022-06-24T17:57:11","guid":{"rendered":"https:\/\/www.cinemasoul.es\/?post_type=product&#038;p=5456"},"modified":"2022-06-24T17:57:11","modified_gmt":"2022-06-24T17:57:11","slug":"los-contrabandistas-de-moonfleet-dvd","status":"publish","type":"product","link":"https:\/\/cinemasoul.es\/?product=los-contrabandistas-de-moonfleet-dvd","title":{"rendered":"Los contrabandistas de Moonfleet [DVD]"},"content":{"rendered":"","protected":false},"excerpt":{"rendered":"<p>M-G-M\u00a0presenta \u201cLOS CONTRABANDISTAS DE MOONFLEET\u201d en <strong>CinemaScope<\/strong>\u00ae\u00a0Con\u00a0STEWART GRANGER, GEORGE SANDERS, JOAN GREENWOOD, VIVECA LINDFORS\u00a0y\u00a0JON WHITELEY, MELVILLE COOPER <strong>Gui\u00f3n<\/strong> de\u00a0JAN LUSTIG y MARGARET FITTS\u00a0seg\u00fan la <strong>novela<\/strong> de\u00a0J. MEADE FALKNER <strong>Rodada<\/strong> en\u00a0EASTMAN COLOR <strong>Dirigida<\/strong> por\u00a0FRITZ LANG <strong>Producida<\/strong> por\u00a0JOHN HOUSEMAN <strong>Productor asociado<\/strong>\u00a0JUD KINBERG <strong>M\u00fasica<\/strong> de\u00a0MIKLOS ROZSA<\/p>\n<p><strong>A\u00d1O<\/strong>: 1955 <strong>G\u00c9NERO<\/strong>: AVENTURAS-DRAMA <strong>NACIONALIDAD<\/strong>: ESTADOS UNIDOS <strong>IDIOMAS<\/strong>: CASTELLANO E INGL\u00c9S CON SUBT\u00cdTULOS EN CASTELLANO <strong>DURACI\u00d3N<\/strong>: 84 MINUTOS <strong>FORMATO<\/strong>: 16X9 2:35.1 <strong>COLOR<\/strong>: COLOR <strong>REFERENCIA<\/strong>: DVDY26121 <strong>EAN<\/strong>: 5051893016215 <strong>DEP\u00d3SITO LEGAL<\/strong>: TF: 1636-2009 <strong>N\u00ba DE EXPEDIENTE<\/strong>: 113.919 <strong>CLASIFICACION<\/strong>: APTA PARA TODOS LOS P\u00daBLICOS<\/p>\n<p>En la Inglaterra de 1757, el peque\u00f1o John Mohune llega a Moonfleet en busca de un tal Jeremy Fox, a cuya tutela ha sido encomendado. Este \u00faltimo, jefe de una banda de contrabandistas, es un aventurero c\u00ednico y con pocos escr\u00fapulos que lleva una vida disoluta y frecuenta la compa\u00f1\u00eda de los Ashwood, una pareja de arist\u00f3cratas corruptos. Mohune descubre en Fox al hombre que am\u00f3 a su madre y tambi\u00e9n descubre el plano con el escondite de un tesoro: el diamante de Barberousse, robado por uno de sus antepasados. Una de las pel\u00edculas imprescindibles de la etapa norteamericana de Fritz Lang.<\/p>\n","protected":false},"featured_media":5457,"comment_status":"open","ping_status":"closed","template":"","meta":{"site-sidebar-layout":"default","site-content-layout":"default","ast-site-content-layout":"default","site-content-style":"default","site-sidebar-style":"default","ast-global-header-display":"","ast-banner-title-visibility":"","ast-main-header-display":"","ast-hfb-above-header-display":"","ast-hfb-below-header-display":"","ast-hfb-mobile-header-display":"","site-post-title":"","ast-breadcrumbs-content":"","ast-featured-img":"","footer-sml-layout":"","ast-disable-related-posts":"","theme-transparent-header-meta":"","adv-header-id-meta":"","stick-header-meta":"","header-above-stick-meta":"","header-main-stick-meta":"","header-below-stick-meta":"","astra-migrate-meta-layouts":"default","ast-page-background-enabled":"default","ast-page-background-meta":{"desktop":{"background-color":"","background-image":"","background-repeat":"repeat","background-position":"center center","background-size":"auto","background-attachment":"scroll","background-type":"","background-media":"","overlay-type":"","overlay-color":"","overlay-opacity":"","overlay-gradient":""},"tablet":{"background-color":"","background-image":"","background-repeat":"repeat","background-position":"center center","background-size":"auto","background-attachment":"scroll","background-type":"","background-media":"","overlay-type":"","overlay-color":"","overlay-opacity":"","overlay-gradient":""},"mobile":{"background-color":"","background-image":"","background-repeat":"repeat","background-position":"center center","background-size":"auto","background-attachment":"scroll","background-type":"","background-media":"","overlay-type":"","overlay-color":"","overlay-opacity":"","overlay-gradient":""}},"ast-content-background-meta":{"desktop":{"background-color":"var(--ast-global-color-5)","background-image":"","background-repeat":"repeat","background-position":"center center","background-size":"auto","background-attachment":"scroll","background-type":"","background-media":"","overlay-type":"","overlay-color":"","overlay-opacity":"","overlay-gradient":""},"tablet":{"background-color":"var(--ast-global-color-5)","background-image":"","background-repeat":"repeat","background-position":"center center","background-size":"auto","background-attachment":"scroll","background-type":"","background-media":"","overlay-type":"","overlay-color":"","overlay-opacity":"","overlay-gradient":""},"mobile":{"background-color":"var(--ast-global-color-5)","background-image":"","background-repeat":"repeat","background-position":"center center","background-size":"auto","background-attachment":"scroll","background-type":"","background-media":"","overlay-type":"","overlay-color":"","overlay-opacity":"","overlay-gradient":""}},"_joinchat":[]},"product_brand":[],"product_cat":[42],"product_tag":[],"class_list":{"0":"post-5456","1":"product","2":"type-product","3":"status-publish","4":"has-post-thumbnail","6":"product_cat-dvd","7":"desktop-align-left","8":"tablet-align-left","9":"mobile-align-left","11":"first","12":"instock","13":"shipping-taxable","14":"purchasable","15":"product-type-simple"},"_links":{"self":[{"href":"https:\/\/cinemasoul.es\/index.php?rest_route=\/wp\/v2\/product\/5456","targetHints":{"allow":["GET"]}}],"collection":[{"href":"https:\/\/cinemasoul.es\/index.php?rest_route=\/wp\/v2\/product"}],"about":[{"href":"https:\/\/cinemasoul.es\/index.php?rest_route=\/wp\/v2\/types\/product"}],"replies":[{"embeddable":true,"href":"https:\/\/cinemasoul.es\/index.php?rest_route=%2Fwp%2Fv2%2Fcomments&post=5456"}],"version-history":[{"count":1,"href":"https:\/\/cinemasoul.es\/index.php?rest_route=\/wp\/v2\/product\/5456\/revisions"}],"predecessor-version":[{"id":5459,"href":"https:\/\/cinemasoul.es\/index.php?rest_route=\/wp\/v2\/product\/5456\/revisions\/5459"}],"wp:featuredmedia":[{"embeddable":true,"href":"https:\/\/cinemasoul.es\/index.php?rest_route=\/wp\/v2\/media\/5457"}],"wp:attachment":[{"href":"https:\/\/cinemasoul.es\/index.php?rest_route=%2Fwp%2Fv2%2Fmedia&parent=5456"}],"wp:term":[{"taxonomy":"product_brand","embeddable":true,"href":"https:\/\/cinemasoul.es\/index.php?rest_route=%2Fwp%2Fv2%2Fproduct_brand&post=5456"},{"taxonomy":"product_cat","embeddable":true,"href":"https:\/\/cinemasoul.es\/index.php?rest_route=%2Fwp%2Fv2%2Fproduct_cat&post=5456"},{"taxonomy":"product_tag","embeddable":true,"href":"https:\/\/cinemasoul.es\/index.php?rest_route=%2Fwp%2Fv2%2Fproduct_tag&post=5456"}],"curies":[{"name":"wp","href":"https:\/\/api.w.org\/{rel}","templated":true}]}}