{"id":5448,"date":"2022-06-24T17:49:47","date_gmt":"2022-06-24T17:49:47","guid":{"rendered":"https:\/\/www.cinemasoul.es\/?post_type=product&#038;p=5448"},"modified":"2022-06-24T17:49:47","modified_gmt":"2022-06-24T17:49:47","slug":"las-mil-y-una-noches-dvd","status":"publish","type":"product","link":"https:\/\/cinemasoul.es\/?product=las-mil-y-una-noches-dvd","title":{"rendered":"Las mil y una noches [DVD]"},"content":{"rendered":"","protected":false},"excerpt":{"rendered":"<p><strong>Material adicional<\/strong>: Restaurando este cl\u00e1sico del cine (3 minutos). Universal Pictures <strong>presenta<\/strong> \u201cLas Mil y Una Noches\u201d <strong>Direcci\u00f3n:<\/strong> John Rawlins <strong>Producci\u00f3n:<\/strong> Walter Wanger <strong>Gui\u00f3n:<\/strong> Trae Boardman y Michael Hogan <strong>Reparto:<\/strong> Sabu, Jon may, Mar\u00eda Montez, Leif Erickson, Billy Gilbert, Edgar Barrier, Richard Lane. <strong>M\u00fasica:<\/strong> Frank\u00a0 Skinner. <strong>Fotograf\u00eda:<\/strong> Milton R. Krasner<\/p>\n<p><strong>Idiomas:<\/strong> Castellano, Ingl\u00e9s y Portugu\u00e9s. <strong>Subt\u00edtulos:<\/strong> (2.0 Mono) Castellano e Ingl\u00e9s. <strong>A\u00f1o de producci\u00f3n:<\/strong> 1942. <strong>Duraci\u00f3n:<\/strong> 83 min. <strong>Color Formato de pantalla:<\/strong> 4:3 (1.33:1)<\/p>\n<p>Prep\u00e1rate para ver todos tus deseos cumplidos en esta espectacular pel\u00edcula, LAS MIL Y UNA NOCHES. Romance, riquezas y el ex\u00f3tico esplendor de este cuento cl\u00e1sico que fue \u201cmontado espectacularmente en Technicolor\u201d (Leonard Maltin), nominada a cuatro Academy Awards, y que ahora vuelve a tener vida con las im\u00e1genes remasterizadas. John, Mar\u00eda Montez, y Sabu protagonizan esta exuberante historia \u00e9pica de dos hermanos que luchar\u00e1n por el poder del trono y por el amor de una sensual y preciosa bailarina, Sherezade. No te puedes perder esta emocionante aventura.<\/p>\n","protected":false},"featured_media":5449,"comment_status":"open","ping_status":"closed","template":"","meta":{"site-sidebar-layout":"default","site-content-layout":"default","ast-site-content-layout":"default","site-content-style":"default","site-sidebar-style":"default","ast-global-header-display":"","ast-banner-title-visibility":"","ast-main-header-display":"","ast-hfb-above-header-display":"","ast-hfb-below-header-display":"","ast-hfb-mobile-header-display":"","site-post-title":"","ast-breadcrumbs-content":"","ast-featured-img":"","footer-sml-layout":"","ast-disable-related-posts":"","theme-transparent-header-meta":"","adv-header-id-meta":"","stick-header-meta":"","header-above-stick-meta":"","header-main-stick-meta":"","header-below-stick-meta":"","astra-migrate-meta-layouts":"default","ast-page-background-enabled":"default","ast-page-background-meta":{"desktop":{"background-color":"","background-image":"","background-repeat":"repeat","background-position":"center center","background-size":"auto","background-attachment":"scroll","background-type":"","background-media":"","overlay-type":"","overlay-color":"","overlay-opacity":"","overlay-gradient":""},"tablet":{"background-color":"","background-image":"","background-repeat":"repeat","background-position":"center center","background-size":"auto","background-attachment":"scroll","background-type":"","background-media":"","overlay-type":"","overlay-color":"","overlay-opacity":"","overlay-gradient":""},"mobile":{"background-color":"","background-image":"","background-repeat":"repeat","background-position":"center center","background-size":"auto","background-attachment":"scroll","background-type":"","background-media":"","overlay-type":"","overlay-color":"","overlay-opacity":"","overlay-gradient":""}},"ast-content-background-meta":{"desktop":{"background-color":"var(--ast-global-color-5)","background-image":"","background-repeat":"repeat","background-position":"center center","background-size":"auto","background-attachment":"scroll","background-type":"","background-media":"","overlay-type":"","overlay-color":"","overlay-opacity":"","overlay-gradient":""},"tablet":{"background-color":"var(--ast-global-color-5)","background-image":"","background-repeat":"repeat","background-position":"center center","background-size":"auto","background-attachment":"scroll","background-type":"","background-media":"","overlay-type":"","overlay-color":"","overlay-opacity":"","overlay-gradient":""},"mobile":{"background-color":"var(--ast-global-color-5)","background-image":"","background-repeat":"repeat","background-position":"center center","background-size":"auto","background-attachment":"scroll","background-type":"","background-media":"","overlay-type":"","overlay-color":"","overlay-opacity":"","overlay-gradient":""}},"_joinchat":[]},"product_brand":[],"product_cat":[42],"product_tag":[],"class_list":{"0":"post-5448","1":"product","2":"type-product","3":"status-publish","4":"has-post-thumbnail","6":"product_cat-dvd","7":"desktop-align-left","8":"tablet-align-left","9":"mobile-align-left","11":"first","12":"instock","13":"shipping-taxable","14":"purchasable","15":"product-type-simple"},"_links":{"self":[{"href":"https:\/\/cinemasoul.es\/index.php?rest_route=\/wp\/v2\/product\/5448","targetHints":{"allow":["GET"]}}],"collection":[{"href":"https:\/\/cinemasoul.es\/index.php?rest_route=\/wp\/v2\/product"}],"about":[{"href":"https:\/\/cinemasoul.es\/index.php?rest_route=\/wp\/v2\/types\/product"}],"replies":[{"embeddable":true,"href":"https:\/\/cinemasoul.es\/index.php?rest_route=%2Fwp%2Fv2%2Fcomments&post=5448"}],"version-history":[{"count":1,"href":"https:\/\/cinemasoul.es\/index.php?rest_route=\/wp\/v2\/product\/5448\/revisions"}],"predecessor-version":[{"id":5451,"href":"https:\/\/cinemasoul.es\/index.php?rest_route=\/wp\/v2\/product\/5448\/revisions\/5451"}],"wp:featuredmedia":[{"embeddable":true,"href":"https:\/\/cinemasoul.es\/index.php?rest_route=\/wp\/v2\/media\/5449"}],"wp:attachment":[{"href":"https:\/\/cinemasoul.es\/index.php?rest_route=%2Fwp%2Fv2%2Fmedia&parent=5448"}],"wp:term":[{"taxonomy":"product_brand","embeddable":true,"href":"https:\/\/cinemasoul.es\/index.php?rest_route=%2Fwp%2Fv2%2Fproduct_brand&post=5448"},{"taxonomy":"product_cat","embeddable":true,"href":"https:\/\/cinemasoul.es\/index.php?rest_route=%2Fwp%2Fv2%2Fproduct_cat&post=5448"},{"taxonomy":"product_tag","embeddable":true,"href":"https:\/\/cinemasoul.es\/index.php?rest_route=%2Fwp%2Fv2%2Fproduct_tag&post=5448"}],"curies":[{"name":"wp","href":"https:\/\/api.w.org\/{rel}","templated":true}]}}