{"id":5444,"date":"2022-06-24T17:45:13","date_gmt":"2022-06-24T17:45:13","guid":{"rendered":"https:\/\/www.cinemasoul.es\/?post_type=product&#038;p=5444"},"modified":"2022-06-24T17:45:13","modified_gmt":"2022-06-24T17:45:13","slug":"las-cruzadas-dvd","status":"publish","type":"product","link":"https:\/\/cinemasoul.es\/?product=las-cruzadas-dvd","title":{"rendered":"Las Cruzadas [DVD]"},"content":{"rendered":"","protected":false},"excerpt":{"rendered":"<p>\u201cTHE CRUSADES\u201d <strong>Protagonizada por<\/strong> LORETTA YOUNG, HENRY WILCOXON <strong>Con<\/strong> IAN KEITH, ALAN HALE, KATHERINE DEMILLE, C. AUBREY SMITH, JOSEPH SCHILDKRAUT <strong>Gui\u00f3n de<\/strong> HAROLD LAMB, WALDEMAR YOUNG, DUDLEY NICHOLS <strong>Producida por<\/strong> CECIL B. DEMILLE y HENRY HERZBURN <strong>Dirigida por<\/strong> CECIL B. DEMILLE Film \u00a9 1935 Paramount Pictures Inc. Renovada 1962 Universal Studios<\/p>\n<p><strong>BANDAS PARA SUBT\u00cdTULOS<\/strong>: Castellano <strong>CONTENIDO SONORO<\/strong> (2.0 Mono): Castellano e Ingl\u00e9s <strong>Formato de pantalla<\/strong>: (4:3) (1.33:1) <strong>Duraci\u00f3n<\/strong>: 121 Minutos aprox. Color. <strong>Dep\u00f3sito legal<\/strong>: TF: 606-2010 Apta para todos los p\u00fablicos<\/p>\n<p>T\u00edpica producci\u00f3n de Cevil B. DeMille, rodeada de gran espect\u00e1culo y poco rigor hist\u00f3rico. Adapta la novela \u201cLas cruzadas: santos y hombres de hierro\u201d, de Harold Lamb, que tomaba como personaje central al Rey Ricardo \u201cCoraz\u00f3n de Le\u00f3n\u201d. Tom\u00e1ndose libremente la versi\u00f3n, el director traslada la acci\u00f3n de la Tercera a la Primera Cruzada, apostando por un tono decididamente rom\u00e1ntico con una trama sobre la historia de amor entre el rey y Berenguela (una bella Loretta Young), hija del rey Sancho de Navarra. Tambi\u00e9n incluye el enfrentamiento entre Ricardo (Henry Wilcoxon) y el \u00e1rabe Saladino (encarnado por Brian Keith). Para la recreaci\u00f3n de la batalla de Acre fueron necesarios diez mil figurantes, algo habitual en la megaloman\u00eda de su autor. La fotograf\u00eda de Victor Milner fue candidata a la estatuilla.<\/p>\n","protected":false},"featured_media":5445,"comment_status":"open","ping_status":"closed","template":"","meta":{"site-sidebar-layout":"default","site-content-layout":"default","ast-site-content-layout":"default","site-content-style":"default","site-sidebar-style":"default","ast-global-header-display":"","ast-banner-title-visibility":"","ast-main-header-display":"","ast-hfb-above-header-display":"","ast-hfb-below-header-display":"","ast-hfb-mobile-header-display":"","site-post-title":"","ast-breadcrumbs-content":"","ast-featured-img":"","footer-sml-layout":"","ast-disable-related-posts":"","theme-transparent-header-meta":"","adv-header-id-meta":"","stick-header-meta":"","header-above-stick-meta":"","header-main-stick-meta":"","header-below-stick-meta":"","astra-migrate-meta-layouts":"default","ast-page-background-enabled":"default","ast-page-background-meta":{"desktop":{"background-color":"","background-image":"","background-repeat":"repeat","background-position":"center center","background-size":"auto","background-attachment":"scroll","background-type":"","background-media":"","overlay-type":"","overlay-color":"","overlay-opacity":"","overlay-gradient":""},"tablet":{"background-color":"","background-image":"","background-repeat":"repeat","background-position":"center center","background-size":"auto","background-attachment":"scroll","background-type":"","background-media":"","overlay-type":"","overlay-color":"","overlay-opacity":"","overlay-gradient":""},"mobile":{"background-color":"","background-image":"","background-repeat":"repeat","background-position":"center center","background-size":"auto","background-attachment":"scroll","background-type":"","background-media":"","overlay-type":"","overlay-color":"","overlay-opacity":"","overlay-gradient":""}},"ast-content-background-meta":{"desktop":{"background-color":"var(--ast-global-color-5)","background-image":"","background-repeat":"repeat","background-position":"center center","background-size":"auto","background-attachment":"scroll","background-type":"","background-media":"","overlay-type":"","overlay-color":"","overlay-opacity":"","overlay-gradient":""},"tablet":{"background-color":"var(--ast-global-color-5)","background-image":"","background-repeat":"repeat","background-position":"center center","background-size":"auto","background-attachment":"scroll","background-type":"","background-media":"","overlay-type":"","overlay-color":"","overlay-opacity":"","overlay-gradient":""},"mobile":{"background-color":"var(--ast-global-color-5)","background-image":"","background-repeat":"repeat","background-position":"center center","background-size":"auto","background-attachment":"scroll","background-type":"","background-media":"","overlay-type":"","overlay-color":"","overlay-opacity":"","overlay-gradient":""}},"_joinchat":[]},"product_brand":[],"product_cat":[42],"product_tag":[],"class_list":{"0":"post-5444","1":"product","2":"type-product","3":"status-publish","4":"has-post-thumbnail","6":"product_cat-dvd","7":"desktop-align-left","8":"tablet-align-left","9":"mobile-align-left","11":"first","12":"instock","13":"sale","14":"shipping-taxable","15":"purchasable","16":"product-type-simple"},"_links":{"self":[{"href":"https:\/\/cinemasoul.es\/index.php?rest_route=\/wp\/v2\/product\/5444","targetHints":{"allow":["GET"]}}],"collection":[{"href":"https:\/\/cinemasoul.es\/index.php?rest_route=\/wp\/v2\/product"}],"about":[{"href":"https:\/\/cinemasoul.es\/index.php?rest_route=\/wp\/v2\/types\/product"}],"replies":[{"embeddable":true,"href":"https:\/\/cinemasoul.es\/index.php?rest_route=%2Fwp%2Fv2%2Fcomments&post=5444"}],"version-history":[{"count":1,"href":"https:\/\/cinemasoul.es\/index.php?rest_route=\/wp\/v2\/product\/5444\/revisions"}],"predecessor-version":[{"id":5447,"href":"https:\/\/cinemasoul.es\/index.php?rest_route=\/wp\/v2\/product\/5444\/revisions\/5447"}],"wp:featuredmedia":[{"embeddable":true,"href":"https:\/\/cinemasoul.es\/index.php?rest_route=\/wp\/v2\/media\/5445"}],"wp:attachment":[{"href":"https:\/\/cinemasoul.es\/index.php?rest_route=%2Fwp%2Fv2%2Fmedia&parent=5444"}],"wp:term":[{"taxonomy":"product_brand","embeddable":true,"href":"https:\/\/cinemasoul.es\/index.php?rest_route=%2Fwp%2Fv2%2Fproduct_brand&post=5444"},{"taxonomy":"product_cat","embeddable":true,"href":"https:\/\/cinemasoul.es\/index.php?rest_route=%2Fwp%2Fv2%2Fproduct_cat&post=5444"},{"taxonomy":"product_tag","embeddable":true,"href":"https:\/\/cinemasoul.es\/index.php?rest_route=%2Fwp%2Fv2%2Fproduct_tag&post=5444"}],"curies":[{"name":"wp","href":"https:\/\/api.w.org\/{rel}","templated":true}]}}