{"id":5441,"date":"2022-06-24T17:39:48","date_gmt":"2022-06-24T17:39:48","guid":{"rendered":"https:\/\/www.cinemasoul.es\/?post_type=product&#038;p=5441"},"modified":"2022-06-24T17:39:48","modified_gmt":"2022-06-24T17:39:48","slug":"la-tumba-india-dvd","status":"publish","type":"product","link":"https:\/\/cinemasoul.es\/?product=la-tumba-india-dvd","title":{"rendered":"La tumba India [DVD]"},"content":{"rendered":"","protected":false},"excerpt":{"rendered":"<p><em>LA TUMBA INDIA<\/em>\u00a0<strong>T\u00cdTULO ORIGINAL<\/strong>:<em>\u00a0THE INDIAN TOMB \u00a0<\/em><strong>GUI\u00d3N DE<\/strong>\u00a0WERNER J\u00d6RG L\u00dcDDECKE &amp; FRITZ LANG\u00a0<strong>BASADA EN LA NOVELA DE<\/strong>\u00a0THEA VON HARBOU\u00a0<strong>M\u00daSICA DE<\/strong>\u00a0GERHARD BECKER Y MICHEL MICHELET\u00a0<strong>FOTOGRAF\u00cdA DE<\/strong>\u00a0RICHARD ANGST\u00a0<strong>PRODUCIDA POR<\/strong>\u00a0ARTHUR BRAUNER\u00a0<strong>DIRIGIDA POR<\/strong>\u00a0FRITZ LANG\u00a0<strong>REPARTO<\/strong>: DEBRA PAGET, PAUL HUBSCHMID, WALTHER REYER, SABINE BETHMANN, REN\u00c9 DELTGEN,\u00a0JOCHEN BROCKMANN, VAL\u00c9RY INKIJINOFF, CLAUS HOLM<\/p>\n<p><strong>A\u00d1O<\/strong>: 1959\u00a0<strong>G\u00c9NERO<\/strong>: AVENTURAS\u00a0<strong>NACIONALIDAD<\/strong>: ALEMANIA-FRANCIA-ITALIA\u00a0<strong>COLOR<\/strong>: COLOR\u00a0<strong>DURACI\u00d3N<\/strong>: 101 MIN. APROX.\u00a0<strong>FORMATO DE PANTALLA<\/strong>: 1.37:1\u00a0<strong>IDIOMAS<\/strong>: ESPA\u00d1OL Y ALEM\u00c1N\u00a0<strong>SUBT\u00cdTULOS<\/strong>: ESPA\u00d1OL \u00a0NO RECOMENDADA PARA MENORES DE 13 A\u00d1OS\u00a0PARA \u00c1MBITO DOM\u00c9STICO\u00a0Full HD 1080<\/p>\n<p>Continuaci\u00f3n de\u00a0<em>El tigre de Esnapur<\/em>. El arquitecto europeo Harald Berger y la bailarina Seetha son capturados por los hombres de Chandra. Mientras tanto, Ramigani planea arrebatarle el poder a su hermano, sirvi\u00e9ndose de sus aliados en palacio. Cuando Chandra se entera de la relaci\u00f3n amorosa entre Seetha y Berger, hace llamar al doctor Rhode para encargarle la construcci\u00f3n de una enorme y lujosa tumba destinada a los dos enamorados.<\/p>\n","protected":false},"featured_media":5442,"comment_status":"open","ping_status":"closed","template":"","meta":{"site-sidebar-layout":"default","site-content-layout":"default","ast-site-content-layout":"default","site-content-style":"default","site-sidebar-style":"default","ast-global-header-display":"","ast-banner-title-visibility":"","ast-main-header-display":"","ast-hfb-above-header-display":"","ast-hfb-below-header-display":"","ast-hfb-mobile-header-display":"","site-post-title":"","ast-breadcrumbs-content":"","ast-featured-img":"","footer-sml-layout":"","ast-disable-related-posts":"","theme-transparent-header-meta":"","adv-header-id-meta":"","stick-header-meta":"","header-above-stick-meta":"","header-main-stick-meta":"","header-below-stick-meta":"","astra-migrate-meta-layouts":"default","ast-page-background-enabled":"default","ast-page-background-meta":{"desktop":{"background-color":"","background-image":"","background-repeat":"repeat","background-position":"center center","background-size":"auto","background-attachment":"scroll","background-type":"","background-media":"","overlay-type":"","overlay-color":"","overlay-opacity":"","overlay-gradient":""},"tablet":{"background-color":"","background-image":"","background-repeat":"repeat","background-position":"center center","background-size":"auto","background-attachment":"scroll","background-type":"","background-media":"","overlay-type":"","overlay-color":"","overlay-opacity":"","overlay-gradient":""},"mobile":{"background-color":"","background-image":"","background-repeat":"repeat","background-position":"center center","background-size":"auto","background-attachment":"scroll","background-type":"","background-media":"","overlay-type":"","overlay-color":"","overlay-opacity":"","overlay-gradient":""}},"ast-content-background-meta":{"desktop":{"background-color":"var(--ast-global-color-5)","background-image":"","background-repeat":"repeat","background-position":"center center","background-size":"auto","background-attachment":"scroll","background-type":"","background-media":"","overlay-type":"","overlay-color":"","overlay-opacity":"","overlay-gradient":""},"tablet":{"background-color":"var(--ast-global-color-5)","background-image":"","background-repeat":"repeat","background-position":"center center","background-size":"auto","background-attachment":"scroll","background-type":"","background-media":"","overlay-type":"","overlay-color":"","overlay-opacity":"","overlay-gradient":""},"mobile":{"background-color":"var(--ast-global-color-5)","background-image":"","background-repeat":"repeat","background-position":"center center","background-size":"auto","background-attachment":"scroll","background-type":"","background-media":"","overlay-type":"","overlay-color":"","overlay-opacity":"","overlay-gradient":""}},"_joinchat":[]},"product_brand":[],"product_cat":[42],"product_tag":[],"class_list":{"0":"post-5441","1":"product","2":"type-product","3":"status-publish","4":"has-post-thumbnail","6":"product_cat-dvd","7":"desktop-align-left","8":"tablet-align-left","9":"mobile-align-left","11":"first","12":"instock","13":"sale","14":"shipping-taxable","15":"purchasable","16":"product-type-simple"},"_links":{"self":[{"href":"https:\/\/cinemasoul.es\/index.php?rest_route=\/wp\/v2\/product\/5441","targetHints":{"allow":["GET"]}}],"collection":[{"href":"https:\/\/cinemasoul.es\/index.php?rest_route=\/wp\/v2\/product"}],"about":[{"href":"https:\/\/cinemasoul.es\/index.php?rest_route=\/wp\/v2\/types\/product"}],"replies":[{"embeddable":true,"href":"https:\/\/cinemasoul.es\/index.php?rest_route=%2Fwp%2Fv2%2Fcomments&post=5441"}],"version-history":[{"count":1,"href":"https:\/\/cinemasoul.es\/index.php?rest_route=\/wp\/v2\/product\/5441\/revisions"}],"predecessor-version":[{"id":5443,"href":"https:\/\/cinemasoul.es\/index.php?rest_route=\/wp\/v2\/product\/5441\/revisions\/5443"}],"wp:featuredmedia":[{"embeddable":true,"href":"https:\/\/cinemasoul.es\/index.php?rest_route=\/wp\/v2\/media\/5442"}],"wp:attachment":[{"href":"https:\/\/cinemasoul.es\/index.php?rest_route=%2Fwp%2Fv2%2Fmedia&parent=5441"}],"wp:term":[{"taxonomy":"product_brand","embeddable":true,"href":"https:\/\/cinemasoul.es\/index.php?rest_route=%2Fwp%2Fv2%2Fproduct_brand&post=5441"},{"taxonomy":"product_cat","embeddable":true,"href":"https:\/\/cinemasoul.es\/index.php?rest_route=%2Fwp%2Fv2%2Fproduct_cat&post=5441"},{"taxonomy":"product_tag","embeddable":true,"href":"https:\/\/cinemasoul.es\/index.php?rest_route=%2Fwp%2Fv2%2Fproduct_tag&post=5441"}],"curies":[{"name":"wp","href":"https:\/\/api.w.org\/{rel}","templated":true}]}}