{"id":5425,"date":"2022-06-24T17:22:36","date_gmt":"2022-06-24T17:22:36","guid":{"rendered":"https:\/\/www.cinemasoul.es\/?post_type=product&#038;p=5425"},"modified":"2022-06-24T17:22:36","modified_gmt":"2022-06-24T17:22:36","slug":"la-presa-desnuda-dvd","status":"publish","type":"product","link":"https:\/\/cinemasoul.es\/?product=la-presa-desnuda-dvd","title":{"rendered":"La presa desnuda [DVD]"},"content":{"rendered":"","protected":false},"excerpt":{"rendered":"<p>PARAMOUNT PICTURES PRESENTS A THEODORA PRODUCTIONS INC. CORNEL WILDE como Man in \u201cTHE NAKED PREY\u201d\u00a0<strong>Coprotagonizada<\/strong> por KEN GAMPU. <strong>Escrita<\/strong> por CLINT JOHNSTON y DON PETERS.\u00a0<strong>Producida<\/strong> y <strong>Dirigida<\/strong> por CORNEL WILDE.<\/p>\n<p><strong>A\u00d1O<\/strong>: 1965.\u00a0<strong>G\u00c9NERO<\/strong>: AVENTURAS.\u00a0<strong>NACIONALIDAD<\/strong>: ESTADOS UNIDOS &#8211; SUR\u00c1FRICA.\u00a0<strong>DURACI\u00d3N<\/strong>: 98 MINUTOS.\u00a0<strong>FORMATO<\/strong>: 16\/9 2.12.\u00a0<strong>COLOR<\/strong><em>.<\/em>\u00a0<strong>Certificado de Calificaci\u00f3n I.C.A.A<\/strong>.: 116.118. No recomendada a menores de 12 a\u00f1os.\u00a0<strong>Dep\u00f3sito legal<\/strong>: TF: 651-2010.<\/p>\n<p>Las localizaciones en Maputi, Botsuana y Zimbabue proporcionan un magn\u00edfico tel\u00f3n de fondo a esta dram\u00e1tica aventura cargada de acci\u00f3n. Cornel Wilde interpreta a \u201cEl Hombre\u201d, el gran cazador blanco cuyo safari es exterminado por los furiosos nativos. Impresionados por su valent\u00eda, los ind\u00edgenas le brindan la \u201coportunidad del le\u00f3n\u201d para que salve la vida; lo despojan de su ropa y sus armas y le conceden ventaja. Despu\u00e9s, durante cuatro d\u00edas y cuatro noches \u201cEl Hombre\u201d luchar\u00e1 por sobrevivir perseguido de cerca por los mejores leones asesinos de la tribu. Pero, \u00bfpodr\u00e1 mantenerse a distancia de los lanzazos de sus perseguidores?<\/p>\n","protected":false},"featured_media":5426,"comment_status":"open","ping_status":"closed","template":"","meta":{"site-sidebar-layout":"default","site-content-layout":"default","ast-site-content-layout":"default","site-content-style":"default","site-sidebar-style":"default","ast-global-header-display":"","ast-banner-title-visibility":"","ast-main-header-display":"","ast-hfb-above-header-display":"","ast-hfb-below-header-display":"","ast-hfb-mobile-header-display":"","site-post-title":"","ast-breadcrumbs-content":"","ast-featured-img":"","footer-sml-layout":"","ast-disable-related-posts":"","theme-transparent-header-meta":"","adv-header-id-meta":"","stick-header-meta":"","header-above-stick-meta":"","header-main-stick-meta":"","header-below-stick-meta":"","astra-migrate-meta-layouts":"default","ast-page-background-enabled":"default","ast-page-background-meta":{"desktop":{"background-color":"","background-image":"","background-repeat":"repeat","background-position":"center center","background-size":"auto","background-attachment":"scroll","background-type":"","background-media":"","overlay-type":"","overlay-color":"","overlay-opacity":"","overlay-gradient":""},"tablet":{"background-color":"","background-image":"","background-repeat":"repeat","background-position":"center center","background-size":"auto","background-attachment":"scroll","background-type":"","background-media":"","overlay-type":"","overlay-color":"","overlay-opacity":"","overlay-gradient":""},"mobile":{"background-color":"","background-image":"","background-repeat":"repeat","background-position":"center center","background-size":"auto","background-attachment":"scroll","background-type":"","background-media":"","overlay-type":"","overlay-color":"","overlay-opacity":"","overlay-gradient":""}},"ast-content-background-meta":{"desktop":{"background-color":"var(--ast-global-color-5)","background-image":"","background-repeat":"repeat","background-position":"center center","background-size":"auto","background-attachment":"scroll","background-type":"","background-media":"","overlay-type":"","overlay-color":"","overlay-opacity":"","overlay-gradient":""},"tablet":{"background-color":"var(--ast-global-color-5)","background-image":"","background-repeat":"repeat","background-position":"center center","background-size":"auto","background-attachment":"scroll","background-type":"","background-media":"","overlay-type":"","overlay-color":"","overlay-opacity":"","overlay-gradient":""},"mobile":{"background-color":"var(--ast-global-color-5)","background-image":"","background-repeat":"repeat","background-position":"center center","background-size":"auto","background-attachment":"scroll","background-type":"","background-media":"","overlay-type":"","overlay-color":"","overlay-opacity":"","overlay-gradient":""}},"_joinchat":[]},"product_brand":[],"product_cat":[42],"product_tag":[],"class_list":{"0":"post-5425","1":"product","2":"type-product","3":"status-publish","4":"has-post-thumbnail","6":"product_cat-dvd","7":"desktop-align-left","8":"tablet-align-left","9":"mobile-align-left","11":"first","12":"instock","13":"shipping-taxable","14":"purchasable","15":"product-type-simple"},"_links":{"self":[{"href":"https:\/\/cinemasoul.es\/index.php?rest_route=\/wp\/v2\/product\/5425","targetHints":{"allow":["GET"]}}],"collection":[{"href":"https:\/\/cinemasoul.es\/index.php?rest_route=\/wp\/v2\/product"}],"about":[{"href":"https:\/\/cinemasoul.es\/index.php?rest_route=\/wp\/v2\/types\/product"}],"replies":[{"embeddable":true,"href":"https:\/\/cinemasoul.es\/index.php?rest_route=%2Fwp%2Fv2%2Fcomments&post=5425"}],"version-history":[{"count":1,"href":"https:\/\/cinemasoul.es\/index.php?rest_route=\/wp\/v2\/product\/5425\/revisions"}],"predecessor-version":[{"id":5428,"href":"https:\/\/cinemasoul.es\/index.php?rest_route=\/wp\/v2\/product\/5425\/revisions\/5428"}],"wp:featuredmedia":[{"embeddable":true,"href":"https:\/\/cinemasoul.es\/index.php?rest_route=\/wp\/v2\/media\/5426"}],"wp:attachment":[{"href":"https:\/\/cinemasoul.es\/index.php?rest_route=%2Fwp%2Fv2%2Fmedia&parent=5425"}],"wp:term":[{"taxonomy":"product_brand","embeddable":true,"href":"https:\/\/cinemasoul.es\/index.php?rest_route=%2Fwp%2Fv2%2Fproduct_brand&post=5425"},{"taxonomy":"product_cat","embeddable":true,"href":"https:\/\/cinemasoul.es\/index.php?rest_route=%2Fwp%2Fv2%2Fproduct_cat&post=5425"},{"taxonomy":"product_tag","embeddable":true,"href":"https:\/\/cinemasoul.es\/index.php?rest_route=%2Fwp%2Fv2%2Fproduct_tag&post=5425"}],"curies":[{"name":"wp","href":"https:\/\/api.w.org\/{rel}","templated":true}]}}