{"id":5421,"date":"2022-06-24T16:58:55","date_gmt":"2022-06-24T16:58:55","guid":{"rendered":"https:\/\/www.cinemasoul.es\/?post_type=product&#038;p=5421"},"modified":"2022-06-24T17:10:04","modified_gmt":"2022-06-24T17:10:04","slug":"la-mascota-del-regimiento-dvd","status":"publish","type":"product","link":"https:\/\/cinemasoul.es\/?product=la-mascota-del-regimiento-dvd","title":{"rendered":"La mascota del regimiento [DVD]"},"content":{"rendered":"","protected":false},"excerpt":{"rendered":"<p><strong>T\u00edtulo original<\/strong> Wee Willie Winkie <strong>A\u00f1o<\/strong> 1937 <strong>Duraci\u00f3n <\/strong>100 min. <strong>Pa\u00eds<\/strong> Estados Unidos <strong>Direcci\u00f3n<\/strong> John Ford <strong>Guion<\/strong> Julien Josephson, Ernest Pascal. <strong>Historia<\/strong>: Rudyard Kipling. Obra: Mordaunt Shairp, Howard Ellis Smith <strong>M\u00fasica<\/strong> Alfred Newman, Louis Silvers, Cyril J. Mockridge, Edward B. Powell <strong>Fotograf\u00eda <\/strong>Arthur C. Miller (B&amp;W) <strong>Reparto <\/strong>Shirley Temple, Victor McLaglen, C. Aubrey Smith, June Lang, Michael Whalen, Cesar Romero, Constance Collier, Douglas Scott, Gavin Muir, Willie Fung, Brandon Hurst, Lionel Pape, Clyde Cook, Bunny Beatty, Lionel Braham <strong>Productora<\/strong> 20th Century Fox <strong>G\u00e9nero<\/strong> Aventuras <strong>Grupos<\/strong> Adaptaciones de Rudyard Kipling<\/p>\n<p><strong>Sinopsis<\/strong> Joyce Williams y su hija Priscilla viajan hasta la India para instalarse en una base militar brit\u00e1nica junto al abuelo de la peque\u00f1a. Una vez all\u00ed, la ni\u00f1a se ganar\u00e1 el cari\u00f1o de todos y jugar\u00e1 un papel muy importante en una rebeli\u00f3n local.<\/p>\n","protected":false},"featured_media":5422,"comment_status":"open","ping_status":"closed","template":"","meta":{"site-sidebar-layout":"default","site-content-layout":"default","ast-site-content-layout":"default","site-content-style":"default","site-sidebar-style":"default","ast-global-header-display":"","ast-banner-title-visibility":"","ast-main-header-display":"","ast-hfb-above-header-display":"","ast-hfb-below-header-display":"","ast-hfb-mobile-header-display":"","site-post-title":"","ast-breadcrumbs-content":"","ast-featured-img":"","footer-sml-layout":"","ast-disable-related-posts":"","theme-transparent-header-meta":"","adv-header-id-meta":"","stick-header-meta":"","header-above-stick-meta":"","header-main-stick-meta":"","header-below-stick-meta":"","astra-migrate-meta-layouts":"default","ast-page-background-enabled":"default","ast-page-background-meta":{"desktop":{"background-color":"","background-image":"","background-repeat":"repeat","background-position":"center center","background-size":"auto","background-attachment":"scroll","background-type":"","background-media":"","overlay-type":"","overlay-color":"","overlay-opacity":"","overlay-gradient":""},"tablet":{"background-color":"","background-image":"","background-repeat":"repeat","background-position":"center center","background-size":"auto","background-attachment":"scroll","background-type":"","background-media":"","overlay-type":"","overlay-color":"","overlay-opacity":"","overlay-gradient":""},"mobile":{"background-color":"","background-image":"","background-repeat":"repeat","background-position":"center center","background-size":"auto","background-attachment":"scroll","background-type":"","background-media":"","overlay-type":"","overlay-color":"","overlay-opacity":"","overlay-gradient":""}},"ast-content-background-meta":{"desktop":{"background-color":"var(--ast-global-color-5)","background-image":"","background-repeat":"repeat","background-position":"center center","background-size":"auto","background-attachment":"scroll","background-type":"","background-media":"","overlay-type":"","overlay-color":"","overlay-opacity":"","overlay-gradient":""},"tablet":{"background-color":"var(--ast-global-color-5)","background-image":"","background-repeat":"repeat","background-position":"center center","background-size":"auto","background-attachment":"scroll","background-type":"","background-media":"","overlay-type":"","overlay-color":"","overlay-opacity":"","overlay-gradient":""},"mobile":{"background-color":"var(--ast-global-color-5)","background-image":"","background-repeat":"repeat","background-position":"center center","background-size":"auto","background-attachment":"scroll","background-type":"","background-media":"","overlay-type":"","overlay-color":"","overlay-opacity":"","overlay-gradient":""}},"_joinchat":[]},"product_brand":[],"product_cat":[42],"product_tag":[],"class_list":{"0":"post-5421","1":"product","2":"type-product","3":"status-publish","4":"has-post-thumbnail","6":"product_cat-dvd","7":"desktop-align-left","8":"tablet-align-left","9":"mobile-align-left","11":"first","12":"instock","13":"sale","14":"shipping-taxable","15":"purchasable","16":"product-type-simple"},"_links":{"self":[{"href":"https:\/\/cinemasoul.es\/index.php?rest_route=\/wp\/v2\/product\/5421","targetHints":{"allow":["GET"]}}],"collection":[{"href":"https:\/\/cinemasoul.es\/index.php?rest_route=\/wp\/v2\/product"}],"about":[{"href":"https:\/\/cinemasoul.es\/index.php?rest_route=\/wp\/v2\/types\/product"}],"replies":[{"embeddable":true,"href":"https:\/\/cinemasoul.es\/index.php?rest_route=%2Fwp%2Fv2%2Fcomments&post=5421"}],"version-history":[{"count":1,"href":"https:\/\/cinemasoul.es\/index.php?rest_route=\/wp\/v2\/product\/5421\/revisions"}],"predecessor-version":[{"id":5424,"href":"https:\/\/cinemasoul.es\/index.php?rest_route=\/wp\/v2\/product\/5421\/revisions\/5424"}],"wp:featuredmedia":[{"embeddable":true,"href":"https:\/\/cinemasoul.es\/index.php?rest_route=\/wp\/v2\/media\/5422"}],"wp:attachment":[{"href":"https:\/\/cinemasoul.es\/index.php?rest_route=%2Fwp%2Fv2%2Fmedia&parent=5421"}],"wp:term":[{"taxonomy":"product_brand","embeddable":true,"href":"https:\/\/cinemasoul.es\/index.php?rest_route=%2Fwp%2Fv2%2Fproduct_brand&post=5421"},{"taxonomy":"product_cat","embeddable":true,"href":"https:\/\/cinemasoul.es\/index.php?rest_route=%2Fwp%2Fv2%2Fproduct_cat&post=5421"},{"taxonomy":"product_tag","embeddable":true,"href":"https:\/\/cinemasoul.es\/index.php?rest_route=%2Fwp%2Fv2%2Fproduct_tag&post=5421"}],"curies":[{"name":"wp","href":"https:\/\/api.w.org\/{rel}","templated":true}]}}