{"id":5413,"date":"2022-06-24T12:48:45","date_gmt":"2022-06-24T12:48:45","guid":{"rendered":"https:\/\/www.cinemasoul.es\/?post_type=product&#038;p=5413"},"modified":"2022-06-24T12:48:45","modified_gmt":"2022-06-24T12:48:45","slug":"los-mares-de-china-dvd","status":"publish","type":"product","link":"https:\/\/cinemasoul.es\/?product=los-mares-de-china-dvd","title":{"rendered":"Los mares de China [DVD]"},"content":{"rendered":"","protected":false},"excerpt":{"rendered":"<p>CLARK GABLE, JEAN HARLOW, WALLACE BEERY EN \u201cLOS MARES DE CHINA\u201d\u00a0CON LEWIS STONE, ROSALIND RUSSELL, DUDLEY DIGGES, C.AUBREY SMITH.\u00a0UNA <strong>PEL\u00cdCULA<\/strong> DE METRO-GOLDWYN-MAYER.\u00a0<strong>PRODUCTOR<\/strong> <strong>ASOCIADO<\/strong> ALBERT LEWIN.\u00a0<strong>DIRIGIDA<\/strong> POR TAY GARNETT.\u00a0<strong>GUI\u00d3N<\/strong> DE JULES FURTHMAN Y JAMES KEVIN MCGUINNESS.<\/p>\n<p><strong>IDIOMAS:<\/strong> CASTELLANO E INGL\u00c9S CON SUBT\u00cdTULOS EN CASTELLANO.\u00a0<strong>NACIONALIDAD:<\/strong> ESTADOS UNIDOS.\u00a0<strong>A\u00d1O:<\/strong> 1935.\u00a0<strong>G\u00c9NERO:<\/strong> Acci\u00f3n-Drama.\u00a0<strong>DURACI\u00d3N<\/strong>: 84\u2019 <strong>FORMATO<\/strong>: 4&#215;3\u00a0 1:33. <strong>COLOR<\/strong>: BLANCO Y NEGRO <strong>REFERENCIA<\/strong>: DVDY25660. <strong>DEP\u00d3SITO LEGAL<\/strong>: TF: 871-2009. <strong>CLASIFICACI\u00d3N<\/strong>: APTA PARA TODOS LOS P\u00daBLICOS.<\/p>\n<p><em>\u201cRepleta de espectaculares secuencias de acci\u00f3n y dirigida con br\u00edo.\u201d<\/em> \u2013 John Douglas Eames, THE MGM STORY<\/p>\n<p>El curtido capit\u00e1n Alan Gaskell (Clark Gable) navega por las peligrosas aguas que separan Hong Kong de Singapur con un cargamento secreto: una fortuna en oro brit\u00e1nico. Y \u00e9se no es el \u00fanico cargamento peligroso que transporta su buque: \u00a1a bordo viajan tambi\u00e9n su apasionada amante (Jean Harlow) y su refinada prometida (Rosalind Russell)! Con sus bromas picantes, su atrevido glamour y su intensa carnalidad, Gable y Harlow demuestran una vez m\u00e1s que fueron la pareja m\u00e1s ardiente del cine de los a\u00f1os treinta en esta poco convencional historia de ambiente marinero. Entre las secuencias estelares de la pel\u00edcula figuran el azote de un furioso tif\u00f3n, una batalla con sanguinarios piratas malayos y un duelo alcoh\u00f3lico de Harlow con el malo de la pel\u00edcula, un campechano Wallace Beery que quiere quedarse con el oro y tambi\u00e9n con la rubia platino. La aventura (y el hechizo de la \u00e9poca dorada de Hollywood) navegan a toda m\u00e1quina en <em>Los mares de China<\/em>.<\/p>\n","protected":false},"featured_media":5414,"comment_status":"open","ping_status":"closed","template":"","meta":{"site-sidebar-layout":"default","site-content-layout":"default","ast-site-content-layout":"default","site-content-style":"default","site-sidebar-style":"default","ast-global-header-display":"","ast-banner-title-visibility":"","ast-main-header-display":"","ast-hfb-above-header-display":"","ast-hfb-below-header-display":"","ast-hfb-mobile-header-display":"","site-post-title":"","ast-breadcrumbs-content":"","ast-featured-img":"","footer-sml-layout":"","ast-disable-related-posts":"","theme-transparent-header-meta":"","adv-header-id-meta":"","stick-header-meta":"","header-above-stick-meta":"","header-main-stick-meta":"","header-below-stick-meta":"","astra-migrate-meta-layouts":"default","ast-page-background-enabled":"default","ast-page-background-meta":{"desktop":{"background-color":"","background-image":"","background-repeat":"repeat","background-position":"center center","background-size":"auto","background-attachment":"scroll","background-type":"","background-media":"","overlay-type":"","overlay-color":"","overlay-opacity":"","overlay-gradient":""},"tablet":{"background-color":"","background-image":"","background-repeat":"repeat","background-position":"center center","background-size":"auto","background-attachment":"scroll","background-type":"","background-media":"","overlay-type":"","overlay-color":"","overlay-opacity":"","overlay-gradient":""},"mobile":{"background-color":"","background-image":"","background-repeat":"repeat","background-position":"center center","background-size":"auto","background-attachment":"scroll","background-type":"","background-media":"","overlay-type":"","overlay-color":"","overlay-opacity":"","overlay-gradient":""}},"ast-content-background-meta":{"desktop":{"background-color":"var(--ast-global-color-5)","background-image":"","background-repeat":"repeat","background-position":"center center","background-size":"auto","background-attachment":"scroll","background-type":"","background-media":"","overlay-type":"","overlay-color":"","overlay-opacity":"","overlay-gradient":""},"tablet":{"background-color":"var(--ast-global-color-5)","background-image":"","background-repeat":"repeat","background-position":"center center","background-size":"auto","background-attachment":"scroll","background-type":"","background-media":"","overlay-type":"","overlay-color":"","overlay-opacity":"","overlay-gradient":""},"mobile":{"background-color":"var(--ast-global-color-5)","background-image":"","background-repeat":"repeat","background-position":"center center","background-size":"auto","background-attachment":"scroll","background-type":"","background-media":"","overlay-type":"","overlay-color":"","overlay-opacity":"","overlay-gradient":""}},"_joinchat":[]},"product_brand":[],"product_cat":[42],"product_tag":[],"class_list":{"0":"post-5413","1":"product","2":"type-product","3":"status-publish","4":"has-post-thumbnail","6":"product_cat-dvd","7":"desktop-align-left","8":"tablet-align-left","9":"mobile-align-left","11":"first","12":"instock","13":"sale","14":"shipping-taxable","15":"purchasable","16":"product-type-simple"},"_links":{"self":[{"href":"https:\/\/cinemasoul.es\/index.php?rest_route=\/wp\/v2\/product\/5413","targetHints":{"allow":["GET"]}}],"collection":[{"href":"https:\/\/cinemasoul.es\/index.php?rest_route=\/wp\/v2\/product"}],"about":[{"href":"https:\/\/cinemasoul.es\/index.php?rest_route=\/wp\/v2\/types\/product"}],"replies":[{"embeddable":true,"href":"https:\/\/cinemasoul.es\/index.php?rest_route=%2Fwp%2Fv2%2Fcomments&post=5413"}],"version-history":[{"count":1,"href":"https:\/\/cinemasoul.es\/index.php?rest_route=\/wp\/v2\/product\/5413\/revisions"}],"predecessor-version":[{"id":5416,"href":"https:\/\/cinemasoul.es\/index.php?rest_route=\/wp\/v2\/product\/5413\/revisions\/5416"}],"wp:featuredmedia":[{"embeddable":true,"href":"https:\/\/cinemasoul.es\/index.php?rest_route=\/wp\/v2\/media\/5414"}],"wp:attachment":[{"href":"https:\/\/cinemasoul.es\/index.php?rest_route=%2Fwp%2Fv2%2Fmedia&parent=5413"}],"wp:term":[{"taxonomy":"product_brand","embeddable":true,"href":"https:\/\/cinemasoul.es\/index.php?rest_route=%2Fwp%2Fv2%2Fproduct_brand&post=5413"},{"taxonomy":"product_cat","embeddable":true,"href":"https:\/\/cinemasoul.es\/index.php?rest_route=%2Fwp%2Fv2%2Fproduct_cat&post=5413"},{"taxonomy":"product_tag","embeddable":true,"href":"https:\/\/cinemasoul.es\/index.php?rest_route=%2Fwp%2Fv2%2Fproduct_tag&post=5413"}],"curies":[{"name":"wp","href":"https:\/\/api.w.org\/{rel}","templated":true}]}}