{"id":5409,"date":"2022-06-24T12:44:40","date_gmt":"2022-06-24T12:44:40","guid":{"rendered":"https:\/\/www.cinemasoul.es\/?post_type=product&#038;p=5409"},"modified":"2022-06-24T12:44:40","modified_gmt":"2022-06-24T12:44:40","slug":"los-hombres-no-abandonan-dvd","status":"publish","type":"product","link":"https:\/\/cinemasoul.es\/?product=los-hombres-no-abandonan-dvd","title":{"rendered":"Los hombres no abandonan [DVD]"},"content":{"rendered":"","protected":false},"excerpt":{"rendered":"<p>THE GEFFEN COMPANY PRESENTA\u00a0UNA PRODUCCI\u00d3N DE PAUL BRICKMAN\/JON AVNET JESSICA LANGE \u201cLOS HOMBRES NO ABANDONAN\u201d (<em>MEN DON\u2019T LEAVE<\/em>) ARLISS HOWARD, JOAN CUSACK <strong>MONTAJE<\/strong> DE RICHARD CHEW <strong>DISE\u00d1O DE PRODUCCI\u00d3N<\/strong> BARBARA LING.\u00a0<strong>DIRECTOR DE FOTOGRAF\u00cdA<\/strong> BRUCE SURTEES <strong>M\u00daSICA<\/strong> DE THOMAS NEWMAN <strong>PRODUTOR<\/strong> <strong>EJECUTIVO<\/strong> PAUL BRICKMAN <strong>HISTORIA<\/strong> DE BARBARA BENEDEK <strong>GUI\u00d3N<\/strong> DE BARBARA BENEDEK Y PAUL BRICKMAN <strong>PRODUCIDA<\/strong> POR JON AVNET <strong>DIRIGIDA<\/strong> POR PAUL BRICKMAN<\/p>\n<p><strong>IDIOMAS<\/strong>: CASTELLANO E INGL\u00c9S CON SUBT\u00cdTULOS EN CASTELLANO.\u00a0<strong>NACIONALIDAD<\/strong>: ESTADOS UNIDOS.\u00a0<strong>A\u00d1O<\/strong>: 1989.\u00a0<strong>G\u00c9NERO<\/strong>: DRAMA &#8211; ROMANCE.\u00a0<strong>DURACI\u00d3N<\/strong>: 115 MIN.\u00a0<strong>FORMATO<\/strong>: 4X3 1:85.\u00a0<strong>COLOR<\/strong>: COLOR.\u00a0<strong>FEERTS<\/strong> 1.000.204.682.\u00a0<strong>EAN<\/strong>: 5051893053432.\u00a0<strong>DEP\u00d3SITO LEGAL<\/strong>: TF: 381-2011.\u00a0<strong>N\u00ba DE EXPEDIENTE<\/strong>: 120.491.\u00a0<strong>CLASIFICACI\u00d3N<\/strong>: NO RECOMENDADA PARA MENORES DE 12 A\u00d1OS.<\/p>\n<p>Durante toda la vida, a Beth Macauley le ha tocado siempre la pajita corta. Su marido y su hogar de las afueras de la ciudad han desaparecido. A\u00fan tiene a sus dos hijos y un nuevo destino. Se traslada a Baltimore y hacia la mayor aventura de su vida. \u00a0Jessica Lange,\u00a0 dos veces ganadora* del Premio de la Academia\u00ae, interpreta a Beth en esta tierna y divertida f\u00e1bula dirigida por Paul Brickman, autor de <em>Risky Business<\/em>, sobre c\u00f3mo sobrevivir juntos cuando todo lo de alrededor se hace pedazos. El debutante Chris O\u2019Donnell (dos a\u00f1os antes de su descubrimiento como estrella en <em>Esencia de Mujer<\/em>) y Charlie Korsmo son los hijos que meten a Beth en un problema tras otro a causa de su condici\u00f3n de madre soltera. Los reci\u00e9n llegados al mundo de Beth incluyen a un m\u00fasico vanguardista (Arliss Howard), una comedora de cereales (Joan Cusack) y una jefe (Kathy Bates, ganadora* del Premio de la Academia\u00ae), experta en imponer \u00f3rdenes mediante el miedo y el\u00a0 terror.<\/p>\n","protected":false},"featured_media":5410,"comment_status":"open","ping_status":"closed","template":"","meta":{"site-sidebar-layout":"default","site-content-layout":"default","ast-site-content-layout":"default","site-content-style":"default","site-sidebar-style":"default","ast-global-header-display":"","ast-banner-title-visibility":"","ast-main-header-display":"","ast-hfb-above-header-display":"","ast-hfb-below-header-display":"","ast-hfb-mobile-header-display":"","site-post-title":"","ast-breadcrumbs-content":"","ast-featured-img":"","footer-sml-layout":"","ast-disable-related-posts":"","theme-transparent-header-meta":"","adv-header-id-meta":"","stick-header-meta":"","header-above-stick-meta":"","header-main-stick-meta":"","header-below-stick-meta":"","astra-migrate-meta-layouts":"default","ast-page-background-enabled":"default","ast-page-background-meta":{"desktop":{"background-color":"","background-image":"","background-repeat":"repeat","background-position":"center center","background-size":"auto","background-attachment":"scroll","background-type":"","background-media":"","overlay-type":"","overlay-color":"","overlay-opacity":"","overlay-gradient":""},"tablet":{"background-color":"","background-image":"","background-repeat":"repeat","background-position":"center center","background-size":"auto","background-attachment":"scroll","background-type":"","background-media":"","overlay-type":"","overlay-color":"","overlay-opacity":"","overlay-gradient":""},"mobile":{"background-color":"","background-image":"","background-repeat":"repeat","background-position":"center center","background-size":"auto","background-attachment":"scroll","background-type":"","background-media":"","overlay-type":"","overlay-color":"","overlay-opacity":"","overlay-gradient":""}},"ast-content-background-meta":{"desktop":{"background-color":"var(--ast-global-color-5)","background-image":"","background-repeat":"repeat","background-position":"center center","background-size":"auto","background-attachment":"scroll","background-type":"","background-media":"","overlay-type":"","overlay-color":"","overlay-opacity":"","overlay-gradient":""},"tablet":{"background-color":"var(--ast-global-color-5)","background-image":"","background-repeat":"repeat","background-position":"center center","background-size":"auto","background-attachment":"scroll","background-type":"","background-media":"","overlay-type":"","overlay-color":"","overlay-opacity":"","overlay-gradient":""},"mobile":{"background-color":"var(--ast-global-color-5)","background-image":"","background-repeat":"repeat","background-position":"center center","background-size":"auto","background-attachment":"scroll","background-type":"","background-media":"","overlay-type":"","overlay-color":"","overlay-opacity":"","overlay-gradient":""}},"_joinchat":[]},"product_brand":[],"product_cat":[42],"product_tag":[],"class_list":{"0":"post-5409","1":"product","2":"type-product","3":"status-publish","4":"has-post-thumbnail","6":"product_cat-dvd","7":"desktop-align-left","8":"tablet-align-left","9":"mobile-align-left","11":"first","12":"instock","13":"sale","14":"shipping-taxable","15":"purchasable","16":"product-type-simple"},"_links":{"self":[{"href":"https:\/\/cinemasoul.es\/index.php?rest_route=\/wp\/v2\/product\/5409","targetHints":{"allow":["GET"]}}],"collection":[{"href":"https:\/\/cinemasoul.es\/index.php?rest_route=\/wp\/v2\/product"}],"about":[{"href":"https:\/\/cinemasoul.es\/index.php?rest_route=\/wp\/v2\/types\/product"}],"replies":[{"embeddable":true,"href":"https:\/\/cinemasoul.es\/index.php?rest_route=%2Fwp%2Fv2%2Fcomments&post=5409"}],"version-history":[{"count":1,"href":"https:\/\/cinemasoul.es\/index.php?rest_route=\/wp\/v2\/product\/5409\/revisions"}],"predecessor-version":[{"id":5412,"href":"https:\/\/cinemasoul.es\/index.php?rest_route=\/wp\/v2\/product\/5409\/revisions\/5412"}],"wp:featuredmedia":[{"embeddable":true,"href":"https:\/\/cinemasoul.es\/index.php?rest_route=\/wp\/v2\/media\/5410"}],"wp:attachment":[{"href":"https:\/\/cinemasoul.es\/index.php?rest_route=%2Fwp%2Fv2%2Fmedia&parent=5409"}],"wp:term":[{"taxonomy":"product_brand","embeddable":true,"href":"https:\/\/cinemasoul.es\/index.php?rest_route=%2Fwp%2Fv2%2Fproduct_brand&post=5409"},{"taxonomy":"product_cat","embeddable":true,"href":"https:\/\/cinemasoul.es\/index.php?rest_route=%2Fwp%2Fv2%2Fproduct_cat&post=5409"},{"taxonomy":"product_tag","embeddable":true,"href":"https:\/\/cinemasoul.es\/index.php?rest_route=%2Fwp%2Fv2%2Fproduct_tag&post=5409"}],"curies":[{"name":"wp","href":"https:\/\/api.w.org\/{rel}","templated":true}]}}