{"id":5396,"date":"2022-06-24T12:24:40","date_gmt":"2022-06-24T12:24:40","guid":{"rendered":"https:\/\/www.cinemasoul.es\/?post_type=product&#038;p=5396"},"modified":"2022-06-24T12:24:40","modified_gmt":"2022-06-24T12:24:40","slug":"la-vispera-de-san-marcos-dvd","status":"publish","type":"product","link":"https:\/\/cinemasoul.es\/?product=la-vispera-de-san-marcos-dvd","title":{"rendered":"La v\u00edspera de San Marcos [DVD]"},"content":{"rendered":"","protected":false},"excerpt":{"rendered":"<p><strong>T\u00edtulo original<\/strong> Maxwell Anderson&#8217;s The Eve of St. Mark <strong>A\u00f1o<\/strong> 1944 <strong>Duraci\u00f3n<\/strong> 95 min. <strong>Pa\u00eds<\/strong> Estados Unidos <strong>Direcci\u00f3n<\/strong> John M. Stahl <strong>Guion<\/strong> George Seaton. <strong>Obra<\/strong>: Maxwell Anderson <strong>M\u00fasica<\/strong> Cyril J. Mockridge <strong>Fotograf\u00eda<\/strong> Joseph LaShelle (B&amp;W) <strong>Reparto <\/strong>Anne Baxter, William Eythe, Michael O&#8217;Shea, Vincent Price, Ruth Nelson, Ray Collins, Stanley Prager, Harry Morgan, Robert Bailey, Joann Dolan, Blake Edwards <strong>Productora<\/strong> 20th Century Fox <strong>G\u00e9nero<\/strong> B\u00e9lico. Drama | II Guerra Mundial<\/p>\n<p><strong>Sinopsis<\/strong> Quizz West (William Eythe) y Janet Feller (Anne Baxter) son una pareja de enamorados cuyos planes se ven truncados por el reclutamiento forzoso de Quizz, al entrar Estados Unidos en la Segunda Guerra Mundial (1939-1945) tras el ataque japon\u00e9s a Pearl Harbor. Destinado en Filipinas, Quizz queda atrapado en una peque\u00f1a y desolada isla, donde tanto \u00e9l como sus camaradas padecen enfermedades y toda clase de penalidades. S\u00f3lo las cartas que Janet le env\u00eda mantienen sus ansias de vivir.<\/p>\n","protected":false},"featured_media":5397,"comment_status":"open","ping_status":"closed","template":"","meta":{"site-sidebar-layout":"default","site-content-layout":"default","ast-site-content-layout":"default","site-content-style":"default","site-sidebar-style":"default","ast-global-header-display":"","ast-banner-title-visibility":"","ast-main-header-display":"","ast-hfb-above-header-display":"","ast-hfb-below-header-display":"","ast-hfb-mobile-header-display":"","site-post-title":"","ast-breadcrumbs-content":"","ast-featured-img":"","footer-sml-layout":"","ast-disable-related-posts":"","theme-transparent-header-meta":"","adv-header-id-meta":"","stick-header-meta":"","header-above-stick-meta":"","header-main-stick-meta":"","header-below-stick-meta":"","astra-migrate-meta-layouts":"default","ast-page-background-enabled":"default","ast-page-background-meta":{"desktop":{"background-color":"","background-image":"","background-repeat":"repeat","background-position":"center center","background-size":"auto","background-attachment":"scroll","background-type":"","background-media":"","overlay-type":"","overlay-color":"","overlay-opacity":"","overlay-gradient":""},"tablet":{"background-color":"","background-image":"","background-repeat":"repeat","background-position":"center center","background-size":"auto","background-attachment":"scroll","background-type":"","background-media":"","overlay-type":"","overlay-color":"","overlay-opacity":"","overlay-gradient":""},"mobile":{"background-color":"","background-image":"","background-repeat":"repeat","background-position":"center center","background-size":"auto","background-attachment":"scroll","background-type":"","background-media":"","overlay-type":"","overlay-color":"","overlay-opacity":"","overlay-gradient":""}},"ast-content-background-meta":{"desktop":{"background-color":"var(--ast-global-color-5)","background-image":"","background-repeat":"repeat","background-position":"center center","background-size":"auto","background-attachment":"scroll","background-type":"","background-media":"","overlay-type":"","overlay-color":"","overlay-opacity":"","overlay-gradient":""},"tablet":{"background-color":"var(--ast-global-color-5)","background-image":"","background-repeat":"repeat","background-position":"center center","background-size":"auto","background-attachment":"scroll","background-type":"","background-media":"","overlay-type":"","overlay-color":"","overlay-opacity":"","overlay-gradient":""},"mobile":{"background-color":"var(--ast-global-color-5)","background-image":"","background-repeat":"repeat","background-position":"center center","background-size":"auto","background-attachment":"scroll","background-type":"","background-media":"","overlay-type":"","overlay-color":"","overlay-opacity":"","overlay-gradient":""}},"_joinchat":[]},"product_brand":[],"product_cat":[42],"product_tag":[],"class_list":{"0":"post-5396","1":"product","2":"type-product","3":"status-publish","4":"has-post-thumbnail","6":"product_cat-dvd","7":"desktop-align-left","8":"tablet-align-left","9":"mobile-align-left","11":"first","12":"instock","13":"sale","14":"shipping-taxable","15":"purchasable","16":"product-type-simple"},"_links":{"self":[{"href":"https:\/\/cinemasoul.es\/index.php?rest_route=\/wp\/v2\/product\/5396","targetHints":{"allow":["GET"]}}],"collection":[{"href":"https:\/\/cinemasoul.es\/index.php?rest_route=\/wp\/v2\/product"}],"about":[{"href":"https:\/\/cinemasoul.es\/index.php?rest_route=\/wp\/v2\/types\/product"}],"replies":[{"embeddable":true,"href":"https:\/\/cinemasoul.es\/index.php?rest_route=%2Fwp%2Fv2%2Fcomments&post=5396"}],"version-history":[{"count":1,"href":"https:\/\/cinemasoul.es\/index.php?rest_route=\/wp\/v2\/product\/5396\/revisions"}],"predecessor-version":[{"id":5399,"href":"https:\/\/cinemasoul.es\/index.php?rest_route=\/wp\/v2\/product\/5396\/revisions\/5399"}],"wp:featuredmedia":[{"embeddable":true,"href":"https:\/\/cinemasoul.es\/index.php?rest_route=\/wp\/v2\/media\/5397"}],"wp:attachment":[{"href":"https:\/\/cinemasoul.es\/index.php?rest_route=%2Fwp%2Fv2%2Fmedia&parent=5396"}],"wp:term":[{"taxonomy":"product_brand","embeddable":true,"href":"https:\/\/cinemasoul.es\/index.php?rest_route=%2Fwp%2Fv2%2Fproduct_brand&post=5396"},{"taxonomy":"product_cat","embeddable":true,"href":"https:\/\/cinemasoul.es\/index.php?rest_route=%2Fwp%2Fv2%2Fproduct_cat&post=5396"},{"taxonomy":"product_tag","embeddable":true,"href":"https:\/\/cinemasoul.es\/index.php?rest_route=%2Fwp%2Fv2%2Fproduct_tag&post=5396"}],"curies":[{"name":"wp","href":"https:\/\/api.w.org\/{rel}","templated":true}]}}