{"id":5379,"date":"2022-06-24T11:50:08","date_gmt":"2022-06-24T11:50:08","guid":{"rendered":"https:\/\/www.cinemasoul.es\/?post_type=product&#038;p=5379"},"modified":"2022-06-24T11:50:08","modified_gmt":"2022-06-24T11:50:08","slug":"la-rosa-tatuada-dvd","status":"publish","type":"product","link":"https:\/\/cinemasoul.es\/?product=la-rosa-tatuada-dvd","title":{"rendered":"La rosa tatuada [DVD]"},"content":{"rendered":"","protected":false},"excerpt":{"rendered":"<p><strong>Ganadora de 3 Oscar\u00ae, incluido el de Mejor Actriz*\u00a0<\/strong><\/p>\n<p><em>PARAMOUNT PICTURES\u00a0<\/em>presenta\u00a0BURT LANCASTER, ANNA MAGNANI, en una <strong>producci\u00f3n<\/strong> de\u00a0HAL WALLIS\u2019\u00a0\u201cTHE ROSE TATTOO\u201d <strong>Coprotagonizada<\/strong> por\u00a0MARISA PAVAN, BEN COOPER con\u00a0VIRGINIA GREY, JO VAN FLEET, SANDRO GIGLIO.\u00a0<strong>dirigida<\/strong> por\u00a0DANIEL MANN.\u00a0<strong>Gui\u00f3n<\/strong> de\u00a0TENNESSEE WILLIAMS\u00a0<strong>Adaptada<\/strong> por\u00a0HAL KANTER.\u00a0Basada en la <strong>obra<\/strong>\u00a0\u201cTHE ROSE TATTOO\u201d de\u00a0TENNESSEE WILLIAMS.<\/p>\n<p><strong>IDIOMA<\/strong>: CASTELLANO E INGL\u00c9S <strong>SUBT\u00cdTULOS<\/strong>:\u00a0CASTELLANO\u00a0<strong>DURACI\u00d3N<\/strong>: 111 Mins. Aprox.\u00a0<strong>FORMATO<\/strong>: 16\/9 1.77\u00a0<strong>COLOR<\/strong>: BLANCO Y NEGRO\u00a0<strong>NACIONALIDAD<\/strong>: ESTADOS UNIDOS\u00a0<strong>A\u00d1O<\/strong>: 1955\u00a0<strong>G\u00c9NERO<\/strong>: DRAMA- ROMANCE\u00a0<strong>I.C.A.A<\/strong>: 116.782. No recomendada a menores de 12 a\u00f1os.<\/p>\n<p>Cuando Tennessee Williams escribi\u00f3 <em>La Rosa Tatuada<\/em><em>,\u00a0<\/em>ten\u00eda en mente a una actriz: Anna Magnani. La intuici\u00f3n de Williams para los repartos se demostr\u00f3 tan aguda como su fino o\u00eddo para los di\u00e1logos. Magnani gan\u00f3 el Oscar\u00ae a la Mejor Actrizpor el virtuos\u00edsimo de su interpretaci\u00f3n en este drama que recibi\u00f3 ocho nominaciones al Oscar\u00ae (entre ellas las de Mejor Pel\u00edcula) y obtuvo tres*. Magnani encarna a Serafina Delle Rose, que se retira del mundo cuando muere su amado esposo. Pero Serafina redescubre la alegr\u00eda de vivir cuando conoce a Alvaro (Burt Lancaster), un despreocupado camionero en quien percibe la misma risue\u00f1a franqueza que ten\u00eda su marido, y que incluso ejerce su misma profesi\u00f3n. Y adem\u00e1s lleva en el pecho el mismo s\u00edmbolo de amor: La Rosa Tatuada.<\/p>\n<p><em>*Mejor Actriz (Magnani); Mejor Fotograf\u00eda (B\/N); Mejor Direcci\u00f3n Art\u00edstica (B\/N), 1955.<\/em><\/p>\n","protected":false},"featured_media":5380,"comment_status":"open","ping_status":"closed","template":"","meta":{"site-sidebar-layout":"default","site-content-layout":"default","ast-site-content-layout":"default","site-content-style":"default","site-sidebar-style":"default","ast-global-header-display":"","ast-banner-title-visibility":"","ast-main-header-display":"","ast-hfb-above-header-display":"","ast-hfb-below-header-display":"","ast-hfb-mobile-header-display":"","site-post-title":"","ast-breadcrumbs-content":"","ast-featured-img":"","footer-sml-layout":"","ast-disable-related-posts":"","theme-transparent-header-meta":"","adv-header-id-meta":"","stick-header-meta":"","header-above-stick-meta":"","header-main-stick-meta":"","header-below-stick-meta":"","astra-migrate-meta-layouts":"default","ast-page-background-enabled":"default","ast-page-background-meta":{"desktop":{"background-color":"","background-image":"","background-repeat":"repeat","background-position":"center center","background-size":"auto","background-attachment":"scroll","background-type":"","background-media":"","overlay-type":"","overlay-color":"","overlay-opacity":"","overlay-gradient":""},"tablet":{"background-color":"","background-image":"","background-repeat":"repeat","background-position":"center center","background-size":"auto","background-attachment":"scroll","background-type":"","background-media":"","overlay-type":"","overlay-color":"","overlay-opacity":"","overlay-gradient":""},"mobile":{"background-color":"","background-image":"","background-repeat":"repeat","background-position":"center center","background-size":"auto","background-attachment":"scroll","background-type":"","background-media":"","overlay-type":"","overlay-color":"","overlay-opacity":"","overlay-gradient":""}},"ast-content-background-meta":{"desktop":{"background-color":"var(--ast-global-color-5)","background-image":"","background-repeat":"repeat","background-position":"center center","background-size":"auto","background-attachment":"scroll","background-type":"","background-media":"","overlay-type":"","overlay-color":"","overlay-opacity":"","overlay-gradient":""},"tablet":{"background-color":"var(--ast-global-color-5)","background-image":"","background-repeat":"repeat","background-position":"center center","background-size":"auto","background-attachment":"scroll","background-type":"","background-media":"","overlay-type":"","overlay-color":"","overlay-opacity":"","overlay-gradient":""},"mobile":{"background-color":"var(--ast-global-color-5)","background-image":"","background-repeat":"repeat","background-position":"center center","background-size":"auto","background-attachment":"scroll","background-type":"","background-media":"","overlay-type":"","overlay-color":"","overlay-opacity":"","overlay-gradient":""}},"_joinchat":[]},"product_brand":[],"product_cat":[42],"product_tag":[],"class_list":{"0":"post-5379","1":"product","2":"type-product","3":"status-publish","4":"has-post-thumbnail","6":"product_cat-dvd","7":"desktop-align-left","8":"tablet-align-left","9":"mobile-align-left","11":"first","12":"instock","13":"sale","14":"shipping-taxable","15":"purchasable","16":"product-type-simple"},"_links":{"self":[{"href":"https:\/\/cinemasoul.es\/index.php?rest_route=\/wp\/v2\/product\/5379","targetHints":{"allow":["GET"]}}],"collection":[{"href":"https:\/\/cinemasoul.es\/index.php?rest_route=\/wp\/v2\/product"}],"about":[{"href":"https:\/\/cinemasoul.es\/index.php?rest_route=\/wp\/v2\/types\/product"}],"replies":[{"embeddable":true,"href":"https:\/\/cinemasoul.es\/index.php?rest_route=%2Fwp%2Fv2%2Fcomments&post=5379"}],"version-history":[{"count":1,"href":"https:\/\/cinemasoul.es\/index.php?rest_route=\/wp\/v2\/product\/5379\/revisions"}],"predecessor-version":[{"id":5382,"href":"https:\/\/cinemasoul.es\/index.php?rest_route=\/wp\/v2\/product\/5379\/revisions\/5382"}],"wp:featuredmedia":[{"embeddable":true,"href":"https:\/\/cinemasoul.es\/index.php?rest_route=\/wp\/v2\/media\/5380"}],"wp:attachment":[{"href":"https:\/\/cinemasoul.es\/index.php?rest_route=%2Fwp%2Fv2%2Fmedia&parent=5379"}],"wp:term":[{"taxonomy":"product_brand","embeddable":true,"href":"https:\/\/cinemasoul.es\/index.php?rest_route=%2Fwp%2Fv2%2Fproduct_brand&post=5379"},{"taxonomy":"product_cat","embeddable":true,"href":"https:\/\/cinemasoul.es\/index.php?rest_route=%2Fwp%2Fv2%2Fproduct_cat&post=5379"},{"taxonomy":"product_tag","embeddable":true,"href":"https:\/\/cinemasoul.es\/index.php?rest_route=%2Fwp%2Fv2%2Fproduct_tag&post=5379"}],"curies":[{"name":"wp","href":"https:\/\/api.w.org\/{rel}","templated":true}]}}