{"id":5371,"date":"2022-06-24T11:33:18","date_gmt":"2022-06-24T11:33:18","guid":{"rendered":"https:\/\/www.cinemasoul.es\/?post_type=product&#038;p=5371"},"modified":"2022-06-24T11:33:55","modified_gmt":"2022-06-24T11:33:55","slug":"las-cuatro-hermanitas-dvd","status":"publish","type":"product","link":"https:\/\/cinemasoul.es\/?product=las-cuatro-hermanitas-dvd","title":{"rendered":"Las cuatro hermanitas [DVD]"},"content":{"rendered":"","protected":false},"excerpt":{"rendered":"<div id=\"tab-description\" class=\"tab-content\">\n<p><strong>DIRIGIDA<\/strong> POR George Cukor.\u00a0<strong>GUI\u00d3N<\/strong> DE Harry Beresford Y Victor Heerman.\u00a0BASADA EN LA <strong>NOVELA<\/strong> <a title=\"Mujercitas\" href=\"http:\/\/es.wikipedia.org\/wiki\/Mujercitas\">Mujercitas<\/a> de <a title=\"Louise May Alcott\" href=\"http:\/\/es.wikipedia.org\/wiki\/Louise_May_Alcott\">Louise May Alcott<\/a>.\u00a0<strong>PRODUCTOR EJECUTIVO<\/strong> Merian C. Cooper.\u00a0<strong>PRODUCTOR ASOCIADO<\/strong> Kenneth Macgowan.\u00a0<strong>M\u00daSICA<\/strong> DE Max Steiner.\u00a0<strong>FOTOGRAF\u00cdA<\/strong> DE Henry W. Gerrard.\u00a0<strong>Reparto<\/strong>: Katharine Hepburn, Joan Bennett, Paul Lukas, Edna May Oliver, Jean Parker, Frances Dee, Henry Stephenson, Douglass Montgomery, John Lodge, Spring Byington, Samuel S. Hinds, Mabel Colcord, Marion Ballou, Nydia Westman, Harry Beresford.<\/p>\n<p><strong>IDIOMAS<\/strong>: Castellano e Ingl\u00e9s con subt\u00edtulos en Castellano.\u00a0<strong>A\u00d1O<\/strong>: 1933. <strong>COLOR<\/strong>: BLANCO y NEGRO <strong>G\u00c9NERO<\/strong>: DRAMA-ROMANCE.\u00a0<strong>NACIONALIDAD<\/strong>: ESTADOS UNIDOS.\u00a0<strong>Para \u00e1mbito dom\u00e9stico.\u00a0<\/strong><strong>Certificado de calificaci\u00f3n<\/strong>: 113.927. Apta para todos los p\u00fablicos.\u00a0<strong>Dep\u00f3sito legal<\/strong>: TF: 1534-2009.\u00a0<strong>Duraci\u00f3n<\/strong>: 111 Minutos aprox.<\/p>\n<p><strong>\u201cSin duda la version definitive. Dulce, divertida, con un reparto perfecto.\u201d<\/strong> \u2013 Tom Milne, Time Out Film Guide<\/p>\n<p>Una gran responsabilidad recay\u00f3 sobre los fr\u00e1giles hombros de Las Cuatro Hermanitas. Hollywood quer\u00eda averiguar si la adaptaci\u00f3n de un cl\u00e1sico de la literatura pod\u00eda ser un gran \u00e9xito de taquilla. Jo March y sus hermanas salieron airosas de la empresa.Dirigida por George Cukor en 1933, esta encantadora versi\u00f3n de la novela Mujercitas, de Louisa May Alcott, obtuvo el apoyo incondicional del p\u00fablico (m\u00e1s un Oscar\u00ae al Mejor Gui\u00f3n Adaptado). Hoy la presentamos con la mejor imagen y sonido que haya tenido jam\u00e1s gracias a este nuevo transfer digital realizado a partir de la restauraci\u00f3n de materiales f\u00edlmicos de grano fino y pistas de audio \u00f3pticas. Katharine Hepburn da vida a Jo, el eje central de esta historia de tiernos sentimientos familiares ambientada en la Guerra de Secesi\u00f3n norteamericana (se rodaron nuevas versiones en 1949 y 1994).\u201cEstrenada en los peores momentos de la Gran Depresi\u00f3n, [Las Cuatro Hermanitas] reconfort\u00f3 los corazones de los estadounidenses. Y sigue haci\u00e9ndolo\u201d (The Movie Guide)<\/p>\n<\/div>\n","protected":false},"featured_media":5372,"comment_status":"open","ping_status":"closed","template":"","meta":{"site-sidebar-layout":"default","site-content-layout":"default","ast-site-content-layout":"default","site-content-style":"default","site-sidebar-style":"default","ast-global-header-display":"","ast-banner-title-visibility":"","ast-main-header-display":"","ast-hfb-above-header-display":"","ast-hfb-below-header-display":"","ast-hfb-mobile-header-display":"","site-post-title":"","ast-breadcrumbs-content":"","ast-featured-img":"","footer-sml-layout":"","ast-disable-related-posts":"","theme-transparent-header-meta":"","adv-header-id-meta":"","stick-header-meta":"","header-above-stick-meta":"","header-main-stick-meta":"","header-below-stick-meta":"","astra-migrate-meta-layouts":"default","ast-page-background-enabled":"default","ast-page-background-meta":{"desktop":{"background-color":"","background-image":"","background-repeat":"repeat","background-position":"center center","background-size":"auto","background-attachment":"scroll","background-type":"","background-media":"","overlay-type":"","overlay-color":"","overlay-opacity":"","overlay-gradient":""},"tablet":{"background-color":"","background-image":"","background-repeat":"repeat","background-position":"center center","background-size":"auto","background-attachment":"scroll","background-type":"","background-media":"","overlay-type":"","overlay-color":"","overlay-opacity":"","overlay-gradient":""},"mobile":{"background-color":"","background-image":"","background-repeat":"repeat","background-position":"center center","background-size":"auto","background-attachment":"scroll","background-type":"","background-media":"","overlay-type":"","overlay-color":"","overlay-opacity":"","overlay-gradient":""}},"ast-content-background-meta":{"desktop":{"background-color":"var(--ast-global-color-5)","background-image":"","background-repeat":"repeat","background-position":"center center","background-size":"auto","background-attachment":"scroll","background-type":"","background-media":"","overlay-type":"","overlay-color":"","overlay-opacity":"","overlay-gradient":""},"tablet":{"background-color":"var(--ast-global-color-5)","background-image":"","background-repeat":"repeat","background-position":"center center","background-size":"auto","background-attachment":"scroll","background-type":"","background-media":"","overlay-type":"","overlay-color":"","overlay-opacity":"","overlay-gradient":""},"mobile":{"background-color":"var(--ast-global-color-5)","background-image":"","background-repeat":"repeat","background-position":"center center","background-size":"auto","background-attachment":"scroll","background-type":"","background-media":"","overlay-type":"","overlay-color":"","overlay-opacity":"","overlay-gradient":""}},"_joinchat":[]},"product_brand":[],"product_cat":[42],"product_tag":[],"class_list":{"0":"post-5371","1":"product","2":"type-product","3":"status-publish","4":"has-post-thumbnail","6":"product_cat-dvd","7":"desktop-align-left","8":"tablet-align-left","9":"mobile-align-left","11":"first","12":"instock","13":"sale","14":"shipping-taxable","15":"purchasable","16":"product-type-simple"},"_links":{"self":[{"href":"https:\/\/cinemasoul.es\/index.php?rest_route=\/wp\/v2\/product\/5371","targetHints":{"allow":["GET"]}}],"collection":[{"href":"https:\/\/cinemasoul.es\/index.php?rest_route=\/wp\/v2\/product"}],"about":[{"href":"https:\/\/cinemasoul.es\/index.php?rest_route=\/wp\/v2\/types\/product"}],"replies":[{"embeddable":true,"href":"https:\/\/cinemasoul.es\/index.php?rest_route=%2Fwp%2Fv2%2Fcomments&post=5371"}],"version-history":[{"count":1,"href":"https:\/\/cinemasoul.es\/index.php?rest_route=\/wp\/v2\/product\/5371\/revisions"}],"predecessor-version":[{"id":5374,"href":"https:\/\/cinemasoul.es\/index.php?rest_route=\/wp\/v2\/product\/5371\/revisions\/5374"}],"wp:featuredmedia":[{"embeddable":true,"href":"https:\/\/cinemasoul.es\/index.php?rest_route=\/wp\/v2\/media\/5372"}],"wp:attachment":[{"href":"https:\/\/cinemasoul.es\/index.php?rest_route=%2Fwp%2Fv2%2Fmedia&parent=5371"}],"wp:term":[{"taxonomy":"product_brand","embeddable":true,"href":"https:\/\/cinemasoul.es\/index.php?rest_route=%2Fwp%2Fv2%2Fproduct_brand&post=5371"},{"taxonomy":"product_cat","embeddable":true,"href":"https:\/\/cinemasoul.es\/index.php?rest_route=%2Fwp%2Fv2%2Fproduct_cat&post=5371"},{"taxonomy":"product_tag","embeddable":true,"href":"https:\/\/cinemasoul.es\/index.php?rest_route=%2Fwp%2Fv2%2Fproduct_tag&post=5371"}],"curies":[{"name":"wp","href":"https:\/\/api.w.org\/{rel}","templated":true}]}}