{"id":5367,"date":"2022-06-24T11:29:49","date_gmt":"2022-06-24T11:29:49","guid":{"rendered":"https:\/\/www.cinemasoul.es\/?post_type=product&#038;p=5367"},"modified":"2022-06-24T11:29:49","modified_gmt":"2022-06-24T11:29:49","slug":"la-reina-virgen-dvd","status":"publish","type":"product","link":"https:\/\/cinemasoul.es\/?product=la-reina-virgen-dvd","title":{"rendered":"La Reina Virgen [DVD]"},"content":{"rendered":"","protected":false},"excerpt":{"rendered":"<div id=\"tab-description\" class=\"tab-content\">\n<p>METRO-GOLDWYN-MAYER PRESENTA A JEANS SIMMONS, STEWART GRANGER, DEBORAH KERR, CHARLES LAUGTHON\u00a0EN \u201cLA REINA VIRGEN\u201d (<em>YOUNG BESS<\/em>)\u00a0CON KAY WALSH, GUY ROFLE, KATHLEEN BYRON, CECIL KELLAWAY, REX THOMPSON, LEO G. CARROLL.\u00a0<strong>GUI\u00d3N<\/strong> DE JAN LUSTIG Y ARTHUR WIMPERIS BASADA EN LA <strong>NOVELA<\/strong> DE MARGARET IRWIN <strong>DIRIGIDA<\/strong> POR GEORGE SIDNEY <strong>PRODUCIDA<\/strong> POR SIDNEY FRANKLIN <strong>COLOR<\/strong> POR Technicolor\u00ae<\/p>\n<p><strong>IDIOMAS<\/strong>: CASTELLANO E INGL\u00c9S CON SUBT\u00cdTULOS EN CASTELLANO <strong>NACIONALIDAD<\/strong>: ESTADOS UNIDOS <strong>A\u00d1O<\/strong>: 1953 <strong>G\u00c9NERO<\/strong>: DRAMA <strong>DURACI\u00d3N<\/strong>: 108\u2019 <strong>FORMATO<\/strong>: 4\/3 1.33.1 <strong>REFERENCIA<\/strong>: DVDY27408 <strong>EAN<\/strong>: 5051893026597 <strong>DEP\u00d3SITO LEGAL<\/strong>: TF: 1.034 \u2013 2010 <strong>N\u00ba DE EXPEDIENTE<\/strong>: 117.059 <strong>CLASIFICACI\u00d3N<\/strong>: NO RECOMENDADA PARA MENORES DE 12 A\u00d1OS.<\/p>\n<p><strong>\u201c\u00a1Una pel\u00edcula refinada y absorbente!\u201d<\/strong> &#8211;<em>The Hollywood Reporter<\/em><\/p>\n<p><em>The New York Times<\/em> describi\u00f3 a la protagonista, Jean Simmons, como \u201cbella, obstinada y majestuosa\u201d en el apasionado retrato de la reina Isabel I que se nos presenta en esta historia fascinante sobre la gran soberana inglesa del siglo xvi y su tumultuosa subida al poder. Aunque <em>La reina virgen<\/em> llevaba ocho a\u00f1os en fase de preproducci\u00f3n, el estreno de la pel\u00edcula en 1952 adquiri\u00f3 un lustre y relevancia especial por coincidir con la coronaci\u00f3n de la reina Isabel II. M-G-M hab\u00eda buscado durante mucho tiempo a la actriz id\u00f3nea para el papel estelar de esta producci\u00f3n de lujo, y tras seleccionar primero a Greer Garson y reemplazarla por la ganadora* de un Oscar\u00ae Deborah Kerr (que aparece tambi\u00e9n en la pel\u00edcula interpretando a Catherine), se decant\u00f3 finalmente por Jean Simmons, casi una reci\u00e9n llegada al cine. La elecci\u00f3n del marido de la actriz en la vida real, Stewart Granger, para encarnar a su amante en la pel\u00edcula aseguraba la rom\u00e1ntica complicidad de la pareja protagonista. El resultado es una historia de amor elegante y apasionada a la vez, as\u00ed como un digno homenaje al esplendor de la Corona inglesa.\u00a0*Oscar Honor\u00edfico en 1993.<\/p>\n<\/div>\n","protected":false},"featured_media":5368,"comment_status":"open","ping_status":"closed","template":"","meta":{"site-sidebar-layout":"default","site-content-layout":"default","ast-site-content-layout":"default","site-content-style":"default","site-sidebar-style":"default","ast-global-header-display":"","ast-banner-title-visibility":"","ast-main-header-display":"","ast-hfb-above-header-display":"","ast-hfb-below-header-display":"","ast-hfb-mobile-header-display":"","site-post-title":"","ast-breadcrumbs-content":"","ast-featured-img":"","footer-sml-layout":"","ast-disable-related-posts":"","theme-transparent-header-meta":"","adv-header-id-meta":"","stick-header-meta":"","header-above-stick-meta":"","header-main-stick-meta":"","header-below-stick-meta":"","astra-migrate-meta-layouts":"default","ast-page-background-enabled":"default","ast-page-background-meta":{"desktop":{"background-color":"","background-image":"","background-repeat":"repeat","background-position":"center center","background-size":"auto","background-attachment":"scroll","background-type":"","background-media":"","overlay-type":"","overlay-color":"","overlay-opacity":"","overlay-gradient":""},"tablet":{"background-color":"","background-image":"","background-repeat":"repeat","background-position":"center center","background-size":"auto","background-attachment":"scroll","background-type":"","background-media":"","overlay-type":"","overlay-color":"","overlay-opacity":"","overlay-gradient":""},"mobile":{"background-color":"","background-image":"","background-repeat":"repeat","background-position":"center center","background-size":"auto","background-attachment":"scroll","background-type":"","background-media":"","overlay-type":"","overlay-color":"","overlay-opacity":"","overlay-gradient":""}},"ast-content-background-meta":{"desktop":{"background-color":"var(--ast-global-color-5)","background-image":"","background-repeat":"repeat","background-position":"center center","background-size":"auto","background-attachment":"scroll","background-type":"","background-media":"","overlay-type":"","overlay-color":"","overlay-opacity":"","overlay-gradient":""},"tablet":{"background-color":"var(--ast-global-color-5)","background-image":"","background-repeat":"repeat","background-position":"center center","background-size":"auto","background-attachment":"scroll","background-type":"","background-media":"","overlay-type":"","overlay-color":"","overlay-opacity":"","overlay-gradient":""},"mobile":{"background-color":"var(--ast-global-color-5)","background-image":"","background-repeat":"repeat","background-position":"center center","background-size":"auto","background-attachment":"scroll","background-type":"","background-media":"","overlay-type":"","overlay-color":"","overlay-opacity":"","overlay-gradient":""}},"_joinchat":[]},"product_brand":[],"product_cat":[42],"product_tag":[],"class_list":{"0":"post-5367","1":"product","2":"type-product","3":"status-publish","4":"has-post-thumbnail","6":"product_cat-dvd","7":"desktop-align-left","8":"tablet-align-left","9":"mobile-align-left","11":"first","12":"instock","13":"sale","14":"shipping-taxable","15":"purchasable","16":"product-type-simple"},"_links":{"self":[{"href":"https:\/\/cinemasoul.es\/index.php?rest_route=\/wp\/v2\/product\/5367","targetHints":{"allow":["GET"]}}],"collection":[{"href":"https:\/\/cinemasoul.es\/index.php?rest_route=\/wp\/v2\/product"}],"about":[{"href":"https:\/\/cinemasoul.es\/index.php?rest_route=\/wp\/v2\/types\/product"}],"replies":[{"embeddable":true,"href":"https:\/\/cinemasoul.es\/index.php?rest_route=%2Fwp%2Fv2%2Fcomments&post=5367"}],"version-history":[{"count":1,"href":"https:\/\/cinemasoul.es\/index.php?rest_route=\/wp\/v2\/product\/5367\/revisions"}],"predecessor-version":[{"id":5370,"href":"https:\/\/cinemasoul.es\/index.php?rest_route=\/wp\/v2\/product\/5367\/revisions\/5370"}],"wp:featuredmedia":[{"embeddable":true,"href":"https:\/\/cinemasoul.es\/index.php?rest_route=\/wp\/v2\/media\/5368"}],"wp:attachment":[{"href":"https:\/\/cinemasoul.es\/index.php?rest_route=%2Fwp%2Fv2%2Fmedia&parent=5367"}],"wp:term":[{"taxonomy":"product_brand","embeddable":true,"href":"https:\/\/cinemasoul.es\/index.php?rest_route=%2Fwp%2Fv2%2Fproduct_brand&post=5367"},{"taxonomy":"product_cat","embeddable":true,"href":"https:\/\/cinemasoul.es\/index.php?rest_route=%2Fwp%2Fv2%2Fproduct_cat&post=5367"},{"taxonomy":"product_tag","embeddable":true,"href":"https:\/\/cinemasoul.es\/index.php?rest_route=%2Fwp%2Fv2%2Fproduct_tag&post=5367"}],"curies":[{"name":"wp","href":"https:\/\/api.w.org\/{rel}","templated":true}]}}