{"id":5351,"date":"2022-06-23T19:11:37","date_gmt":"2022-06-23T19:11:37","guid":{"rendered":"https:\/\/www.cinemasoul.es\/?post_type=product&#038;p=5351"},"modified":"2022-06-23T19:11:37","modified_gmt":"2022-06-23T19:11:37","slug":"una-isla-al-sol-dvd","status":"publish","type":"product","link":"https:\/\/cinemasoul.es\/?product=una-isla-al-sol-dvd","title":{"rendered":"Una isla al sol [DVD]"},"content":{"rendered":"","protected":false},"excerpt":{"rendered":"<p><strong>T\u00edtulo original<\/strong> Island in the Sun <strong>A\u00f1o<\/strong> 1957 <strong>Duraci\u00f3n<\/strong> 123 min. <strong>Pa\u00eds <\/strong>Estados Unidos <strong>Direcci\u00f3n<\/strong> Robert Rossen <strong>Guion<\/strong> Alfred Hayes. <strong>Novela<\/strong>: Alec Waugh <strong>M\u00fasica <\/strong>Malcolm Arnold <strong>Fotograf\u00eda<\/strong> Freddie Young <strong>Reparto<\/strong> James Mason, Joan Fontaine, Dorothy Dandridge, Joan Collins, Michael Rennie, Harry Belafonte, Diana Wynyard, John Williams, Stephen Boyd, Patricia Owens, Basil Sydney, John Justin, Ronald Squire, Hartley Power <strong>Productora<\/strong> 20th Century Fox, Darryl F. Zanuck Productions <strong>G\u00e9nero<\/strong> Drama. Romance | Racismo<\/p>\n<p><strong>Sinopsis <\/strong>Adaptaci\u00f3n de una novela de Alec Waugh. Personajes muy diversos se cruzan en la caribe\u00f1a isla de Santa Marta, donde se desarrolla un conflicto pol\u00edtico entre un plantador blanco y racista y un candidato negro y progresista. Esta pel\u00edcula fue muy pol\u00e9mica en su \u00e9poca por presentar relaciones entre personajes de distintas razas: fue boicoteada por el Ku-Klux-Klan y prohibida en Carolina del Sur.<\/p>\n","protected":false},"featured_media":5352,"comment_status":"open","ping_status":"closed","template":"","meta":{"site-sidebar-layout":"default","site-content-layout":"default","ast-site-content-layout":"default","site-content-style":"default","site-sidebar-style":"default","ast-global-header-display":"","ast-banner-title-visibility":"","ast-main-header-display":"","ast-hfb-above-header-display":"","ast-hfb-below-header-display":"","ast-hfb-mobile-header-display":"","site-post-title":"","ast-breadcrumbs-content":"","ast-featured-img":"","footer-sml-layout":"","ast-disable-related-posts":"","theme-transparent-header-meta":"","adv-header-id-meta":"","stick-header-meta":"","header-above-stick-meta":"","header-main-stick-meta":"","header-below-stick-meta":"","astra-migrate-meta-layouts":"default","ast-page-background-enabled":"default","ast-page-background-meta":{"desktop":{"background-color":"","background-image":"","background-repeat":"repeat","background-position":"center center","background-size":"auto","background-attachment":"scroll","background-type":"","background-media":"","overlay-type":"","overlay-color":"","overlay-opacity":"","overlay-gradient":""},"tablet":{"background-color":"","background-image":"","background-repeat":"repeat","background-position":"center center","background-size":"auto","background-attachment":"scroll","background-type":"","background-media":"","overlay-type":"","overlay-color":"","overlay-opacity":"","overlay-gradient":""},"mobile":{"background-color":"","background-image":"","background-repeat":"repeat","background-position":"center center","background-size":"auto","background-attachment":"scroll","background-type":"","background-media":"","overlay-type":"","overlay-color":"","overlay-opacity":"","overlay-gradient":""}},"ast-content-background-meta":{"desktop":{"background-color":"var(--ast-global-color-5)","background-image":"","background-repeat":"repeat","background-position":"center center","background-size":"auto","background-attachment":"scroll","background-type":"","background-media":"","overlay-type":"","overlay-color":"","overlay-opacity":"","overlay-gradient":""},"tablet":{"background-color":"var(--ast-global-color-5)","background-image":"","background-repeat":"repeat","background-position":"center center","background-size":"auto","background-attachment":"scroll","background-type":"","background-media":"","overlay-type":"","overlay-color":"","overlay-opacity":"","overlay-gradient":""},"mobile":{"background-color":"var(--ast-global-color-5)","background-image":"","background-repeat":"repeat","background-position":"center center","background-size":"auto","background-attachment":"scroll","background-type":"","background-media":"","overlay-type":"","overlay-color":"","overlay-opacity":"","overlay-gradient":""}},"_joinchat":[]},"product_brand":[],"product_cat":[42],"product_tag":[],"class_list":{"0":"post-5351","1":"product","2":"type-product","3":"status-publish","4":"has-post-thumbnail","6":"product_cat-dvd","7":"desktop-align-left","8":"tablet-align-left","9":"mobile-align-left","11":"first","12":"instock","13":"shipping-taxable","14":"purchasable","15":"product-type-simple"},"_links":{"self":[{"href":"https:\/\/cinemasoul.es\/index.php?rest_route=\/wp\/v2\/product\/5351","targetHints":{"allow":["GET"]}}],"collection":[{"href":"https:\/\/cinemasoul.es\/index.php?rest_route=\/wp\/v2\/product"}],"about":[{"href":"https:\/\/cinemasoul.es\/index.php?rest_route=\/wp\/v2\/types\/product"}],"replies":[{"embeddable":true,"href":"https:\/\/cinemasoul.es\/index.php?rest_route=%2Fwp%2Fv2%2Fcomments&post=5351"}],"version-history":[{"count":1,"href":"https:\/\/cinemasoul.es\/index.php?rest_route=\/wp\/v2\/product\/5351\/revisions"}],"predecessor-version":[{"id":5354,"href":"https:\/\/cinemasoul.es\/index.php?rest_route=\/wp\/v2\/product\/5351\/revisions\/5354"}],"wp:featuredmedia":[{"embeddable":true,"href":"https:\/\/cinemasoul.es\/index.php?rest_route=\/wp\/v2\/media\/5352"}],"wp:attachment":[{"href":"https:\/\/cinemasoul.es\/index.php?rest_route=%2Fwp%2Fv2%2Fmedia&parent=5351"}],"wp:term":[{"taxonomy":"product_brand","embeddable":true,"href":"https:\/\/cinemasoul.es\/index.php?rest_route=%2Fwp%2Fv2%2Fproduct_brand&post=5351"},{"taxonomy":"product_cat","embeddable":true,"href":"https:\/\/cinemasoul.es\/index.php?rest_route=%2Fwp%2Fv2%2Fproduct_cat&post=5351"},{"taxonomy":"product_tag","embeddable":true,"href":"https:\/\/cinemasoul.es\/index.php?rest_route=%2Fwp%2Fv2%2Fproduct_tag&post=5351"}],"curies":[{"name":"wp","href":"https:\/\/api.w.org\/{rel}","templated":true}]}}