{"id":5348,"date":"2022-06-23T18:58:22","date_gmt":"2022-06-23T18:58:22","guid":{"rendered":"https:\/\/www.cinemasoul.es\/?post_type=product&#038;p=5348"},"modified":"2022-06-23T18:58:22","modified_gmt":"2022-06-23T18:58:22","slug":"juarez-dvd","status":"publish","type":"product","link":"https:\/\/cinemasoul.es\/?product=juarez-dvd","title":{"rendered":"Ju\u00e1rez [DVD]"},"content":{"rendered":"","protected":false},"excerpt":{"rendered":"<p>WARNER BROS. PICTURES PRESENTA A PAUL MUNI BETTE DAVIS EN\u00a0 \u201cJU\u00c1REZ\u201d\u00a0CON BRIAN AHERNE, CLAUDE RAINS, JOHN GARFIELD, DONALD CRISP, JOSEPH CALLEIA, GALE SONDERGAARD, GILBERT ROLAND, HENRY O\u2019NEILL.\u00a0<strong>GUI\u00d3N<\/strong> DE JOHN HUSTON, AENEAS MACKENZIE Y WOLFGANG REINHARDT.\u00a0BASADO EN LA <strong>OBRA TEATRAL<\/strong>\u00a0<em>JU\u00c1REZ Y MAXIMILIANO<\/em> DE FRANZ WERFEL.\u00a0Y EN LA <strong>NOVELA<\/strong> <em>LA CORONA FANTASMA\u00a0<\/em>DE BERTITA HARDING.\u00a0<strong>DIRECTOR DE FOTOGRAF\u00cdA<\/strong> TONY GAUDIO.\u00a0<strong>M\u00daSICA<\/strong> DE ERICH WOLFGANG KORNGOLD.\u00a0<strong>PRODUCIDA<\/strong> POR HAL B. WALLIS.\u00a0<strong>DIRIGIDA<\/strong> POR WILLIAM DIETERLE.<\/p>\n<p><strong>IDIOMAS<\/strong>: CASTELLANO E INGL\u00c9S CON SUBT\u00cdTULOS EN CASTELLANO.\u00a0<strong>NACIONALIDAD<\/strong>: ESTADOS UNIDOS.\u00a0<strong>A\u00d1O<\/strong>: 1939.\u00a0<strong>G\u00c9NERO<\/strong>: DRAMA &#8211; BIOGR\u00c1FICO.\u00a0<strong>DURACI\u00d3N<\/strong>: 118\u2019.\u00a0<strong>FORMATO<\/strong>: 4\/3 1.33.1.\u00a0<strong>COLOR<\/strong>: BLANCO Y NEGRO.\u00a0<strong>REFERENCIA<\/strong>: DVDY27402.\u00a0<strong>EAN<\/strong>: 5051893026337.\u00a0<strong>DEP\u00d3SITO LEGAL<\/strong>: TF: 27- 2010.\u00a0<strong>N\u00ba DE EXPEDIENTE<\/strong>: 116.116.\u00a0<strong>CLASIFICACI\u00d3N<\/strong>: NO RECOMENDADA PARA MENORES DE 13 A\u00d1OS.<\/p>\n<p><em>\u201cJu\u00e1rez [&#8230;] debe considerarse una pel\u00edcula sobresaliente, memorable y socialmente valiosa.\u201d<\/em> &#8211; Frank S. Nugent (<em>The New York Times,<\/em> 26 de abril de 1939).<\/p>\n<p>El emperador Maximiliano I de Habsburgo (Brian Aherne), llega a M\u00e9xico con su esposa Carlota (Bette Davis) para establecer la supremac\u00eda francesa pero tropieza con la oposici\u00f3n del indio zapoteco Benito Ju\u00e1rez (Paul Muni), presidente leg\u00edtimo del pa\u00eds. Maximiliano v\u00edctima de la astucia del emperador franc\u00e9s Napol\u00e9on III (Claude Rains) debe confiscar las tierras que Ju\u00e1rez hab\u00eda devuelto a los nativos y castigar a los rebeldes, por lo que decide abdicar, pero Carlota se lo impide. Maximiliano le ofrece a Ju\u00e1rez el cargo de primer ministro, y la negativa de \u00e9ste provoca la ruptura entre ambos y la guerra. Estados Unidos env\u00eda tropas en apoyo del ej\u00e9rcito juarista, sin embargo, Napole\u00f3n III decide retirar las tropas francesas de M\u00e9xico, con lo cual Maximiliano se queda sin ej\u00e9rcito. Carlota furiosa por esta decisi\u00f3n regresa a Par\u00eds para implorar la ayuda de Napole\u00f3n. La pel\u00edcula obtuvo dos nominaciones al Oscar\u00ae en 1940: Mejor Fotograf\u00eda en Blanco y Negro (Tony Gaudio) y Mejor Actor Secundario (Brian Aherne).<\/p>\n","protected":false},"featured_media":5349,"comment_status":"open","ping_status":"closed","template":"","meta":{"site-sidebar-layout":"default","site-content-layout":"default","ast-site-content-layout":"default","site-content-style":"default","site-sidebar-style":"default","ast-global-header-display":"","ast-banner-title-visibility":"","ast-main-header-display":"","ast-hfb-above-header-display":"","ast-hfb-below-header-display":"","ast-hfb-mobile-header-display":"","site-post-title":"","ast-breadcrumbs-content":"","ast-featured-img":"","footer-sml-layout":"","ast-disable-related-posts":"","theme-transparent-header-meta":"","adv-header-id-meta":"","stick-header-meta":"","header-above-stick-meta":"","header-main-stick-meta":"","header-below-stick-meta":"","astra-migrate-meta-layouts":"default","ast-page-background-enabled":"default","ast-page-background-meta":{"desktop":{"background-color":"","background-image":"","background-repeat":"repeat","background-position":"center center","background-size":"auto","background-attachment":"scroll","background-type":"","background-media":"","overlay-type":"","overlay-color":"","overlay-opacity":"","overlay-gradient":""},"tablet":{"background-color":"","background-image":"","background-repeat":"repeat","background-position":"center center","background-size":"auto","background-attachment":"scroll","background-type":"","background-media":"","overlay-type":"","overlay-color":"","overlay-opacity":"","overlay-gradient":""},"mobile":{"background-color":"","background-image":"","background-repeat":"repeat","background-position":"center center","background-size":"auto","background-attachment":"scroll","background-type":"","background-media":"","overlay-type":"","overlay-color":"","overlay-opacity":"","overlay-gradient":""}},"ast-content-background-meta":{"desktop":{"background-color":"var(--ast-global-color-5)","background-image":"","background-repeat":"repeat","background-position":"center center","background-size":"auto","background-attachment":"scroll","background-type":"","background-media":"","overlay-type":"","overlay-color":"","overlay-opacity":"","overlay-gradient":""},"tablet":{"background-color":"var(--ast-global-color-5)","background-image":"","background-repeat":"repeat","background-position":"center center","background-size":"auto","background-attachment":"scroll","background-type":"","background-media":"","overlay-type":"","overlay-color":"","overlay-opacity":"","overlay-gradient":""},"mobile":{"background-color":"var(--ast-global-color-5)","background-image":"","background-repeat":"repeat","background-position":"center center","background-size":"auto","background-attachment":"scroll","background-type":"","background-media":"","overlay-type":"","overlay-color":"","overlay-opacity":"","overlay-gradient":""}},"_joinchat":[]},"product_brand":[],"product_cat":[42],"product_tag":[],"class_list":{"0":"post-5348","1":"product","2":"type-product","3":"status-publish","4":"has-post-thumbnail","6":"product_cat-dvd","7":"desktop-align-left","8":"tablet-align-left","9":"mobile-align-left","11":"first","12":"instock","13":"shipping-taxable","14":"purchasable","15":"product-type-simple"},"_links":{"self":[{"href":"https:\/\/cinemasoul.es\/index.php?rest_route=\/wp\/v2\/product\/5348","targetHints":{"allow":["GET"]}}],"collection":[{"href":"https:\/\/cinemasoul.es\/index.php?rest_route=\/wp\/v2\/product"}],"about":[{"href":"https:\/\/cinemasoul.es\/index.php?rest_route=\/wp\/v2\/types\/product"}],"replies":[{"embeddable":true,"href":"https:\/\/cinemasoul.es\/index.php?rest_route=%2Fwp%2Fv2%2Fcomments&post=5348"}],"version-history":[{"count":1,"href":"https:\/\/cinemasoul.es\/index.php?rest_route=\/wp\/v2\/product\/5348\/revisions"}],"predecessor-version":[{"id":5350,"href":"https:\/\/cinemasoul.es\/index.php?rest_route=\/wp\/v2\/product\/5348\/revisions\/5350"}],"wp:featuredmedia":[{"embeddable":true,"href":"https:\/\/cinemasoul.es\/index.php?rest_route=\/wp\/v2\/media\/5349"}],"wp:attachment":[{"href":"https:\/\/cinemasoul.es\/index.php?rest_route=%2Fwp%2Fv2%2Fmedia&parent=5348"}],"wp:term":[{"taxonomy":"product_brand","embeddable":true,"href":"https:\/\/cinemasoul.es\/index.php?rest_route=%2Fwp%2Fv2%2Fproduct_brand&post=5348"},{"taxonomy":"product_cat","embeddable":true,"href":"https:\/\/cinemasoul.es\/index.php?rest_route=%2Fwp%2Fv2%2Fproduct_cat&post=5348"},{"taxonomy":"product_tag","embeddable":true,"href":"https:\/\/cinemasoul.es\/index.php?rest_route=%2Fwp%2Fv2%2Fproduct_tag&post=5348"}],"curies":[{"name":"wp","href":"https:\/\/api.w.org\/{rel}","templated":true}]}}