{"id":5344,"date":"2022-06-23T18:53:57","date_gmt":"2022-06-23T18:53:57","guid":{"rendered":"https:\/\/www.cinemasoul.es\/?post_type=product&#038;p=5344"},"modified":"2022-06-23T18:53:57","modified_gmt":"2022-06-23T18:53:57","slug":"j-f-k-una-juventud-rebelde-dvd","status":"publish","type":"product","link":"https:\/\/cinemasoul.es\/?product=j-f-k-una-juventud-rebelde-dvd","title":{"rendered":"J.F.K.: una juventud rebelde [DVD]"},"content":{"rendered":"","protected":false},"excerpt":{"rendered":"<p>AMERICAN BROADCASTING COMPANY\u00a0(ABC)\u00a0<strong>PRESENTA<\/strong> A\u00a0PATRICK DEMPSEY, TERRY KINNEY, LOREN DEAN\u00a0EN\u00a0\u201cJFK: SU JUVENTUD REBELDE\u201d (JFK: RECKLESS YOUTH) <strong>COPROTAGONIZADA<\/strong> POR\u00a0YOLANDA JILOT, ROBIN TUNNEY, ANDREW LOWERY <strong>GUI\u00d3N<\/strong> DE\u00a0WILLIAM BROYLES JR.\u00a0BASADO EN EL <strong>LIBRO<\/strong> DE\u00a0NIGEL HAMILTON <strong>M\u00daSICA<\/strong> DE CAMERON\u00a0ALLAN\u00a0<strong>PRODUCIDA<\/strong> Y <strong>DIRIGIDA<\/strong> POR\u00a0HARRY WINER<\/p>\n<p><strong>IDIOMAS<\/strong>: CASTELLANO E INGL\u00c9S\u00a0<strong>NACIONALIDAD<\/strong>: ESTADOS UNIDOS.\u00a0<strong>A\u00d1O<\/strong>: 1993\u00a0<strong>G\u00c9NERO<\/strong>: DRAMA, BIOGRAF\u00cdA\u00a0<strong>DURACI\u00d3N<\/strong>: 177&#8242;.\u00a0<strong>FORMATO<\/strong>: 4\/3 1.33:1.\u00a0<strong>COLOR<\/strong>: COLOR\u00a0<strong>CLASIFICACI\u00d3N<\/strong>: APTA PARA TODOS LOS P\u00daBLICOS.<\/p>\n<p>Miniserie que narra los a\u00f1os de juventud del que ser\u00eda trig\u00e9simo quinto presidente de los Estados Unidos, John Fitzgerald Kennedy. Dotado de una salud precaria, JFK padeci\u00f3 leucemia en su juventud, creciendo siempre bajo la sombra de su hermano mayor. Juntos asistieron a las escuelas m\u00e1s elitistas en las que su procedencia irlandesa les trajo graves problemas. Sin embargo John F. Kennedy disfrut\u00f3 ampliamente de sus a\u00f1os juveniles. A pesar de las objeciones familiares particip\u00f3 en la segunda guerra mundial obteniendo una medalla por su valiosa actuaci\u00f3n. Siguiendo los consejos de su padre ingres\u00f3 en la pol\u00edtica en la que gan\u00f3 un esca\u00f1o gracias a que supo sintonizar con los j\u00f3venes patriotas americanos desorientados al volver a la vida civil. El t\u00f3rrido asunto con Inga Arvad, sospechosa de ser una esp\u00eda nazi, es un aspecto central de esta sorprendente biograf\u00eda, que termina en su primera campa\u00f1a pol\u00edtica. Las juergas durante su vida de estudiante y otras aventuras son el contenido de este per\u00edodo de vida, raramente contado, del ahora m\u00edtico l\u00edder. Patrick Dempsey, conocido por su papel del Dr. Derek Shepherd en la serie de televisi\u00f3n <em>Anatom\u00eda de Grey<\/em>, da vida al joven presidente en esta producci\u00f3n de la cadena norteamericana ABC realizada por Harry Winer, veterano director de la peque\u00f1a pantalla entre cuyos trabajos se encuentran cap\u00edtulos para <em>Hart y Hart<\/em>, <em>Veronica Mars<\/em>, <em>Alias<\/em> o <em>Dawson Crece<\/em>.<\/p>\n","protected":false},"featured_media":5345,"comment_status":"open","ping_status":"closed","template":"","meta":{"site-sidebar-layout":"default","site-content-layout":"default","ast-site-content-layout":"default","site-content-style":"default","site-sidebar-style":"default","ast-global-header-display":"","ast-banner-title-visibility":"","ast-main-header-display":"","ast-hfb-above-header-display":"","ast-hfb-below-header-display":"","ast-hfb-mobile-header-display":"","site-post-title":"","ast-breadcrumbs-content":"","ast-featured-img":"","footer-sml-layout":"","ast-disable-related-posts":"","theme-transparent-header-meta":"","adv-header-id-meta":"","stick-header-meta":"","header-above-stick-meta":"","header-main-stick-meta":"","header-below-stick-meta":"","astra-migrate-meta-layouts":"default","ast-page-background-enabled":"default","ast-page-background-meta":{"desktop":{"background-color":"","background-image":"","background-repeat":"repeat","background-position":"center center","background-size":"auto","background-attachment":"scroll","background-type":"","background-media":"","overlay-type":"","overlay-color":"","overlay-opacity":"","overlay-gradient":""},"tablet":{"background-color":"","background-image":"","background-repeat":"repeat","background-position":"center center","background-size":"auto","background-attachment":"scroll","background-type":"","background-media":"","overlay-type":"","overlay-color":"","overlay-opacity":"","overlay-gradient":""},"mobile":{"background-color":"","background-image":"","background-repeat":"repeat","background-position":"center center","background-size":"auto","background-attachment":"scroll","background-type":"","background-media":"","overlay-type":"","overlay-color":"","overlay-opacity":"","overlay-gradient":""}},"ast-content-background-meta":{"desktop":{"background-color":"var(--ast-global-color-5)","background-image":"","background-repeat":"repeat","background-position":"center center","background-size":"auto","background-attachment":"scroll","background-type":"","background-media":"","overlay-type":"","overlay-color":"","overlay-opacity":"","overlay-gradient":""},"tablet":{"background-color":"var(--ast-global-color-5)","background-image":"","background-repeat":"repeat","background-position":"center center","background-size":"auto","background-attachment":"scroll","background-type":"","background-media":"","overlay-type":"","overlay-color":"","overlay-opacity":"","overlay-gradient":""},"mobile":{"background-color":"var(--ast-global-color-5)","background-image":"","background-repeat":"repeat","background-position":"center center","background-size":"auto","background-attachment":"scroll","background-type":"","background-media":"","overlay-type":"","overlay-color":"","overlay-opacity":"","overlay-gradient":""}},"_joinchat":[]},"product_brand":[],"product_cat":[42],"product_tag":[],"class_list":{"0":"post-5344","1":"product","2":"type-product","3":"status-publish","4":"has-post-thumbnail","6":"product_cat-dvd","7":"desktop-align-left","8":"tablet-align-left","9":"mobile-align-left","11":"first","12":"instock","13":"sale","14":"shipping-taxable","15":"purchasable","16":"product-type-simple"},"_links":{"self":[{"href":"https:\/\/cinemasoul.es\/index.php?rest_route=\/wp\/v2\/product\/5344","targetHints":{"allow":["GET"]}}],"collection":[{"href":"https:\/\/cinemasoul.es\/index.php?rest_route=\/wp\/v2\/product"}],"about":[{"href":"https:\/\/cinemasoul.es\/index.php?rest_route=\/wp\/v2\/types\/product"}],"replies":[{"embeddable":true,"href":"https:\/\/cinemasoul.es\/index.php?rest_route=%2Fwp%2Fv2%2Fcomments&post=5344"}],"version-history":[{"count":1,"href":"https:\/\/cinemasoul.es\/index.php?rest_route=\/wp\/v2\/product\/5344\/revisions"}],"predecessor-version":[{"id":5347,"href":"https:\/\/cinemasoul.es\/index.php?rest_route=\/wp\/v2\/product\/5344\/revisions\/5347"}],"wp:featuredmedia":[{"embeddable":true,"href":"https:\/\/cinemasoul.es\/index.php?rest_route=\/wp\/v2\/media\/5345"}],"wp:attachment":[{"href":"https:\/\/cinemasoul.es\/index.php?rest_route=%2Fwp%2Fv2%2Fmedia&parent=5344"}],"wp:term":[{"taxonomy":"product_brand","embeddable":true,"href":"https:\/\/cinemasoul.es\/index.php?rest_route=%2Fwp%2Fv2%2Fproduct_brand&post=5344"},{"taxonomy":"product_cat","embeddable":true,"href":"https:\/\/cinemasoul.es\/index.php?rest_route=%2Fwp%2Fv2%2Fproduct_cat&post=5344"},{"taxonomy":"product_tag","embeddable":true,"href":"https:\/\/cinemasoul.es\/index.php?rest_route=%2Fwp%2Fv2%2Fproduct_tag&post=5344"}],"curies":[{"name":"wp","href":"https:\/\/api.w.org\/{rel}","templated":true}]}}