{"id":5328,"date":"2022-06-23T18:11:58","date_gmt":"2022-06-23T18:11:58","guid":{"rendered":"https:\/\/www.cinemasoul.es\/?post_type=product&#038;p=5328"},"modified":"2022-06-23T18:11:58","modified_gmt":"2022-06-23T18:11:58","slug":"la-guerra-de-troya-dvd","status":"publish","type":"product","link":"https:\/\/cinemasoul.es\/?product=la-guerra-de-troya-dvd","title":{"rendered":"La guerra de Troya [DVD]"},"content":{"rendered":"","protected":false},"excerpt":{"rendered":"<p><strong>T\u00edtulo original<\/strong> La guerra di Troia <strong>A\u00f1o<\/strong> 1961 <strong>Duraci\u00f3n<\/strong> 105 min. <strong>Pa\u00eds<\/strong> Italia <strong>Direcci\u00f3n<\/strong> Giorgio Ferroni <strong>Guion<\/strong> Giorgio Ferroni, Ugo Liberatore, Giorgio Stegani, Federico Zardi <strong>M\u00fasica<\/strong> Mario Ammonini, Giovanni Fusco <strong>Fotograf\u00eda<\/strong> Rino Filippini <strong>Reparto<\/strong> Steve Reeves, Juliette Mayniel, John Drew Barrymore, Edy Vessel, Lidia Alfonsi, Warner Bentivegna, Luciana Angiolillo, Nerio Bernardi, Arturo Dominici, Mimmo Palmara, Nando Tamberlani, Carlo Tamberlani <strong>Productora<\/strong> Coproducci\u00f3n Italia-Francia; Compagnie Industrielle et Commerciale Cin\u00e9matographique (CICC), Europa Cinematografica, Les Films Modernes <strong>G\u00e9nero<\/strong> Aventuras. Acci\u00f3n | Antigua Grecia. Cine \u00e9pico<\/p>\n<p><strong>Sinopsis<\/strong> La historia cl\u00e1sica de los griegos, del amor entre Helen y Paris, del guerrero Achilles con su punto debil en el tal\u00f3n, Aeneas, y el caballo de madera de Troya dado como regalo, que escond\u00eda soldados enemigos&#8230;<\/p>\n","protected":false},"featured_media":5329,"comment_status":"open","ping_status":"closed","template":"","meta":{"site-sidebar-layout":"default","site-content-layout":"default","ast-site-content-layout":"default","site-content-style":"default","site-sidebar-style":"default","ast-global-header-display":"","ast-banner-title-visibility":"","ast-main-header-display":"","ast-hfb-above-header-display":"","ast-hfb-below-header-display":"","ast-hfb-mobile-header-display":"","site-post-title":"","ast-breadcrumbs-content":"","ast-featured-img":"","footer-sml-layout":"","ast-disable-related-posts":"","theme-transparent-header-meta":"","adv-header-id-meta":"","stick-header-meta":"","header-above-stick-meta":"","header-main-stick-meta":"","header-below-stick-meta":"","astra-migrate-meta-layouts":"default","ast-page-background-enabled":"default","ast-page-background-meta":{"desktop":{"background-color":"","background-image":"","background-repeat":"repeat","background-position":"center center","background-size":"auto","background-attachment":"scroll","background-type":"","background-media":"","overlay-type":"","overlay-color":"","overlay-opacity":"","overlay-gradient":""},"tablet":{"background-color":"","background-image":"","background-repeat":"repeat","background-position":"center center","background-size":"auto","background-attachment":"scroll","background-type":"","background-media":"","overlay-type":"","overlay-color":"","overlay-opacity":"","overlay-gradient":""},"mobile":{"background-color":"","background-image":"","background-repeat":"repeat","background-position":"center center","background-size":"auto","background-attachment":"scroll","background-type":"","background-media":"","overlay-type":"","overlay-color":"","overlay-opacity":"","overlay-gradient":""}},"ast-content-background-meta":{"desktop":{"background-color":"var(--ast-global-color-5)","background-image":"","background-repeat":"repeat","background-position":"center center","background-size":"auto","background-attachment":"scroll","background-type":"","background-media":"","overlay-type":"","overlay-color":"","overlay-opacity":"","overlay-gradient":""},"tablet":{"background-color":"var(--ast-global-color-5)","background-image":"","background-repeat":"repeat","background-position":"center center","background-size":"auto","background-attachment":"scroll","background-type":"","background-media":"","overlay-type":"","overlay-color":"","overlay-opacity":"","overlay-gradient":""},"mobile":{"background-color":"var(--ast-global-color-5)","background-image":"","background-repeat":"repeat","background-position":"center center","background-size":"auto","background-attachment":"scroll","background-type":"","background-media":"","overlay-type":"","overlay-color":"","overlay-opacity":"","overlay-gradient":""}},"_joinchat":[]},"product_brand":[],"product_cat":[42],"product_tag":[],"class_list":{"0":"post-5328","1":"product","2":"type-product","3":"status-publish","4":"has-post-thumbnail","6":"product_cat-dvd","7":"desktop-align-left","8":"tablet-align-left","9":"mobile-align-left","11":"first","12":"instock","13":"sale","14":"shipping-taxable","15":"purchasable","16":"product-type-simple"},"_links":{"self":[{"href":"https:\/\/cinemasoul.es\/index.php?rest_route=\/wp\/v2\/product\/5328","targetHints":{"allow":["GET"]}}],"collection":[{"href":"https:\/\/cinemasoul.es\/index.php?rest_route=\/wp\/v2\/product"}],"about":[{"href":"https:\/\/cinemasoul.es\/index.php?rest_route=\/wp\/v2\/types\/product"}],"replies":[{"embeddable":true,"href":"https:\/\/cinemasoul.es\/index.php?rest_route=%2Fwp%2Fv2%2Fcomments&post=5328"}],"version-history":[{"count":1,"href":"https:\/\/cinemasoul.es\/index.php?rest_route=\/wp\/v2\/product\/5328\/revisions"}],"predecessor-version":[{"id":5330,"href":"https:\/\/cinemasoul.es\/index.php?rest_route=\/wp\/v2\/product\/5328\/revisions\/5330"}],"wp:featuredmedia":[{"embeddable":true,"href":"https:\/\/cinemasoul.es\/index.php?rest_route=\/wp\/v2\/media\/5329"}],"wp:attachment":[{"href":"https:\/\/cinemasoul.es\/index.php?rest_route=%2Fwp%2Fv2%2Fmedia&parent=5328"}],"wp:term":[{"taxonomy":"product_brand","embeddable":true,"href":"https:\/\/cinemasoul.es\/index.php?rest_route=%2Fwp%2Fv2%2Fproduct_brand&post=5328"},{"taxonomy":"product_cat","embeddable":true,"href":"https:\/\/cinemasoul.es\/index.php?rest_route=%2Fwp%2Fv2%2Fproduct_cat&post=5328"},{"taxonomy":"product_tag","embeddable":true,"href":"https:\/\/cinemasoul.es\/index.php?rest_route=%2Fwp%2Fv2%2Fproduct_tag&post=5328"}],"curies":[{"name":"wp","href":"https:\/\/api.w.org\/{rel}","templated":true}]}}