{"id":5317,"date":"2022-06-23T17:50:33","date_gmt":"2022-06-23T17:50:33","guid":{"rendered":"https:\/\/www.cinemasoul.es\/?post_type=product&#038;p=5317"},"modified":"2022-06-23T17:50:33","modified_gmt":"2022-06-23T17:50:33","slug":"la-ciudad-bajo-el-agua-dvd","status":"publish","type":"product","link":"https:\/\/cinemasoul.es\/?product=la-ciudad-bajo-el-agua-dvd","title":{"rendered":"La Ciudad Bajo el Agua [DVD]"},"content":{"rendered":"","protected":false},"excerpt":{"rendered":"<div id=\"tab-description\" class=\"tab-content\">\n<p>WARNER BROS. PICTURES PRESENTA\u00a0UNA <strong>PRODUCCI\u00d3N<\/strong> DE IRWIN ALLEN \u201cLA CIUDAD BAJO EL AGUA\u201d (CITY BENEATH THE SEA).\u00a0<strong>COPROTAGONIZADA<\/strong> POR STUART WHITMAN CON ROSEMARY FORSYTH, ROBERT COLBERT\u00a0ESTRELLAS INVITADAS RICHARD BASEHART, JOSEPH COTTON, JAMES DARREN, SUGAR RAY ROBINSON <strong>Y<\/strong> ROBERT WAGNER COMO BRETT. \u00a0<strong>GUI\u00d3N<\/strong> DE JOHN MEREDYTH LUCAS.\u00a0BASADO EN UNA <strong>HISTORIA<\/strong> DE IRWIN ALLEN.\u00a0<strong>PRODUCIDA<\/strong> Y <strong>DIRIGIDA POR<\/strong> IRWIN ALLEN.<\/p>\n<p><strong>A\u00d1O<\/strong>: 1971.\u00a0<strong>G\u00c9NERO<\/strong>: ACCI\u00d3N.\u00a0<strong>NACIONALIDAD<\/strong>: ESTADOS UNIDOS.\u00a0<strong>IDIOMAS<\/strong>: CASTELLANO E INGL\u00c9S CON SUBT\u00cdTULOS EN CASTELLANO.\u00a0<strong>DURACI\u00d3N<\/strong>: 90 MINUTOS APROX.\u00a0<strong>FORMATO<\/strong> 4X3 1:85.\u00a0<strong>COLOR<\/strong>.\u00a0<strong>CLASIFICACION<\/strong>: NO RECOMENDADA PARA MENORES DE 12 A\u00d1OS.\u00a0<strong>FEERTS<\/strong> 1000190291.\u00a0<strong>EAN<\/strong>: 5051893047707.\u00a0<strong>DEP\u00d3SITO<\/strong> <strong>LEGAL<\/strong>: TF: 163 &#8211; 2011.\u00a0<strong>N\u00ba<\/strong><strong>DE<\/strong> <strong>EXPEDIENTE<\/strong>: 119.883.<\/p>\n<p><em>La suya era la misi\u00f3n m\u00e1s peligrosa de la historia\u2026\u00a1Salvar al mundo de la destrucci\u00f3n total!<\/em> <em>\u201cUna pel\u00edcula de ciencia ficci\u00f3n para todos y donde todo el tiempo ocurren cosas\u201d<\/em> &#8211; Fantastic Movie Musings and Ramblings Ah\u00ed est\u00e1, <em>Pac\u00edfica<\/em>, una magn\u00edfica metr\u00f3polis construida sobre el fondo del oc\u00e9ano. Sin embargo, la fabulosa ciudad futurista tiene por delante s\u00f3lo siete horas para evitar la destrucci\u00f3n: \u00a1Un enorme meteorito se precipita a toda velocidad sobre ella! Menos mal que un fabuloso reparto de estrellas con nervios de acero, como Stuart Whitman, Robert Wagner, Richard Basehart, Joseph Cotton y la leyenda del boxeo Sugar Ray Robinson, va a intentar solucionarlo. De la mano de Irwin Allen, responsable de \u00e9xitos del cine de cat\u00e1strofes como <em>La Aventura <\/em><em>del Poseid\u00f3n<\/em>, <em>Viaje al fondo del mar<\/em> y <em>El Coloso en Llamas<\/em>, llega la mayor aventura submarina de todos los tiempos. Sum\u00e9rjase en las olas del oc\u00e9ano para disfrutar de esta emocionante pel\u00edcula.<\/p>\n<\/div>\n","protected":false},"featured_media":5318,"comment_status":"open","ping_status":"closed","template":"","meta":{"site-sidebar-layout":"default","site-content-layout":"default","ast-site-content-layout":"default","site-content-style":"default","site-sidebar-style":"default","ast-global-header-display":"","ast-banner-title-visibility":"","ast-main-header-display":"","ast-hfb-above-header-display":"","ast-hfb-below-header-display":"","ast-hfb-mobile-header-display":"","site-post-title":"","ast-breadcrumbs-content":"","ast-featured-img":"","footer-sml-layout":"","ast-disable-related-posts":"","theme-transparent-header-meta":"","adv-header-id-meta":"","stick-header-meta":"","header-above-stick-meta":"","header-main-stick-meta":"","header-below-stick-meta":"","astra-migrate-meta-layouts":"default","ast-page-background-enabled":"default","ast-page-background-meta":{"desktop":{"background-color":"","background-image":"","background-repeat":"repeat","background-position":"center center","background-size":"auto","background-attachment":"scroll","background-type":"","background-media":"","overlay-type":"","overlay-color":"","overlay-opacity":"","overlay-gradient":""},"tablet":{"background-color":"","background-image":"","background-repeat":"repeat","background-position":"center center","background-size":"auto","background-attachment":"scroll","background-type":"","background-media":"","overlay-type":"","overlay-color":"","overlay-opacity":"","overlay-gradient":""},"mobile":{"background-color":"","background-image":"","background-repeat":"repeat","background-position":"center center","background-size":"auto","background-attachment":"scroll","background-type":"","background-media":"","overlay-type":"","overlay-color":"","overlay-opacity":"","overlay-gradient":""}},"ast-content-background-meta":{"desktop":{"background-color":"var(--ast-global-color-5)","background-image":"","background-repeat":"repeat","background-position":"center center","background-size":"auto","background-attachment":"scroll","background-type":"","background-media":"","overlay-type":"","overlay-color":"","overlay-opacity":"","overlay-gradient":""},"tablet":{"background-color":"var(--ast-global-color-5)","background-image":"","background-repeat":"repeat","background-position":"center center","background-size":"auto","background-attachment":"scroll","background-type":"","background-media":"","overlay-type":"","overlay-color":"","overlay-opacity":"","overlay-gradient":""},"mobile":{"background-color":"var(--ast-global-color-5)","background-image":"","background-repeat":"repeat","background-position":"center center","background-size":"auto","background-attachment":"scroll","background-type":"","background-media":"","overlay-type":"","overlay-color":"","overlay-opacity":"","overlay-gradient":""}},"_joinchat":[]},"product_brand":[],"product_cat":[42],"product_tag":[],"class_list":{"0":"post-5317","1":"product","2":"type-product","3":"status-publish","4":"has-post-thumbnail","6":"product_cat-dvd","7":"desktop-align-left","8":"tablet-align-left","9":"mobile-align-left","11":"first","12":"instock","13":"sale","14":"shipping-taxable","15":"purchasable","16":"product-type-simple"},"_links":{"self":[{"href":"https:\/\/cinemasoul.es\/index.php?rest_route=\/wp\/v2\/product\/5317","targetHints":{"allow":["GET"]}}],"collection":[{"href":"https:\/\/cinemasoul.es\/index.php?rest_route=\/wp\/v2\/product"}],"about":[{"href":"https:\/\/cinemasoul.es\/index.php?rest_route=\/wp\/v2\/types\/product"}],"replies":[{"embeddable":true,"href":"https:\/\/cinemasoul.es\/index.php?rest_route=%2Fwp%2Fv2%2Fcomments&post=5317"}],"version-history":[{"count":1,"href":"https:\/\/cinemasoul.es\/index.php?rest_route=\/wp\/v2\/product\/5317\/revisions"}],"predecessor-version":[{"id":5319,"href":"https:\/\/cinemasoul.es\/index.php?rest_route=\/wp\/v2\/product\/5317\/revisions\/5319"}],"wp:featuredmedia":[{"embeddable":true,"href":"https:\/\/cinemasoul.es\/index.php?rest_route=\/wp\/v2\/media\/5318"}],"wp:attachment":[{"href":"https:\/\/cinemasoul.es\/index.php?rest_route=%2Fwp%2Fv2%2Fmedia&parent=5317"}],"wp:term":[{"taxonomy":"product_brand","embeddable":true,"href":"https:\/\/cinemasoul.es\/index.php?rest_route=%2Fwp%2Fv2%2Fproduct_brand&post=5317"},{"taxonomy":"product_cat","embeddable":true,"href":"https:\/\/cinemasoul.es\/index.php?rest_route=%2Fwp%2Fv2%2Fproduct_cat&post=5317"},{"taxonomy":"product_tag","embeddable":true,"href":"https:\/\/cinemasoul.es\/index.php?rest_route=%2Fwp%2Fv2%2Fproduct_tag&post=5317"}],"curies":[{"name":"wp","href":"https:\/\/api.w.org\/{rel}","templated":true}]}}