{"id":5313,"date":"2022-06-23T17:40:25","date_gmt":"2022-06-23T17:40:25","guid":{"rendered":"https:\/\/www.cinemasoul.es\/?post_type=product&#038;p=5313"},"modified":"2022-06-23T17:40:25","modified_gmt":"2022-06-23T17:40:25","slug":"hardcore-un-mundo-oculto-dvd","status":"publish","type":"product","link":"https:\/\/cinemasoul.es\/?product=hardcore-un-mundo-oculto-dvd","title":{"rendered":"Hardcore, un mundo oculto [DVD]"},"content":{"rendered":"","protected":false},"excerpt":{"rendered":"<div id=\"tab-description\" class=\"tab-content\">\n<p>COLUMBIA PICTURES PRESENTA A GEORGE C. SCOTT EN UNA PEL\u00cdCULA DE PAUL SCHRADER \u201cHARDCORE UN MUNDO OCULTO\u201d (HARDCORE)\u00a0<strong>PROTAGONIZADA<\/strong> POR PETER BOYLE\u00a0<strong>COPROTAGONIZADA<\/strong> POR SEASON HUBLEY\u00a0<strong>PRODUCTOR EJECUTIVO\u00a0\u00a0<\/strong>JOHN MILIUS\u00a0<strong>PRODUCIDA<\/strong> POR BUZZ FEITSHANS\u00a0<strong>M\u00daSICA<\/strong> DE JACK NITZSCHE\u00a0<strong>GUI\u00d3N Y DIRIGIDA<\/strong> POR PAUL SCHRADER<\/p>\n<p><strong>A\u00d1O<\/strong>:\u00a01979\u00a0<strong>G\u00c9NERO<\/strong>: DRAMA\u00a0<strong>NACIONALIDAD<\/strong>: ESTADOS UNIDOS\u00a0<strong>COLOR<\/strong>: COLOR CERTIFICADO DE CLASIFICACI\u00d3N <strong>ICAA N\u00ba<\/strong>: 123.557\u00a0<strong>CLASIFICACI\u00d3N<\/strong>: NO RECOMENDADA PARA MENORES DE 18 A\u00d1OS\u00a0<strong>DEP\u00d3SITO LEGAL<\/strong>:TF: 35-2012\u00a0<strong>DURACI\u00d3N<\/strong>: 103&#8242; \u00a0<strong>IDIOMAS<\/strong>: CASTELLANO E INGL\u00c9S CON SUBT\u00cdTULOS EN CASTELLANO\u00a0<strong>FORMATO DE PANTALLA<\/strong>: 16&#215;9 1.85\u00a0<strong>EAN<\/strong>: 8414533081825<\/p>\n<p>Jake VanDorn es un ferviente religioso t\u00edpico del centro rural de los Estados Unidos. Un d\u00eda, su hija adolescente, Kristen, desaparece de repente. Jake contrata a un detective privado llamado Andy Mast para encontrarla. Mast no logra localizar a Kristen, pero encontrar\u00e1 una pel\u00edcula pornogr\u00e1fica en la que ella aparece con dos chicos. Jake volar\u00e1 a Los \u00c1ngeles para encontrar a su hija y all\u00ed descubrir\u00e1 la cara m\u00e1s real del mundo de la pornograf\u00eda.\u00a0Segundo trabajo como director de Paul Schrader, que describe con toda su crudeza el submundo del negocio del sexo y las perversiones. Gran trabajo de George C. Scott, como padre calvinista, dispuesto a cualquier cosa para recuperar a su hija. Schrade, guionista de <em>Taxi Driver<\/em>, incide en su tema favorito, la redenci\u00f3n, en este caso la de un padre que se siente culpable por haber perdido a su hija.<\/p>\n<\/div>\n","protected":false},"featured_media":5314,"comment_status":"open","ping_status":"closed","template":"","meta":{"site-sidebar-layout":"default","site-content-layout":"default","ast-site-content-layout":"default","site-content-style":"default","site-sidebar-style":"default","ast-global-header-display":"","ast-banner-title-visibility":"","ast-main-header-display":"","ast-hfb-above-header-display":"","ast-hfb-below-header-display":"","ast-hfb-mobile-header-display":"","site-post-title":"","ast-breadcrumbs-content":"","ast-featured-img":"","footer-sml-layout":"","ast-disable-related-posts":"","theme-transparent-header-meta":"","adv-header-id-meta":"","stick-header-meta":"","header-above-stick-meta":"","header-main-stick-meta":"","header-below-stick-meta":"","astra-migrate-meta-layouts":"default","ast-page-background-enabled":"default","ast-page-background-meta":{"desktop":{"background-color":"","background-image":"","background-repeat":"repeat","background-position":"center center","background-size":"auto","background-attachment":"scroll","background-type":"","background-media":"","overlay-type":"","overlay-color":"","overlay-opacity":"","overlay-gradient":""},"tablet":{"background-color":"","background-image":"","background-repeat":"repeat","background-position":"center center","background-size":"auto","background-attachment":"scroll","background-type":"","background-media":"","overlay-type":"","overlay-color":"","overlay-opacity":"","overlay-gradient":""},"mobile":{"background-color":"","background-image":"","background-repeat":"repeat","background-position":"center center","background-size":"auto","background-attachment":"scroll","background-type":"","background-media":"","overlay-type":"","overlay-color":"","overlay-opacity":"","overlay-gradient":""}},"ast-content-background-meta":{"desktop":{"background-color":"var(--ast-global-color-5)","background-image":"","background-repeat":"repeat","background-position":"center center","background-size":"auto","background-attachment":"scroll","background-type":"","background-media":"","overlay-type":"","overlay-color":"","overlay-opacity":"","overlay-gradient":""},"tablet":{"background-color":"var(--ast-global-color-5)","background-image":"","background-repeat":"repeat","background-position":"center center","background-size":"auto","background-attachment":"scroll","background-type":"","background-media":"","overlay-type":"","overlay-color":"","overlay-opacity":"","overlay-gradient":""},"mobile":{"background-color":"var(--ast-global-color-5)","background-image":"","background-repeat":"repeat","background-position":"center center","background-size":"auto","background-attachment":"scroll","background-type":"","background-media":"","overlay-type":"","overlay-color":"","overlay-opacity":"","overlay-gradient":""}},"_joinchat":[]},"product_brand":[],"product_cat":[42],"product_tag":[],"class_list":{"0":"post-5313","1":"product","2":"type-product","3":"status-publish","4":"has-post-thumbnail","6":"product_cat-dvd","7":"desktop-align-left","8":"tablet-align-left","9":"mobile-align-left","11":"first","12":"instock","13":"shipping-taxable","14":"purchasable","15":"product-type-simple"},"_links":{"self":[{"href":"https:\/\/cinemasoul.es\/index.php?rest_route=\/wp\/v2\/product\/5313","targetHints":{"allow":["GET"]}}],"collection":[{"href":"https:\/\/cinemasoul.es\/index.php?rest_route=\/wp\/v2\/product"}],"about":[{"href":"https:\/\/cinemasoul.es\/index.php?rest_route=\/wp\/v2\/types\/product"}],"replies":[{"embeddable":true,"href":"https:\/\/cinemasoul.es\/index.php?rest_route=%2Fwp%2Fv2%2Fcomments&post=5313"}],"version-history":[{"count":1,"href":"https:\/\/cinemasoul.es\/index.php?rest_route=\/wp\/v2\/product\/5313\/revisions"}],"predecessor-version":[{"id":5316,"href":"https:\/\/cinemasoul.es\/index.php?rest_route=\/wp\/v2\/product\/5313\/revisions\/5316"}],"wp:featuredmedia":[{"embeddable":true,"href":"https:\/\/cinemasoul.es\/index.php?rest_route=\/wp\/v2\/media\/5314"}],"wp:attachment":[{"href":"https:\/\/cinemasoul.es\/index.php?rest_route=%2Fwp%2Fv2%2Fmedia&parent=5313"}],"wp:term":[{"taxonomy":"product_brand","embeddable":true,"href":"https:\/\/cinemasoul.es\/index.php?rest_route=%2Fwp%2Fv2%2Fproduct_brand&post=5313"},{"taxonomy":"product_cat","embeddable":true,"href":"https:\/\/cinemasoul.es\/index.php?rest_route=%2Fwp%2Fv2%2Fproduct_cat&post=5313"},{"taxonomy":"product_tag","embeddable":true,"href":"https:\/\/cinemasoul.es\/index.php?rest_route=%2Fwp%2Fv2%2Fproduct_tag&post=5313"}],"curies":[{"name":"wp","href":"https:\/\/api.w.org\/{rel}","templated":true}]}}