{"id":5305,"date":"2022-06-23T17:33:10","date_gmt":"2022-06-23T17:33:10","guid":{"rendered":"https:\/\/www.cinemasoul.es\/?post_type=product&#038;p=5305"},"modified":"2022-06-23T17:33:10","modified_gmt":"2022-06-23T17:33:10","slug":"faraon-2-dvd","status":"publish","type":"product","link":"https:\/\/cinemasoul.es\/?product=faraon-2-dvd","title":{"rendered":"Fara\u00f3n [2 DVD]"},"content":{"rendered":"","protected":false},"excerpt":{"rendered":"<p><strong>Direcci\u00f3n:<\/strong> Jerzy Kawalerowicz <strong>Productora:<\/strong> STUDIO FILMOWE KADR <strong>Gui\u00f3n<\/strong>: JerzyKawalerowicz, Tadeus Konwicki, basado en la novela hom\u00f3nima de Boleslaw Prus <strong>Fotograf\u00eda<\/strong>: Jerzy Wojcik <strong>M\u00fasica<\/strong>: Adam Walacinski <strong>Color G\u00e9nero<\/strong>: Drama<\/p>\n<p><strong>FICHA ART\u00cdSTICA: Int\u00e9rpretes<\/strong>: [Jerzy Zelnik \/ Jery Selnik: Rams\u00e9s XIII], [Barbara Brylska: Kama] [Eva Kriezew: Hebron], [Krystyna Mikolajewska: Sarah], [Piotr Pawloski: Herhor], [Leszek Herdegen: Pentuer], [Jerzy Buczacki: Thutmosis], [Wieslawa Mazurkiewicz: Nikotris], [Stanislaw Milski: Mefres] <strong>N\u00ba DE EXPEDIENTE<\/strong>: <strong>100.163<\/strong> <strong>CLASIFICACI\u00d3N DE P\u00daBLICO<\/strong>: NO RECOMENDADA PARA MENORES DE 13 A\u00d1OS<\/p>\n<p>El joven pr\u00edncipe Rams\u00e9s, heredero y sucesor de su padre, el Fara\u00f3n Rams\u00e9s XII, y comandante del ej\u00e9rcito imperial, durante unas maniobras militares se enamora de Sarah, una muchacha hebrea, al punto que a su regreso a palacio la lleva consigo. Mientras tanto los sacerdotes estipulan un acuerdo secreto con Asiria, seg\u00fan el cual Egipto mantendr\u00e1 el control de Judea a cambio de abandonar todos sus derechos sobre Fenicia. Los fenicios, por otro lado, recurren al pr\u00edncipe Rams\u00e9s tratando de convencerle para que declare la guerra a los asirios. Cuando el Fara\u00f3n muere, el joven pr\u00edncipe sube al trono como Rams\u00e9s XIII. Inmediatamente, su oposici\u00f3n a los sacerdotes se intensifica. Descubre que las arcas del estado est\u00e1n vac\u00edas. No obstante sabe que los sacerdotes han acumulado durante muchos siglos un enorme tesoro en un laberinto secreto del templo. El Fara\u00f3n exige este oro, pero los sacerdotes reh\u00fasan entregarlo. Entonces Rams\u00e9s decide recurrir a la acci\u00f3n y se propone prender a los sacerdotes y acusarlos de traici\u00f3n.<\/p>\n<p><strong>Premios: 1967:<\/strong> Nominaci\u00f3n a los Oscar en la categor\u00eda Mejor Pel\u00edcula extranjera de habla no inglesa. <strong>1966:<\/strong> Nominaci\u00f3n a La Palma de Oro en el Festival de Cine de Cannes para Jerzy Kawalerowicz en la categor\u00eda Mejor Director<\/p>\n","protected":false},"featured_media":5306,"comment_status":"open","ping_status":"closed","template":"","meta":{"site-sidebar-layout":"default","site-content-layout":"default","ast-site-content-layout":"default","site-content-style":"default","site-sidebar-style":"default","ast-global-header-display":"","ast-banner-title-visibility":"","ast-main-header-display":"","ast-hfb-above-header-display":"","ast-hfb-below-header-display":"","ast-hfb-mobile-header-display":"","site-post-title":"","ast-breadcrumbs-content":"","ast-featured-img":"","footer-sml-layout":"","ast-disable-related-posts":"","theme-transparent-header-meta":"","adv-header-id-meta":"","stick-header-meta":"","header-above-stick-meta":"","header-main-stick-meta":"","header-below-stick-meta":"","astra-migrate-meta-layouts":"default","ast-page-background-enabled":"default","ast-page-background-meta":{"desktop":{"background-color":"","background-image":"","background-repeat":"repeat","background-position":"center center","background-size":"auto","background-attachment":"scroll","background-type":"","background-media":"","overlay-type":"","overlay-color":"","overlay-opacity":"","overlay-gradient":""},"tablet":{"background-color":"","background-image":"","background-repeat":"repeat","background-position":"center center","background-size":"auto","background-attachment":"scroll","background-type":"","background-media":"","overlay-type":"","overlay-color":"","overlay-opacity":"","overlay-gradient":""},"mobile":{"background-color":"","background-image":"","background-repeat":"repeat","background-position":"center center","background-size":"auto","background-attachment":"scroll","background-type":"","background-media":"","overlay-type":"","overlay-color":"","overlay-opacity":"","overlay-gradient":""}},"ast-content-background-meta":{"desktop":{"background-color":"var(--ast-global-color-5)","background-image":"","background-repeat":"repeat","background-position":"center center","background-size":"auto","background-attachment":"scroll","background-type":"","background-media":"","overlay-type":"","overlay-color":"","overlay-opacity":"","overlay-gradient":""},"tablet":{"background-color":"var(--ast-global-color-5)","background-image":"","background-repeat":"repeat","background-position":"center center","background-size":"auto","background-attachment":"scroll","background-type":"","background-media":"","overlay-type":"","overlay-color":"","overlay-opacity":"","overlay-gradient":""},"mobile":{"background-color":"var(--ast-global-color-5)","background-image":"","background-repeat":"repeat","background-position":"center center","background-size":"auto","background-attachment":"scroll","background-type":"","background-media":"","overlay-type":"","overlay-color":"","overlay-opacity":"","overlay-gradient":""}},"_joinchat":[]},"product_brand":[],"product_cat":[42],"product_tag":[],"class_list":{"0":"post-5305","1":"product","2":"type-product","3":"status-publish","4":"has-post-thumbnail","6":"product_cat-dvd","7":"desktop-align-left","8":"tablet-align-left","9":"mobile-align-left","11":"first","12":"instock","13":"sale","14":"shipping-taxable","15":"purchasable","16":"product-type-simple"},"_links":{"self":[{"href":"https:\/\/cinemasoul.es\/index.php?rest_route=\/wp\/v2\/product\/5305","targetHints":{"allow":["GET"]}}],"collection":[{"href":"https:\/\/cinemasoul.es\/index.php?rest_route=\/wp\/v2\/product"}],"about":[{"href":"https:\/\/cinemasoul.es\/index.php?rest_route=\/wp\/v2\/types\/product"}],"replies":[{"embeddable":true,"href":"https:\/\/cinemasoul.es\/index.php?rest_route=%2Fwp%2Fv2%2Fcomments&post=5305"}],"version-history":[{"count":1,"href":"https:\/\/cinemasoul.es\/index.php?rest_route=\/wp\/v2\/product\/5305\/revisions"}],"predecessor-version":[{"id":5308,"href":"https:\/\/cinemasoul.es\/index.php?rest_route=\/wp\/v2\/product\/5305\/revisions\/5308"}],"wp:featuredmedia":[{"embeddable":true,"href":"https:\/\/cinemasoul.es\/index.php?rest_route=\/wp\/v2\/media\/5306"}],"wp:attachment":[{"href":"https:\/\/cinemasoul.es\/index.php?rest_route=%2Fwp%2Fv2%2Fmedia&parent=5305"}],"wp:term":[{"taxonomy":"product_brand","embeddable":true,"href":"https:\/\/cinemasoul.es\/index.php?rest_route=%2Fwp%2Fv2%2Fproduct_brand&post=5305"},{"taxonomy":"product_cat","embeddable":true,"href":"https:\/\/cinemasoul.es\/index.php?rest_route=%2Fwp%2Fv2%2Fproduct_cat&post=5305"},{"taxonomy":"product_tag","embeddable":true,"href":"https:\/\/cinemasoul.es\/index.php?rest_route=%2Fwp%2Fv2%2Fproduct_tag&post=5305"}],"curies":[{"name":"wp","href":"https:\/\/api.w.org\/{rel}","templated":true}]}}