{"id":5292,"date":"2022-06-23T17:05:21","date_gmt":"2022-06-23T17:05:21","guid":{"rendered":"https:\/\/www.cinemasoul.es\/?post_type=product&#038;p=5292"},"modified":"2022-06-23T17:05:21","modified_gmt":"2022-06-23T17:05:21","slug":"el-tercer-dia-dvd","status":"publish","type":"product","link":"https:\/\/cinemasoul.es\/?product=el-tercer-dia-dvd","title":{"rendered":"El tercer d\u00eda [DVD]"},"content":{"rendered":"","protected":false},"excerpt":{"rendered":"<div id=\"tab-description\" class=\"tab-content\">\n<p>WARNER BROS. PICTURES presenta a\u00a0GEORGE PEPPARD\u00a0Y\u00a0ELIZABETH ASHLEY\u00a0EN\u00a0\u201cEL TERCER D\u00cdA\u201d (<em>THE THIRD DAY)\u00a0<\/em><strong>COPROTAGONIZADA<\/strong> POR\u00a0RODDY McDOWALL, ARTHUR O\u2019CONNELL, MONA WASHBOURNE, HERBERT MARSHALL, ROBERT WEBBER, CHARLES DRAKE, SALLY KELLERMAN.\u00a0<strong>M\u00daSICA<\/strong> DE\u00a0PERCY FAITH.\u00a0BASADO EN UNA <strong>NOVELA<\/strong> DE\u00a0JOSEPH HAYES.\u00a0<strong>GUI\u00d3N<\/strong> DE\u00a0BURTON WOHL YROBERT PRESNELL JR.\u00a0<strong>PRODUCIDA<\/strong> Y <strong>DIRIGIDA<\/strong> POR\u00a0JACK SMIGHT. TECHNICOLOR\u00ae\u00a0 PANAVISION\u00ae<\/p>\n<p><strong>IDIOMAS<\/strong>: CASTELLANO E INGL\u00c9S <strong>SUBT\u00cdTULOS<\/strong>: CASTELLANO\u00a0<strong>NACIONALIDAD<\/strong>: ESTADOS UNIDOS\u00a0<strong>A\u00d1O<\/strong>: 1965\u00a0<strong>G\u00c9NERO<\/strong>: DRAMA\u00a0<strong>DURACI\u00d3N<\/strong>: 114.\u00a0<strong>FORMATO<\/strong>: 16X9 1:78.\u00a0<strong>COLOR<\/strong>: COLOR <strong>CLASIFICACI\u00d3N<\/strong>: NO RECOMENDADA PARA MENORES DE 12 A\u00d1OS.<\/p>\n<p><em>\u00a1&#8230;dos hombres son un s\u00f3lo hombre en el tercer d\u00eda!\u00a0GEORGE PEPPARD Y ELIZABETH ASHLEY PROTAGONIZAN UN THRILLER CARGADO DE INESPERADOS GIROS.<\/em><strong><em>\u00a0<\/em><\/strong>Cuando un coche choca contra una valla y cae al r\u00edo, todos los elementos de un emocionante <em>thriller<\/em> emergen a la superficie: Una camarera ahogada, un conductor desorientado que no recuerda nada del accidente y un individuo que har\u00e1 todo lo posible para demostrar la culpabilidad del conductor. Adem\u00e1s de todo esto, se suma un toque de chantaje, un abogado mordaz y se obtiene un intrincado drama cargado de giros, vueltas y una conclusi\u00f3n sorprendente que le dejar\u00e1 sin aliento. George Peppard (<em>Los insaciables<\/em>) y Elizabeth Ashley encabezan un formidable reparto, que incluye a Roddy McDowall, Sally Kellerman (en su segundo papel en el cine) y Herbert Marshall (en su \u00faltima interpretaci\u00f3n), bajo la tensa direcci\u00f3n de Jack Smight (<em>Harper, investigador privado<\/em>, <em>As\u00ed no se trata a una dama<\/em>).<\/p>\n<\/div>\n","protected":false},"featured_media":5293,"comment_status":"open","ping_status":"closed","template":"","meta":{"site-sidebar-layout":"default","site-content-layout":"default","ast-site-content-layout":"default","site-content-style":"default","site-sidebar-style":"default","ast-global-header-display":"","ast-banner-title-visibility":"","ast-main-header-display":"","ast-hfb-above-header-display":"","ast-hfb-below-header-display":"","ast-hfb-mobile-header-display":"","site-post-title":"","ast-breadcrumbs-content":"","ast-featured-img":"","footer-sml-layout":"","ast-disable-related-posts":"","theme-transparent-header-meta":"","adv-header-id-meta":"","stick-header-meta":"","header-above-stick-meta":"","header-main-stick-meta":"","header-below-stick-meta":"","astra-migrate-meta-layouts":"default","ast-page-background-enabled":"default","ast-page-background-meta":{"desktop":{"background-color":"","background-image":"","background-repeat":"repeat","background-position":"center center","background-size":"auto","background-attachment":"scroll","background-type":"","background-media":"","overlay-type":"","overlay-color":"","overlay-opacity":"","overlay-gradient":""},"tablet":{"background-color":"","background-image":"","background-repeat":"repeat","background-position":"center center","background-size":"auto","background-attachment":"scroll","background-type":"","background-media":"","overlay-type":"","overlay-color":"","overlay-opacity":"","overlay-gradient":""},"mobile":{"background-color":"","background-image":"","background-repeat":"repeat","background-position":"center center","background-size":"auto","background-attachment":"scroll","background-type":"","background-media":"","overlay-type":"","overlay-color":"","overlay-opacity":"","overlay-gradient":""}},"ast-content-background-meta":{"desktop":{"background-color":"var(--ast-global-color-5)","background-image":"","background-repeat":"repeat","background-position":"center center","background-size":"auto","background-attachment":"scroll","background-type":"","background-media":"","overlay-type":"","overlay-color":"","overlay-opacity":"","overlay-gradient":""},"tablet":{"background-color":"var(--ast-global-color-5)","background-image":"","background-repeat":"repeat","background-position":"center center","background-size":"auto","background-attachment":"scroll","background-type":"","background-media":"","overlay-type":"","overlay-color":"","overlay-opacity":"","overlay-gradient":""},"mobile":{"background-color":"var(--ast-global-color-5)","background-image":"","background-repeat":"repeat","background-position":"center center","background-size":"auto","background-attachment":"scroll","background-type":"","background-media":"","overlay-type":"","overlay-color":"","overlay-opacity":"","overlay-gradient":""}},"_joinchat":[]},"product_brand":[],"product_cat":[42],"product_tag":[],"class_list":{"0":"post-5292","1":"product","2":"type-product","3":"status-publish","4":"has-post-thumbnail","6":"product_cat-dvd","7":"desktop-align-left","8":"tablet-align-left","9":"mobile-align-left","11":"first","12":"instock","13":"sale","14":"shipping-taxable","15":"purchasable","16":"product-type-simple"},"_links":{"self":[{"href":"https:\/\/cinemasoul.es\/index.php?rest_route=\/wp\/v2\/product\/5292","targetHints":{"allow":["GET"]}}],"collection":[{"href":"https:\/\/cinemasoul.es\/index.php?rest_route=\/wp\/v2\/product"}],"about":[{"href":"https:\/\/cinemasoul.es\/index.php?rest_route=\/wp\/v2\/types\/product"}],"replies":[{"embeddable":true,"href":"https:\/\/cinemasoul.es\/index.php?rest_route=%2Fwp%2Fv2%2Fcomments&post=5292"}],"version-history":[{"count":1,"href":"https:\/\/cinemasoul.es\/index.php?rest_route=\/wp\/v2\/product\/5292\/revisions"}],"predecessor-version":[{"id":5295,"href":"https:\/\/cinemasoul.es\/index.php?rest_route=\/wp\/v2\/product\/5292\/revisions\/5295"}],"wp:featuredmedia":[{"embeddable":true,"href":"https:\/\/cinemasoul.es\/index.php?rest_route=\/wp\/v2\/media\/5293"}],"wp:attachment":[{"href":"https:\/\/cinemasoul.es\/index.php?rest_route=%2Fwp%2Fv2%2Fmedia&parent=5292"}],"wp:term":[{"taxonomy":"product_brand","embeddable":true,"href":"https:\/\/cinemasoul.es\/index.php?rest_route=%2Fwp%2Fv2%2Fproduct_brand&post=5292"},{"taxonomy":"product_cat","embeddable":true,"href":"https:\/\/cinemasoul.es\/index.php?rest_route=%2Fwp%2Fv2%2Fproduct_cat&post=5292"},{"taxonomy":"product_tag","embeddable":true,"href":"https:\/\/cinemasoul.es\/index.php?rest_route=%2Fwp%2Fv2%2Fproduct_tag&post=5292"}],"curies":[{"name":"wp","href":"https:\/\/api.w.org\/{rel}","templated":true}]}}