{"id":5284,"date":"2022-06-23T16:39:03","date_gmt":"2022-06-23T16:39:03","guid":{"rendered":"https:\/\/www.cinemasoul.es\/?post_type=product&#038;p=5284"},"modified":"2022-06-23T16:39:03","modified_gmt":"2022-06-23T16:39:03","slug":"kim-de-la-india-dvd","status":"publish","type":"product","link":"https:\/\/cinemasoul.es\/?product=kim-de-la-india-dvd","title":{"rendered":"Kim de la India [DVD]"},"content":{"rendered":"","protected":false},"excerpt":{"rendered":"<div id=\"tab-description\" class=\"tab-content\">\n<p>M-G-M PRESENTA RUDYARD KIPLING\u2019S \u201cKIM DE LA INDIA\u201d\u00a0<strong>PROTAGONISTA<\/strong> ERROL FLYNN\u00a0CON DEAN STOCKWELL, PAUL LUKAS, ROBERT DOUGLAS, THOMAS GOMEZ, CECIL KELLAWAY, ARNOLD MOSS, LAURETTE LUEZ <strong>COLOR<\/strong> POR TECHNICOLOR <strong>GUI\u00d3N<\/strong> DE LEON GORDON, HELEN DEUTSCH Y RICHARD SCHAYER <strong>PRODUCIDA<\/strong> POR\u00a0LEON GORDON <strong>DIRIGIDA<\/strong> POR VICTOR SAVILLE UNA <strong>PEL\u00cdCULA<\/strong> DE METRO-GOLDWYN-MAYER.<\/p>\n<p><strong>A\u00d1O<\/strong>: 1948.\u00a0<strong>G\u00c9NERO<\/strong>: ACCI\u00d3N &#8211; AVENTURAS.\u00a0<strong>NACIONALIDAD<\/strong>: ESTADOS UNIDOS.\u00a0<strong>COLOR<\/strong>: COLOR <strong>DURACI\u00d3N<\/strong>: 108\u2019.\u00a0<strong>FORMATO<\/strong>: 4X3 1:33.\u00a0<strong>IDIOMAS<\/strong>: CASTELLANO E INGL\u00c9S CON SUBT\u00cdTULOS EN CASTELLANO.<\/p>\n<p><strong>REFERENCIA<\/strong>: 5051893008630 <strong>DEP\u00d3SITO LEGAL<\/strong>: TF-1530-2009.\u00a0<strong>N\u00ba DE EXPEDIENTE<\/strong>: 112.482.<\/p>\n<p><em>\u201cImpresionante por sus pretensiones y su desarrollo.\u201d<\/em> <strong><em>\u2013<\/em><\/strong> <em>John Douglas Earnes, THE MGM STORY<\/em><\/p>\n<p>Kim es un mozalbete\u00a0 que sabe bien c\u00f3mo afanar una comida caliente en las populosas ciudades de la India, escurrirse como un gato por las azoteas y, disfrazado de indio, disimular su origen anglosaj\u00f3n. Estas ma\u00f1as que, para Kim, son tan s\u00f3lo maneras de ejercer\u00a0 su libertad, para el espionaje colonial brit\u00e1nico son habilidades que resultar\u00e1n de utilidad si Kim se convierte en esp\u00eda. Al igual que Gunga Din, Capitanes intr\u00e9pidos y El hombre que pudo reinar, Kim de la India se inscribe en el preciado muestrario de pel\u00edculas basadas en obras de Kipling. Dean Stockwell, que por entonces s\u00f3lo llevaba cinco a\u00f1os en una carrera que se prolongar\u00eda desde la d\u00e9cada de 1940 hasta el s. XXI, interpreta al personaje que da t\u00edtulo a la pel\u00edcula. Y Errol Flynn es Barbarroja, protector de Kim y agente clave de las actividades de espionaje a las que llaman \u201cel Gran Juego\u201d. Aventuras con may\u00fasculas al mejor estilo de Kipling.<\/p>\n<\/div>\n","protected":false},"featured_media":5285,"comment_status":"open","ping_status":"closed","template":"","meta":{"site-sidebar-layout":"default","site-content-layout":"default","ast-site-content-layout":"default","site-content-style":"default","site-sidebar-style":"default","ast-global-header-display":"","ast-banner-title-visibility":"","ast-main-header-display":"","ast-hfb-above-header-display":"","ast-hfb-below-header-display":"","ast-hfb-mobile-header-display":"","site-post-title":"","ast-breadcrumbs-content":"","ast-featured-img":"","footer-sml-layout":"","ast-disable-related-posts":"","theme-transparent-header-meta":"","adv-header-id-meta":"","stick-header-meta":"","header-above-stick-meta":"","header-main-stick-meta":"","header-below-stick-meta":"","astra-migrate-meta-layouts":"default","ast-page-background-enabled":"default","ast-page-background-meta":{"desktop":{"background-color":"","background-image":"","background-repeat":"repeat","background-position":"center center","background-size":"auto","background-attachment":"scroll","background-type":"","background-media":"","overlay-type":"","overlay-color":"","overlay-opacity":"","overlay-gradient":""},"tablet":{"background-color":"","background-image":"","background-repeat":"repeat","background-position":"center center","background-size":"auto","background-attachment":"scroll","background-type":"","background-media":"","overlay-type":"","overlay-color":"","overlay-opacity":"","overlay-gradient":""},"mobile":{"background-color":"","background-image":"","background-repeat":"repeat","background-position":"center center","background-size":"auto","background-attachment":"scroll","background-type":"","background-media":"","overlay-type":"","overlay-color":"","overlay-opacity":"","overlay-gradient":""}},"ast-content-background-meta":{"desktop":{"background-color":"var(--ast-global-color-5)","background-image":"","background-repeat":"repeat","background-position":"center center","background-size":"auto","background-attachment":"scroll","background-type":"","background-media":"","overlay-type":"","overlay-color":"","overlay-opacity":"","overlay-gradient":""},"tablet":{"background-color":"var(--ast-global-color-5)","background-image":"","background-repeat":"repeat","background-position":"center center","background-size":"auto","background-attachment":"scroll","background-type":"","background-media":"","overlay-type":"","overlay-color":"","overlay-opacity":"","overlay-gradient":""},"mobile":{"background-color":"var(--ast-global-color-5)","background-image":"","background-repeat":"repeat","background-position":"center center","background-size":"auto","background-attachment":"scroll","background-type":"","background-media":"","overlay-type":"","overlay-color":"","overlay-opacity":"","overlay-gradient":""}},"_joinchat":[]},"product_brand":[],"product_cat":[42],"product_tag":[],"class_list":{"0":"post-5284","1":"product","2":"type-product","3":"status-publish","4":"has-post-thumbnail","6":"product_cat-dvd","7":"desktop-align-left","8":"tablet-align-left","9":"mobile-align-left","11":"first","12":"instock","13":"shipping-taxable","14":"product-type-simple"},"_links":{"self":[{"href":"https:\/\/cinemasoul.es\/index.php?rest_route=\/wp\/v2\/product\/5284","targetHints":{"allow":["GET"]}}],"collection":[{"href":"https:\/\/cinemasoul.es\/index.php?rest_route=\/wp\/v2\/product"}],"about":[{"href":"https:\/\/cinemasoul.es\/index.php?rest_route=\/wp\/v2\/types\/product"}],"replies":[{"embeddable":true,"href":"https:\/\/cinemasoul.es\/index.php?rest_route=%2Fwp%2Fv2%2Fcomments&post=5284"}],"version-history":[{"count":1,"href":"https:\/\/cinemasoul.es\/index.php?rest_route=\/wp\/v2\/product\/5284\/revisions"}],"predecessor-version":[{"id":5287,"href":"https:\/\/cinemasoul.es\/index.php?rest_route=\/wp\/v2\/product\/5284\/revisions\/5287"}],"wp:featuredmedia":[{"embeddable":true,"href":"https:\/\/cinemasoul.es\/index.php?rest_route=\/wp\/v2\/media\/5285"}],"wp:attachment":[{"href":"https:\/\/cinemasoul.es\/index.php?rest_route=%2Fwp%2Fv2%2Fmedia&parent=5284"}],"wp:term":[{"taxonomy":"product_brand","embeddable":true,"href":"https:\/\/cinemasoul.es\/index.php?rest_route=%2Fwp%2Fv2%2Fproduct_brand&post=5284"},{"taxonomy":"product_cat","embeddable":true,"href":"https:\/\/cinemasoul.es\/index.php?rest_route=%2Fwp%2Fv2%2Fproduct_cat&post=5284"},{"taxonomy":"product_tag","embeddable":true,"href":"https:\/\/cinemasoul.es\/index.php?rest_route=%2Fwp%2Fv2%2Fproduct_tag&post=5284"}],"curies":[{"name":"wp","href":"https:\/\/api.w.org\/{rel}","templated":true}]}}