{"id":5279,"date":"2022-06-23T12:56:36","date_gmt":"2022-06-23T12:56:36","guid":{"rendered":"https:\/\/www.cinemasoul.es\/?post_type=product&#038;p=5279"},"modified":"2022-06-23T12:56:36","modified_gmt":"2022-06-23T12:56:36","slug":"jim-thorpe-dvd","status":"publish","type":"product","link":"https:\/\/cinemasoul.es\/?product=jim-thorpe-dvd","title":{"rendered":"Jim Thorpe [DVD]"},"content":{"rendered":"","protected":false},"excerpt":{"rendered":"<p><em>\u00a1Llevaba el coraz\u00f3n de los Estados Unidos sobre el suyo!\u00a0Acci\u00f3n y emoci\u00f3n a raudales. La historia de una leyenda del atletismo.<\/em><\/p>\n<p>WARNER BROS. PICTURES PRESENTA \u201cJIM THORPE\u201d <strong>PROTAGONIZADA<\/strong> POR BURT LANCASTER\u00a0CON CHARLES BICKFORD, STEVE COCHRAN, PHYLLIS THAXTER.\u00a0<strong>GUI\u00d3N<\/strong> DE DOUGLAS MORROW <strong>Y<\/strong> EVERETT FREEMAN.\u00a0<strong>M\u00daSICA<\/strong> DE MAX STEINER JIM THORPE, ASESOR T\u00c9CNICO.\u00a0<strong>PRODUCIDA<\/strong> POR EVERETT FREEMAN.\u00a0<strong>DIRIGIDA<\/strong> POR MICHAEL CURTIZ.<\/p>\n<p><strong>IDIOMAS<\/strong>: CASTELLANO E INGL\u00c9S CON SUBT\u00cdTULOS EN CASTELLANO.\u00a0<strong>NACIONALIDAD<\/strong>: ESTADOS UNIDOS.\u00a0<strong>A\u00d1O<\/strong>: 1951.\u00a0<strong>G\u00c9NERO<\/strong>: DRAMA.\u00a0<strong>DURACI\u00d3N<\/strong>: 102 minutos.\u00a0<strong>FORMATO<\/strong>: 4X3 1:33.<strong>REFERENCIA<\/strong>: DVDY26117.\u00a0<strong>EAN<\/strong>: 5051893015539.\u00a0<strong>DEP\u00d3SITO LEGAL<\/strong>: TF: 1636-2009.\u00a0<strong>N\u00ba DE EXPEDIENTE<\/strong>: 113.919.\u00a0<strong>CLASIFICACI\u00d3N<\/strong>: NO RECOMENDADA PARA MENORES DE 13 A\u00d1OS.<\/p>\n<p>Lo hizo todo. Y mejor que nadie. Jim Thorpe, un indio de Oklahoma, jug\u00f3 al b\u00e9isbol profesional; convirti\u00f3 el f\u00fatbol americano, casi sin ayuda, en un deporte de masas; y adem\u00e1s gan\u00f3 varias medallas de oro ol\u00edmpicas. Y sin embargo no sab\u00eda nada de deportes cuando, de joven, se matricul\u00f3 en la Escuela Carlisle para indios. Al elegir al \u201catleta m\u00e1s grande del siglo xx\u201d, a los periodistas deportivos estadounidenses s\u00f3lo les quedaba un elecci\u00f3n: Jim Thorpe. Bajo la direcci\u00f3n de Michael Curtiz, Burt Lancaster aporta dignidad, determinaci\u00f3n y la poderosa presencia f\u00edsica que lo caracteriz\u00f3 a esta emocionante pel\u00edcula repleta de vibrantes escenas deportivas. Y tambi\u00e9n aporta fuerza dram\u00e1tica a la hora de plasmar en la pantalla el mayor triunfo de Thorpe: su retorno al \u00e9xito despu\u00e9s de un amargo per\u00edodo de oscuridad.<\/p>\n","protected":false},"featured_media":5280,"comment_status":"open","ping_status":"closed","template":"","meta":{"site-sidebar-layout":"default","site-content-layout":"default","ast-site-content-layout":"default","site-content-style":"default","site-sidebar-style":"default","ast-global-header-display":"","ast-banner-title-visibility":"","ast-main-header-display":"","ast-hfb-above-header-display":"","ast-hfb-below-header-display":"","ast-hfb-mobile-header-display":"","site-post-title":"","ast-breadcrumbs-content":"","ast-featured-img":"","footer-sml-layout":"","ast-disable-related-posts":"","theme-transparent-header-meta":"","adv-header-id-meta":"","stick-header-meta":"","header-above-stick-meta":"","header-main-stick-meta":"","header-below-stick-meta":"","astra-migrate-meta-layouts":"default","ast-page-background-enabled":"default","ast-page-background-meta":{"desktop":{"background-color":"","background-image":"","background-repeat":"repeat","background-position":"center center","background-size":"auto","background-attachment":"scroll","background-type":"","background-media":"","overlay-type":"","overlay-color":"","overlay-opacity":"","overlay-gradient":""},"tablet":{"background-color":"","background-image":"","background-repeat":"repeat","background-position":"center center","background-size":"auto","background-attachment":"scroll","background-type":"","background-media":"","overlay-type":"","overlay-color":"","overlay-opacity":"","overlay-gradient":""},"mobile":{"background-color":"","background-image":"","background-repeat":"repeat","background-position":"center center","background-size":"auto","background-attachment":"scroll","background-type":"","background-media":"","overlay-type":"","overlay-color":"","overlay-opacity":"","overlay-gradient":""}},"ast-content-background-meta":{"desktop":{"background-color":"var(--ast-global-color-5)","background-image":"","background-repeat":"repeat","background-position":"center center","background-size":"auto","background-attachment":"scroll","background-type":"","background-media":"","overlay-type":"","overlay-color":"","overlay-opacity":"","overlay-gradient":""},"tablet":{"background-color":"var(--ast-global-color-5)","background-image":"","background-repeat":"repeat","background-position":"center center","background-size":"auto","background-attachment":"scroll","background-type":"","background-media":"","overlay-type":"","overlay-color":"","overlay-opacity":"","overlay-gradient":""},"mobile":{"background-color":"var(--ast-global-color-5)","background-image":"","background-repeat":"repeat","background-position":"center center","background-size":"auto","background-attachment":"scroll","background-type":"","background-media":"","overlay-type":"","overlay-color":"","overlay-opacity":"","overlay-gradient":""}},"_joinchat":[]},"product_brand":[],"product_cat":[42],"product_tag":[],"class_list":{"0":"post-5279","1":"product","2":"type-product","3":"status-publish","4":"has-post-thumbnail","6":"product_cat-dvd","7":"desktop-align-left","8":"tablet-align-left","9":"mobile-align-left","11":"first","12":"instock","13":"sale","14":"shipping-taxable","15":"purchasable","16":"product-type-simple"},"_links":{"self":[{"href":"https:\/\/cinemasoul.es\/index.php?rest_route=\/wp\/v2\/product\/5279","targetHints":{"allow":["GET"]}}],"collection":[{"href":"https:\/\/cinemasoul.es\/index.php?rest_route=\/wp\/v2\/product"}],"about":[{"href":"https:\/\/cinemasoul.es\/index.php?rest_route=\/wp\/v2\/types\/product"}],"replies":[{"embeddable":true,"href":"https:\/\/cinemasoul.es\/index.php?rest_route=%2Fwp%2Fv2%2Fcomments&post=5279"}],"version-history":[{"count":1,"href":"https:\/\/cinemasoul.es\/index.php?rest_route=\/wp\/v2\/product\/5279\/revisions"}],"predecessor-version":[{"id":5282,"href":"https:\/\/cinemasoul.es\/index.php?rest_route=\/wp\/v2\/product\/5279\/revisions\/5282"}],"wp:featuredmedia":[{"embeddable":true,"href":"https:\/\/cinemasoul.es\/index.php?rest_route=\/wp\/v2\/media\/5280"}],"wp:attachment":[{"href":"https:\/\/cinemasoul.es\/index.php?rest_route=%2Fwp%2Fv2%2Fmedia&parent=5279"}],"wp:term":[{"taxonomy":"product_brand","embeddable":true,"href":"https:\/\/cinemasoul.es\/index.php?rest_route=%2Fwp%2Fv2%2Fproduct_brand&post=5279"},{"taxonomy":"product_cat","embeddable":true,"href":"https:\/\/cinemasoul.es\/index.php?rest_route=%2Fwp%2Fv2%2Fproduct_cat&post=5279"},{"taxonomy":"product_tag","embeddable":true,"href":"https:\/\/cinemasoul.es\/index.php?rest_route=%2Fwp%2Fv2%2Fproduct_tag&post=5279"}],"curies":[{"name":"wp","href":"https:\/\/api.w.org\/{rel}","templated":true}]}}