{"id":5275,"date":"2022-06-23T12:49:26","date_gmt":"2022-06-23T12:49:26","guid":{"rendered":"https:\/\/www.cinemasoul.es\/?post_type=product&#038;p=5275"},"modified":"2022-06-23T12:49:26","modified_gmt":"2022-06-23T12:49:26","slug":"ivanhoe-dvd","status":"publish","type":"product","link":"https:\/\/cinemasoul.es\/?product=ivanhoe-dvd","title":{"rendered":"Ivanhoe [DVD]"},"content":{"rendered":"","protected":false},"excerpt":{"rendered":"<div id=\"tab-description-2\" class=\"tab-content\">\n<p><em>METRO-GOLDWYN-MAYER<\/em> PRESENTA\u00a0BASADA EN LA NOVELA DE SIR WALTER SCOTT \u201cIVANHOE\u201d\u00a0<strong>PROTAGONISTAS<\/strong> ROBERT TAYLOR, ELIZABETH TAYLOR, JOAN FONTAINE, GEORGE SANDERS, EMLYN WILLIAMS\u00a0<strong>GUI\u00d3N<\/strong> DE NOEL LANGLEY\u00a0<strong>ADAPTACI\u00d3N<\/strong> DE AENEAS MACKENZIE\u00a0<strong>DIRIGIDA<\/strong> POR RICHARD THORPE\u00a0<strong>PRODUCIDA<\/strong> POR PANDRO S. BERMAN\u00a0UN <strong>FILM<\/strong> DE <em>METRO-GOLDWYN-MAYER<\/em> TECHNICOLOR\u00ae.<\/p>\n<p><strong>Idiomas<\/strong>: Castellano e Ingl\u00e9s con subt\u00edtulos en Castellano \u00a0Para \u00e1mbito dom\u00e9stico <strong>FORMATO DE PANTALLA<\/strong>: 4\/3 1.33:1 <strong>COLOR<\/strong>: COLOR <strong>DURACI\u00d3N<\/strong>: 102 Minutos aprox.<\/p>\n<p><strong>Caracter\u00edsticas<\/strong> <strong>especiales disponibles<\/strong>:\u00a0<strong>Extras<\/strong>: Ficha t\u00e9cnica, art\u00edstica y galer\u00eda fotogr\u00e1fica.<\/p>\n<p><strong>Certificado de Calificaci\u00f3n<\/strong> N\u00ba 107.885\u00a0<strong>CLASIFICACI\u00d3N<\/strong>: APTA PARA TODOS LOS P\u00daBLICOS<\/p>\n<p>\u201cOtra ganadora hist\u00f3rica. Di\u00e1logo culto a un ritmo impecable\u201d\u2014 Baird Searles, EPIC! HISTORY ON THE BIG SCREEN. \u00a0Lev\u00e1ntate y promete lealtad \u2013o prep\u00e1rate para yacer fr\u00edo bajo tu escudo. El caballero Wilfrid de Ivanhoe est\u00e1 decidido a restablecer a\u00a0 Ricardo \u201cCoraz\u00f3n de Le\u00f3n\u201d en el trono de Inglaterra.\u00a0La galanter\u00eda y la pomposidad del vestuario se combinan para agradar al espectador en esta nominada a tres galardones de la Academia\u00ae, incluyendo el de Mejor Pel\u00edcula. Robert Taylor interpreta el papel principal y Elizabeth Taylor y Joan Fontaine tambi\u00e9n protagonizan esta enardecida adaptaci\u00f3n de la novela de Walter Scott.\u00a0El torneo de combate de justas de la pel\u00edcula es una representaci\u00f3n galopante de corceles y hombres valientes. Lo m\u00e1s espectacular de todo es el sitio del castillo de Torquilstone, una incesante ola tras ola de combate de flechas, fuego, rocas grandes, arietes y cuchillas. \u00a1A las almenas!<\/p>\n<\/div>\n","protected":false},"featured_media":5276,"comment_status":"open","ping_status":"closed","template":"","meta":{"site-sidebar-layout":"default","site-content-layout":"default","ast-site-content-layout":"default","site-content-style":"default","site-sidebar-style":"default","ast-global-header-display":"","ast-banner-title-visibility":"","ast-main-header-display":"","ast-hfb-above-header-display":"","ast-hfb-below-header-display":"","ast-hfb-mobile-header-display":"","site-post-title":"","ast-breadcrumbs-content":"","ast-featured-img":"","footer-sml-layout":"","ast-disable-related-posts":"","theme-transparent-header-meta":"","adv-header-id-meta":"","stick-header-meta":"","header-above-stick-meta":"","header-main-stick-meta":"","header-below-stick-meta":"","astra-migrate-meta-layouts":"default","ast-page-background-enabled":"default","ast-page-background-meta":{"desktop":{"background-color":"","background-image":"","background-repeat":"repeat","background-position":"center center","background-size":"auto","background-attachment":"scroll","background-type":"","background-media":"","overlay-type":"","overlay-color":"","overlay-opacity":"","overlay-gradient":""},"tablet":{"background-color":"","background-image":"","background-repeat":"repeat","background-position":"center center","background-size":"auto","background-attachment":"scroll","background-type":"","background-media":"","overlay-type":"","overlay-color":"","overlay-opacity":"","overlay-gradient":""},"mobile":{"background-color":"","background-image":"","background-repeat":"repeat","background-position":"center center","background-size":"auto","background-attachment":"scroll","background-type":"","background-media":"","overlay-type":"","overlay-color":"","overlay-opacity":"","overlay-gradient":""}},"ast-content-background-meta":{"desktop":{"background-color":"var(--ast-global-color-5)","background-image":"","background-repeat":"repeat","background-position":"center center","background-size":"auto","background-attachment":"scroll","background-type":"","background-media":"","overlay-type":"","overlay-color":"","overlay-opacity":"","overlay-gradient":""},"tablet":{"background-color":"var(--ast-global-color-5)","background-image":"","background-repeat":"repeat","background-position":"center center","background-size":"auto","background-attachment":"scroll","background-type":"","background-media":"","overlay-type":"","overlay-color":"","overlay-opacity":"","overlay-gradient":""},"mobile":{"background-color":"var(--ast-global-color-5)","background-image":"","background-repeat":"repeat","background-position":"center center","background-size":"auto","background-attachment":"scroll","background-type":"","background-media":"","overlay-type":"","overlay-color":"","overlay-opacity":"","overlay-gradient":""}},"_joinchat":[]},"product_brand":[],"product_cat":[42],"product_tag":[],"class_list":{"0":"post-5275","1":"product","2":"type-product","3":"status-publish","4":"has-post-thumbnail","6":"product_cat-dvd","7":"desktop-align-left","8":"tablet-align-left","9":"mobile-align-left","11":"first","12":"instock","13":"shipping-taxable","14":"purchasable","15":"product-type-simple"},"_links":{"self":[{"href":"https:\/\/cinemasoul.es\/index.php?rest_route=\/wp\/v2\/product\/5275","targetHints":{"allow":["GET"]}}],"collection":[{"href":"https:\/\/cinemasoul.es\/index.php?rest_route=\/wp\/v2\/product"}],"about":[{"href":"https:\/\/cinemasoul.es\/index.php?rest_route=\/wp\/v2\/types\/product"}],"replies":[{"embeddable":true,"href":"https:\/\/cinemasoul.es\/index.php?rest_route=%2Fwp%2Fv2%2Fcomments&post=5275"}],"version-history":[{"count":1,"href":"https:\/\/cinemasoul.es\/index.php?rest_route=\/wp\/v2\/product\/5275\/revisions"}],"predecessor-version":[{"id":5278,"href":"https:\/\/cinemasoul.es\/index.php?rest_route=\/wp\/v2\/product\/5275\/revisions\/5278"}],"wp:featuredmedia":[{"embeddable":true,"href":"https:\/\/cinemasoul.es\/index.php?rest_route=\/wp\/v2\/media\/5276"}],"wp:attachment":[{"href":"https:\/\/cinemasoul.es\/index.php?rest_route=%2Fwp%2Fv2%2Fmedia&parent=5275"}],"wp:term":[{"taxonomy":"product_brand","embeddable":true,"href":"https:\/\/cinemasoul.es\/index.php?rest_route=%2Fwp%2Fv2%2Fproduct_brand&post=5275"},{"taxonomy":"product_cat","embeddable":true,"href":"https:\/\/cinemasoul.es\/index.php?rest_route=%2Fwp%2Fv2%2Fproduct_cat&post=5275"},{"taxonomy":"product_tag","embeddable":true,"href":"https:\/\/cinemasoul.es\/index.php?rest_route=%2Fwp%2Fv2%2Fproduct_tag&post=5275"}],"curies":[{"name":"wp","href":"https:\/\/api.w.org\/{rel}","templated":true}]}}