{"id":5273,"date":"2022-06-23T12:42:32","date_gmt":"2022-06-23T12:42:32","guid":{"rendered":"https:\/\/www.cinemasoul.es\/?post_type=product&#038;p=5273"},"modified":"2022-06-23T12:42:32","modified_gmt":"2022-06-23T12:42:32","slug":"huracan-sobre-la-isla-dvd","status":"publish","type":"product","link":"https:\/\/cinemasoul.es\/?product=huracan-sobre-la-isla-dvd","title":{"rendered":"Hurac\u00e1n sobre la isla [DVD]"},"content":{"rendered":"","protected":false},"excerpt":{"rendered":"<div id=\"tab-description\" class=\"tab-content\">\n<p><strong>Gui\u00f3n<\/strong> de Dudley Nichols.\u00a0Basada en la <strong>novela<\/strong> de Charles Nordhoff y James Norman Hall.\u00a0<strong>Producida<\/strong> por Samuel Goldwyn.\u00a0<strong>Productor asociado<\/strong> Merritt Hulburd.\u00a0<strong>Fotograf\u00eda<\/strong> de Bert Glennon.\u00a0<strong>M\u00fasica<\/strong> de Alfred Newman.\u00a0<strong>Protagonistas<\/strong>: Dorothy Lamour, Jon Hall, Mary Astor, C. Aubrey Smith, Thomas Mitchell, Raymond Massey, John Carradine, Jerome Cowan, Al Kikume, Kuulei de Clercq, Layne Tom Jr., Mamo Clark, Movita.\u00a0<strong>Dirigida<\/strong> por\u00a0John Ford.<\/p>\n<p><strong>A\u00f1o<\/strong>: 1937 <strong>G\u00e9nero<\/strong>: Aventura rom\u00e1ntica <strong>Nacionalidad<\/strong>: Estados Unidos <strong>Color<\/strong>: Blanco y negro <strong>Formato de pantalla<\/strong>: 4\/3 (1.33:1) <strong>Duraci\u00f3n<\/strong>: 104 minutos aprox. Para \u00e1mbito dom\u00e9stico. Apta para todos los p\u00fablicos.\u00a0<strong>Dep\u00f3sito Legal<\/strong>: TF: 676-2009.<\/p>\n<p><em>\u201cSamuel Goldwyn ha entrado en la historia del cine con Hurac\u00e1n sobre la isla, la secuencia m\u00e1s terror\u00edfica y realista rodada hasta la fecha\u2026\u201d<\/em> San Francisco Examiner<\/p>\n<p>Emocionante drama rom\u00e1ntico ambientado en los Mares del Sur, HURAC\u00c1N SOBRE LA ISLA est\u00e1 protagonizada en sus papeles estelares por DOROTHY LAMOUR y JON HALL y narra la hermosa historia de dos personas que intentan escapar de la venganza de un polic\u00eda despiadado. Con la ayuda de un terrible y destructivo hurac\u00e1n, empiezan una vida nueva con el hijo de ambos. El hurac\u00e1n que llena la pantalla de asombro y terror constituye un espect\u00e1culo soberbio. La pel\u00edcula, extraordinariamente dirigida por JOHN FORD, consigue un magistral maridaje de m\u00fasica e im\u00e1genes, al tiempo que un asombroso retrato de las poderosas fuerzas de la naturaleza desatada. \u00a1Perfecta por igual para rom\u00e1nticos y aficionados al cine de aventuras!<\/p>\n<\/div>\n","protected":false},"featured_media":5270,"comment_status":"open","ping_status":"closed","template":"","meta":{"site-sidebar-layout":"default","site-content-layout":"default","ast-site-content-layout":"default","site-content-style":"default","site-sidebar-style":"default","ast-global-header-display":"","ast-banner-title-visibility":"","ast-main-header-display":"","ast-hfb-above-header-display":"","ast-hfb-below-header-display":"","ast-hfb-mobile-header-display":"","site-post-title":"","ast-breadcrumbs-content":"","ast-featured-img":"","footer-sml-layout":"","ast-disable-related-posts":"","theme-transparent-header-meta":"","adv-header-id-meta":"","stick-header-meta":"","header-above-stick-meta":"","header-main-stick-meta":"","header-below-stick-meta":"","astra-migrate-meta-layouts":"default","ast-page-background-enabled":"default","ast-page-background-meta":{"desktop":{"background-color":"","background-image":"","background-repeat":"repeat","background-position":"center center","background-size":"auto","background-attachment":"scroll","background-type":"","background-media":"","overlay-type":"","overlay-color":"","overlay-opacity":"","overlay-gradient":""},"tablet":{"background-color":"","background-image":"","background-repeat":"repeat","background-position":"center center","background-size":"auto","background-attachment":"scroll","background-type":"","background-media":"","overlay-type":"","overlay-color":"","overlay-opacity":"","overlay-gradient":""},"mobile":{"background-color":"","background-image":"","background-repeat":"repeat","background-position":"center center","background-size":"auto","background-attachment":"scroll","background-type":"","background-media":"","overlay-type":"","overlay-color":"","overlay-opacity":"","overlay-gradient":""}},"ast-content-background-meta":{"desktop":{"background-color":"var(--ast-global-color-5)","background-image":"","background-repeat":"repeat","background-position":"center center","background-size":"auto","background-attachment":"scroll","background-type":"","background-media":"","overlay-type":"","overlay-color":"","overlay-opacity":"","overlay-gradient":""},"tablet":{"background-color":"var(--ast-global-color-5)","background-image":"","background-repeat":"repeat","background-position":"center center","background-size":"auto","background-attachment":"scroll","background-type":"","background-media":"","overlay-type":"","overlay-color":"","overlay-opacity":"","overlay-gradient":""},"mobile":{"background-color":"var(--ast-global-color-5)","background-image":"","background-repeat":"repeat","background-position":"center center","background-size":"auto","background-attachment":"scroll","background-type":"","background-media":"","overlay-type":"","overlay-color":"","overlay-opacity":"","overlay-gradient":""}},"_joinchat":[]},"product_brand":[],"product_cat":[42],"product_tag":[],"class_list":{"0":"post-5273","1":"product","2":"type-product","3":"status-publish","4":"has-post-thumbnail","6":"product_cat-dvd","7":"desktop-align-left","8":"tablet-align-left","9":"mobile-align-left","11":"first","12":"instock","13":"sale","14":"shipping-taxable","15":"purchasable","16":"product-type-simple"},"_links":{"self":[{"href":"https:\/\/cinemasoul.es\/index.php?rest_route=\/wp\/v2\/product\/5273","targetHints":{"allow":["GET"]}}],"collection":[{"href":"https:\/\/cinemasoul.es\/index.php?rest_route=\/wp\/v2\/product"}],"about":[{"href":"https:\/\/cinemasoul.es\/index.php?rest_route=\/wp\/v2\/types\/product"}],"replies":[{"embeddable":true,"href":"https:\/\/cinemasoul.es\/index.php?rest_route=%2Fwp%2Fv2%2Fcomments&post=5273"}],"version-history":[{"count":1,"href":"https:\/\/cinemasoul.es\/index.php?rest_route=\/wp\/v2\/product\/5273\/revisions"}],"predecessor-version":[{"id":5274,"href":"https:\/\/cinemasoul.es\/index.php?rest_route=\/wp\/v2\/product\/5273\/revisions\/5274"}],"wp:featuredmedia":[{"embeddable":true,"href":"https:\/\/cinemasoul.es\/index.php?rest_route=\/wp\/v2\/media\/5270"}],"wp:attachment":[{"href":"https:\/\/cinemasoul.es\/index.php?rest_route=%2Fwp%2Fv2%2Fmedia&parent=5273"}],"wp:term":[{"taxonomy":"product_brand","embeddable":true,"href":"https:\/\/cinemasoul.es\/index.php?rest_route=%2Fwp%2Fv2%2Fproduct_brand&post=5273"},{"taxonomy":"product_cat","embeddable":true,"href":"https:\/\/cinemasoul.es\/index.php?rest_route=%2Fwp%2Fv2%2Fproduct_cat&post=5273"},{"taxonomy":"product_tag","embeddable":true,"href":"https:\/\/cinemasoul.es\/index.php?rest_route=%2Fwp%2Fv2%2Fproduct_tag&post=5273"}],"curies":[{"name":"wp","href":"https:\/\/api.w.org\/{rel}","templated":true}]}}