{"id":5261,"date":"2022-06-23T12:02:33","date_gmt":"2022-06-23T12:02:33","guid":{"rendered":"https:\/\/www.cinemasoul.es\/?post_type=product&#038;p=5261"},"modified":"2022-06-23T12:02:33","modified_gmt":"2022-06-23T12:02:33","slug":"harry-black-y-el-tigre-dvd","status":"publish","type":"product","link":"https:\/\/cinemasoul.es\/?product=harry-black-y-el-tigre-dvd","title":{"rendered":"Harry Black y el tigre [DVD]"},"content":{"rendered":"","protected":false},"excerpt":{"rendered":"<p><strong>T\u00edtulo original<\/strong> Harry Black and the Tiger\u00a0<strong>A\u00f1o<\/strong> 1958\u00a0<strong>Duraci\u00f3n<\/strong> 107 min.\u00a0<strong>Pa\u00eds<\/strong> Reino Unido\u00a0<strong>Direcci\u00f3n<\/strong> Hugo Fregonese\u00a0<strong>Guion<\/strong> Sydney Boehm. <strong>Novela<\/strong>: David Walker\u00a0<strong>M\u00fasica<\/strong> Clifton Parker\u00a0<strong>Fotograf\u00eda<\/strong> John Wilcox\u00a0<strong>Reparto<\/strong> Stewart Granger, Barbara Rush, Anthony Steel, I.S. Johar, Martin Stephens, Frank Olegario, Kamala Devi, John Helier, Tom Bowman, Allan McClelland\u00a0<strong>Productora<\/strong> Mersham Productions Ltd\u00a0<strong>G\u00e9nero<\/strong> Acci\u00f3n. Aventuras. Drama<\/p>\n<p><strong>Sinopsis<\/strong> Harry Black, un cazador que perdi\u00f3 una pierna en la Segunda Guerra Mundial (1939-1945), sigue ejerciendo con eficacia su profesi\u00f3n en la India. Durante la caza de un sanguinario tigre, reaparecen en su vida el causante involuntario de la p\u00e9rdida de su pierna, su esposa y su hijo. Harry recordar\u00e1 y revivir\u00e1 su pasado mientras se enfrenta a su futuro y al peligro.<\/p>\n","protected":false},"featured_media":5262,"comment_status":"open","ping_status":"closed","template":"","meta":{"site-sidebar-layout":"default","site-content-layout":"default","ast-site-content-layout":"default","site-content-style":"default","site-sidebar-style":"default","ast-global-header-display":"","ast-banner-title-visibility":"","ast-main-header-display":"","ast-hfb-above-header-display":"","ast-hfb-below-header-display":"","ast-hfb-mobile-header-display":"","site-post-title":"","ast-breadcrumbs-content":"","ast-featured-img":"","footer-sml-layout":"","ast-disable-related-posts":"","theme-transparent-header-meta":"","adv-header-id-meta":"","stick-header-meta":"","header-above-stick-meta":"","header-main-stick-meta":"","header-below-stick-meta":"","astra-migrate-meta-layouts":"default","ast-page-background-enabled":"default","ast-page-background-meta":{"desktop":{"background-color":"","background-image":"","background-repeat":"repeat","background-position":"center center","background-size":"auto","background-attachment":"scroll","background-type":"","background-media":"","overlay-type":"","overlay-color":"","overlay-opacity":"","overlay-gradient":""},"tablet":{"background-color":"","background-image":"","background-repeat":"repeat","background-position":"center center","background-size":"auto","background-attachment":"scroll","background-type":"","background-media":"","overlay-type":"","overlay-color":"","overlay-opacity":"","overlay-gradient":""},"mobile":{"background-color":"","background-image":"","background-repeat":"repeat","background-position":"center center","background-size":"auto","background-attachment":"scroll","background-type":"","background-media":"","overlay-type":"","overlay-color":"","overlay-opacity":"","overlay-gradient":""}},"ast-content-background-meta":{"desktop":{"background-color":"var(--ast-global-color-5)","background-image":"","background-repeat":"repeat","background-position":"center center","background-size":"auto","background-attachment":"scroll","background-type":"","background-media":"","overlay-type":"","overlay-color":"","overlay-opacity":"","overlay-gradient":""},"tablet":{"background-color":"var(--ast-global-color-5)","background-image":"","background-repeat":"repeat","background-position":"center center","background-size":"auto","background-attachment":"scroll","background-type":"","background-media":"","overlay-type":"","overlay-color":"","overlay-opacity":"","overlay-gradient":""},"mobile":{"background-color":"var(--ast-global-color-5)","background-image":"","background-repeat":"repeat","background-position":"center center","background-size":"auto","background-attachment":"scroll","background-type":"","background-media":"","overlay-type":"","overlay-color":"","overlay-opacity":"","overlay-gradient":""}},"_joinchat":[]},"product_brand":[],"product_cat":[42],"product_tag":[],"class_list":{"0":"post-5261","1":"product","2":"type-product","3":"status-publish","4":"has-post-thumbnail","6":"product_cat-dvd","7":"desktop-align-left","8":"tablet-align-left","9":"mobile-align-left","11":"first","12":"instock","13":"sale","14":"shipping-taxable","15":"purchasable","16":"product-type-simple"},"_links":{"self":[{"href":"https:\/\/cinemasoul.es\/index.php?rest_route=\/wp\/v2\/product\/5261","targetHints":{"allow":["GET"]}}],"collection":[{"href":"https:\/\/cinemasoul.es\/index.php?rest_route=\/wp\/v2\/product"}],"about":[{"href":"https:\/\/cinemasoul.es\/index.php?rest_route=\/wp\/v2\/types\/product"}],"replies":[{"embeddable":true,"href":"https:\/\/cinemasoul.es\/index.php?rest_route=%2Fwp%2Fv2%2Fcomments&post=5261"}],"version-history":[{"count":1,"href":"https:\/\/cinemasoul.es\/index.php?rest_route=\/wp\/v2\/product\/5261\/revisions"}],"predecessor-version":[{"id":5264,"href":"https:\/\/cinemasoul.es\/index.php?rest_route=\/wp\/v2\/product\/5261\/revisions\/5264"}],"wp:featuredmedia":[{"embeddable":true,"href":"https:\/\/cinemasoul.es\/index.php?rest_route=\/wp\/v2\/media\/5262"}],"wp:attachment":[{"href":"https:\/\/cinemasoul.es\/index.php?rest_route=%2Fwp%2Fv2%2Fmedia&parent=5261"}],"wp:term":[{"taxonomy":"product_brand","embeddable":true,"href":"https:\/\/cinemasoul.es\/index.php?rest_route=%2Fwp%2Fv2%2Fproduct_brand&post=5261"},{"taxonomy":"product_cat","embeddable":true,"href":"https:\/\/cinemasoul.es\/index.php?rest_route=%2Fwp%2Fv2%2Fproduct_cat&post=5261"},{"taxonomy":"product_tag","embeddable":true,"href":"https:\/\/cinemasoul.es\/index.php?rest_route=%2Fwp%2Fv2%2Fproduct_tag&post=5261"}],"curies":[{"name":"wp","href":"https:\/\/api.w.org\/{rel}","templated":true}]}}