{"id":5249,"date":"2022-06-22T19:13:44","date_gmt":"2022-06-22T19:13:44","guid":{"rendered":"https:\/\/www.cinemasoul.es\/?post_type=product&#038;p=5249"},"modified":"2022-06-22T19:13:44","modified_gmt":"2022-06-22T19:13:44","slug":"fuga-sin-fin-dvd","status":"publish","type":"product","link":"https:\/\/cinemasoul.es\/?product=fuga-sin-fin-dvd","title":{"rendered":"Fuga sin Fin [DVD]"},"content":{"rendered":"","protected":false},"excerpt":{"rendered":"<div id=\"tab-description\" class=\"tab-content\">\n<p><strong>T\u00cdTULO ORIGINAL<\/strong>:\u00a0<em>THE LAST RUN \u00a0<\/em><strong>DIRIGIDA<\/strong> POR\u00a0RICHARD FLEISCHER\u00a0<strong>PRODUCIDA<\/strong> POR\u00a0CARTER DE HAVEN\u00a0<strong>GUI\u00d3N<\/strong> ORIGINAL DE\u00a0ALAN SHARP\u00a0<strong>M\u00daSICA<\/strong> DE\u00a0JERRY GOLDSMITH\u00a0<strong>FOTOGRAF\u00cdA<\/strong> DE\u00a0SVEN NYVIST\u00a0<strong>REPARTO<\/strong>:\u00a0GEORGE C. SCOTT\u00a0TONY MUSANTE, TRISH VAN DEVERE.<\/p>\n<p><strong>A\u00d1O<\/strong>: 1971\u00a0<strong>PA\u00cdS<\/strong>: ESTADOS UNIDOS\u00a0<strong>DURACI\u00d3N<\/strong>: 95 MIN. APROX.\u00a0<strong>G\u00c9NERO<\/strong>: ACCI\u00d3N\u00a0<strong>IDIOMAS<\/strong>: CASTELLANO, INGL\u00c9S <strong>SUBT\u00cdTULOS<\/strong>:\u00a0CASTELLANO. COLOR. <strong>FORMATO DE PANTALLA<\/strong>: 16\/9 2.40\u00a0<em>CALIFICACI\u00d3N<\/em>: NO RECOMENDADA PARA MENORES DE 18 A\u00d1OS\u00a0<em>N\u00ba DE EXPEDIENTE ICAA:<\/em> 123.229<\/p>\n<p>\u201cUN SORPRENDENTE ESTUDIO EXISTENCIALISTA.\u201d &#8211; Shock Cinema.\u00a0George C. Scott y Trish Van Devere (futura esposa de Scott) coprotagonizan este rudo drama criminal dirigido por Richard Fleischer (quien reemplaz\u00f3 a John Huston, director original del film). Scott interpreta a Harry Garmes, un conductor experto en fugas ya retirado que vive en un peque\u00f1o pueblo pesquero al sur de Portugal. A Garmers se le pide que haga un \u00faltimo trabajo: conducir a un joven asesino (Tony Musante) y a su novia (Van Devere) a trav\u00e9s de la frontera hacia Francia. Lo que sigue es un\u00a0<em>thriller<\/em>\u00a0 violento donde nadie puede confiar en nadie, y condimentado con un Scott duro como el acero y una impresionante fotograf\u00eda de Sven Nyvist.<\/p>\n<\/div>\n","protected":false},"featured_media":5250,"comment_status":"open","ping_status":"closed","template":"","meta":{"site-sidebar-layout":"default","site-content-layout":"default","ast-site-content-layout":"default","site-content-style":"default","site-sidebar-style":"default","ast-global-header-display":"","ast-banner-title-visibility":"","ast-main-header-display":"","ast-hfb-above-header-display":"","ast-hfb-below-header-display":"","ast-hfb-mobile-header-display":"","site-post-title":"","ast-breadcrumbs-content":"","ast-featured-img":"","footer-sml-layout":"","ast-disable-related-posts":"","theme-transparent-header-meta":"","adv-header-id-meta":"","stick-header-meta":"","header-above-stick-meta":"","header-main-stick-meta":"","header-below-stick-meta":"","astra-migrate-meta-layouts":"default","ast-page-background-enabled":"default","ast-page-background-meta":{"desktop":{"background-color":"","background-image":"","background-repeat":"repeat","background-position":"center center","background-size":"auto","background-attachment":"scroll","background-type":"","background-media":"","overlay-type":"","overlay-color":"","overlay-opacity":"","overlay-gradient":""},"tablet":{"background-color":"","background-image":"","background-repeat":"repeat","background-position":"center center","background-size":"auto","background-attachment":"scroll","background-type":"","background-media":"","overlay-type":"","overlay-color":"","overlay-opacity":"","overlay-gradient":""},"mobile":{"background-color":"","background-image":"","background-repeat":"repeat","background-position":"center center","background-size":"auto","background-attachment":"scroll","background-type":"","background-media":"","overlay-type":"","overlay-color":"","overlay-opacity":"","overlay-gradient":""}},"ast-content-background-meta":{"desktop":{"background-color":"var(--ast-global-color-5)","background-image":"","background-repeat":"repeat","background-position":"center center","background-size":"auto","background-attachment":"scroll","background-type":"","background-media":"","overlay-type":"","overlay-color":"","overlay-opacity":"","overlay-gradient":""},"tablet":{"background-color":"var(--ast-global-color-5)","background-image":"","background-repeat":"repeat","background-position":"center center","background-size":"auto","background-attachment":"scroll","background-type":"","background-media":"","overlay-type":"","overlay-color":"","overlay-opacity":"","overlay-gradient":""},"mobile":{"background-color":"var(--ast-global-color-5)","background-image":"","background-repeat":"repeat","background-position":"center center","background-size":"auto","background-attachment":"scroll","background-type":"","background-media":"","overlay-type":"","overlay-color":"","overlay-opacity":"","overlay-gradient":""}},"_joinchat":[]},"product_brand":[],"product_cat":[42],"product_tag":[],"class_list":{"0":"post-5249","1":"product","2":"type-product","3":"status-publish","4":"has-post-thumbnail","6":"product_cat-dvd","7":"desktop-align-left","8":"tablet-align-left","9":"mobile-align-left","11":"first","12":"instock","13":"sale","14":"shipping-taxable","15":"purchasable","16":"product-type-simple"},"_links":{"self":[{"href":"https:\/\/cinemasoul.es\/index.php?rest_route=\/wp\/v2\/product\/5249","targetHints":{"allow":["GET"]}}],"collection":[{"href":"https:\/\/cinemasoul.es\/index.php?rest_route=\/wp\/v2\/product"}],"about":[{"href":"https:\/\/cinemasoul.es\/index.php?rest_route=\/wp\/v2\/types\/product"}],"replies":[{"embeddable":true,"href":"https:\/\/cinemasoul.es\/index.php?rest_route=%2Fwp%2Fv2%2Fcomments&post=5249"}],"version-history":[{"count":1,"href":"https:\/\/cinemasoul.es\/index.php?rest_route=\/wp\/v2\/product\/5249\/revisions"}],"predecessor-version":[{"id":5252,"href":"https:\/\/cinemasoul.es\/index.php?rest_route=\/wp\/v2\/product\/5249\/revisions\/5252"}],"wp:featuredmedia":[{"embeddable":true,"href":"https:\/\/cinemasoul.es\/index.php?rest_route=\/wp\/v2\/media\/5250"}],"wp:attachment":[{"href":"https:\/\/cinemasoul.es\/index.php?rest_route=%2Fwp%2Fv2%2Fmedia&parent=5249"}],"wp:term":[{"taxonomy":"product_brand","embeddable":true,"href":"https:\/\/cinemasoul.es\/index.php?rest_route=%2Fwp%2Fv2%2Fproduct_brand&post=5249"},{"taxonomy":"product_cat","embeddable":true,"href":"https:\/\/cinemasoul.es\/index.php?rest_route=%2Fwp%2Fv2%2Fproduct_cat&post=5249"},{"taxonomy":"product_tag","embeddable":true,"href":"https:\/\/cinemasoul.es\/index.php?rest_route=%2Fwp%2Fv2%2Fproduct_tag&post=5249"}],"curies":[{"name":"wp","href":"https:\/\/api.w.org\/{rel}","templated":true}]}}