{"id":5245,"date":"2022-06-22T19:10:13","date_gmt":"2022-06-22T19:10:13","guid":{"rendered":"https:\/\/www.cinemasoul.es\/?post_type=product&#038;p=5245"},"modified":"2022-06-22T19:10:13","modified_gmt":"2022-06-22T19:10:13","slug":"fuga-de-zahrain-dvd","status":"publish","type":"product","link":"https:\/\/cinemasoul.es\/?product=fuga-de-zahrain-dvd","title":{"rendered":"Fuga de Zahrain [DVD]"},"content":{"rendered":"","protected":false},"excerpt":{"rendered":"<div id=\"tab-description\" class=\"tab-content\">\n<p>Yul Brynner en \u201cFuga de Zahrain\u201d (Escape from Zahrain)\u00a0<strong>Coprotagonizada por<\/strong> Sal Mineo, Jack Warden, Madlyn Rhue\u00a0<strong>Gui\u00f3n<\/strong> de Robin Estridge\u00a0Basado en una <strong>historia<\/strong> de Michael Barret \u00a0<strong>M\u00fasica de<\/strong> Lyn Murray\u00a0<strong>Fotograf\u00eda de<\/strong> Ellsworth Fredericks\u00a0<strong>Producida<\/strong> y <strong>dirigida<\/strong> por Ronald Neame. <strong>A\u00f1o<\/strong>: 1962\u00a0<strong>G\u00e9nero<\/strong>: Acci\u00f3n.\u00a0<strong>Nacionalidad<\/strong>: Estados Unidos. Color\u00a0<strong>Duraci\u00f3n<\/strong>: 93 minutos aprox.\u00a0<strong>Formato de pantalla<\/strong>: 16\/9 (2.35)\u00a0<strong>Idiomas<\/strong>: Castellano e Ingl\u00e9s\u00a0<strong>Subt\u00edtulos<\/strong>: Castellano No recomendada para menores de 12 a\u00f1os.\u00a0Para \u00e1mbito dom\u00e9stico\u00a0Certificado de calificaci\u00f3n: 122.734<\/p>\n<p>En un convulso pa\u00eds \u00e1rabe, los leales seguidores de un l\u00edder nacionalista (Yul Brynner) atacan un furg\u00f3n de la polic\u00eda que lo transporta a prisi\u00f3n y lo ayudan a escapar hacia el mortal desierto de Arabia. Con \u00e9l escapan dos presos condenados a muerte: Huston (Jack Warden), un aventurero estadounidense que ha estafado una fortuna a la compa\u00f1\u00eda petrolera Zahrain y Tahar (Anthony Caruso) un s\u00e1dico maniaco. Sal Mine (Rebelde sin causa) da vida a un estudiante que ayuda a los fugitivos conduciendo una ambulancia robada. Esta aventura cuenta con la colaboraci\u00f3n especial de James Mason (Con la muerte en los talones). Dirigida y producida por Ronald Neame (La aventura del Poseid\u00f3n).<\/p>\n<\/div>\n","protected":false},"featured_media":5246,"comment_status":"open","ping_status":"closed","template":"","meta":{"site-sidebar-layout":"default","site-content-layout":"default","ast-site-content-layout":"default","site-content-style":"default","site-sidebar-style":"default","ast-global-header-display":"","ast-banner-title-visibility":"","ast-main-header-display":"","ast-hfb-above-header-display":"","ast-hfb-below-header-display":"","ast-hfb-mobile-header-display":"","site-post-title":"","ast-breadcrumbs-content":"","ast-featured-img":"","footer-sml-layout":"","ast-disable-related-posts":"","theme-transparent-header-meta":"","adv-header-id-meta":"","stick-header-meta":"","header-above-stick-meta":"","header-main-stick-meta":"","header-below-stick-meta":"","astra-migrate-meta-layouts":"default","ast-page-background-enabled":"default","ast-page-background-meta":{"desktop":{"background-color":"","background-image":"","background-repeat":"repeat","background-position":"center center","background-size":"auto","background-attachment":"scroll","background-type":"","background-media":"","overlay-type":"","overlay-color":"","overlay-opacity":"","overlay-gradient":""},"tablet":{"background-color":"","background-image":"","background-repeat":"repeat","background-position":"center center","background-size":"auto","background-attachment":"scroll","background-type":"","background-media":"","overlay-type":"","overlay-color":"","overlay-opacity":"","overlay-gradient":""},"mobile":{"background-color":"","background-image":"","background-repeat":"repeat","background-position":"center center","background-size":"auto","background-attachment":"scroll","background-type":"","background-media":"","overlay-type":"","overlay-color":"","overlay-opacity":"","overlay-gradient":""}},"ast-content-background-meta":{"desktop":{"background-color":"var(--ast-global-color-5)","background-image":"","background-repeat":"repeat","background-position":"center center","background-size":"auto","background-attachment":"scroll","background-type":"","background-media":"","overlay-type":"","overlay-color":"","overlay-opacity":"","overlay-gradient":""},"tablet":{"background-color":"var(--ast-global-color-5)","background-image":"","background-repeat":"repeat","background-position":"center center","background-size":"auto","background-attachment":"scroll","background-type":"","background-media":"","overlay-type":"","overlay-color":"","overlay-opacity":"","overlay-gradient":""},"mobile":{"background-color":"var(--ast-global-color-5)","background-image":"","background-repeat":"repeat","background-position":"center center","background-size":"auto","background-attachment":"scroll","background-type":"","background-media":"","overlay-type":"","overlay-color":"","overlay-opacity":"","overlay-gradient":""}},"_joinchat":[]},"product_brand":[],"product_cat":[42],"product_tag":[],"class_list":{"0":"post-5245","1":"product","2":"type-product","3":"status-publish","4":"has-post-thumbnail","6":"product_cat-dvd","7":"desktop-align-left","8":"tablet-align-left","9":"mobile-align-left","11":"first","12":"instock","13":"sale","14":"shipping-taxable","15":"purchasable","16":"product-type-simple"},"_links":{"self":[{"href":"https:\/\/cinemasoul.es\/index.php?rest_route=\/wp\/v2\/product\/5245","targetHints":{"allow":["GET"]}}],"collection":[{"href":"https:\/\/cinemasoul.es\/index.php?rest_route=\/wp\/v2\/product"}],"about":[{"href":"https:\/\/cinemasoul.es\/index.php?rest_route=\/wp\/v2\/types\/product"}],"replies":[{"embeddable":true,"href":"https:\/\/cinemasoul.es\/index.php?rest_route=%2Fwp%2Fv2%2Fcomments&post=5245"}],"version-history":[{"count":1,"href":"https:\/\/cinemasoul.es\/index.php?rest_route=\/wp\/v2\/product\/5245\/revisions"}],"predecessor-version":[{"id":5248,"href":"https:\/\/cinemasoul.es\/index.php?rest_route=\/wp\/v2\/product\/5245\/revisions\/5248"}],"wp:featuredmedia":[{"embeddable":true,"href":"https:\/\/cinemasoul.es\/index.php?rest_route=\/wp\/v2\/media\/5246"}],"wp:attachment":[{"href":"https:\/\/cinemasoul.es\/index.php?rest_route=%2Fwp%2Fv2%2Fmedia&parent=5245"}],"wp:term":[{"taxonomy":"product_brand","embeddable":true,"href":"https:\/\/cinemasoul.es\/index.php?rest_route=%2Fwp%2Fv2%2Fproduct_brand&post=5245"},{"taxonomy":"product_cat","embeddable":true,"href":"https:\/\/cinemasoul.es\/index.php?rest_route=%2Fwp%2Fv2%2Fproduct_cat&post=5245"},{"taxonomy":"product_tag","embeddable":true,"href":"https:\/\/cinemasoul.es\/index.php?rest_route=%2Fwp%2Fv2%2Fproduct_tag&post=5245"}],"curies":[{"name":"wp","href":"https:\/\/api.w.org\/{rel}","templated":true}]}}