{"id":5241,"date":"2022-06-22T19:03:59","date_gmt":"2022-06-22T19:03:59","guid":{"rendered":"https:\/\/www.cinemasoul.es\/?post_type=product&#038;p=5241"},"modified":"2022-06-22T19:04:00","modified_gmt":"2022-06-22T19:04:00","slug":"fuego-escondido-dvd","status":"publish","type":"product","link":"https:\/\/cinemasoul.es\/?product=fuego-escondido-dvd","title":{"rendered":"Fuego Escondido [DVD]"},"content":{"rendered":"","protected":false},"excerpt":{"rendered":"<p>COLUMBIA PICTURES PRESENTA\u00a0UNA PRODUCCI\u00d3N DE WARWICK RITA HAYWORTH, ROBERT MITCHUM, JACK LEMMON EN \u201cFUEGO ESCONDIDO\u201d (<em>FIRE DOWN BELOW<\/em>) BASADO EN LA <strong>NOVELA<\/strong> DE MAX CATTO <strong>GUI\u00d3N<\/strong> DE IRWIN SHAW <strong>PRODUCIDA<\/strong> POR IRVING ALLEN Y ALBERT R. BROCCOLI <strong>DIRIGIDA<\/strong> POR ROBERT PARRISH<\/p>\n<p><strong>A\u00d1O<\/strong>:\u00a0 1957 <strong>G\u00c9NERO<\/strong>: AVENTURAS <strong>NACIONALIDAD<\/strong>: REINO UNIDO &#8211; ESTADOS UNIDOS <strong>COLOR<\/strong>: COLOR <strong>DURACI\u00d3N<\/strong>: 110 MINUTOS APROX.\u00a0<strong>IDIOMAS<\/strong>: CASTELLANO E INGL\u00c9S CON SUBT\u00cdTULOS EN CASTELLANO <strong>FORMATO DE PANTALLA<\/strong>: 16X9 2.35.1.\u00a0CERTIFICADO DE CLASIFICACI\u00d3N <strong>ICAA N\u00ba<\/strong>: 122.692 <strong>DEP\u00d3SITO LEGAL<\/strong>:TF: 1.145-2011 <strong>CLASIFICACI\u00d3N<\/strong>: NO RECOMENDADA PARA MENORES DE 12 A\u00d1OS.<\/p>\n<p><em>ELLA LOS LLEV\u00d3 A LA TENTACI\u00d3N. ELLOS LA LLEVARON A LA SALVACI\u00d3N.\u00a0\u00a1TRES DE LOS M\u00c1S GRANDES EN UNA DE LAS M\u00c1S GRANDES PEL\u00cdCULAS! RITA HAYWORTH ES LA MUJER QUE ENCIENDE PASIONES\u2026ROBERT MITCHUM ES EL HOMBRE ARRASTRADO POR SU FUEGO\u2026JACK LEMMON ES LA CHISPA SALVAJE QUE LO ENCIENDE\u2026 LLAMEANDO DESDE EL CARIBE\u2026 \u00a1\u00a1\u00a1LA GRAN EMOCI\u00d3N, LA ARDIENTE EMOCI\u00d3N!!!\u00a0<\/em><\/p>\n<p>Tony (Jack Lemmon) y Felix (Robert Mitchum) son los propietarios de un peque\u00f1o barco con el que navegan por el Caribe, haciendo peque\u00f1os trabajos transportando a personas de manera ilegal y vaciando cuanta botella se les pone por delante. Aunque no tiene pasaporte, ambos acceden a llevar en su barco a la hermosa Irena (Rita Hayworth) con destino a La Habana, pero durante la traves\u00eda se enamoran de ella, y su amistad se rompe. Tony deja el barco y acepta un trabajo en un carguero, pero, tras una colisi\u00f3n, el buque se incendia y \u00e9l queda atrapado bajo la cubierta. S\u00f3lo Felix, a quien odia y ha jurado matar, acude en su auxilio.<\/p>\n","protected":false},"featured_media":5242,"comment_status":"open","ping_status":"closed","template":"","meta":{"site-sidebar-layout":"default","site-content-layout":"default","ast-site-content-layout":"default","site-content-style":"default","site-sidebar-style":"default","ast-global-header-display":"","ast-banner-title-visibility":"","ast-main-header-display":"","ast-hfb-above-header-display":"","ast-hfb-below-header-display":"","ast-hfb-mobile-header-display":"","site-post-title":"","ast-breadcrumbs-content":"","ast-featured-img":"","footer-sml-layout":"","ast-disable-related-posts":"","theme-transparent-header-meta":"","adv-header-id-meta":"","stick-header-meta":"","header-above-stick-meta":"","header-main-stick-meta":"","header-below-stick-meta":"","astra-migrate-meta-layouts":"default","ast-page-background-enabled":"default","ast-page-background-meta":{"desktop":{"background-color":"","background-image":"","background-repeat":"repeat","background-position":"center center","background-size":"auto","background-attachment":"scroll","background-type":"","background-media":"","overlay-type":"","overlay-color":"","overlay-opacity":"","overlay-gradient":""},"tablet":{"background-color":"","background-image":"","background-repeat":"repeat","background-position":"center center","background-size":"auto","background-attachment":"scroll","background-type":"","background-media":"","overlay-type":"","overlay-color":"","overlay-opacity":"","overlay-gradient":""},"mobile":{"background-color":"","background-image":"","background-repeat":"repeat","background-position":"center center","background-size":"auto","background-attachment":"scroll","background-type":"","background-media":"","overlay-type":"","overlay-color":"","overlay-opacity":"","overlay-gradient":""}},"ast-content-background-meta":{"desktop":{"background-color":"var(--ast-global-color-5)","background-image":"","background-repeat":"repeat","background-position":"center center","background-size":"auto","background-attachment":"scroll","background-type":"","background-media":"","overlay-type":"","overlay-color":"","overlay-opacity":"","overlay-gradient":""},"tablet":{"background-color":"var(--ast-global-color-5)","background-image":"","background-repeat":"repeat","background-position":"center center","background-size":"auto","background-attachment":"scroll","background-type":"","background-media":"","overlay-type":"","overlay-color":"","overlay-opacity":"","overlay-gradient":""},"mobile":{"background-color":"var(--ast-global-color-5)","background-image":"","background-repeat":"repeat","background-position":"center center","background-size":"auto","background-attachment":"scroll","background-type":"","background-media":"","overlay-type":"","overlay-color":"","overlay-opacity":"","overlay-gradient":""}},"_joinchat":[]},"product_brand":[],"product_cat":[42],"product_tag":[],"class_list":{"0":"post-5241","1":"product","2":"type-product","3":"status-publish","4":"has-post-thumbnail","6":"product_cat-dvd","7":"desktop-align-left","8":"tablet-align-left","9":"mobile-align-left","11":"first","12":"instock","13":"sale","14":"shipping-taxable","15":"purchasable","16":"product-type-simple"},"_links":{"self":[{"href":"https:\/\/cinemasoul.es\/index.php?rest_route=\/wp\/v2\/product\/5241","targetHints":{"allow":["GET"]}}],"collection":[{"href":"https:\/\/cinemasoul.es\/index.php?rest_route=\/wp\/v2\/product"}],"about":[{"href":"https:\/\/cinemasoul.es\/index.php?rest_route=\/wp\/v2\/types\/product"}],"replies":[{"embeddable":true,"href":"https:\/\/cinemasoul.es\/index.php?rest_route=%2Fwp%2Fv2%2Fcomments&post=5241"}],"version-history":[{"count":1,"href":"https:\/\/cinemasoul.es\/index.php?rest_route=\/wp\/v2\/product\/5241\/revisions"}],"predecessor-version":[{"id":5244,"href":"https:\/\/cinemasoul.es\/index.php?rest_route=\/wp\/v2\/product\/5241\/revisions\/5244"}],"wp:featuredmedia":[{"embeddable":true,"href":"https:\/\/cinemasoul.es\/index.php?rest_route=\/wp\/v2\/media\/5242"}],"wp:attachment":[{"href":"https:\/\/cinemasoul.es\/index.php?rest_route=%2Fwp%2Fv2%2Fmedia&parent=5241"}],"wp:term":[{"taxonomy":"product_brand","embeddable":true,"href":"https:\/\/cinemasoul.es\/index.php?rest_route=%2Fwp%2Fv2%2Fproduct_brand&post=5241"},{"taxonomy":"product_cat","embeddable":true,"href":"https:\/\/cinemasoul.es\/index.php?rest_route=%2Fwp%2Fv2%2Fproduct_cat&post=5241"},{"taxonomy":"product_tag","embeddable":true,"href":"https:\/\/cinemasoul.es\/index.php?rest_route=%2Fwp%2Fv2%2Fproduct_tag&post=5241"}],"curies":[{"name":"wp","href":"https:\/\/api.w.org\/{rel}","templated":true}]}}