{"id":5231,"date":"2022-06-22T16:37:19","date_gmt":"2022-06-22T16:37:19","guid":{"rendered":"https:\/\/www.cinemasoul.es\/?post_type=product&#038;p=5231"},"modified":"2022-06-22T16:37:19","modified_gmt":"2022-06-22T16:37:19","slug":"el-extrano-amor-de-marta-ivers-dvd","status":"publish","type":"product","link":"https:\/\/cinemasoul.es\/?product=el-extrano-amor-de-marta-ivers-dvd","title":{"rendered":"El extra\u00f1o amor de Marta Ivers [DVD]"},"content":{"rendered":"","protected":false},"excerpt":{"rendered":"<p><strong>T\u00edtulo original<\/strong> The Strange Love of Martha Ivers\u00a0<strong>A\u00f1o<\/strong> 1946\u00a0<strong>Duraci\u00f3n<\/strong> 116 min.\u00a0<strong>Pa\u00eds<\/strong> Estados Unidos\u00a0<strong>Direcci\u00f3n<\/strong> Lewis Milestone\u00a0<strong>Guion<\/strong> Robert Rossen. <strong>Historia<\/strong>: John Patrick\u00a0<strong>M\u00fasica<\/strong> Mikl\u00f3s R\u00f3zsa\u00a0<strong>Fotograf\u00eda<\/strong> Victor Milner (B&amp;W) <strong>Reparto<\/strong> Barbara Stanwyck, Van Heflin, Lizabeth Scott, Kirk Douglas, Judith Anderson, Roman Bohnen, Darryl Hickman, Janis Wilson, Ann Doran, Frank Orth, James Flavin, Mickey Kuhn, Charles D. Brown\u00a0<strong>Productora<\/strong> Paramount Pictures. Productor: Hal B. Wallis\u00a0<strong>G\u00e9nero<\/strong> Cine negro. Drama | A\u00f1os 20<\/p>\n<p><strong>Sinopsis<\/strong> Tres amigos de la infancia, Martha, Walter y Sam, comparten un terrible secreto. Con el paso del tiempo, la ambiciosa Martha (Stanwyck) y el pusil\u00e1nime Walter (Douglas) se han casado: ella es una brillante y fr\u00eda empresaria, y \u00e9l es el fiscal del distrito; una combinaci\u00f3n perfecta para dominar a su antojo la ciudad de Iverstown. Pero el inesperado regreso de Sam (Heflin) a la ciudad, despu\u00e9s de muchos a\u00f1os de ausencia, perturba profundamente la vida de la pareja.<\/p>\n","protected":false},"featured_media":5232,"comment_status":"open","ping_status":"closed","template":"","meta":{"site-sidebar-layout":"default","site-content-layout":"default","ast-site-content-layout":"default","site-content-style":"default","site-sidebar-style":"default","ast-global-header-display":"","ast-banner-title-visibility":"","ast-main-header-display":"","ast-hfb-above-header-display":"","ast-hfb-below-header-display":"","ast-hfb-mobile-header-display":"","site-post-title":"","ast-breadcrumbs-content":"","ast-featured-img":"","footer-sml-layout":"","ast-disable-related-posts":"","theme-transparent-header-meta":"","adv-header-id-meta":"","stick-header-meta":"","header-above-stick-meta":"","header-main-stick-meta":"","header-below-stick-meta":"","astra-migrate-meta-layouts":"default","ast-page-background-enabled":"default","ast-page-background-meta":{"desktop":{"background-color":"","background-image":"","background-repeat":"repeat","background-position":"center center","background-size":"auto","background-attachment":"scroll","background-type":"","background-media":"","overlay-type":"","overlay-color":"","overlay-opacity":"","overlay-gradient":""},"tablet":{"background-color":"","background-image":"","background-repeat":"repeat","background-position":"center center","background-size":"auto","background-attachment":"scroll","background-type":"","background-media":"","overlay-type":"","overlay-color":"","overlay-opacity":"","overlay-gradient":""},"mobile":{"background-color":"","background-image":"","background-repeat":"repeat","background-position":"center center","background-size":"auto","background-attachment":"scroll","background-type":"","background-media":"","overlay-type":"","overlay-color":"","overlay-opacity":"","overlay-gradient":""}},"ast-content-background-meta":{"desktop":{"background-color":"var(--ast-global-color-5)","background-image":"","background-repeat":"repeat","background-position":"center center","background-size":"auto","background-attachment":"scroll","background-type":"","background-media":"","overlay-type":"","overlay-color":"","overlay-opacity":"","overlay-gradient":""},"tablet":{"background-color":"var(--ast-global-color-5)","background-image":"","background-repeat":"repeat","background-position":"center center","background-size":"auto","background-attachment":"scroll","background-type":"","background-media":"","overlay-type":"","overlay-color":"","overlay-opacity":"","overlay-gradient":""},"mobile":{"background-color":"var(--ast-global-color-5)","background-image":"","background-repeat":"repeat","background-position":"center center","background-size":"auto","background-attachment":"scroll","background-type":"","background-media":"","overlay-type":"","overlay-color":"","overlay-opacity":"","overlay-gradient":""}},"_joinchat":[]},"product_brand":[],"product_cat":[42],"product_tag":[],"class_list":{"0":"post-5231","1":"product","2":"type-product","3":"status-publish","4":"has-post-thumbnail","6":"product_cat-dvd","7":"desktop-align-left","8":"tablet-align-left","9":"mobile-align-left","11":"first","12":"instock","13":"sale","14":"shipping-taxable","15":"purchasable","16":"product-type-simple"},"_links":{"self":[{"href":"https:\/\/cinemasoul.es\/index.php?rest_route=\/wp\/v2\/product\/5231","targetHints":{"allow":["GET"]}}],"collection":[{"href":"https:\/\/cinemasoul.es\/index.php?rest_route=\/wp\/v2\/product"}],"about":[{"href":"https:\/\/cinemasoul.es\/index.php?rest_route=\/wp\/v2\/types\/product"}],"replies":[{"embeddable":true,"href":"https:\/\/cinemasoul.es\/index.php?rest_route=%2Fwp%2Fv2%2Fcomments&post=5231"}],"version-history":[{"count":1,"href":"https:\/\/cinemasoul.es\/index.php?rest_route=\/wp\/v2\/product\/5231\/revisions"}],"predecessor-version":[{"id":5234,"href":"https:\/\/cinemasoul.es\/index.php?rest_route=\/wp\/v2\/product\/5231\/revisions\/5234"}],"wp:featuredmedia":[{"embeddable":true,"href":"https:\/\/cinemasoul.es\/index.php?rest_route=\/wp\/v2\/media\/5232"}],"wp:attachment":[{"href":"https:\/\/cinemasoul.es\/index.php?rest_route=%2Fwp%2Fv2%2Fmedia&parent=5231"}],"wp:term":[{"taxonomy":"product_brand","embeddable":true,"href":"https:\/\/cinemasoul.es\/index.php?rest_route=%2Fwp%2Fv2%2Fproduct_brand&post=5231"},{"taxonomy":"product_cat","embeddable":true,"href":"https:\/\/cinemasoul.es\/index.php?rest_route=%2Fwp%2Fv2%2Fproduct_cat&post=5231"},{"taxonomy":"product_tag","embeddable":true,"href":"https:\/\/cinemasoul.es\/index.php?rest_route=%2Fwp%2Fv2%2Fproduct_tag&post=5231"}],"curies":[{"name":"wp","href":"https:\/\/api.w.org\/{rel}","templated":true}]}}