{"id":5228,"date":"2022-06-22T12:37:02","date_gmt":"2022-06-22T12:37:02","guid":{"rendered":"https:\/\/www.cinemasoul.es\/?post_type=product&#038;p=5228"},"modified":"2022-06-22T12:37:02","modified_gmt":"2022-06-22T12:37:02","slug":"el-explorador-perdido-dvd","status":"publish","type":"product","link":"https:\/\/cinemasoul.es\/?product=el-explorador-perdido-dvd","title":{"rendered":"El explorador perdido [DVD]"},"content":{"rendered":"","protected":false},"excerpt":{"rendered":"<p>\u00abEL EXPLORADOR PERDIDO\u00bb (<em>STANLEY AND LIVINGSTONE<\/em>).\u00a0<strong>PROTAGONIZADA POR\u00a0<\/strong>SPENCER TRACY, NANCY KELLY, RICHARD GREENE\u00a0<strong>CON\u00a0<\/strong>WALTER BRENNEN, CHARLES COBURN, SIR CEDRIC HARDWICKY, HENRY HULL, HENRY TRAVERS.\u00a0<strong>HISTORIA DE<\/strong> HAL LONG Y SAM HELLMAN.\u00a0<strong>GUI\u00d3N DE<\/strong> PHILIP DUNNE Y JULIEN JOSEPHSON.\u00a0<strong>DIRIGIDA POR<\/strong> HENRY KING.<\/p>\n<p><strong>A\u00d1O<\/strong>: 1939.\u00a0<strong>NACIONALIDAD<\/strong>: ESTADOS UNIDOS.\u00a0<strong>GENERO<\/strong>: AVENTURAS.\u00a0<strong>DURACI\u00d3N<\/strong>:\u00a0<strong>97<\/strong>\u00a0MINUTOS.\u00a0<strong>BLANCO Y NEGRO.\u00a0<\/strong><strong>FORMATO DE PANTALLA<\/strong>: 4\/3 1:33.1.\u00a0<strong>IDIOMAS<\/strong>: ESPA\u00d1OL E INGL\u00c9S CON SUBT\u00cdTULOS EN ESPA\u00d1OL.\u00a0<strong>N\u00ba DE EXPEDIENTE<\/strong>: 127.348.\u00a0<strong>CLASIFICACI\u00d3N<\/strong>: APTA PARA TODOS LOS P\u00daBLICOS.<\/p>\n<p>Cuando el periodista y aventurero americano Henry M. Stanley regresa de las guerras de las Indias Occidentales, James Gordon Bennett, su editor, lo env\u00eda a \u00c1frica a buscar al Dr. David Livingston, el misionero escoc\u00e9s desaparecido.<\/p>\n","protected":false},"featured_media":5229,"comment_status":"open","ping_status":"closed","template":"","meta":{"site-sidebar-layout":"default","site-content-layout":"default","ast-site-content-layout":"default","site-content-style":"default","site-sidebar-style":"default","ast-global-header-display":"","ast-banner-title-visibility":"","ast-main-header-display":"","ast-hfb-above-header-display":"","ast-hfb-below-header-display":"","ast-hfb-mobile-header-display":"","site-post-title":"","ast-breadcrumbs-content":"","ast-featured-img":"","footer-sml-layout":"","ast-disable-related-posts":"","theme-transparent-header-meta":"","adv-header-id-meta":"","stick-header-meta":"","header-above-stick-meta":"","header-main-stick-meta":"","header-below-stick-meta":"","astra-migrate-meta-layouts":"default","ast-page-background-enabled":"default","ast-page-background-meta":{"desktop":{"background-color":"","background-image":"","background-repeat":"repeat","background-position":"center center","background-size":"auto","background-attachment":"scroll","background-type":"","background-media":"","overlay-type":"","overlay-color":"","overlay-opacity":"","overlay-gradient":""},"tablet":{"background-color":"","background-image":"","background-repeat":"repeat","background-position":"center center","background-size":"auto","background-attachment":"scroll","background-type":"","background-media":"","overlay-type":"","overlay-color":"","overlay-opacity":"","overlay-gradient":""},"mobile":{"background-color":"","background-image":"","background-repeat":"repeat","background-position":"center center","background-size":"auto","background-attachment":"scroll","background-type":"","background-media":"","overlay-type":"","overlay-color":"","overlay-opacity":"","overlay-gradient":""}},"ast-content-background-meta":{"desktop":{"background-color":"var(--ast-global-color-5)","background-image":"","background-repeat":"repeat","background-position":"center center","background-size":"auto","background-attachment":"scroll","background-type":"","background-media":"","overlay-type":"","overlay-color":"","overlay-opacity":"","overlay-gradient":""},"tablet":{"background-color":"var(--ast-global-color-5)","background-image":"","background-repeat":"repeat","background-position":"center center","background-size":"auto","background-attachment":"scroll","background-type":"","background-media":"","overlay-type":"","overlay-color":"","overlay-opacity":"","overlay-gradient":""},"mobile":{"background-color":"var(--ast-global-color-5)","background-image":"","background-repeat":"repeat","background-position":"center center","background-size":"auto","background-attachment":"scroll","background-type":"","background-media":"","overlay-type":"","overlay-color":"","overlay-opacity":"","overlay-gradient":""}},"_joinchat":[]},"product_brand":[],"product_cat":[42],"product_tag":[],"class_list":{"0":"post-5228","1":"product","2":"type-product","3":"status-publish","4":"has-post-thumbnail","6":"product_cat-dvd","7":"desktop-align-left","8":"tablet-align-left","9":"mobile-align-left","11":"first","12":"instock","13":"shipping-taxable","14":"purchasable","15":"product-type-simple"},"_links":{"self":[{"href":"https:\/\/cinemasoul.es\/index.php?rest_route=\/wp\/v2\/product\/5228","targetHints":{"allow":["GET"]}}],"collection":[{"href":"https:\/\/cinemasoul.es\/index.php?rest_route=\/wp\/v2\/product"}],"about":[{"href":"https:\/\/cinemasoul.es\/index.php?rest_route=\/wp\/v2\/types\/product"}],"replies":[{"embeddable":true,"href":"https:\/\/cinemasoul.es\/index.php?rest_route=%2Fwp%2Fv2%2Fcomments&post=5228"}],"version-history":[{"count":1,"href":"https:\/\/cinemasoul.es\/index.php?rest_route=\/wp\/v2\/product\/5228\/revisions"}],"predecessor-version":[{"id":5230,"href":"https:\/\/cinemasoul.es\/index.php?rest_route=\/wp\/v2\/product\/5228\/revisions\/5230"}],"wp:featuredmedia":[{"embeddable":true,"href":"https:\/\/cinemasoul.es\/index.php?rest_route=\/wp\/v2\/media\/5229"}],"wp:attachment":[{"href":"https:\/\/cinemasoul.es\/index.php?rest_route=%2Fwp%2Fv2%2Fmedia&parent=5228"}],"wp:term":[{"taxonomy":"product_brand","embeddable":true,"href":"https:\/\/cinemasoul.es\/index.php?rest_route=%2Fwp%2Fv2%2Fproduct_brand&post=5228"},{"taxonomy":"product_cat","embeddable":true,"href":"https:\/\/cinemasoul.es\/index.php?rest_route=%2Fwp%2Fv2%2Fproduct_cat&post=5228"},{"taxonomy":"product_tag","embeddable":true,"href":"https:\/\/cinemasoul.es\/index.php?rest_route=%2Fwp%2Fv2%2Fproduct_tag&post=5228"}],"curies":[{"name":"wp","href":"https:\/\/api.w.org\/{rel}","templated":true}]}}