{"id":5223,"date":"2022-06-21T19:11:05","date_gmt":"2022-06-21T19:11:05","guid":{"rendered":"https:\/\/www.cinemasoul.es\/?post_type=product&#038;p=5223"},"modified":"2022-06-21T19:11:40","modified_gmt":"2022-06-21T19:11:40","slug":"excalibur-dvd","status":"publish","type":"product","link":"https:\/\/cinemasoul.es\/?product=excalibur-dvd","title":{"rendered":"Excalibur [DVD]"},"content":{"rendered":"","protected":false},"excerpt":{"rendered":"<div id=\"tab-description\" class=\"tab-content\">\n<p>\u201cEXCALIBUR\u201d\u00a0<strong>de<\/strong>\u00a0JOHN BOORMAN\u00a0<strong>Protagonizada por<\/strong>\u00a0NIGEL, HELEN MIRREN, NICHOLAS CLAY, CHERIE LUNGHI, PAUL GEOFFREY y NICOL WILLIAMSON\u00a0<strong>Productores ejecutivos<\/strong>\u00a0EDGAR F.GROSS y ROBERT A.EISENSTEIN\u00a0<strong>Dirigida y Producida por<\/strong>\u00a0JOHN BOORMAN\u00a0<strong>Gui\u00f3n de<\/strong>\u00a0ROSPO PALLENBERG y JOHN BOORMAN\u00a0<strong>Adaptaci\u00f3n de<\/strong>\u00a0LE MORTE DARTHUR\u00a0<strong>de<\/strong>\u00a0Thomas Malory\u00a0<strong>por<\/strong>\u00a0ROSPO PALLENBERG. <strong>Duraci\u00f3n<\/strong>:<strong>\u00a0<\/strong>135&#8242;.\u00a0<strong>Formato<\/strong>:\u00a016\/9 (1.85:1)\u00a0<strong>Color<\/strong>.\u00a0<strong>A\u00f1o<\/strong>:\u00a01981.\u00a0No recomendada para menores de 13 a\u00f1os. <strong>Caracter\u00edsticas especiales disponibles:\u00a0Idiomas Dolby Digital 5.1:<\/strong>\u00a0Ingl\u00e9s \/\u00a0<strong>Idiomas\u00a0 Mono:<\/strong>\u00a0Alem\u00e1n y Castellano.\u00a0<strong>Subt\u00edtulos:<\/strong>\u00a0Ingl\u00e9s, Alem\u00e1n, Castellano, Holand\u00e9s, Sueco, Noruego, Dan\u00e9s, Finland\u00e9s, Portugu\u00e9s, Franc\u00e9s, Italiano, Hebreo, Polaco, Griego, Checo, Turco, H\u00fangaro, Island\u00e9s, Croata, Ingl\u00e9s para sordos, Alem\u00e1n para sordos.<\/p>\n<p>La leyenda del Rey Arturo y los Caballeros de la Mesa Redonda se presenta en Excalibur, la cautivadora versi\u00f3n cinematogr\u00e1fica del director John Boorman (Defensa).\u00a0Todos los elementos y el trasfondo de la novela cl\u00e1sica de Sir Thomas Malory\u00a0<em>Le Morte d&#8217;Arthur<\/em>, se encuentran presentes en la pantalla: el joven caballero Arturo (Nigel Terry) coronado rey tras extraer la espada encantada Excalibur; el noble nacimiento de la Hermandad de la Tabla Redonda cuyos ideales encarnan el leal Lancelot y su tr\u00e1gico declive; la heroica b\u00fasqueda del Grial; y la balanza del poder entre la magia de Merlin (Nicol Williamson) y la maldad de Morgana (Helen Mirren).\u00a0Co-protagonizada por Patrick Steward, Gabriel Byrne y Liam Nelson en uno de sus primeros papeles. Excalibur muestra todo el esplendor de la \u00e9poca, desde la impresionante secuencia de batallas hasta las escenas de amor caballeresco.<\/p>\n<\/div>\n","protected":false},"featured_media":5224,"comment_status":"open","ping_status":"closed","template":"","meta":{"site-sidebar-layout":"default","site-content-layout":"default","ast-site-content-layout":"default","site-content-style":"default","site-sidebar-style":"default","ast-global-header-display":"","ast-banner-title-visibility":"","ast-main-header-display":"","ast-hfb-above-header-display":"","ast-hfb-below-header-display":"","ast-hfb-mobile-header-display":"","site-post-title":"","ast-breadcrumbs-content":"","ast-featured-img":"","footer-sml-layout":"","ast-disable-related-posts":"","theme-transparent-header-meta":"","adv-header-id-meta":"","stick-header-meta":"","header-above-stick-meta":"","header-main-stick-meta":"","header-below-stick-meta":"","astra-migrate-meta-layouts":"default","ast-page-background-enabled":"default","ast-page-background-meta":{"desktop":{"background-color":"","background-image":"","background-repeat":"repeat","background-position":"center center","background-size":"auto","background-attachment":"scroll","background-type":"","background-media":"","overlay-type":"","overlay-color":"","overlay-opacity":"","overlay-gradient":""},"tablet":{"background-color":"","background-image":"","background-repeat":"repeat","background-position":"center center","background-size":"auto","background-attachment":"scroll","background-type":"","background-media":"","overlay-type":"","overlay-color":"","overlay-opacity":"","overlay-gradient":""},"mobile":{"background-color":"","background-image":"","background-repeat":"repeat","background-position":"center center","background-size":"auto","background-attachment":"scroll","background-type":"","background-media":"","overlay-type":"","overlay-color":"","overlay-opacity":"","overlay-gradient":""}},"ast-content-background-meta":{"desktop":{"background-color":"var(--ast-global-color-5)","background-image":"","background-repeat":"repeat","background-position":"center center","background-size":"auto","background-attachment":"scroll","background-type":"","background-media":"","overlay-type":"","overlay-color":"","overlay-opacity":"","overlay-gradient":""},"tablet":{"background-color":"var(--ast-global-color-5)","background-image":"","background-repeat":"repeat","background-position":"center center","background-size":"auto","background-attachment":"scroll","background-type":"","background-media":"","overlay-type":"","overlay-color":"","overlay-opacity":"","overlay-gradient":""},"mobile":{"background-color":"var(--ast-global-color-5)","background-image":"","background-repeat":"repeat","background-position":"center center","background-size":"auto","background-attachment":"scroll","background-type":"","background-media":"","overlay-type":"","overlay-color":"","overlay-opacity":"","overlay-gradient":""}},"_joinchat":[]},"product_brand":[],"product_cat":[42],"product_tag":[],"class_list":{"0":"post-5223","1":"product","2":"type-product","3":"status-publish","4":"has-post-thumbnail","6":"product_cat-dvd","7":"desktop-align-left","8":"tablet-align-left","9":"mobile-align-left","11":"first","12":"instock","13":"shipping-taxable","14":"purchasable","15":"product-type-simple"},"_links":{"self":[{"href":"https:\/\/cinemasoul.es\/index.php?rest_route=\/wp\/v2\/product\/5223","targetHints":{"allow":["GET"]}}],"collection":[{"href":"https:\/\/cinemasoul.es\/index.php?rest_route=\/wp\/v2\/product"}],"about":[{"href":"https:\/\/cinemasoul.es\/index.php?rest_route=\/wp\/v2\/types\/product"}],"replies":[{"embeddable":true,"href":"https:\/\/cinemasoul.es\/index.php?rest_route=%2Fwp%2Fv2%2Fcomments&post=5223"}],"version-history":[{"count":2,"href":"https:\/\/cinemasoul.es\/index.php?rest_route=\/wp\/v2\/product\/5223\/revisions"}],"predecessor-version":[{"id":5227,"href":"https:\/\/cinemasoul.es\/index.php?rest_route=\/wp\/v2\/product\/5223\/revisions\/5227"}],"wp:featuredmedia":[{"embeddable":true,"href":"https:\/\/cinemasoul.es\/index.php?rest_route=\/wp\/v2\/media\/5224"}],"wp:attachment":[{"href":"https:\/\/cinemasoul.es\/index.php?rest_route=%2Fwp%2Fv2%2Fmedia&parent=5223"}],"wp:term":[{"taxonomy":"product_brand","embeddable":true,"href":"https:\/\/cinemasoul.es\/index.php?rest_route=%2Fwp%2Fv2%2Fproduct_brand&post=5223"},{"taxonomy":"product_cat","embeddable":true,"href":"https:\/\/cinemasoul.es\/index.php?rest_route=%2Fwp%2Fv2%2Fproduct_cat&post=5223"},{"taxonomy":"product_tag","embeddable":true,"href":"https:\/\/cinemasoul.es\/index.php?rest_route=%2Fwp%2Fv2%2Fproduct_tag&post=5223"}],"curies":[{"name":"wp","href":"https:\/\/api.w.org\/{rel}","templated":true}]}}