{"id":5220,"date":"2022-06-21T19:03:05","date_gmt":"2022-06-21T19:03:05","guid":{"rendered":"https:\/\/www.cinemasoul.es\/?post_type=product&#038;p=5220"},"modified":"2022-06-21T19:03:06","modified_gmt":"2022-06-21T19:03:06","slug":"el-secreto-de-los-hombres-azules-dvd","status":"publish","type":"product","link":"https:\/\/cinemasoul.es\/?product=el-secreto-de-los-hombres-azules-dvd","title":{"rendered":"El secreto de los hombres azules [DVD]"},"content":{"rendered":"","protected":false},"excerpt":{"rendered":"<div id=\"tab-description\" class=\"tab-content\">\n<p>LEX BARKER EN\u00a0\u00abEL SECRETO DE LOS HOMBRES AZULES\u00bb\u00a0CON MARPESSA DAWN, ODILE VERSOIS, FRANCK VILLARD, MICH\u00c8LE BAILLY.\u00a0<strong>FOTOGRAF\u00cdA<\/strong> DE ELOY MELLA.\u00a0<strong>MONTAJE<\/strong> PEDRO DEL REY.\u00a0<strong>M\u00daSICA<\/strong> DE JOSEPH KOSMA.\u00a0<strong>GUI\u00d3N<\/strong> RAFAEL AZCONA.\u00a0<strong>PRODUCCI\u00d3N<\/strong> GEORGES GLASS.\u00a0<strong>DIRECTOR<\/strong> EDMOND AGABRA.<\/p>\n<p><strong>A\u00d1O<\/strong>: 1961 <strong>G\u00c9NERO<\/strong>: AVENTURAS <strong>NACIONALIDAD<\/strong>: ESPA\u00d1A \u2013 FRANCIA <strong>COLOR<\/strong> <strong>DURACI\u00d3N<\/strong>: 86 MINUTOS.\u00a0<strong>IDIOMAS<\/strong>: CASTELLANO Y ALEM\u00c1N CON SUBT\u00cdTULOS EN CASTELLANO.\u00a0<strong>FORMATO DE PANTALLA<\/strong>: 4\/3 1.33.1.\u00a0CERTIFICADO DE CLASIFICACI\u00d3N <strong>ICAA<\/strong>\u00a0N\u00ba: 121.487.\u00a0APTA PARA TODOS LOS P\u00daBLICOS.\u00a0<strong>DEP\u00d3SITO LEGAL<\/strong>: M-28285-2011.<\/p>\n<p>Mogador, a\u00f1o 1850. En b\u00fasqueda del legendario tesoro de Zuleika, a trav\u00e9s del desierto del S\u00e1hara, va el aventurero americano Fred (Lex Barker) junto con una caravana. Una repentina tormenta de arena hace que el grupo se pierda y llegue a un oasis desconocido habitado por los temibles tuaregs. All\u00ed Fred no s\u00f3lo encuentra el amor en la nativa Malika (Marpessa Alba), sino tambi\u00e9n el s\u00edmbolo \u201cOmega\u201d que lleva buscando tanto tiempo y que indica la existencia de una enorme reserva de oro. Ahora tiene que decidir entre el amor y la conquista de la gloria\u2026<\/p>\n<\/div>\n","protected":false},"featured_media":5221,"comment_status":"open","ping_status":"closed","template":"","meta":{"site-sidebar-layout":"default","site-content-layout":"default","ast-site-content-layout":"default","site-content-style":"default","site-sidebar-style":"default","ast-global-header-display":"","ast-banner-title-visibility":"","ast-main-header-display":"","ast-hfb-above-header-display":"","ast-hfb-below-header-display":"","ast-hfb-mobile-header-display":"","site-post-title":"","ast-breadcrumbs-content":"","ast-featured-img":"","footer-sml-layout":"","ast-disable-related-posts":"","theme-transparent-header-meta":"","adv-header-id-meta":"","stick-header-meta":"","header-above-stick-meta":"","header-main-stick-meta":"","header-below-stick-meta":"","astra-migrate-meta-layouts":"default","ast-page-background-enabled":"default","ast-page-background-meta":{"desktop":{"background-color":"","background-image":"","background-repeat":"repeat","background-position":"center center","background-size":"auto","background-attachment":"scroll","background-type":"","background-media":"","overlay-type":"","overlay-color":"","overlay-opacity":"","overlay-gradient":""},"tablet":{"background-color":"","background-image":"","background-repeat":"repeat","background-position":"center center","background-size":"auto","background-attachment":"scroll","background-type":"","background-media":"","overlay-type":"","overlay-color":"","overlay-opacity":"","overlay-gradient":""},"mobile":{"background-color":"","background-image":"","background-repeat":"repeat","background-position":"center center","background-size":"auto","background-attachment":"scroll","background-type":"","background-media":"","overlay-type":"","overlay-color":"","overlay-opacity":"","overlay-gradient":""}},"ast-content-background-meta":{"desktop":{"background-color":"var(--ast-global-color-5)","background-image":"","background-repeat":"repeat","background-position":"center center","background-size":"auto","background-attachment":"scroll","background-type":"","background-media":"","overlay-type":"","overlay-color":"","overlay-opacity":"","overlay-gradient":""},"tablet":{"background-color":"var(--ast-global-color-5)","background-image":"","background-repeat":"repeat","background-position":"center center","background-size":"auto","background-attachment":"scroll","background-type":"","background-media":"","overlay-type":"","overlay-color":"","overlay-opacity":"","overlay-gradient":""},"mobile":{"background-color":"var(--ast-global-color-5)","background-image":"","background-repeat":"repeat","background-position":"center center","background-size":"auto","background-attachment":"scroll","background-type":"","background-media":"","overlay-type":"","overlay-color":"","overlay-opacity":"","overlay-gradient":""}},"_joinchat":[]},"product_brand":[],"product_cat":[42],"product_tag":[],"class_list":{"0":"post-5220","1":"product","2":"type-product","3":"status-publish","4":"has-post-thumbnail","6":"product_cat-dvd","7":"desktop-align-left","8":"tablet-align-left","9":"mobile-align-left","11":"first","12":"instock","13":"sale","14":"shipping-taxable","15":"purchasable","16":"product-type-simple"},"_links":{"self":[{"href":"https:\/\/cinemasoul.es\/index.php?rest_route=\/wp\/v2\/product\/5220","targetHints":{"allow":["GET"]}}],"collection":[{"href":"https:\/\/cinemasoul.es\/index.php?rest_route=\/wp\/v2\/product"}],"about":[{"href":"https:\/\/cinemasoul.es\/index.php?rest_route=\/wp\/v2\/types\/product"}],"replies":[{"embeddable":true,"href":"https:\/\/cinemasoul.es\/index.php?rest_route=%2Fwp%2Fv2%2Fcomments&post=5220"}],"version-history":[{"count":1,"href":"https:\/\/cinemasoul.es\/index.php?rest_route=\/wp\/v2\/product\/5220\/revisions"}],"predecessor-version":[{"id":5222,"href":"https:\/\/cinemasoul.es\/index.php?rest_route=\/wp\/v2\/product\/5220\/revisions\/5222"}],"wp:featuredmedia":[{"embeddable":true,"href":"https:\/\/cinemasoul.es\/index.php?rest_route=\/wp\/v2\/media\/5221"}],"wp:attachment":[{"href":"https:\/\/cinemasoul.es\/index.php?rest_route=%2Fwp%2Fv2%2Fmedia&parent=5220"}],"wp:term":[{"taxonomy":"product_brand","embeddable":true,"href":"https:\/\/cinemasoul.es\/index.php?rest_route=%2Fwp%2Fv2%2Fproduct_brand&post=5220"},{"taxonomy":"product_cat","embeddable":true,"href":"https:\/\/cinemasoul.es\/index.php?rest_route=%2Fwp%2Fv2%2Fproduct_cat&post=5220"},{"taxonomy":"product_tag","embeddable":true,"href":"https:\/\/cinemasoul.es\/index.php?rest_route=%2Fwp%2Fv2%2Fproduct_tag&post=5220"}],"curies":[{"name":"wp","href":"https:\/\/api.w.org\/{rel}","templated":true}]}}