{"id":5216,"date":"2022-06-21T18:32:04","date_gmt":"2022-06-21T18:32:04","guid":{"rendered":"https:\/\/www.cinemasoul.es\/?post_type=product&#038;p=5216"},"modified":"2022-06-21T18:32:05","modified_gmt":"2022-06-21T18:32:05","slug":"el-tesoro-de-bengala-dvd","status":"publish","type":"product","link":"https:\/\/cinemasoul.es\/?product=el-tesoro-de-bengala-dvd","title":{"rendered":"El tesoro de Bengala [DVD]"},"content":{"rendered":"","protected":false},"excerpt":{"rendered":"<p>(<em>IL TESORO DEI BENGALA<\/em>)\u00a0<strong>PROTAGONIZADA POR<\/strong> SABU, GEORGES POUJOULY, LUISA BONI, LUIG TOSI, MANUEL SERRANO.\u00a0<strong>GUI\u00d3N DE<\/strong> PIERO DE BEMARDI.\u00a0<strong>BASADO EN LA NOVELA DE<\/strong> EMILIO SALGARI.\u00a0<strong>FOTOGRAF\u00cdA DE<\/strong> RENATO DEL FRATE.\u00a0<strong>M\u00daSICA DE<\/strong> ITALO DELLE GEZE.\u00a0<strong>DIRIGIDA POR<\/strong> GIANNI VERNUCCIO.\u00a0<strong>PRODUCIDA POR<\/strong> GIORGIO VENTURINI.<\/p>\n<p><strong>A\u00d1O<\/strong>: 1953.\u00a0<strong>G\u00c9NERO<\/strong>: AVENTURAS.\u00a0<strong>NACIONALIDAD<\/strong>: FRANCIA \u2013 ITALIA.\u00a0<strong>COLOR<\/strong>.\u00a0<strong>DURACI\u00d3N<\/strong>: 72 MINUTOS.\u00a0<strong>IDIOMAS<\/strong>: CASTELLANO Y ALEM\u00c1N CON SUBT\u00cdTULOS EN CASTELLANO.\u00a0<strong>FORMATO DE PANTALLA<\/strong>: 4\/3 1.33.1.\u00a0<strong>CERTIFICADO DE CLASIFICACI\u00d3N<\/strong> <strong>ICAA<\/strong> N\u00ba: 121.469.\u00a0<strong>CLASIFICACI\u00d3N<\/strong>: APTA PARA TODOS LOS P\u00daBLICOS.\u00a0<strong>DEP\u00d3SITO<\/strong> <strong>LEGAL<\/strong>: M-28284-2011.<\/p>\n<p>La India, Siglo XVII. Sobornado por un traficante de esclavos europeo, Uzak roba \u201cLa estrella de oriente\u201d, un valioso rub\u00ed del templo de la diosa. Pero el valiente Ainur sigue la pista de Uzak y tras una larga serie de aventuras, Ainur no s\u00f3lo consigue recuperar la joya sustra\u00edda sino que tambi\u00e9n salva la vida de su esposa Kaima, que iba ser sacrificada.<\/p>\n","protected":false},"featured_media":5217,"comment_status":"open","ping_status":"closed","template":"","meta":{"site-sidebar-layout":"default","site-content-layout":"default","ast-site-content-layout":"default","site-content-style":"default","site-sidebar-style":"default","ast-global-header-display":"","ast-banner-title-visibility":"","ast-main-header-display":"","ast-hfb-above-header-display":"","ast-hfb-below-header-display":"","ast-hfb-mobile-header-display":"","site-post-title":"","ast-breadcrumbs-content":"","ast-featured-img":"","footer-sml-layout":"","ast-disable-related-posts":"","theme-transparent-header-meta":"","adv-header-id-meta":"","stick-header-meta":"","header-above-stick-meta":"","header-main-stick-meta":"","header-below-stick-meta":"","astra-migrate-meta-layouts":"default","ast-page-background-enabled":"default","ast-page-background-meta":{"desktop":{"background-color":"","background-image":"","background-repeat":"repeat","background-position":"center center","background-size":"auto","background-attachment":"scroll","background-type":"","background-media":"","overlay-type":"","overlay-color":"","overlay-opacity":"","overlay-gradient":""},"tablet":{"background-color":"","background-image":"","background-repeat":"repeat","background-position":"center center","background-size":"auto","background-attachment":"scroll","background-type":"","background-media":"","overlay-type":"","overlay-color":"","overlay-opacity":"","overlay-gradient":""},"mobile":{"background-color":"","background-image":"","background-repeat":"repeat","background-position":"center center","background-size":"auto","background-attachment":"scroll","background-type":"","background-media":"","overlay-type":"","overlay-color":"","overlay-opacity":"","overlay-gradient":""}},"ast-content-background-meta":{"desktop":{"background-color":"var(--ast-global-color-5)","background-image":"","background-repeat":"repeat","background-position":"center center","background-size":"auto","background-attachment":"scroll","background-type":"","background-media":"","overlay-type":"","overlay-color":"","overlay-opacity":"","overlay-gradient":""},"tablet":{"background-color":"var(--ast-global-color-5)","background-image":"","background-repeat":"repeat","background-position":"center center","background-size":"auto","background-attachment":"scroll","background-type":"","background-media":"","overlay-type":"","overlay-color":"","overlay-opacity":"","overlay-gradient":""},"mobile":{"background-color":"var(--ast-global-color-5)","background-image":"","background-repeat":"repeat","background-position":"center center","background-size":"auto","background-attachment":"scroll","background-type":"","background-media":"","overlay-type":"","overlay-color":"","overlay-opacity":"","overlay-gradient":""}},"_joinchat":[]},"product_brand":[],"product_cat":[42],"product_tag":[],"class_list":{"0":"post-5216","1":"product","2":"type-product","3":"status-publish","4":"has-post-thumbnail","6":"product_cat-dvd","7":"desktop-align-left","8":"tablet-align-left","9":"mobile-align-left","11":"first","12":"instock","13":"shipping-taxable","14":"purchasable","15":"product-type-simple"},"_links":{"self":[{"href":"https:\/\/cinemasoul.es\/index.php?rest_route=\/wp\/v2\/product\/5216","targetHints":{"allow":["GET"]}}],"collection":[{"href":"https:\/\/cinemasoul.es\/index.php?rest_route=\/wp\/v2\/product"}],"about":[{"href":"https:\/\/cinemasoul.es\/index.php?rest_route=\/wp\/v2\/types\/product"}],"replies":[{"embeddable":true,"href":"https:\/\/cinemasoul.es\/index.php?rest_route=%2Fwp%2Fv2%2Fcomments&post=5216"}],"version-history":[{"count":1,"href":"https:\/\/cinemasoul.es\/index.php?rest_route=\/wp\/v2\/product\/5216\/revisions"}],"predecessor-version":[{"id":5219,"href":"https:\/\/cinemasoul.es\/index.php?rest_route=\/wp\/v2\/product\/5216\/revisions\/5219"}],"wp:featuredmedia":[{"embeddable":true,"href":"https:\/\/cinemasoul.es\/index.php?rest_route=\/wp\/v2\/media\/5217"}],"wp:attachment":[{"href":"https:\/\/cinemasoul.es\/index.php?rest_route=%2Fwp%2Fv2%2Fmedia&parent=5216"}],"wp:term":[{"taxonomy":"product_brand","embeddable":true,"href":"https:\/\/cinemasoul.es\/index.php?rest_route=%2Fwp%2Fv2%2Fproduct_brand&post=5216"},{"taxonomy":"product_cat","embeddable":true,"href":"https:\/\/cinemasoul.es\/index.php?rest_route=%2Fwp%2Fv2%2Fproduct_cat&post=5216"},{"taxonomy":"product_tag","embeddable":true,"href":"https:\/\/cinemasoul.es\/index.php?rest_route=%2Fwp%2Fv2%2Fproduct_tag&post=5216"}],"curies":[{"name":"wp","href":"https:\/\/api.w.org\/{rel}","templated":true}]}}