{"id":5209,"date":"2022-06-20T20:07:26","date_gmt":"2022-06-20T20:07:26","guid":{"rendered":"https:\/\/www.cinemasoul.es\/?post_type=product&#038;p=5209"},"modified":"2022-06-20T20:07:26","modified_gmt":"2022-06-20T20:07:26","slug":"el-valle-de-los-hombres-de-piedra-dvd","status":"publish","type":"product","link":"https:\/\/cinemasoul.es\/?product=el-valle-de-los-hombres-de-piedra-dvd","title":{"rendered":"El valle de los hombres de piedra [DVD]"},"content":{"rendered":"","protected":false},"excerpt":{"rendered":"<p><strong>T\u00edtulo original<\/strong> Perseo l&#8217;invincibile\u00a0<strong>A\u00f1o<\/strong> 1963 <strong>Duraci\u00f3n<\/strong> 95 min. <strong>Pa\u00eds<\/strong> Italia\u00a0<strong>Direcci\u00f3n<\/strong> Alberto De Martino\u00a0<strong>Guion<\/strong> Alberto De Martino, Mario Guerra, Edoardo G. Conti, Ernesto Gastaldi\u00a0<strong>M\u00fasica<\/strong> Carlo Franci, Manuel Parada\u00a0<strong>Fotograf\u00eda<\/strong> Eloy Mella, Dario Di Palma\u00a0<strong>Reparto<\/strong> Richard Harrison, \u00c1ngel Jord\u00e1n, Anna Ranalli, Arturo Dominici, Elisa Cegani, Leo Anch\u00f3riz, Antonio Molino Rojo, Roberto Camardiel, Fernando Liger, Bruno Scipioni\u00a0<strong>Productora<\/strong> Coproducci\u00f3n Italia-Espa\u00f1a; Cineproduzione Emo Bistolfi, Copercines Cooperativa Cinematogr\u00e1fica <strong>G\u00e9nero<\/strong> Aventuras. Fant\u00e1stico | Mitolog\u00eda<\/p>\n<p><strong>Sinopsis<\/strong> La Medusa es un monstruo que acecha un lago y ataca a un grupo de soldados; la visi\u00f3n de su \u00fanico ojo es capaz de convertir en piedra a sus v\u00edctimas y el reino de Argos se vale de ella para imponer asfixiantes peajes a quienes pasen por all\u00ed. Perseo, el desaparecido hijo del verdadero rey de Argos (asesinado por un usurpador que se cas\u00f3 con su viuda), es capturado por las tropas de un monarca mal\u00e9fico y obligado a batirse como gladiador. Pero escapa y conspira para derrocar al malvado, teniendo tiempo a\u00fan para enfrentar a la Medusa y probar suerte si puede volver a la vida a los soldados petrificados.<\/p>\n","protected":false},"featured_media":0,"comment_status":"open","ping_status":"closed","template":"","meta":{"site-sidebar-layout":"default","site-content-layout":"default","ast-site-content-layout":"default","site-content-style":"default","site-sidebar-style":"default","ast-global-header-display":"","ast-banner-title-visibility":"","ast-main-header-display":"","ast-hfb-above-header-display":"","ast-hfb-below-header-display":"","ast-hfb-mobile-header-display":"","site-post-title":"","ast-breadcrumbs-content":"","ast-featured-img":"","footer-sml-layout":"","ast-disable-related-posts":"","theme-transparent-header-meta":"","adv-header-id-meta":"","stick-header-meta":"","header-above-stick-meta":"","header-main-stick-meta":"","header-below-stick-meta":"","astra-migrate-meta-layouts":"default","ast-page-background-enabled":"default","ast-page-background-meta":{"desktop":{"background-color":"","background-image":"","background-repeat":"repeat","background-position":"center center","background-size":"auto","background-attachment":"scroll","background-type":"","background-media":"","overlay-type":"","overlay-color":"","overlay-opacity":"","overlay-gradient":""},"tablet":{"background-color":"","background-image":"","background-repeat":"repeat","background-position":"center center","background-size":"auto","background-attachment":"scroll","background-type":"","background-media":"","overlay-type":"","overlay-color":"","overlay-opacity":"","overlay-gradient":""},"mobile":{"background-color":"","background-image":"","background-repeat":"repeat","background-position":"center center","background-size":"auto","background-attachment":"scroll","background-type":"","background-media":"","overlay-type":"","overlay-color":"","overlay-opacity":"","overlay-gradient":""}},"ast-content-background-meta":{"desktop":{"background-color":"var(--ast-global-color-5)","background-image":"","background-repeat":"repeat","background-position":"center center","background-size":"auto","background-attachment":"scroll","background-type":"","background-media":"","overlay-type":"","overlay-color":"","overlay-opacity":"","overlay-gradient":""},"tablet":{"background-color":"var(--ast-global-color-5)","background-image":"","background-repeat":"repeat","background-position":"center center","background-size":"auto","background-attachment":"scroll","background-type":"","background-media":"","overlay-type":"","overlay-color":"","overlay-opacity":"","overlay-gradient":""},"mobile":{"background-color":"var(--ast-global-color-5)","background-image":"","background-repeat":"repeat","background-position":"center center","background-size":"auto","background-attachment":"scroll","background-type":"","background-media":"","overlay-type":"","overlay-color":"","overlay-opacity":"","overlay-gradient":""}},"_joinchat":[]},"product_brand":[],"product_cat":[42],"product_tag":[],"class_list":{"0":"post-5209","1":"product","2":"type-product","3":"status-publish","5":"product_cat-dvd","6":"desktop-align-left","7":"tablet-align-left","8":"mobile-align-left","10":"first","11":"instock","12":"shipping-taxable","13":"purchasable","14":"product-type-simple"},"_links":{"self":[{"href":"https:\/\/cinemasoul.es\/index.php?rest_route=\/wp\/v2\/product\/5209","targetHints":{"allow":["GET"]}}],"collection":[{"href":"https:\/\/cinemasoul.es\/index.php?rest_route=\/wp\/v2\/product"}],"about":[{"href":"https:\/\/cinemasoul.es\/index.php?rest_route=\/wp\/v2\/types\/product"}],"replies":[{"embeddable":true,"href":"https:\/\/cinemasoul.es\/index.php?rest_route=%2Fwp%2Fv2%2Fcomments&post=5209"}],"version-history":[{"count":1,"href":"https:\/\/cinemasoul.es\/index.php?rest_route=\/wp\/v2\/product\/5209\/revisions"}],"predecessor-version":[{"id":5210,"href":"https:\/\/cinemasoul.es\/index.php?rest_route=\/wp\/v2\/product\/5209\/revisions\/5210"}],"wp:attachment":[{"href":"https:\/\/cinemasoul.es\/index.php?rest_route=%2Fwp%2Fv2%2Fmedia&parent=5209"}],"wp:term":[{"taxonomy":"product_brand","embeddable":true,"href":"https:\/\/cinemasoul.es\/index.php?rest_route=%2Fwp%2Fv2%2Fproduct_brand&post=5209"},{"taxonomy":"product_cat","embeddable":true,"href":"https:\/\/cinemasoul.es\/index.php?rest_route=%2Fwp%2Fv2%2Fproduct_cat&post=5209"},{"taxonomy":"product_tag","embeddable":true,"href":"https:\/\/cinemasoul.es\/index.php?rest_route=%2Fwp%2Fv2%2Fproduct_tag&post=5209"}],"curies":[{"name":"wp","href":"https:\/\/api.w.org\/{rel}","templated":true}]}}