{"id":5205,"date":"2022-06-20T16:45:18","date_gmt":"2022-06-20T16:45:18","guid":{"rendered":"https:\/\/www.cinemasoul.es\/?post_type=product&#038;p=5205"},"modified":"2022-06-20T16:54:47","modified_gmt":"2022-06-20T16:54:47","slug":"el-zorro-en-la-corte-de-inglaterra-dvd","status":"publish","type":"product","link":"https:\/\/cinemasoul.es\/?product=el-zorro-en-la-corte-de-inglaterra-dvd","title":{"rendered":"El zorro en la corte de Inglaterra [DVD]"},"content":{"rendered":"","protected":false},"excerpt":{"rendered":"<p>EL ZORRO EN LA CORTE DE INGLATERRA (<em>ZORRO ALLA CORTE D\u2019INGHILTERRA<\/em>)\u00a0<strong>PROTAGONIZADA <\/strong>POR SPIROS FOC\u00c1S, DADA GALLOTTI, FRANCO RESSEL, CAROL WELLS, BARBARA CARROL\u00a0<strong>COPROTAGONIZADA <\/strong>POR MASSIMO CAROCCI, TULLIO ALTAMURA.\u00a0<strong>M\u00daSICA <\/strong>DE ANGELO FRANCESCO LAVAGNINO.\u00a0<strong>GUI\u00d3N <\/strong>DE ARPAD DE RISO FRANCO MONTEMURRO.\u00a0<strong>PRODUCIDA <\/strong>POR FORTUNATO MISIANO.\u00a0<strong>DIRIGIDA <\/strong>POR FRANCO MONTEMURRO.<\/p>\n<p><strong>A\u00d1O<\/strong>:\u00a01969.\u00a0<strong>G\u00c9NERO<\/strong>: AVENTURAS.\u00a0<strong>NACIONALIDAD<\/strong>: ITALIA.\u00a0<strong>COLOR<\/strong>.\u00a0<strong>DURACI\u00d3N<\/strong>: 94 MINUTOS.\u00a0<strong>IDIOMAS<\/strong>: CASTELLANO E ITALIANO CON SUBT\u00cdTULOS EN CASTELLANO.\u00a0<strong>FORMATO DE PANTALLA<\/strong>: 16\/9 1.77.1.\u00a0<strong>CERTIFICADO DE CLASIFICACI\u00d3N<\/strong><strong> ICAA<\/strong> N\u00ba: 121.480.\u00a0<strong>CLASIFICACI\u00d3N<\/strong>: APTA PARA TODOS LOS P\u00daBLICOS.\u00a0<strong>DEP\u00d3SITO LEGAL<\/strong>: M-28282-2011.<\/p>\n<p>Sir Basil Rutherford, gobernador de Bermudas, tiraniza al pueblo de Hamilton. Inquieta por la situaci\u00f3n, la reina Victoria env\u00eda a la isla a Lord Percy Moore, que r\u00e1pidamente se al\u00eda con el tirano que, a cambio de una gran suma de dinero, le ofrece en matrimonio a su sobrina Patricia. Ahora no hay m\u00e1s que una persona que pueda enfrentarse al malvado gobernador: el misterioso Zorro\u2026<\/p>\n","protected":false},"featured_media":5206,"comment_status":"open","ping_status":"closed","template":"","meta":{"site-sidebar-layout":"default","site-content-layout":"default","ast-site-content-layout":"default","site-content-style":"default","site-sidebar-style":"default","ast-global-header-display":"","ast-banner-title-visibility":"","ast-main-header-display":"","ast-hfb-above-header-display":"","ast-hfb-below-header-display":"","ast-hfb-mobile-header-display":"","site-post-title":"","ast-breadcrumbs-content":"","ast-featured-img":"","footer-sml-layout":"","ast-disable-related-posts":"","theme-transparent-header-meta":"","adv-header-id-meta":"","stick-header-meta":"","header-above-stick-meta":"","header-main-stick-meta":"","header-below-stick-meta":"","astra-migrate-meta-layouts":"default","ast-page-background-enabled":"default","ast-page-background-meta":{"desktop":{"background-color":"","background-image":"","background-repeat":"repeat","background-position":"center center","background-size":"auto","background-attachment":"scroll","background-type":"","background-media":"","overlay-type":"","overlay-color":"","overlay-opacity":"","overlay-gradient":""},"tablet":{"background-color":"","background-image":"","background-repeat":"repeat","background-position":"center center","background-size":"auto","background-attachment":"scroll","background-type":"","background-media":"","overlay-type":"","overlay-color":"","overlay-opacity":"","overlay-gradient":""},"mobile":{"background-color":"","background-image":"","background-repeat":"repeat","background-position":"center center","background-size":"auto","background-attachment":"scroll","background-type":"","background-media":"","overlay-type":"","overlay-color":"","overlay-opacity":"","overlay-gradient":""}},"ast-content-background-meta":{"desktop":{"background-color":"var(--ast-global-color-5)","background-image":"","background-repeat":"repeat","background-position":"center center","background-size":"auto","background-attachment":"scroll","background-type":"","background-media":"","overlay-type":"","overlay-color":"","overlay-opacity":"","overlay-gradient":""},"tablet":{"background-color":"var(--ast-global-color-5)","background-image":"","background-repeat":"repeat","background-position":"center center","background-size":"auto","background-attachment":"scroll","background-type":"","background-media":"","overlay-type":"","overlay-color":"","overlay-opacity":"","overlay-gradient":""},"mobile":{"background-color":"var(--ast-global-color-5)","background-image":"","background-repeat":"repeat","background-position":"center center","background-size":"auto","background-attachment":"scroll","background-type":"","background-media":"","overlay-type":"","overlay-color":"","overlay-opacity":"","overlay-gradient":""}},"_joinchat":[]},"product_brand":[],"product_cat":[42],"product_tag":[],"class_list":{"0":"post-5205","1":"product","2":"type-product","3":"status-publish","4":"has-post-thumbnail","6":"product_cat-dvd","7":"desktop-align-left","8":"tablet-align-left","9":"mobile-align-left","11":"first","12":"instock","13":"sale","14":"shipping-taxable","15":"purchasable","16":"product-type-simple"},"_links":{"self":[{"href":"https:\/\/cinemasoul.es\/index.php?rest_route=\/wp\/v2\/product\/5205","targetHints":{"allow":["GET"]}}],"collection":[{"href":"https:\/\/cinemasoul.es\/index.php?rest_route=\/wp\/v2\/product"}],"about":[{"href":"https:\/\/cinemasoul.es\/index.php?rest_route=\/wp\/v2\/types\/product"}],"replies":[{"embeddable":true,"href":"https:\/\/cinemasoul.es\/index.php?rest_route=%2Fwp%2Fv2%2Fcomments&post=5205"}],"version-history":[{"count":1,"href":"https:\/\/cinemasoul.es\/index.php?rest_route=\/wp\/v2\/product\/5205\/revisions"}],"predecessor-version":[{"id":5208,"href":"https:\/\/cinemasoul.es\/index.php?rest_route=\/wp\/v2\/product\/5205\/revisions\/5208"}],"wp:featuredmedia":[{"embeddable":true,"href":"https:\/\/cinemasoul.es\/index.php?rest_route=\/wp\/v2\/media\/5206"}],"wp:attachment":[{"href":"https:\/\/cinemasoul.es\/index.php?rest_route=%2Fwp%2Fv2%2Fmedia&parent=5205"}],"wp:term":[{"taxonomy":"product_brand","embeddable":true,"href":"https:\/\/cinemasoul.es\/index.php?rest_route=%2Fwp%2Fv2%2Fproduct_brand&post=5205"},{"taxonomy":"product_cat","embeddable":true,"href":"https:\/\/cinemasoul.es\/index.php?rest_route=%2Fwp%2Fv2%2Fproduct_cat&post=5205"},{"taxonomy":"product_tag","embeddable":true,"href":"https:\/\/cinemasoul.es\/index.php?rest_route=%2Fwp%2Fv2%2Fproduct_tag&post=5205"}],"curies":[{"name":"wp","href":"https:\/\/api.w.org\/{rel}","templated":true}]}}