{"id":5201,"date":"2022-06-20T16:33:20","date_gmt":"2022-06-20T16:33:20","guid":{"rendered":"https:\/\/www.cinemasoul.es\/?post_type=product&#038;p=5201"},"modified":"2022-06-20T16:33:20","modified_gmt":"2022-06-20T16:33:20","slug":"esther-y-el-rey-dvd","status":"publish","type":"product","link":"https:\/\/cinemasoul.es\/?product=esther-y-el-rey-dvd","title":{"rendered":"Esther y el Rey [DVD]"},"content":{"rendered":"","protected":false},"excerpt":{"rendered":"<p><strong>T\u00cdTULO ORIGINAL<\/strong>: ESTHER AND THE KING<strong> DIRIGIDA POR<\/strong> RAOUL WALSH <strong>PRODUCIDA POR<\/strong> RAOUL WALSH Y JOHN TWIST <strong>GUI\u00d3N DE<\/strong> RAOUL WALSH Y MICHAEL ELKINS<strong> M\u00daSICA DE<\/strong> FRANCESCO LAVAGNINO <strong>DIRECTOR DE FOTOGRAF\u00cdA<\/strong> MARIO BAVA <strong>REPARTO<\/strong>: RICHARD EGAN, JOAN COLLINS, DENIS O\u2019DEA, SERGIO FANTONI, DANIELA ROCCA<\/p>\n<p><strong>NACIONALIDAD<\/strong>: ITALIA-ESTADOS UNIDOS <strong>A\u00d1O<\/strong>: 1960 <strong>G\u00c9NERO<\/strong>: DRAMA <strong>DURACI\u00d3N<\/strong>: 104 MINUTOS APROX. <strong>FORMATO<\/strong>: 16:9 2.35.1 COLOR <strong>IDIOMAS<\/strong>: ESPA\u00d1OL, ALEM\u00c1N,INGL\u00c9S <strong>SUBT\u00cdTULOS<\/strong>: ESPA\u00d1OL Y PORTUGU\u00c9S <strong>CERTIFICADO DE CALIFICACI\u00d3N<\/strong> N\u00ba 131.437 <strong>CLASIFICACI\u00d3N<\/strong>: NO RECOMENDADA PARA MENORES DE 7 A\u00d1OS <strong>C\u00d3DIGO DE BARRAS<\/strong>:<\/p>\n<p>\u00a1La aventura amorosa m\u00e1s c\u00e9lebre de todos los tiempos seg\u00fan el Libro entre los libros!<\/p>\n<p>La acci\u00f3n transcurre 500 a\u00f1os antes de Cristo. Cuando el poderoso rey Asuero (Richard Egan), soberano de Persia, regresa a su pa\u00eds despu\u00e9s de conquistar Egipto, descubre que su esposa Vashti (Daniela Rocca) le ha traicionado. Pero lo que no sospecha es que Am\u00e1n (Sergio Fantoni), su primer ministro, planea arrebatarle la corona; y para llevar a cabo sus prop\u00f3sitos, fingiendo lealtad al monarca, le aconseja elegir una nueva. Entre las candidatas se encuentra la bella Esther (Joan Collins), una muchacha jud\u00eda. En este trance, Asuero s\u00f3lo puede contar con la fidelidad de su viejo consejero Mordecai (Denis O\u2019Dea).<\/p>\n<p>Dirigida con su agilidad narrativa habitual por el maestro Raoul Walsh (Murieron con las botas puestas, Al rojo vivo, El \u00faltimo refugio), esta coproducci\u00f3n italo-estadounidense se inscribe en el g\u00e9nero b\u00edblico que tanto prolifer\u00f3 a finales de los a\u00f1os cincuenta y primeros sesenta y que produjo pel\u00edculas, si no muy fieles a las Sagradas Escrituras (en este caso el Libro de Esther), casi siempre llenas de encanto y espectacularidad. Walsh, quien ya se encontraba al final de su carrera, cont\u00f3 con la asistencia del italiano Mario Bava, que aqu\u00ed se ocupa de la fotograf\u00eda y que despu\u00e9s destac\u00f3 en el g\u00e9nero del terror.<\/p>\n","protected":false},"featured_media":5202,"comment_status":"open","ping_status":"closed","template":"","meta":{"site-sidebar-layout":"default","site-content-layout":"default","ast-site-content-layout":"default","site-content-style":"default","site-sidebar-style":"default","ast-global-header-display":"","ast-banner-title-visibility":"","ast-main-header-display":"","ast-hfb-above-header-display":"","ast-hfb-below-header-display":"","ast-hfb-mobile-header-display":"","site-post-title":"","ast-breadcrumbs-content":"","ast-featured-img":"","footer-sml-layout":"","ast-disable-related-posts":"","theme-transparent-header-meta":"","adv-header-id-meta":"","stick-header-meta":"","header-above-stick-meta":"","header-main-stick-meta":"","header-below-stick-meta":"","astra-migrate-meta-layouts":"default","ast-page-background-enabled":"default","ast-page-background-meta":{"desktop":{"background-color":"","background-image":"","background-repeat":"repeat","background-position":"center center","background-size":"auto","background-attachment":"scroll","background-type":"","background-media":"","overlay-type":"","overlay-color":"","overlay-opacity":"","overlay-gradient":""},"tablet":{"background-color":"","background-image":"","background-repeat":"repeat","background-position":"center center","background-size":"auto","background-attachment":"scroll","background-type":"","background-media":"","overlay-type":"","overlay-color":"","overlay-opacity":"","overlay-gradient":""},"mobile":{"background-color":"","background-image":"","background-repeat":"repeat","background-position":"center center","background-size":"auto","background-attachment":"scroll","background-type":"","background-media":"","overlay-type":"","overlay-color":"","overlay-opacity":"","overlay-gradient":""}},"ast-content-background-meta":{"desktop":{"background-color":"var(--ast-global-color-5)","background-image":"","background-repeat":"repeat","background-position":"center center","background-size":"auto","background-attachment":"scroll","background-type":"","background-media":"","overlay-type":"","overlay-color":"","overlay-opacity":"","overlay-gradient":""},"tablet":{"background-color":"var(--ast-global-color-5)","background-image":"","background-repeat":"repeat","background-position":"center center","background-size":"auto","background-attachment":"scroll","background-type":"","background-media":"","overlay-type":"","overlay-color":"","overlay-opacity":"","overlay-gradient":""},"mobile":{"background-color":"var(--ast-global-color-5)","background-image":"","background-repeat":"repeat","background-position":"center center","background-size":"auto","background-attachment":"scroll","background-type":"","background-media":"","overlay-type":"","overlay-color":"","overlay-opacity":"","overlay-gradient":""}},"_joinchat":[]},"product_brand":[],"product_cat":[42],"product_tag":[],"class_list":{"0":"post-5201","1":"product","2":"type-product","3":"status-publish","4":"has-post-thumbnail","6":"product_cat-dvd","7":"desktop-align-left","8":"tablet-align-left","9":"mobile-align-left","11":"first","12":"instock","13":"shipping-taxable","14":"purchasable","15":"product-type-simple"},"_links":{"self":[{"href":"https:\/\/cinemasoul.es\/index.php?rest_route=\/wp\/v2\/product\/5201","targetHints":{"allow":["GET"]}}],"collection":[{"href":"https:\/\/cinemasoul.es\/index.php?rest_route=\/wp\/v2\/product"}],"about":[{"href":"https:\/\/cinemasoul.es\/index.php?rest_route=\/wp\/v2\/types\/product"}],"replies":[{"embeddable":true,"href":"https:\/\/cinemasoul.es\/index.php?rest_route=%2Fwp%2Fv2%2Fcomments&post=5201"}],"version-history":[{"count":1,"href":"https:\/\/cinemasoul.es\/index.php?rest_route=\/wp\/v2\/product\/5201\/revisions"}],"predecessor-version":[{"id":5204,"href":"https:\/\/cinemasoul.es\/index.php?rest_route=\/wp\/v2\/product\/5201\/revisions\/5204"}],"wp:featuredmedia":[{"embeddable":true,"href":"https:\/\/cinemasoul.es\/index.php?rest_route=\/wp\/v2\/media\/5202"}],"wp:attachment":[{"href":"https:\/\/cinemasoul.es\/index.php?rest_route=%2Fwp%2Fv2%2Fmedia&parent=5201"}],"wp:term":[{"taxonomy":"product_brand","embeddable":true,"href":"https:\/\/cinemasoul.es\/index.php?rest_route=%2Fwp%2Fv2%2Fproduct_brand&post=5201"},{"taxonomy":"product_cat","embeddable":true,"href":"https:\/\/cinemasoul.es\/index.php?rest_route=%2Fwp%2Fv2%2Fproduct_cat&post=5201"},{"taxonomy":"product_tag","embeddable":true,"href":"https:\/\/cinemasoul.es\/index.php?rest_route=%2Fwp%2Fv2%2Fproduct_tag&post=5201"}],"curies":[{"name":"wp","href":"https:\/\/api.w.org\/{rel}","templated":true}]}}