{"id":5198,"date":"2022-06-20T10:52:55","date_gmt":"2022-06-20T10:52:55","guid":{"rendered":"https:\/\/www.cinemasoul.es\/?post_type=product&#038;p=5198"},"modified":"2022-06-20T10:52:55","modified_gmt":"2022-06-20T10:52:55","slug":"el-senor-de-la-guerra-b-s-o-dvd-cd","status":"publish","type":"product","link":"https:\/\/cinemasoul.es\/?product=el-senor-de-la-guerra-b-s-o-dvd-cd","title":{"rendered":"El Se\u00f1or de la Guerra + B.S.O [DVD + CD]"},"content":{"rendered":"","protected":false},"excerpt":{"rendered":"<div id=\"tab-description\" class=\"tab-content\">\n<p><em>\u201cBien montada por Schaffner (es una de sus mejores pel\u00edculas, junto con El planeta de los simios y Patton), y firmemente fotografiada por Russell Metty.\u201d &#8211; Gu\u00eda de cine Time Out<\/em><\/p>\n<p><strong>DIRIGIDA<\/strong> POR FRANKLIN J. SCHAFFNER\u00a0<strong>GUI\u00d3N<\/strong> DE JOHN COLLIER, MILLARD KAUFMAN\u00a0BASADA EN LA <strong>NOVELA<\/strong> \u201cThe Lovers\u201d DE LESLIE STEVENS\u00a0<strong>PRODUCCIDA<\/strong> POR WALTER SELTZER\u00a0<strong>M\u00daSICA<\/strong> DE JEROME MOROSS, HANS J. SALTER\u00a0<strong>FOTOGRAF\u00cdA<\/strong> DE RUSSELL METTY\u00a0<strong>ACTORES<\/strong>: \u00a0CHARLTON HESTON, RICHARD BOONE, ROSEMARY FORSYTH, MAURICE EVANS, GUY STOCKWELL, NIALL MACGINNIS, JAMES FARENTINO, HENRY WILCOXON, SAMMY ROSS, WOODROW PARFREY, JOHN ALDERSON, ALLEN JAFFE, MICHAEL CONRAD, DAL JENKINS, JOHNNY JENSEN, FORREST WORD, BELLE MITCHELL<\/p>\n<p><strong>A\u00d1O<\/strong>: 1965\u00a0<strong>NACIONALIDAD<\/strong>: ESTADOS UNIDOS\u00a0<strong>GENERO<\/strong>: DRAMA- HIST\u00d3RICO\u00a0<strong>COLOR<\/strong>: COLOR <strong>FORMATO DE PANTALLA<\/strong>: 16\/9 2.35:1\u00a0<strong>DURACI\u00d3N<\/strong>: 117 MINUTOS APROX.\u00a0<strong>IDIOMAS<\/strong>: CASTELLANO E INGL\u00c9S CON SUBT\u00cdTULOS EN CASTELLANO\u00a0<strong>CLASIFICACI\u00d3N<\/strong>: NO RECOM. MENORES DE 18 A\u00d1OS<\/p>\n<p>Esta pel\u00edcula marc\u00f3 la primera colaboraci\u00f3n entre los ganadores del galard\u00f3n de la Academia Charlton Heston (<em>Ben-Hur<\/em>) y Franklin Schaffner (<em>Patton<\/em>), quien m\u00e1s tarde dirigi\u00f3 a Heston y al coprotagonista Maurice Evans en <em>El Planeta de los simios<\/em>. En el siglo XI, el poderoso duque William de Ghent env\u00eda a su caballero de mayor confianza, Chrysagon (Heston), y a una tropa de guerreros a defender los asentamientos costeros de Normand\u00eda de los saqueos y el pillaje de los invasores frisones. Afligido por\u00a0 Bronwyn (Rosemary Forsyth), la hija adoptiva de la aldea del viejo Od\u00edn (Nial MacGinnis), el se\u00f1or de la guerra est\u00e1 tentado de simplemente cogerla, bajo la costumbre feudal del <em>derecho del se\u00f1or<\/em>, pero se da cuenta que se est\u00e1 enamorando. John Collier (Sylvia Scarlett) y el nominado al Oscar\u00ae Millard Kaufman (<em>Conspiraci\u00f3n de silencio<\/em>) adaptaron este decisivo romance hist\u00f3rico de una obra de Leslie Stevens, quien tambi\u00e9n cre\u00f3 la serie televisiva\u00a0 <em>M\u00e1s all\u00e1 del l\u00edmite.<\/em><\/p>\n<\/div>\n","protected":false},"featured_media":5199,"comment_status":"open","ping_status":"closed","template":"","meta":{"site-sidebar-layout":"default","site-content-layout":"default","ast-site-content-layout":"default","site-content-style":"default","site-sidebar-style":"default","ast-global-header-display":"","ast-banner-title-visibility":"","ast-main-header-display":"","ast-hfb-above-header-display":"","ast-hfb-below-header-display":"","ast-hfb-mobile-header-display":"","site-post-title":"","ast-breadcrumbs-content":"","ast-featured-img":"","footer-sml-layout":"","ast-disable-related-posts":"","theme-transparent-header-meta":"","adv-header-id-meta":"","stick-header-meta":"","header-above-stick-meta":"","header-main-stick-meta":"","header-below-stick-meta":"","astra-migrate-meta-layouts":"default","ast-page-background-enabled":"default","ast-page-background-meta":{"desktop":{"background-color":"","background-image":"","background-repeat":"repeat","background-position":"center center","background-size":"auto","background-attachment":"scroll","background-type":"","background-media":"","overlay-type":"","overlay-color":"","overlay-opacity":"","overlay-gradient":""},"tablet":{"background-color":"","background-image":"","background-repeat":"repeat","background-position":"center center","background-size":"auto","background-attachment":"scroll","background-type":"","background-media":"","overlay-type":"","overlay-color":"","overlay-opacity":"","overlay-gradient":""},"mobile":{"background-color":"","background-image":"","background-repeat":"repeat","background-position":"center center","background-size":"auto","background-attachment":"scroll","background-type":"","background-media":"","overlay-type":"","overlay-color":"","overlay-opacity":"","overlay-gradient":""}},"ast-content-background-meta":{"desktop":{"background-color":"var(--ast-global-color-5)","background-image":"","background-repeat":"repeat","background-position":"center center","background-size":"auto","background-attachment":"scroll","background-type":"","background-media":"","overlay-type":"","overlay-color":"","overlay-opacity":"","overlay-gradient":""},"tablet":{"background-color":"var(--ast-global-color-5)","background-image":"","background-repeat":"repeat","background-position":"center center","background-size":"auto","background-attachment":"scroll","background-type":"","background-media":"","overlay-type":"","overlay-color":"","overlay-opacity":"","overlay-gradient":""},"mobile":{"background-color":"var(--ast-global-color-5)","background-image":"","background-repeat":"repeat","background-position":"center center","background-size":"auto","background-attachment":"scroll","background-type":"","background-media":"","overlay-type":"","overlay-color":"","overlay-opacity":"","overlay-gradient":""}},"_joinchat":[]},"product_brand":[],"product_cat":[42],"product_tag":[],"class_list":{"0":"post-5198","1":"product","2":"type-product","3":"status-publish","4":"has-post-thumbnail","6":"product_cat-dvd","7":"desktop-align-left","8":"tablet-align-left","9":"mobile-align-left","11":"first","12":"instock","13":"shipping-taxable","14":"purchasable","15":"product-type-simple"},"_links":{"self":[{"href":"https:\/\/cinemasoul.es\/index.php?rest_route=\/wp\/v2\/product\/5198","targetHints":{"allow":["GET"]}}],"collection":[{"href":"https:\/\/cinemasoul.es\/index.php?rest_route=\/wp\/v2\/product"}],"about":[{"href":"https:\/\/cinemasoul.es\/index.php?rest_route=\/wp\/v2\/types\/product"}],"replies":[{"embeddable":true,"href":"https:\/\/cinemasoul.es\/index.php?rest_route=%2Fwp%2Fv2%2Fcomments&post=5198"}],"version-history":[{"count":1,"href":"https:\/\/cinemasoul.es\/index.php?rest_route=\/wp\/v2\/product\/5198\/revisions"}],"predecessor-version":[{"id":5200,"href":"https:\/\/cinemasoul.es\/index.php?rest_route=\/wp\/v2\/product\/5198\/revisions\/5200"}],"wp:featuredmedia":[{"embeddable":true,"href":"https:\/\/cinemasoul.es\/index.php?rest_route=\/wp\/v2\/media\/5199"}],"wp:attachment":[{"href":"https:\/\/cinemasoul.es\/index.php?rest_route=%2Fwp%2Fv2%2Fmedia&parent=5198"}],"wp:term":[{"taxonomy":"product_brand","embeddable":true,"href":"https:\/\/cinemasoul.es\/index.php?rest_route=%2Fwp%2Fv2%2Fproduct_brand&post=5198"},{"taxonomy":"product_cat","embeddable":true,"href":"https:\/\/cinemasoul.es\/index.php?rest_route=%2Fwp%2Fv2%2Fproduct_cat&post=5198"},{"taxonomy":"product_tag","embeddable":true,"href":"https:\/\/cinemasoul.es\/index.php?rest_route=%2Fwp%2Fv2%2Fproduct_tag&post=5198"}],"curies":[{"name":"wp","href":"https:\/\/api.w.org\/{rel}","templated":true}]}}