{"id":5195,"date":"2022-06-20T10:50:09","date_gmt":"2022-06-20T10:50:09","guid":{"rendered":"https:\/\/www.cinemasoul.es\/?post_type=product&#038;p=5195"},"modified":"2022-06-20T10:50:09","modified_gmt":"2022-06-20T10:50:09","slug":"el-rey-del-timo-dvd","status":"publish","type":"product","link":"https:\/\/cinemasoul.es\/?product=el-rey-del-timo-dvd","title":{"rendered":"El rey del timo [DVD]"},"content":{"rendered":"","protected":false},"excerpt":{"rendered":"<div id=\"tab-description\" class=\"tab-content\">\n<p>Jean-Paul Belmondo en \u201cLe Guignolo\u201d. Una pel\u00edcula de George Lautner.\u00a0 <strong>Di\u00e1logos<\/strong> de Michel Audiard.\u00a0<strong>Protagonizada<\/strong> por Georges G\u00e9ret, Michel Galabru, Carla Romanelli, Mirella D\u2019Angelo, Pierre Vernier, Michel Beaune, Cherles G\u00e9rard, Tony Kendall. <strong>Gui\u00f3n<\/strong> de Jean Herman. <strong>M\u00fasica<\/strong> de Philippe Sarde (Editions Caravelle). <strong>Escenograf\u00eda<\/strong> Jean Andr\u00e9. <strong>Fotografiada<\/strong> por Henri Deca\u00eb, Lorenzo Baraldi. <strong>Producida<\/strong> por Alain Poire. Una <strong>producci\u00f3n<\/strong> de Cerito Films y Gaumont International.<\/p>\n<p><strong>BANDAS PARA SUBT\u00cdTULOS<\/strong>: Castellano, Holand\u00e9s, Portugu\u00e9s. <strong>CONTENIDO SONORO<\/strong> (2.0 Mono): Castellano, Franc\u00e9s. <strong>Formato de pantalla<\/strong>: 1.66:1. Anam\u00f3rfico mejorado. <strong>Blanco y negro<\/strong>. <strong>Duraci\u00f3n<\/strong>: 102 Minutos aprox. <strong>Dep\u00f3sito legal<\/strong>: TF: 1.107-2009. No recomendada para menores de 13 a\u00f1os.<\/p>\n<p><em>El que fuera icono de la nueva ola francesa y uno de los actores m\u00e1s famosos de Francia, Jean-Paul Belmondo pas\u00f3 de actuar en pel\u00edculas de arte y ensayo a ser una de las estrellas m\u00e1s prol\u00edficas de mediados de los a\u00f1os 60.<\/em><\/p>\n<p>Alexandre Boroni puede haber corrido la misma suerte que su padre, un mangante de barrio que pas\u00f3 la mitad de su vida entrando y saliendo de la c\u00e1rcel. Pero la personalidad de Alexandre, su gran imaginaci\u00f3n, su musculoso cuerpo y un golpe del destino cambiar\u00e1n su suerte. Alexandre ha planificado bien su vuelta a la sociedad, sabiendo que lo que cuenta es tener dinero.\u00a0 Como preso mod\u00e9lico, sali\u00f3 con la condicional en varias ocasiones, que aprovech\u00f3 para dar unos golpes. Seis meses despu\u00e9s, sale de prisi\u00f3n y recupera su libertad y su pasta. Ahora puede mirar al frente\u2026\u00a1y a comerse el mundo!<\/p>\n<\/div>\n","protected":false},"featured_media":5197,"comment_status":"open","ping_status":"closed","template":"","meta":{"site-sidebar-layout":"default","site-content-layout":"default","ast-site-content-layout":"default","site-content-style":"default","site-sidebar-style":"default","ast-global-header-display":"","ast-banner-title-visibility":"","ast-main-header-display":"","ast-hfb-above-header-display":"","ast-hfb-below-header-display":"","ast-hfb-mobile-header-display":"","site-post-title":"","ast-breadcrumbs-content":"","ast-featured-img":"","footer-sml-layout":"","ast-disable-related-posts":"","theme-transparent-header-meta":"","adv-header-id-meta":"","stick-header-meta":"","header-above-stick-meta":"","header-main-stick-meta":"","header-below-stick-meta":"","astra-migrate-meta-layouts":"default","ast-page-background-enabled":"default","ast-page-background-meta":{"desktop":{"background-color":"","background-image":"","background-repeat":"repeat","background-position":"center center","background-size":"auto","background-attachment":"scroll","background-type":"","background-media":"","overlay-type":"","overlay-color":"","overlay-opacity":"","overlay-gradient":""},"tablet":{"background-color":"","background-image":"","background-repeat":"repeat","background-position":"center center","background-size":"auto","background-attachment":"scroll","background-type":"","background-media":"","overlay-type":"","overlay-color":"","overlay-opacity":"","overlay-gradient":""},"mobile":{"background-color":"","background-image":"","background-repeat":"repeat","background-position":"center center","background-size":"auto","background-attachment":"scroll","background-type":"","background-media":"","overlay-type":"","overlay-color":"","overlay-opacity":"","overlay-gradient":""}},"ast-content-background-meta":{"desktop":{"background-color":"var(--ast-global-color-5)","background-image":"","background-repeat":"repeat","background-position":"center center","background-size":"auto","background-attachment":"scroll","background-type":"","background-media":"","overlay-type":"","overlay-color":"","overlay-opacity":"","overlay-gradient":""},"tablet":{"background-color":"var(--ast-global-color-5)","background-image":"","background-repeat":"repeat","background-position":"center center","background-size":"auto","background-attachment":"scroll","background-type":"","background-media":"","overlay-type":"","overlay-color":"","overlay-opacity":"","overlay-gradient":""},"mobile":{"background-color":"var(--ast-global-color-5)","background-image":"","background-repeat":"repeat","background-position":"center center","background-size":"auto","background-attachment":"scroll","background-type":"","background-media":"","overlay-type":"","overlay-color":"","overlay-opacity":"","overlay-gradient":""}},"_joinchat":[]},"product_brand":[],"product_cat":[15,42],"product_tag":[],"class_list":{"0":"post-5195","1":"product","2":"type-product","3":"status-publish","4":"has-post-thumbnail","6":"product_cat-sin-categorizar","7":"product_cat-dvd","8":"desktop-align-left","9":"tablet-align-left","10":"mobile-align-left","12":"first","13":"instock","14":"shipping-taxable","15":"purchasable","16":"product-type-simple"},"_links":{"self":[{"href":"https:\/\/cinemasoul.es\/index.php?rest_route=\/wp\/v2\/product\/5195","targetHints":{"allow":["GET"]}}],"collection":[{"href":"https:\/\/cinemasoul.es\/index.php?rest_route=\/wp\/v2\/product"}],"about":[{"href":"https:\/\/cinemasoul.es\/index.php?rest_route=\/wp\/v2\/types\/product"}],"replies":[{"embeddable":true,"href":"https:\/\/cinemasoul.es\/index.php?rest_route=%2Fwp%2Fv2%2Fcomments&post=5195"}],"version-history":[{"count":1,"href":"https:\/\/cinemasoul.es\/index.php?rest_route=\/wp\/v2\/product\/5195\/revisions"}],"predecessor-version":[{"id":5196,"href":"https:\/\/cinemasoul.es\/index.php?rest_route=\/wp\/v2\/product\/5195\/revisions\/5196"}],"wp:featuredmedia":[{"embeddable":true,"href":"https:\/\/cinemasoul.es\/index.php?rest_route=\/wp\/v2\/media\/5197"}],"wp:attachment":[{"href":"https:\/\/cinemasoul.es\/index.php?rest_route=%2Fwp%2Fv2%2Fmedia&parent=5195"}],"wp:term":[{"taxonomy":"product_brand","embeddable":true,"href":"https:\/\/cinemasoul.es\/index.php?rest_route=%2Fwp%2Fv2%2Fproduct_brand&post=5195"},{"taxonomy":"product_cat","embeddable":true,"href":"https:\/\/cinemasoul.es\/index.php?rest_route=%2Fwp%2Fv2%2Fproduct_cat&post=5195"},{"taxonomy":"product_tag","embeddable":true,"href":"https:\/\/cinemasoul.es\/index.php?rest_route=%2Fwp%2Fv2%2Fproduct_tag&post=5195"}],"curies":[{"name":"wp","href":"https:\/\/api.w.org\/{rel}","templated":true}]}}