{"id":5191,"date":"2022-06-20T10:45:23","date_gmt":"2022-06-20T10:45:23","guid":{"rendered":"https:\/\/www.cinemasoul.es\/?post_type=product&#038;p=5191"},"modified":"2022-06-20T10:45:23","modified_gmt":"2022-06-20T10:45:23","slug":"tirma-dvd","status":"publish","type":"product","link":"https:\/\/cinemasoul.es\/?product=tirma-dvd","title":{"rendered":"Tirma [DVD]"},"content":{"rendered":"","protected":false},"excerpt":{"rendered":"<div id=\"tab-description\" class=\"tab-content\">\n<p><strong>DIRECCI\u00d3N<\/strong>: Paolo Moffa.\u00a0<strong>ARGUMENTO<\/strong>: Romance hom\u00f3nimo de Juan del R\u00edo Ayala.\u00a0<strong>ADAPTACI\u00d3N<\/strong>: Luis Mart\u00ednez Carvajal, Juan del R\u00edo Ayala.\u00a0<strong>GUI\u00d3N<\/strong>: Antonio Pietrangeli.\u00a0<strong>FOTOGRAF\u00cdA<\/strong>: Enzo Seraf\u00edn.\u00a0<strong>M\u00daSICA<\/strong>: Franco Ferrara.\u00a0<strong>MONTAJE<\/strong>: Eraldo da Roma, Jos\u00e9 Mar\u00eda Pis\u00f3n.\u00a0<strong>DECORADOS<\/strong>: Carlos Mor\u00f3n, Sergio Calvo.\u00a0<strong>PRODUCTOR EJECUTIVO<\/strong>: Carlos Serrano de Osma.\u00a0<strong>JEFE DE PRODUCCI\u00d3N<\/strong>: Miguel \u00c1ngel Mart\u00edn Proharam.\u00a0<strong>Int\u00e9rpretes<\/strong>: Silvana Pampanini [Princesa Guayarmina], Gustavo Rojo [Benteju\u00ed], Marcello Mastroianni [Capit\u00e1n Don Hern\u00e1n], Jos\u00e9 Mar\u00eda Lado [Gran Fayc\u00e1n], F\u00e9lix de Pom\u00e9s [Guanarteme], Julio Riscal [Pedro], An\u00edbal Vela [Gobernador], Salvador Soler Mar\u00ed [Miguel de Trejo], Nicol\u00e1s Puga [Aborigen herido], Dante Tulipano, Pl\u00e1cido Berm\u00fadez [Fray Antonio], con la colaboraci\u00f3n de Elvira Quintill\u00e1 [Tasirga] y Jos\u00e9 Mar\u00eda Rodero [\u00c1lvaro].<\/p>\n<p><strong>A\u00d1O<\/strong>: 1954.\u00a0<strong>PA\u00cdS<\/strong>: Espa\u00f1a, Italia.\u00a0<strong>COLOR<\/strong>.<strong>\u00a0<\/strong><strong>IDIOMA<\/strong>: CASTELLANO.\u00a0<strong>Duraci\u00f3n<\/strong>: 80 minutos aproximados.\u00a0<strong>Formato<\/strong>: 4\/3 1.33.1. <strong>DVD 9<\/strong>.\u00a0<strong>G\u00e9nero<\/strong>: AVENTURAS &#8211; DRAMA HIST\u00d3RICO.\u00a0<strong>REFERENCIA<\/strong>: DVD 07435.\u00a0<strong>EAN<\/strong>: 8414533074353.\u00a0<strong>DEP\u00d3SITO LEGAL<\/strong>: TF: 189-2011.\u00a0<strong>N\u00ba DE EXPEDIENTE<\/strong>: 119.345.\u00a0<strong>CLASIFICACI\u00d3N<\/strong>: APTA PARA TODOS LOS P\u00daBLICOS.\u00a0<strong>EXTRA<\/strong>: SELECCI\u00d3N DE TESTIMONIOS DE SALVAR LA MEMORIA.<\/p>\n<p><strong><em>TIRMA\u00a0LA PRINCIPESSA DELLE CANARIE<\/em><\/strong><\/p>\n<p>En el a\u00f1o 1450, la Corona espa\u00f1ola gana nuevos territorios, pero s\u00f3lo las Islas Canarias, con una posici\u00f3n estrat\u00e9gica en el oc\u00e9ano Atl\u00e1ntico, se resisten a los asaltos de los hidalgos castellanos que hasta ahora s\u00f3lo han conquistado peque\u00f1as zonas del litoral. En la isla de Gran Canaria, Guanarteme, viejo rey de los abor\u00edgenes, y su hija, la princesa Guayarmina, prefieren llegar a un acuerdo con los espa\u00f1oles para evitar una guerra, en contra de la voluntad del Gran Fayc\u00e1n (sumo sacerdote) y de sus partidarios. Un d\u00eda, Guayarmina es sorprendida en el bosque por Hern\u00e1n, un oficial espa\u00f1ol que se enamora de ella, ignorando su condici\u00f3n de princesa. Tras el levantamiento del Gran Fayc\u00e1n y despu\u00e9s de librar duras y sangrientas batallas, la paz y el amor esperan al joven h\u00e9roe de los castellanos y a la princesa guanche.<\/p>\n<\/div>\n","protected":false},"featured_media":5192,"comment_status":"open","ping_status":"closed","template":"","meta":{"site-sidebar-layout":"default","site-content-layout":"default","ast-site-content-layout":"default","site-content-style":"default","site-sidebar-style":"default","ast-global-header-display":"","ast-banner-title-visibility":"","ast-main-header-display":"","ast-hfb-above-header-display":"","ast-hfb-below-header-display":"","ast-hfb-mobile-header-display":"","site-post-title":"","ast-breadcrumbs-content":"","ast-featured-img":"","footer-sml-layout":"","ast-disable-related-posts":"","theme-transparent-header-meta":"","adv-header-id-meta":"","stick-header-meta":"","header-above-stick-meta":"","header-main-stick-meta":"","header-below-stick-meta":"","astra-migrate-meta-layouts":"default","ast-page-background-enabled":"default","ast-page-background-meta":{"desktop":{"background-color":"","background-image":"","background-repeat":"repeat","background-position":"center center","background-size":"auto","background-attachment":"scroll","background-type":"","background-media":"","overlay-type":"","overlay-color":"","overlay-opacity":"","overlay-gradient":""},"tablet":{"background-color":"","background-image":"","background-repeat":"repeat","background-position":"center center","background-size":"auto","background-attachment":"scroll","background-type":"","background-media":"","overlay-type":"","overlay-color":"","overlay-opacity":"","overlay-gradient":""},"mobile":{"background-color":"","background-image":"","background-repeat":"repeat","background-position":"center center","background-size":"auto","background-attachment":"scroll","background-type":"","background-media":"","overlay-type":"","overlay-color":"","overlay-opacity":"","overlay-gradient":""}},"ast-content-background-meta":{"desktop":{"background-color":"var(--ast-global-color-5)","background-image":"","background-repeat":"repeat","background-position":"center center","background-size":"auto","background-attachment":"scroll","background-type":"","background-media":"","overlay-type":"","overlay-color":"","overlay-opacity":"","overlay-gradient":""},"tablet":{"background-color":"var(--ast-global-color-5)","background-image":"","background-repeat":"repeat","background-position":"center center","background-size":"auto","background-attachment":"scroll","background-type":"","background-media":"","overlay-type":"","overlay-color":"","overlay-opacity":"","overlay-gradient":""},"mobile":{"background-color":"var(--ast-global-color-5)","background-image":"","background-repeat":"repeat","background-position":"center center","background-size":"auto","background-attachment":"scroll","background-type":"","background-media":"","overlay-type":"","overlay-color":"","overlay-opacity":"","overlay-gradient":""}},"_joinchat":[]},"product_brand":[],"product_cat":[42],"product_tag":[],"class_list":{"0":"post-5191","1":"product","2":"type-product","3":"status-publish","4":"has-post-thumbnail","6":"product_cat-dvd","7":"desktop-align-left","8":"tablet-align-left","9":"mobile-align-left","11":"first","12":"instock","13":"sale","14":"shipping-taxable","15":"purchasable","16":"product-type-simple"},"_links":{"self":[{"href":"https:\/\/cinemasoul.es\/index.php?rest_route=\/wp\/v2\/product\/5191","targetHints":{"allow":["GET"]}}],"collection":[{"href":"https:\/\/cinemasoul.es\/index.php?rest_route=\/wp\/v2\/product"}],"about":[{"href":"https:\/\/cinemasoul.es\/index.php?rest_route=\/wp\/v2\/types\/product"}],"replies":[{"embeddable":true,"href":"https:\/\/cinemasoul.es\/index.php?rest_route=%2Fwp%2Fv2%2Fcomments&post=5191"}],"version-history":[{"count":1,"href":"https:\/\/cinemasoul.es\/index.php?rest_route=\/wp\/v2\/product\/5191\/revisions"}],"predecessor-version":[{"id":5194,"href":"https:\/\/cinemasoul.es\/index.php?rest_route=\/wp\/v2\/product\/5191\/revisions\/5194"}],"wp:featuredmedia":[{"embeddable":true,"href":"https:\/\/cinemasoul.es\/index.php?rest_route=\/wp\/v2\/media\/5192"}],"wp:attachment":[{"href":"https:\/\/cinemasoul.es\/index.php?rest_route=%2Fwp%2Fv2%2Fmedia&parent=5191"}],"wp:term":[{"taxonomy":"product_brand","embeddable":true,"href":"https:\/\/cinemasoul.es\/index.php?rest_route=%2Fwp%2Fv2%2Fproduct_brand&post=5191"},{"taxonomy":"product_cat","embeddable":true,"href":"https:\/\/cinemasoul.es\/index.php?rest_route=%2Fwp%2Fv2%2Fproduct_cat&post=5191"},{"taxonomy":"product_tag","embeddable":true,"href":"https:\/\/cinemasoul.es\/index.php?rest_route=%2Fwp%2Fv2%2Fproduct_tag&post=5191"}],"curies":[{"name":"wp","href":"https:\/\/api.w.org\/{rel}","templated":true}]}}