{"id":5183,"date":"2022-06-18T12:43:26","date_gmt":"2022-06-18T12:43:26","guid":{"rendered":"https:\/\/www.cinemasoul.es\/?post_type=product&#038;p=5183"},"modified":"2022-06-18T12:43:26","modified_gmt":"2022-06-18T12:43:26","slug":"el-prisionero-de-zenda-1952-dvd","status":"publish","type":"product","link":"https:\/\/cinemasoul.es\/?product=el-prisionero-de-zenda-1952-dvd","title":{"rendered":"El Prisionero de Zenda (1952) [DvD]"},"content":{"rendered":"","protected":false},"excerpt":{"rendered":"<div id=\"tab-description-2\" class=\"tab-content\">\n<p><em>MGM<\/em> presenta en color por TECHNICOLOR \u201cEL PRISIONERO DE ZENDA\u201d\u00a0<strong>Protagonistas<\/strong> Stewart Granger, Deborah Kerr, Louis Calhern, Jane Greer, Lewis Stone, Robert Douglas y James Mason como Rupert de Hentzau\u00a0<strong>Gui\u00f3n de<\/strong> John L. Balderston y Noel Langley\u00a0<strong>Adaptaci\u00f3n<\/strong> <strong>de<\/strong> Wells Root <strong>de la Novela de<\/strong> Anthony Hope <strong>y la dramatizaci\u00f3n de<\/strong> Edward Rose\u00a0<strong>Dirigida<\/strong> <strong>por<\/strong> Richard Torpe\u00a0<strong>Producida<\/strong> <strong>por<\/strong> Pandro S. Berman\u00a0<strong>Un filme de<\/strong> Metro Goldwyn Mayer. Para \u00e1mbito dom\u00e9stico <strong>Certificado de calificaci\u00f3n N\u00ba 41.509\u00a0<\/strong>Apta para todos los p\u00fablicos <strong>Dep\u00f3sito legal<\/strong>: TF: 1591-2008\u00a0<strong>Duraci\u00f3n<\/strong>:\u00a099 Minutos aprox.\u00a0<strong>Idiomas<\/strong>:<strong>\u00a0<\/strong>Castellano e ingl\u00e9s con subt\u00edtulos en castellano\u00a0<strong>Formato de pantalla<\/strong>: 4\/3 [1.33:1]\u00a0<strong>DVD VIDEO\u00a0<\/strong><strong>Zona 2\u00a0<\/strong><strong>Dolby Digital\u00a0<\/strong>Compatible con todos los formatos de pantalla de televisi\u00f3n<\/p>\n<p>\u201c<strong>El prisionero de Zenda es un entretenimiento espectacular para toda la familia<\/strong>.\u201d\u00a0Gloriosa versi\u00f3n de la novela cl\u00e1sica de Anthony Hope, en la que se entremezcla la conspiraci\u00f3n, el romance y el fulgor de las espadas.\u00a0En el reino de Ruritania vive el monarca Rodolfo (Stewart Granger) y su malvado hermanastro, el Duque de Strelsau (Robert Douglas).\u00a0En v\u00edsperas de su coronaci\u00f3n, Rodolfo es secuestrado por el secuaz\u00a0 del Duque, Rupert de Hentzau (James Mason) en una conspiraci\u00f3n para usurpar el trono.\u00a0Por cuestiones del destino, aparece en escena Rodolfo Rassendyll. Su parecido con el Rey es tan asombroso, que el coronel Zapt (Louis Calhern) le recluta para salvar la corona.\u00a0Comienza as\u00ed la aventura para Rassendyll que le conduce a un romance con la bella Princesa Flavio (Deborah Kerr) y que culmina en un combate antol\u00f3gico de sable y daga frente al villano Rupert.<\/p>\n<\/div>\n","protected":false},"featured_media":5184,"comment_status":"open","ping_status":"closed","template":"","meta":{"site-sidebar-layout":"default","site-content-layout":"default","ast-site-content-layout":"default","site-content-style":"default","site-sidebar-style":"default","ast-global-header-display":"","ast-banner-title-visibility":"","ast-main-header-display":"","ast-hfb-above-header-display":"","ast-hfb-below-header-display":"","ast-hfb-mobile-header-display":"","site-post-title":"","ast-breadcrumbs-content":"","ast-featured-img":"","footer-sml-layout":"","ast-disable-related-posts":"","theme-transparent-header-meta":"","adv-header-id-meta":"","stick-header-meta":"","header-above-stick-meta":"","header-main-stick-meta":"","header-below-stick-meta":"","astra-migrate-meta-layouts":"default","ast-page-background-enabled":"default","ast-page-background-meta":{"desktop":{"background-color":"","background-image":"","background-repeat":"repeat","background-position":"center center","background-size":"auto","background-attachment":"scroll","background-type":"","background-media":"","overlay-type":"","overlay-color":"","overlay-opacity":"","overlay-gradient":""},"tablet":{"background-color":"","background-image":"","background-repeat":"repeat","background-position":"center center","background-size":"auto","background-attachment":"scroll","background-type":"","background-media":"","overlay-type":"","overlay-color":"","overlay-opacity":"","overlay-gradient":""},"mobile":{"background-color":"","background-image":"","background-repeat":"repeat","background-position":"center center","background-size":"auto","background-attachment":"scroll","background-type":"","background-media":"","overlay-type":"","overlay-color":"","overlay-opacity":"","overlay-gradient":""}},"ast-content-background-meta":{"desktop":{"background-color":"var(--ast-global-color-5)","background-image":"","background-repeat":"repeat","background-position":"center center","background-size":"auto","background-attachment":"scroll","background-type":"","background-media":"","overlay-type":"","overlay-color":"","overlay-opacity":"","overlay-gradient":""},"tablet":{"background-color":"var(--ast-global-color-5)","background-image":"","background-repeat":"repeat","background-position":"center center","background-size":"auto","background-attachment":"scroll","background-type":"","background-media":"","overlay-type":"","overlay-color":"","overlay-opacity":"","overlay-gradient":""},"mobile":{"background-color":"var(--ast-global-color-5)","background-image":"","background-repeat":"repeat","background-position":"center center","background-size":"auto","background-attachment":"scroll","background-type":"","background-media":"","overlay-type":"","overlay-color":"","overlay-opacity":"","overlay-gradient":""}},"_joinchat":[]},"product_brand":[],"product_cat":[42],"product_tag":[],"class_list":{"0":"post-5183","1":"product","2":"type-product","3":"status-publish","4":"has-post-thumbnail","6":"product_cat-dvd","7":"desktop-align-left","8":"tablet-align-left","9":"mobile-align-left","11":"first","12":"instock","13":"shipping-taxable","14":"purchasable","15":"product-type-simple"},"_links":{"self":[{"href":"https:\/\/cinemasoul.es\/index.php?rest_route=\/wp\/v2\/product\/5183","targetHints":{"allow":["GET"]}}],"collection":[{"href":"https:\/\/cinemasoul.es\/index.php?rest_route=\/wp\/v2\/product"}],"about":[{"href":"https:\/\/cinemasoul.es\/index.php?rest_route=\/wp\/v2\/types\/product"}],"replies":[{"embeddable":true,"href":"https:\/\/cinemasoul.es\/index.php?rest_route=%2Fwp%2Fv2%2Fcomments&post=5183"}],"version-history":[{"count":1,"href":"https:\/\/cinemasoul.es\/index.php?rest_route=\/wp\/v2\/product\/5183\/revisions"}],"predecessor-version":[{"id":5186,"href":"https:\/\/cinemasoul.es\/index.php?rest_route=\/wp\/v2\/product\/5183\/revisions\/5186"}],"wp:featuredmedia":[{"embeddable":true,"href":"https:\/\/cinemasoul.es\/index.php?rest_route=\/wp\/v2\/media\/5184"}],"wp:attachment":[{"href":"https:\/\/cinemasoul.es\/index.php?rest_route=%2Fwp%2Fv2%2Fmedia&parent=5183"}],"wp:term":[{"taxonomy":"product_brand","embeddable":true,"href":"https:\/\/cinemasoul.es\/index.php?rest_route=%2Fwp%2Fv2%2Fproduct_brand&post=5183"},{"taxonomy":"product_cat","embeddable":true,"href":"https:\/\/cinemasoul.es\/index.php?rest_route=%2Fwp%2Fv2%2Fproduct_cat&post=5183"},{"taxonomy":"product_tag","embeddable":true,"href":"https:\/\/cinemasoul.es\/index.php?rest_route=%2Fwp%2Fv2%2Fproduct_tag&post=5183"}],"curies":[{"name":"wp","href":"https:\/\/api.w.org\/{rel}","templated":true}]}}