{"id":5179,"date":"2022-06-18T12:39:31","date_gmt":"2022-06-18T12:39:31","guid":{"rendered":"https:\/\/www.cinemasoul.es\/?post_type=product&#038;p=5179"},"modified":"2022-06-18T12:39:32","modified_gmt":"2022-06-18T12:39:32","slug":"el-principe-de-los-zorros-dvd","status":"publish","type":"product","link":"https:\/\/cinemasoul.es\/?product=el-principe-de-los-zorros-dvd","title":{"rendered":"El pr\u00edncipe de los zorros [DVD]"},"content":{"rendered":"","protected":false},"excerpt":{"rendered":"<div id=\"tab-description\" class=\"tab-content\">\n<p>\u201cEL PR\u00cdNCIPE DE LOS ZORROS\u201d DE SAMUEL SHELLABARGER (<em>PRINCE OF FOXES<\/em>).\u00a0<strong>PROTAGONIZADA<\/strong> POR TYRONE POWER, ORSON WELLES, WANDA HENDRIX CON MARINA BERTI EVERETT, SLOANE KATIN,A PAXINOU FELIX AYLMER.\u00a0A PARTIR DE LA <strong>NOVELA<\/strong> DE SAMUEL SHELLABARGER.\u00a0<strong>GUI\u00d3N<\/strong> DE MILTON KRIMS.\u00a0<strong>M\u00daSICA<\/strong> DE ALFRED NEWMAN.\u00a0<strong>FOTOGRAF\u00cdA<\/strong> DE LEON SHAMROY.\u00a0<strong>PRODUCIDA<\/strong> POR SOL C. SIEGEL.\u00a0<strong>DIRIGIDA<\/strong> POR HENRY KING.<\/p>\n<p><strong>A\u00d1O<\/strong>: 1949.\u00a0<strong>G\u00c9NERO<\/strong>: AVENTURAS.\u00a0<strong>NACIONALIDAD<\/strong>: ESTADOS UNIDOS.\u00a0<strong>BLANCO Y NEGRO<\/strong>.<strong>\u00a0<\/strong><strong>DURACI\u00d3N<\/strong>: 102 Minutos aprox.\u00a0<strong>IDIOMAS<\/strong>: ESPA\u00d1OL NEUTRO E INGL\u00c9S CON SUBT\u00cdTULOS EN CASTELLANO.\u00a0<strong>FORMATO DE PANTALLA<\/strong>: 4\/3 1.33.1.\u00a0<strong>CERTIFICADO ICAA<\/strong> N\u00ba: 121.464.\u00a0<strong>CLASIFICACI\u00d3N<\/strong>: APTA PARA TODOS LOS P\u00daBLICOS.\u00a0<strong>DEP\u00d3SITO<\/strong> <strong>LEGAL<\/strong>: M-28278-2011.<\/p>\n<p><strong>\u201c<em>\u00a1Espl\u00e9ndidamente intensa! \u00a1Todo un espect\u00e1culo en la tradici\u00f3n de las grandes pel\u00edculas<\/em>!\u201d<\/strong> &#8211; <em>Los Angeles Times<\/em><\/p>\n<p>En esta fascinante epopeya de intriga, acci\u00f3n y romance, el guapo y genial Tyrone Power brilla en el personaje de Andrea Orsini, conocido como \u201cEl pr\u00edncipe de los zorros\u201d, un valiente e intr\u00e9pido soldado. La acci\u00f3n transcurre durante el Renacimiento italiano, donde la famosa y violenta familia Borgia, liderada por Cesare Borgia (Orson Welles), est\u00e1 decidida a conquistar los territorios vecinos y as\u00ed hacer crecer el imperio, el poder y las riquezas de la familia. Como esp\u00eda a las \u00f3rdenes de los Borgia, Orsini es enviado a un peque\u00f1o territorio que Cesare espera conquistar. Pero Orsini cae fascinado por la inteligencia y el encanto del Duque y su joven esposa. Dividido entre la lealtad a su amo y una creciente amistad con sus v\u00edctimas, Orsini se ve envuelto en una feroz y espectacular batalla que lo fuerza a enfrentarse a sus ideas de justicia y nobleza. La soberbia fotograf\u00eda que Leon Shamroy convierte a la campi\u00f1a italiana en el marco id\u00f3neo para esta magn\u00edfica y dram\u00e1tica pel\u00edcula de aventuras.<\/p>\n<\/div>\n","protected":false},"featured_media":5180,"comment_status":"open","ping_status":"closed","template":"","meta":{"site-sidebar-layout":"default","site-content-layout":"default","ast-site-content-layout":"default","site-content-style":"default","site-sidebar-style":"default","ast-global-header-display":"","ast-banner-title-visibility":"","ast-main-header-display":"","ast-hfb-above-header-display":"","ast-hfb-below-header-display":"","ast-hfb-mobile-header-display":"","site-post-title":"","ast-breadcrumbs-content":"","ast-featured-img":"","footer-sml-layout":"","ast-disable-related-posts":"","theme-transparent-header-meta":"","adv-header-id-meta":"","stick-header-meta":"","header-above-stick-meta":"","header-main-stick-meta":"","header-below-stick-meta":"","astra-migrate-meta-layouts":"default","ast-page-background-enabled":"default","ast-page-background-meta":{"desktop":{"background-color":"","background-image":"","background-repeat":"repeat","background-position":"center center","background-size":"auto","background-attachment":"scroll","background-type":"","background-media":"","overlay-type":"","overlay-color":"","overlay-opacity":"","overlay-gradient":""},"tablet":{"background-color":"","background-image":"","background-repeat":"repeat","background-position":"center center","background-size":"auto","background-attachment":"scroll","background-type":"","background-media":"","overlay-type":"","overlay-color":"","overlay-opacity":"","overlay-gradient":""},"mobile":{"background-color":"","background-image":"","background-repeat":"repeat","background-position":"center center","background-size":"auto","background-attachment":"scroll","background-type":"","background-media":"","overlay-type":"","overlay-color":"","overlay-opacity":"","overlay-gradient":""}},"ast-content-background-meta":{"desktop":{"background-color":"var(--ast-global-color-5)","background-image":"","background-repeat":"repeat","background-position":"center center","background-size":"auto","background-attachment":"scroll","background-type":"","background-media":"","overlay-type":"","overlay-color":"","overlay-opacity":"","overlay-gradient":""},"tablet":{"background-color":"var(--ast-global-color-5)","background-image":"","background-repeat":"repeat","background-position":"center center","background-size":"auto","background-attachment":"scroll","background-type":"","background-media":"","overlay-type":"","overlay-color":"","overlay-opacity":"","overlay-gradient":""},"mobile":{"background-color":"var(--ast-global-color-5)","background-image":"","background-repeat":"repeat","background-position":"center center","background-size":"auto","background-attachment":"scroll","background-type":"","background-media":"","overlay-type":"","overlay-color":"","overlay-opacity":"","overlay-gradient":""}},"_joinchat":[]},"product_brand":[],"product_cat":[42],"product_tag":[],"class_list":{"0":"post-5179","1":"product","2":"type-product","3":"status-publish","4":"has-post-thumbnail","6":"product_cat-dvd","7":"desktop-align-left","8":"tablet-align-left","9":"mobile-align-left","11":"first","12":"instock","13":"shipping-taxable","14":"purchasable","15":"product-type-simple"},"_links":{"self":[{"href":"https:\/\/cinemasoul.es\/index.php?rest_route=\/wp\/v2\/product\/5179","targetHints":{"allow":["GET"]}}],"collection":[{"href":"https:\/\/cinemasoul.es\/index.php?rest_route=\/wp\/v2\/product"}],"about":[{"href":"https:\/\/cinemasoul.es\/index.php?rest_route=\/wp\/v2\/types\/product"}],"replies":[{"embeddable":true,"href":"https:\/\/cinemasoul.es\/index.php?rest_route=%2Fwp%2Fv2%2Fcomments&post=5179"}],"version-history":[{"count":1,"href":"https:\/\/cinemasoul.es\/index.php?rest_route=\/wp\/v2\/product\/5179\/revisions"}],"predecessor-version":[{"id":5182,"href":"https:\/\/cinemasoul.es\/index.php?rest_route=\/wp\/v2\/product\/5179\/revisions\/5182"}],"wp:featuredmedia":[{"embeddable":true,"href":"https:\/\/cinemasoul.es\/index.php?rest_route=\/wp\/v2\/media\/5180"}],"wp:attachment":[{"href":"https:\/\/cinemasoul.es\/index.php?rest_route=%2Fwp%2Fv2%2Fmedia&parent=5179"}],"wp:term":[{"taxonomy":"product_brand","embeddable":true,"href":"https:\/\/cinemasoul.es\/index.php?rest_route=%2Fwp%2Fv2%2Fproduct_brand&post=5179"},{"taxonomy":"product_cat","embeddable":true,"href":"https:\/\/cinemasoul.es\/index.php?rest_route=%2Fwp%2Fv2%2Fproduct_cat&post=5179"},{"taxonomy":"product_tag","embeddable":true,"href":"https:\/\/cinemasoul.es\/index.php?rest_route=%2Fwp%2Fv2%2Fproduct_tag&post=5179"}],"curies":[{"name":"wp","href":"https:\/\/api.w.org\/{rel}","templated":true}]}}