{"id":5163,"date":"2022-06-18T12:05:41","date_gmt":"2022-06-18T12:05:41","guid":{"rendered":"https:\/\/www.cinemasoul.es\/?post_type=product&#038;p=5163"},"modified":"2022-06-18T12:05:42","modified_gmt":"2022-06-18T12:05:42","slug":"el-hijo-del-caid-dvd","status":"publish","type":"product","link":"https:\/\/cinemasoul.es\/?product=el-hijo-del-caid-dvd","title":{"rendered":"El hijo del Ca\u00edd [DVD]"},"content":{"rendered":"","protected":false},"excerpt":{"rendered":"<p>(<em>IL FIGLIO DELLO SCEICCO<\/em>).\u00a0<strong>PROTAGONIZADA POR<\/strong> GORDON SCOTT GORDON MITCHEL MOIRA ORFEI.\u00a0<strong>COPROTAGONIZADA POR<\/strong> CRISTINA GAIONI ALBERTO FARNESE JANY CLAIR.\u00a0<strong>GUI\u00d3N DE<\/strong> NINO STRESA.\u00a0<strong>M\u00daSICA DE<\/strong> FRANCESCO DE \u00a0MASI.\u00a0<strong>FOTOGRAF\u00cdA DE<\/strong> ANGELO LOTTI.\u00a0<strong>PRODUCIDA POR<\/strong> JEAN-PHILIPPE M\u00c9RAND.\u00a0<strong>DIRIGIDA POR<\/strong> MARIO COSTA.<\/p>\n<p><strong>A\u00d1O<\/strong>: 1962.\u00a0<strong>G\u00c9NERO<\/strong>: AVENTURAS.\u00a0<strong>NACIONALIDAD<\/strong>: ITALIA \u2013 FRANCIA.\u00a0<strong>COLOR<\/strong>.\u00a0<strong>DURACI\u00d3N<\/strong>: 83 MINUTOS.\u00a0<strong>IDIOMAS<\/strong>: ESPA\u00d1OL E ITALIANO CON SUBT\u00cdTULOS EN ESPA\u00d1OL.\u00a0<strong>FORMATO DE PANTALLA<\/strong>:\u00a016\/9 2.35.\u00a0<strong>CERTIFICADO DE CLASIFICACI\u00d3N ICAA<\/strong> N\u00ba: 121.450.\u00a0<strong>CLASIFICACI\u00d3<\/strong>N: APTA PARA TODOS LOS P\u00daBLICOS.\u00a0<strong>DEP\u00d3SITO LEGAL<\/strong>: M-28286-2011.<\/p>\n<p>El malvado Omar y su banda atacan por sorpresa a un grupo de pac\u00edficos beduinos en una provincia del desierto. Kerim, el hijo del Ca\u00edd, jura vengarse cuando Omar mata a su hermana Rache, y para ello se al\u00eda con los beduinos. Omar quiere casarse con la sobrina del sult\u00e1n, pero ella est\u00e1 enamorada de Kerim. Cuando Omar ataca una caravana del sult\u00e1n, Kerim y sus hombres aparecen. Y una feroz batalla comienza\u2026<\/p>\n","protected":false},"featured_media":5164,"comment_status":"open","ping_status":"closed","template":"","meta":{"site-sidebar-layout":"default","site-content-layout":"default","ast-site-content-layout":"default","site-content-style":"default","site-sidebar-style":"default","ast-global-header-display":"","ast-banner-title-visibility":"","ast-main-header-display":"","ast-hfb-above-header-display":"","ast-hfb-below-header-display":"","ast-hfb-mobile-header-display":"","site-post-title":"","ast-breadcrumbs-content":"","ast-featured-img":"","footer-sml-layout":"","ast-disable-related-posts":"","theme-transparent-header-meta":"","adv-header-id-meta":"","stick-header-meta":"","header-above-stick-meta":"","header-main-stick-meta":"","header-below-stick-meta":"","astra-migrate-meta-layouts":"default","ast-page-background-enabled":"default","ast-page-background-meta":{"desktop":{"background-color":"","background-image":"","background-repeat":"repeat","background-position":"center center","background-size":"auto","background-attachment":"scroll","background-type":"","background-media":"","overlay-type":"","overlay-color":"","overlay-opacity":"","overlay-gradient":""},"tablet":{"background-color":"","background-image":"","background-repeat":"repeat","background-position":"center center","background-size":"auto","background-attachment":"scroll","background-type":"","background-media":"","overlay-type":"","overlay-color":"","overlay-opacity":"","overlay-gradient":""},"mobile":{"background-color":"","background-image":"","background-repeat":"repeat","background-position":"center center","background-size":"auto","background-attachment":"scroll","background-type":"","background-media":"","overlay-type":"","overlay-color":"","overlay-opacity":"","overlay-gradient":""}},"ast-content-background-meta":{"desktop":{"background-color":"var(--ast-global-color-5)","background-image":"","background-repeat":"repeat","background-position":"center center","background-size":"auto","background-attachment":"scroll","background-type":"","background-media":"","overlay-type":"","overlay-color":"","overlay-opacity":"","overlay-gradient":""},"tablet":{"background-color":"var(--ast-global-color-5)","background-image":"","background-repeat":"repeat","background-position":"center center","background-size":"auto","background-attachment":"scroll","background-type":"","background-media":"","overlay-type":"","overlay-color":"","overlay-opacity":"","overlay-gradient":""},"mobile":{"background-color":"var(--ast-global-color-5)","background-image":"","background-repeat":"repeat","background-position":"center center","background-size":"auto","background-attachment":"scroll","background-type":"","background-media":"","overlay-type":"","overlay-color":"","overlay-opacity":"","overlay-gradient":""}},"_joinchat":[]},"product_brand":[],"product_cat":[42],"product_tag":[],"class_list":{"0":"post-5163","1":"product","2":"type-product","3":"status-publish","4":"has-post-thumbnail","6":"product_cat-dvd","7":"desktop-align-left","8":"tablet-align-left","9":"mobile-align-left","11":"first","12":"instock","13":"shipping-taxable","14":"purchasable","15":"product-type-simple"},"_links":{"self":[{"href":"https:\/\/cinemasoul.es\/index.php?rest_route=\/wp\/v2\/product\/5163","targetHints":{"allow":["GET"]}}],"collection":[{"href":"https:\/\/cinemasoul.es\/index.php?rest_route=\/wp\/v2\/product"}],"about":[{"href":"https:\/\/cinemasoul.es\/index.php?rest_route=\/wp\/v2\/types\/product"}],"replies":[{"embeddable":true,"href":"https:\/\/cinemasoul.es\/index.php?rest_route=%2Fwp%2Fv2%2Fcomments&post=5163"}],"version-history":[{"count":1,"href":"https:\/\/cinemasoul.es\/index.php?rest_route=\/wp\/v2\/product\/5163\/revisions"}],"predecessor-version":[{"id":5166,"href":"https:\/\/cinemasoul.es\/index.php?rest_route=\/wp\/v2\/product\/5163\/revisions\/5166"}],"wp:featuredmedia":[{"embeddable":true,"href":"https:\/\/cinemasoul.es\/index.php?rest_route=\/wp\/v2\/media\/5164"}],"wp:attachment":[{"href":"https:\/\/cinemasoul.es\/index.php?rest_route=%2Fwp%2Fv2%2Fmedia&parent=5163"}],"wp:term":[{"taxonomy":"product_brand","embeddable":true,"href":"https:\/\/cinemasoul.es\/index.php?rest_route=%2Fwp%2Fv2%2Fproduct_brand&post=5163"},{"taxonomy":"product_cat","embeddable":true,"href":"https:\/\/cinemasoul.es\/index.php?rest_route=%2Fwp%2Fv2%2Fproduct_cat&post=5163"},{"taxonomy":"product_tag","embeddable":true,"href":"https:\/\/cinemasoul.es\/index.php?rest_route=%2Fwp%2Fv2%2Fproduct_tag&post=5163"}],"curies":[{"name":"wp","href":"https:\/\/api.w.org\/{rel}","templated":true}]}}