{"id":5159,"date":"2022-06-18T12:01:42","date_gmt":"2022-06-18T12:01:42","guid":{"rendered":"https:\/\/www.cinemasoul.es\/?post_type=product&#038;p=5159"},"modified":"2022-06-18T12:01:42","modified_gmt":"2022-06-18T12:01:42","slug":"el-halcon-y-la-flecha-dvd","status":"publish","type":"product","link":"https:\/\/cinemasoul.es\/?product=el-halcon-y-la-flecha-dvd","title":{"rendered":"El Halc\u00f3n y la Flecha [DVD]"},"content":{"rendered":"","protected":false},"excerpt":{"rendered":"<p><strong>Warner Bros Pictures<\/strong>\u00a0presenta\u00a0Burt Lancaster, Virginia Mayo\u00a0<strong>en<\/strong>\u00a0\u201cThe Flame and the Arrow\u201d\u00a0<strong>Color por<\/strong>\u00a0Technicolor\u00a0<strong>Escrita por<\/strong>\u00a0Waldo Salt\u00a0<strong>Musica de<\/strong>\u00a0Max Steiner\u00a0<strong>Dirigida por<\/strong>\u00a0Jacques Tourneur\u00a0<strong>Una producci\u00f3n de<\/strong>\u00a0Norma \u2013 F.R.<\/p>\n<p><strong>Idiomas:<\/strong> (1.0 Mono) Castellano, Ingl\u00e9s, Franc\u00e9s y Alem\u00e1n.\u00a0<strong>Subt\u00edtulos:<\/strong> Castellano, Holand\u00e9s, Ingl\u00e9s, Finland\u00e9s, Franc\u00e9s, Alem\u00e1n, Noruego y Sueco.\u00a0<strong>Codificado para sordos:<\/strong> Ingl\u00e9s y Alem\u00e1n.\u00a0Para \u00e1mbito dom\u00e9stico.\u00a0Autorizada para todos los p\u00fablicos.\u00a0<strong>Duraci\u00f3n:<\/strong> 84\u2019 Aprox.\u00a0<strong>Certificado de Calificaci\u00f3n:<\/strong> N\u00ba 97.552\u00a0<strong>Color.\u00a0<\/strong><strong>Dep\u00f3sito legal:<\/strong> TF: 1593-2008\u00a0Compatible con todos los formatos de pantalla de televisi\u00f3n.\u00a0<strong>Formato de pantalla:<\/strong> 4\/3. (1.33:1)<\/p>\n<p><strong>Una memorable y alegre historia\u2026 \u00a1con un giro acrob\u00e1tico!<em>\u00a0<\/em><\/strong>Los seguidores de las aventuras de la pantalla grande encontraron un sucesor para los legendarios Douglas Fairbanks y Errol Flynn cuando Burt Lancaster llev\u00f3 una mezcla \u00fanica de exuberancia y arrogancia a esta emocionante historia al estilo de Robin Hood.\u00a0En la Lombard\u00eda medieval, el astuto Dardo, la Flecha (Lancaster), dirige al campesinado en la revoluci\u00f3n contra un vil caudillo de Hesse (Frank Allenby) y se lleva la mano de la dama (Virginia Mayo).\u00a0El antiguo compa\u00f1ero de circo de Lancaster, Nick Cravat, representa al c\u00f3mico compa\u00f1ero de Dardo.\u00a0Entre la selecci\u00f3n de Technicolor\u00ae de escenarios gigantescos, trajes elaborados y v\u00edvido esplendor, la pareja nos regala un deslumbrante despliegue de burlescas acrobacias. No se lo pierdan. Les dejar\u00e1 sin aliento.<\/p>\n<p><strong>Contenido extra:<\/strong><\/p>\n<ul>\n<li>Cortometraje de WB Entonces te van a Operar.<\/li>\n<li>Dibujo Animado de WB La Disputa con el Padre.<\/li>\n<li>Trailer Cinematogr\u00e1fico de El halc\u00f3n y la flecha<\/li>\n<\/ul>\n","protected":false},"featured_media":5160,"comment_status":"open","ping_status":"closed","template":"","meta":{"site-sidebar-layout":"default","site-content-layout":"default","ast-site-content-layout":"default","site-content-style":"default","site-sidebar-style":"default","ast-global-header-display":"","ast-banner-title-visibility":"","ast-main-header-display":"","ast-hfb-above-header-display":"","ast-hfb-below-header-display":"","ast-hfb-mobile-header-display":"","site-post-title":"","ast-breadcrumbs-content":"","ast-featured-img":"","footer-sml-layout":"","ast-disable-related-posts":"","theme-transparent-header-meta":"","adv-header-id-meta":"","stick-header-meta":"","header-above-stick-meta":"","header-main-stick-meta":"","header-below-stick-meta":"","astra-migrate-meta-layouts":"default","ast-page-background-enabled":"default","ast-page-background-meta":{"desktop":{"background-color":"","background-image":"","background-repeat":"repeat","background-position":"center center","background-size":"auto","background-attachment":"scroll","background-type":"","background-media":"","overlay-type":"","overlay-color":"","overlay-opacity":"","overlay-gradient":""},"tablet":{"background-color":"","background-image":"","background-repeat":"repeat","background-position":"center center","background-size":"auto","background-attachment":"scroll","background-type":"","background-media":"","overlay-type":"","overlay-color":"","overlay-opacity":"","overlay-gradient":""},"mobile":{"background-color":"","background-image":"","background-repeat":"repeat","background-position":"center center","background-size":"auto","background-attachment":"scroll","background-type":"","background-media":"","overlay-type":"","overlay-color":"","overlay-opacity":"","overlay-gradient":""}},"ast-content-background-meta":{"desktop":{"background-color":"var(--ast-global-color-5)","background-image":"","background-repeat":"repeat","background-position":"center center","background-size":"auto","background-attachment":"scroll","background-type":"","background-media":"","overlay-type":"","overlay-color":"","overlay-opacity":"","overlay-gradient":""},"tablet":{"background-color":"var(--ast-global-color-5)","background-image":"","background-repeat":"repeat","background-position":"center center","background-size":"auto","background-attachment":"scroll","background-type":"","background-media":"","overlay-type":"","overlay-color":"","overlay-opacity":"","overlay-gradient":""},"mobile":{"background-color":"var(--ast-global-color-5)","background-image":"","background-repeat":"repeat","background-position":"center center","background-size":"auto","background-attachment":"scroll","background-type":"","background-media":"","overlay-type":"","overlay-color":"","overlay-opacity":"","overlay-gradient":""}},"_joinchat":[]},"product_brand":[],"product_cat":[42],"product_tag":[],"class_list":{"0":"post-5159","1":"product","2":"type-product","3":"status-publish","4":"has-post-thumbnail","6":"product_cat-dvd","7":"desktop-align-left","8":"tablet-align-left","9":"mobile-align-left","11":"first","12":"instock","13":"sale","14":"shipping-taxable","15":"purchasable","16":"product-type-simple"},"_links":{"self":[{"href":"https:\/\/cinemasoul.es\/index.php?rest_route=\/wp\/v2\/product\/5159","targetHints":{"allow":["GET"]}}],"collection":[{"href":"https:\/\/cinemasoul.es\/index.php?rest_route=\/wp\/v2\/product"}],"about":[{"href":"https:\/\/cinemasoul.es\/index.php?rest_route=\/wp\/v2\/types\/product"}],"replies":[{"embeddable":true,"href":"https:\/\/cinemasoul.es\/index.php?rest_route=%2Fwp%2Fv2%2Fcomments&post=5159"}],"version-history":[{"count":1,"href":"https:\/\/cinemasoul.es\/index.php?rest_route=\/wp\/v2\/product\/5159\/revisions"}],"predecessor-version":[{"id":5162,"href":"https:\/\/cinemasoul.es\/index.php?rest_route=\/wp\/v2\/product\/5159\/revisions\/5162"}],"wp:featuredmedia":[{"embeddable":true,"href":"https:\/\/cinemasoul.es\/index.php?rest_route=\/wp\/v2\/media\/5160"}],"wp:attachment":[{"href":"https:\/\/cinemasoul.es\/index.php?rest_route=%2Fwp%2Fv2%2Fmedia&parent=5159"}],"wp:term":[{"taxonomy":"product_brand","embeddable":true,"href":"https:\/\/cinemasoul.es\/index.php?rest_route=%2Fwp%2Fv2%2Fproduct_brand&post=5159"},{"taxonomy":"product_cat","embeddable":true,"href":"https:\/\/cinemasoul.es\/index.php?rest_route=%2Fwp%2Fv2%2Fproduct_cat&post=5159"},{"taxonomy":"product_tag","embeddable":true,"href":"https:\/\/cinemasoul.es\/index.php?rest_route=%2Fwp%2Fv2%2Fproduct_tag&post=5159"}],"curies":[{"name":"wp","href":"https:\/\/api.w.org\/{rel}","templated":true}]}}