{"id":5135,"date":"2022-06-15T18:11:10","date_gmt":"2022-06-15T18:11:10","guid":{"rendered":"https:\/\/www.cinemasoul.es\/?post_type=product&#038;p=5135"},"modified":"2022-06-15T18:14:56","modified_gmt":"2022-06-15T18:14:56","slug":"el-gran-silencio-dvd","status":"publish","type":"product","link":"https:\/\/cinemasoul.es\/?product=el-gran-silencio-dvd","title":{"rendered":"El gran silencio [DVD]"},"content":{"rendered":"","protected":false},"excerpt":{"rendered":"<p><strong>T\u00cdTULO:<\/strong> EL GRAN SILENCIO <strong>T\u00cdTULO ITALIANO:<\/strong> IL GRANDE SILENZIO <strong>DIRECTOR:<\/strong> SERGIO CORBUCCI <strong>GUI\u00d3N:<\/strong> Mario Amendola, Bruno Corbucci, Sergio Corbucci, Vittoriano Petrilli <strong>PRODUCTORES:<\/strong> Giovanni A. Giurgola, Marcello Papaleo <strong>M\u00daSICA:<\/strong> Ennio Morricone <strong>FOTOGRAF\u00cdA:<\/strong> Silvano Ippoliti <strong>REPARTO:<\/strong> JEAN-LOUIS TRINTIGNANT, KLAUS KINSKI, FRANK WOLF, LUIGI PISTILLI, VONETTA MCGEE, MARIO BREGA, CARLO D&#8217;ANGELO, MARISA MERL\u00cdN, MARIA MIZAR, MARISA RALLY, RAF BALDASSARRE,\u00a0 SPARTACO CONVERSI, REMO DE ANGELIS, MIRELLA PAMPHILI<\/p>\n<p><strong>NACIONALIDAD:<\/strong> ITALIA <strong>G\u00c9NERO:<\/strong> Western <strong>COLOR A\u00d1O:<\/strong> 1968<strong> IDIOMAS:<\/strong> CASTELLANO e ITALIANO CON SUBT\u00cdTULOS EN CASTELLANO Para \u00e1mbito dom\u00e9stico <strong>Certificado de calificaci\u00f3n<\/strong> n\u00ba 101.469 No recomendada para\u00a0 menores de 13 a\u00f1os <strong>Dep\u00f3sito legal:<\/strong> TF: 1460-2007 <strong>DURACI\u00d3N:<\/strong> 80 Minutos aprox. <strong>Formato de pantalla<\/strong>: 16\/9 (2.35:1)<\/p>\n<p><strong>Caracter\u00edsticas especiales disponibles<\/strong>:<\/p>\n<ul>\n<li>Men\u00fas interactivos<\/li>\n<li>Acceso directo a escenas y extras: Ficha t\u00e9cnica, art\u00edstica y galer\u00eda fotogr\u00e1fica<\/li>\n<\/ul>\n<p>A finales de 1800, en la frontera entre M\u00e9jico y Estado Unidos, una gran nevada obliga a los criminales a dejar las monta\u00f1as donde viven y bajar al valle. De esta situaci\u00f3n sacan provecho los cazadores de tallas sin escr\u00fapulos, que matan por pocos d\u00f3lares. Silencio, un pistolero solitario, trata de oponerse a la matanza enfrent\u00e1ndose a Tigrero, el m\u00e1s sanguinario de los cazadores de tallas. Uno de los mejores Spaghetti Western por la originalidad del argumento, el realismo de la historia y los sugestivos temas de Ennio Morricone.<\/p>\n","protected":false},"featured_media":5139,"comment_status":"open","ping_status":"closed","template":"","meta":{"site-sidebar-layout":"default","site-content-layout":"default","ast-site-content-layout":"default","site-content-style":"default","site-sidebar-style":"default","ast-global-header-display":"","ast-banner-title-visibility":"","ast-main-header-display":"","ast-hfb-above-header-display":"","ast-hfb-below-header-display":"","ast-hfb-mobile-header-display":"","site-post-title":"","ast-breadcrumbs-content":"","ast-featured-img":"","footer-sml-layout":"","ast-disable-related-posts":"","theme-transparent-header-meta":"","adv-header-id-meta":"","stick-header-meta":"","header-above-stick-meta":"","header-main-stick-meta":"","header-below-stick-meta":"","astra-migrate-meta-layouts":"default","ast-page-background-enabled":"default","ast-page-background-meta":{"desktop":{"background-color":"","background-image":"","background-repeat":"repeat","background-position":"center center","background-size":"auto","background-attachment":"scroll","background-type":"","background-media":"","overlay-type":"","overlay-color":"","overlay-opacity":"","overlay-gradient":""},"tablet":{"background-color":"","background-image":"","background-repeat":"repeat","background-position":"center center","background-size":"auto","background-attachment":"scroll","background-type":"","background-media":"","overlay-type":"","overlay-color":"","overlay-opacity":"","overlay-gradient":""},"mobile":{"background-color":"","background-image":"","background-repeat":"repeat","background-position":"center center","background-size":"auto","background-attachment":"scroll","background-type":"","background-media":"","overlay-type":"","overlay-color":"","overlay-opacity":"","overlay-gradient":""}},"ast-content-background-meta":{"desktop":{"background-color":"var(--ast-global-color-5)","background-image":"","background-repeat":"repeat","background-position":"center center","background-size":"auto","background-attachment":"scroll","background-type":"","background-media":"","overlay-type":"","overlay-color":"","overlay-opacity":"","overlay-gradient":""},"tablet":{"background-color":"var(--ast-global-color-5)","background-image":"","background-repeat":"repeat","background-position":"center center","background-size":"auto","background-attachment":"scroll","background-type":"","background-media":"","overlay-type":"","overlay-color":"","overlay-opacity":"","overlay-gradient":""},"mobile":{"background-color":"var(--ast-global-color-5)","background-image":"","background-repeat":"repeat","background-position":"center center","background-size":"auto","background-attachment":"scroll","background-type":"","background-media":"","overlay-type":"","overlay-color":"","overlay-opacity":"","overlay-gradient":""}},"_joinchat":[]},"product_brand":[],"product_cat":[42],"product_tag":[],"class_list":{"0":"post-5135","1":"product","2":"type-product","3":"status-publish","4":"has-post-thumbnail","6":"product_cat-dvd","7":"desktop-align-left","8":"tablet-align-left","9":"mobile-align-left","11":"first","12":"instock","13":"sale","14":"shipping-taxable","15":"purchasable","16":"product-type-simple"},"_links":{"self":[{"href":"https:\/\/cinemasoul.es\/index.php?rest_route=\/wp\/v2\/product\/5135","targetHints":{"allow":["GET"]}}],"collection":[{"href":"https:\/\/cinemasoul.es\/index.php?rest_route=\/wp\/v2\/product"}],"about":[{"href":"https:\/\/cinemasoul.es\/index.php?rest_route=\/wp\/v2\/types\/product"}],"replies":[{"embeddable":true,"href":"https:\/\/cinemasoul.es\/index.php?rest_route=%2Fwp%2Fv2%2Fcomments&post=5135"}],"version-history":[{"count":1,"href":"https:\/\/cinemasoul.es\/index.php?rest_route=\/wp\/v2\/product\/5135\/revisions"}],"predecessor-version":[{"id":5138,"href":"https:\/\/cinemasoul.es\/index.php?rest_route=\/wp\/v2\/product\/5135\/revisions\/5138"}],"wp:featuredmedia":[{"embeddable":true,"href":"https:\/\/cinemasoul.es\/index.php?rest_route=\/wp\/v2\/media\/5139"}],"wp:attachment":[{"href":"https:\/\/cinemasoul.es\/index.php?rest_route=%2Fwp%2Fv2%2Fmedia&parent=5135"}],"wp:term":[{"taxonomy":"product_brand","embeddable":true,"href":"https:\/\/cinemasoul.es\/index.php?rest_route=%2Fwp%2Fv2%2Fproduct_brand&post=5135"},{"taxonomy":"product_cat","embeddable":true,"href":"https:\/\/cinemasoul.es\/index.php?rest_route=%2Fwp%2Fv2%2Fproduct_cat&post=5135"},{"taxonomy":"product_tag","embeddable":true,"href":"https:\/\/cinemasoul.es\/index.php?rest_route=%2Fwp%2Fv2%2Fproduct_tag&post=5135"}],"curies":[{"name":"wp","href":"https:\/\/api.w.org\/{rel}","templated":true}]}}